{"id":37482,"date":"2025-12-04T16:02:42","date_gmt":"2025-12-04T16:02:42","guid":{"rendered":"https:labin.net\/producto\/quelabin-mn\/"},"modified":"2025-12-04T16:02:42","modified_gmt":"2025-12-04T16:02:42","slug":"quelabin-mn","status":"publish","type":"product","link":"https:\/\/labin.net\/fr\/producto\/quelabin-mn\/","title":{"rendered":"QUELABIN Mn"},"content":{"rendered":"<p>La gamme QUELABIN propose des micro-\u00e9l\u00e9ments ch\u00e9lat\u00e9s et complexes sous forme liquide pour application foliaire. Sa formulation sp\u00e9ciale garantit une assimilation et une solubilit\u00e9 parfaites. <\/p>\n<p>Il s&rsquo;agit d&rsquo;un ch\u00e9late de mangan\u00e8se liquide totalement miscible dans l&rsquo;eau. Il est utilis\u00e9 pour apporter du mangan\u00e8se sous une forme parfaitement assimilable, r\u00e9sistant \u00e0 tout type de blocage, pour pr\u00e9venir et gu\u00e9rir toute carence en cet \u00e9l\u00e9ment. <\/p>\n<p>Le mangan\u00e8se est un oligo-\u00e9l\u00e9ment important qui intervient dans la synth\u00e8se des prot\u00e9ines et, avec le fer, dans la photosynth\u00e8se.<\/p>\n","protected":false},"excerpt":{"rendered":"<ul>\n<li><strong>Mangan\u00e8se<\/strong><\/li>\n<li><strong>Assimilation et efficacit\u00e9 \u00e9lev\u00e9es<\/strong><\/li>\n<li><strong>Pr\u00e9ventif et curatif des carences<\/strong><\/li>\n<li><strong>Convient \u00e0 tous les types de cultures agricoles<\/strong><\/li>\n<\/ul>\n","protected":false},"featured_media":35498,"comment_status":"open","ping_status":"closed","template":"","meta":{"_acf_changed":false},"cultivo":[396,427,455,490,364,397,428,456,491,365,398,429,457,492,336,369,399,430,462,493,338,370,404,431,463,518,342,371,405,436,464,519,343,373,406,437,470,524,344,374,408,438,471,525,348,375,409,439,472,526,349,377,410,440,473,350,378,411,445,474,354,383,412,446,480,355,384,418,447,481,356,385,419,448,482,360,389,420,453,483,361,390,421,454,484,363,391],"ecologico":[825],"medioambiente":[843],"solucion":[899],"tipo-de-aplicacion":[809,815,816],"product_brand":[],"product_cat":[1020],"product_tag":[],"class_list":{"0":"post-37482","1":"product","2":"type-product","3":"status-publish","4":"has-post-thumbnail","6":"cultivo-vigne-ornementale","7":"cultivo-tamarin","8":"cultivo-pois","9":"cultivo-carotte","10":"cultivo-kiwi","11":"cultivo-peral","12":"cultivo-the","13":"cultivo-petit-haricot","14":"cultivo-arbres-dornement","15":"cultivo-citronnier","16":"cultivo-pistache","17":"cultivo-manioc","18":"cultivo-haricot-vert","19":"cultivo-cespedes","20":"cultivo-arbres-fruitiers","21":"cultivo-avocat","22":"cultivo-pamplemousse","23":"cultivo-bette-a-carde","24":"cultivo-laitue","25":"cultivo-fleurs","26":"cultivo-tropical","27":"cultivo-banane-plantain","28":"cultivo-vigne","29":"cultivo-ail","30":"cultivo-melon","31":"cultivo-extensions","32":"cultivo-horticulture","33":"cultivo-cacao","34":"cultivo-canne-a-sucre","35":"cultivo-aubergine","36":"cultivo-navet","37":"cultivo-cereales","38":"cultivo-parcs-et-jardins","39":"cultivo-cafe","40":"cultivo-pomme-a-la-creme","41":"cultivo-patate-douce","42":"cultivo-pommes-de-terre","43":"cultivo-fourrages-et-paturages","44":"cultivo-abricot","45":"cultivo-carambole","46":"cultivo-coco","47":"cultivo-brocoli","48":"cultivo-concombre","49":"cultivo-legumineuses-extensives","50":"cultivo-amandier","51":"cultivo-lima","52":"cultivo-fruits-rouges-baies","53":"cultivo-courgette","54":"cultivo-poivre","55":"cultivo-graines-oleagineuses","56":"cultivo-noisette","57":"cultivo-mandarino","58":"cultivo-goyave","59":"cultivo-citrouille","60":"cultivo-poireau","61":"cultivo-kaki","62":"cultivo-manzano","63":"cultivo-litchi","64":"cultivo-oignon","65":"cultivo-radis","66":"cultivo-marron","67":"cultivo-peche","68":"cultivo-poignee","69":"cultivo-col","70":"cultivo-betterave","71":"cultivo-cerise","72":"cultivo-membrillero","73":"cultivo-fruit-de-la-passion","74":"cultivo-choux-de-bruxelles","75":"cultivo-roquette","76":"cultivo-prune","77":"cultivo-oranger","78":"cultivo-papaye","79":"cultivo-chou-fleur","80":"cultivo-pasteque","81":"cultivo-clementino","82":"cultivo-nectarine","83":"cultivo-ananas","84":"cultivo-endive","85":"cultivo-soja-vert","86":"cultivo-grenade","87":"cultivo-noyer","88":"cultivo-pitahaya","89":"cultivo-epinards","90":"cultivo-tomate","91":"cultivo-higuera","92":"cultivo-olivier","93":"ecologico-si","94":"medioambiente-efficacite-de-lutilisation-des-nutriments","95":"solucion-carence-en-mn","96":"tipo-de-aplicacion-foliaire","97":"tipo-de-aplicacion-dron","98":"tipo-de-aplicacion-aeronefs-legers","99":"product_cat-chelates","101":"first","102":"instock","103":"shipping-taxable","104":"product-type-simple"},"acf":[],"_links":{"self":[{"href":"https:\/\/labin.net\/fr\/wp-json\/wp\/v2\/product\/37482","targetHints":{"allow":["GET"]}}],"collection":[{"href":"https:\/\/labin.net\/fr\/wp-json\/wp\/v2\/product"}],"about":[{"href":"https:\/\/labin.net\/fr\/wp-json\/wp\/v2\/types\/product"}],"replies":[{"embeddable":true,"href":"https:\/\/labin.net\/fr\/wp-json\/wp\/v2\/comments?post=37482"}],"wp:featuredmedia":[{"embeddable":true,"href":"https:\/\/labin.net\/fr\/wp-json\/wp\/v2\/media\/35498"}],"wp:attachment":[{"href":"https:\/\/labin.net\/fr\/wp-json\/wp\/v2\/media?parent=37482"}],"wp:term":[{"taxonomy":"cultivo","embeddable":true,"href":"https:\/\/labin.net\/fr\/wp-json\/wp\/v2\/cultivo?post=37482"},{"taxonomy":"ecologico","embeddable":true,"href":"https:\/\/labin.net\/fr\/wp-json\/wp\/v2\/ecologico?post=37482"},{"taxonomy":"medioambiente","embeddable":true,"href":"https:\/\/labin.net\/fr\/wp-json\/wp\/v2\/medioambiente?post=37482"},{"taxonomy":"solucion","embeddable":true,"href":"https:\/\/labin.net\/fr\/wp-json\/wp\/v2\/solucion?post=37482"},{"taxonomy":"tipo-de-aplicacion","embeddable":true,"href":"https:\/\/labin.net\/fr\/wp-json\/wp\/v2\/tipo-de-aplicacion?post=37482"},{"taxonomy":"product_brand","embeddable":true,"href":"https:\/\/labin.net\/fr\/wp-json\/wp\/v2\/product_brand?post=37482"},{"taxonomy":"product_cat","embeddable":true,"href":"https:\/\/labin.net\/fr\/wp-json\/wp\/v2\/product_cat?post=37482"},{"taxonomy":"product_tag","embeddable":true,"href":"https:\/\/labin.net\/fr\/wp-json\/wp\/v2\/product_tag?post=37482"}],"curies":[{"name":"wp","href":"https:\/\/api.w.org\/{rel}","templated":true}]}}