{"id":37474,"date":"2025-12-04T14:41:20","date_gmt":"2025-12-04T14:41:20","guid":{"rendered":"https:labin.net\/producto\/labifol-superamino-green\/"},"modified":"2025-12-04T14:41:20","modified_gmt":"2025-12-04T14:41:20","slug":"labifol-superamino-green","status":"publish","type":"product","link":"https:\/\/labin.net\/fr\/producto\/labifol-superamino-green\/","title":{"rendered":"LABIFOL SUPERAMINO GREEN"},"content":{"rendered":"<p><b>LABIFOL<\/b><b>SUPERAMINO<\/b><b> GREEN<\/b> est un <b>produit liquide obtenu \u00e0 partir de prot\u00e9ines v\u00e9g\u00e9tales<\/b>. Le rapport \u00e9quilibr\u00e9 et optimal des <b>acides amin\u00e9s v\u00e9g\u00e9taux permet une assimilation parfaite<\/b>, tant au niveau racinaire que foliaire. <\/p>\n<p>Il contient 12% d&rsquo;acides amin\u00e9s libres, avec <b>une forte teneur en lysine (52%), en acide glutamique (31%) et en valine (11%)<\/b>, ce qui en fait une source hautement fonctionnelle et nutritionnelle. Il est recommand\u00e9 de l&rsquo;appliquer lorsque la plante se trouve dans des situations d\u00e9favorables, par exemple apr\u00e8s le froid et le gel, la s\u00e9cheresse, la transplantation ou l&rsquo;application de produits phytosanitaires. C&rsquo;est un excellent anti-stress qui favorise le m\u00e9tabolisme, la r\u00e9cup\u00e9ration et le d\u00e9veloppement de la plante.  <\/p>\n","protected":false},"excerpt":{"rendered":"<ul>\n<li><b>R\u00e9action rapide dans les situations extr\u00eames<\/b><\/li>\n<li><b>R\u00e9cup\u00e9ration tr\u00e8s efficace apr\u00e8s le gel et la s\u00e9cheresse<\/b><\/li>\n<li><b>Am\u00e9liore la fonction photosynth\u00e9tique<\/b><\/li>\n<li><b>Pour les moments critiques : pr\u00e9-floraison, floraison, nouaison, croissance et maturation des fruits.<\/b><\/li>\n<\/ul>\n","protected":false},"featured_media":35436,"comment_status":"open","ping_status":"closed","template":"","meta":{"_acf_changed":false},"cultivo":[344,374,406,437,470,524,348,375,408,438,471,525,349,377,409,439,472,526,350,378,410,440,473,354,383,411,445,474,355,384,412,446,480,356,385,418,447,481,360,389,419,448,482,361,390,420,453,483,363,391,421,454,484,364,396,427,455,490,365,397,428,456,491,336,369,398,429,457,492,338,370,399,430,462,493,342,371,404,431,463,518,343,373,405,436,464,519],"ecologico":[825],"medioambiente":[843],"solucion":[928,935,945],"tipo-de-aplicacion":[527,809,815,816],"product_brand":[],"product_cat":[968],"product_tag":[],"class_list":{"0":"post-37474","1":"product","2":"type-product","3":"status-publish","4":"has-post-thumbnail","6":"cultivo-abricot","7":"cultivo-carambole","8":"cultivo-pomme-a-la-creme","9":"cultivo-patate-douce","10":"cultivo-pommes-de-terre","11":"cultivo-fourrages-et-paturages","12":"cultivo-amandier","13":"cultivo-lima","14":"cultivo-coco","15":"cultivo-brocoli","16":"cultivo-concombre","17":"cultivo-legumineuses-extensives","18":"cultivo-noisette","19":"cultivo-mandarino","20":"cultivo-fruits-rouges-baies","21":"cultivo-courgette","22":"cultivo-poivre","23":"cultivo-graines-oleagineuses","24":"cultivo-kaki","25":"cultivo-manzano","26":"cultivo-goyave","27":"cultivo-citrouille","28":"cultivo-poireau","29":"cultivo-marron","30":"cultivo-peche","31":"cultivo-litchi","32":"cultivo-oignon","33":"cultivo-radis","34":"cultivo-cerise","35":"cultivo-membrillero","36":"cultivo-poignee","37":"cultivo-col","38":"cultivo-betterave","39":"cultivo-prune","40":"cultivo-oranger","41":"cultivo-fruit-de-la-passion","42":"cultivo-choux-de-bruxelles","43":"cultivo-roquette","44":"cultivo-clementino","45":"cultivo-nectarine","46":"cultivo-papaye","47":"cultivo-chou-fleur","48":"cultivo-pasteque","49":"cultivo-grenade","50":"cultivo-noyer","51":"cultivo-ananas","52":"cultivo-endive","53":"cultivo-soja-vert","54":"cultivo-higuera","55":"cultivo-olivier","56":"cultivo-pitahaya","57":"cultivo-epinards","58":"cultivo-tomate","59":"cultivo-kiwi","60":"cultivo-vigne-ornementale","61":"cultivo-tamarin","62":"cultivo-pois","63":"cultivo-carotte","64":"cultivo-citronnier","65":"cultivo-peral","66":"cultivo-the","67":"cultivo-petit-haricot","68":"cultivo-arbres-dornement","69":"cultivo-arbres-fruitiers","70":"cultivo-avocat","71":"cultivo-pistache","72":"cultivo-manioc","73":"cultivo-haricot-vert","74":"cultivo-cespedes","75":"cultivo-tropical","76":"cultivo-banane-plantain","77":"cultivo-pamplemousse","78":"cultivo-bette-a-carde","79":"cultivo-laitue","80":"cultivo-fleurs","81":"cultivo-horticulture","82":"cultivo-cacao","83":"cultivo-vigne","84":"cultivo-ail","85":"cultivo-melon","86":"cultivo-extensions","87":"cultivo-parcs-et-jardins","88":"cultivo-cafe","89":"cultivo-canne-a-sucre","90":"cultivo-aubergine","91":"cultivo-navet","92":"cultivo-cereales","93":"ecologico-si","94":"medioambiente-efficacite-de-lutilisation-des-nutriments","95":"solucion-stress-abiotique","96":"solucion-amelioration-apres-recolte","97":"solucion-amelioration-de-la-qualite-des-fruits","98":"tipo-de-aplicacion-fertigation","99":"tipo-de-aplicacion-foliaire","100":"tipo-de-aplicacion-dron","101":"tipo-de-aplicacion-aeronefs-legers","102":"product_cat-biostimulant","104":"first","105":"instock","106":"shipping-taxable","107":"product-type-simple"},"acf":[],"_links":{"self":[{"href":"https:\/\/labin.net\/fr\/wp-json\/wp\/v2\/product\/37474","targetHints":{"allow":["GET"]}}],"collection":[{"href":"https:\/\/labin.net\/fr\/wp-json\/wp\/v2\/product"}],"about":[{"href":"https:\/\/labin.net\/fr\/wp-json\/wp\/v2\/types\/product"}],"replies":[{"embeddable":true,"href":"https:\/\/labin.net\/fr\/wp-json\/wp\/v2\/comments?post=37474"}],"wp:featuredmedia":[{"embeddable":true,"href":"https:\/\/labin.net\/fr\/wp-json\/wp\/v2\/media\/35436"}],"wp:attachment":[{"href":"https:\/\/labin.net\/fr\/wp-json\/wp\/v2\/media?parent=37474"}],"wp:term":[{"taxonomy":"cultivo","embeddable":true,"href":"https:\/\/labin.net\/fr\/wp-json\/wp\/v2\/cultivo?post=37474"},{"taxonomy":"ecologico","embeddable":true,"href":"https:\/\/labin.net\/fr\/wp-json\/wp\/v2\/ecologico?post=37474"},{"taxonomy":"medioambiente","embeddable":true,"href":"https:\/\/labin.net\/fr\/wp-json\/wp\/v2\/medioambiente?post=37474"},{"taxonomy":"solucion","embeddable":true,"href":"https:\/\/labin.net\/fr\/wp-json\/wp\/v2\/solucion?post=37474"},{"taxonomy":"tipo-de-aplicacion","embeddable":true,"href":"https:\/\/labin.net\/fr\/wp-json\/wp\/v2\/tipo-de-aplicacion?post=37474"},{"taxonomy":"product_brand","embeddable":true,"href":"https:\/\/labin.net\/fr\/wp-json\/wp\/v2\/product_brand?post=37474"},{"taxonomy":"product_cat","embeddable":true,"href":"https:\/\/labin.net\/fr\/wp-json\/wp\/v2\/product_cat?post=37474"},{"taxonomy":"product_tag","embeddable":true,"href":"https:\/\/labin.net\/fr\/wp-json\/wp\/v2\/product_tag?post=37474"}],"curies":[{"name":"wp","href":"https:\/\/api.w.org\/{rel}","templated":true}]}}