{"id":37473,"date":"2025-12-04T15:55:14","date_gmt":"2025-12-04T15:55:14","guid":{"rendered":"https:labin.net\/producto\/quelabin-mg\/"},"modified":"2025-12-04T15:55:14","modified_gmt":"2025-12-04T15:55:14","slug":"quelabin-mg","status":"publish","type":"product","link":"https:\/\/labin.net\/fr\/producto\/quelabin-mg\/","title":{"rendered":"QUELABIN Mg"},"content":{"rendered":"<p>La gamme <b>QUELABIN propose des micro-\u00e9l\u00e9ments ch\u00e9lat\u00e9s et complex\u00e9s<\/b> sous forme liquide, pour application foliaire. Sa formulation sp\u00e9ciale garantit une <b>assimilation et une solubilit\u00e9 parfaites<\/b>. <\/p>\n<p>Le <b>magn\u00e9sium <\/b>est le <b>composant central de la mol\u00e9cule de chlorophylle<\/b> et est donc essentiel au bon fonctionnement m\u00e9tabolique des plantes. La <b>carence en <\/b>magn\u00e9sium <b>provoque la chlorose <\/b>, qui se distingue de la carence en fer par le fait qu&rsquo;elle appara\u00eet sur les feuilles plus \u00e2g\u00e9es, car il s&rsquo;agit d&rsquo;un \u00e9l\u00e9ment assez mobile. La carence peut \u00eatre caus\u00e9e par un manque de cet \u00e9l\u00e9ment ou par des blocages dus \u00e0 un exc\u00e8s de potassium.  <\/p>\n<p><b>QUELABIN Mg<\/b> est un ch\u00e9late de magn\u00e9sium liquide, totalement miscible dans l&rsquo;eau et totalement assimilable. Il <b>r\u00e9siste \u00e0 tout type de blocage, pour pr\u00e9venir et gu\u00e9rir toute carence en cet \u00e9l\u00e9ment. <\/b>  <\/p>\n","protected":false},"excerpt":{"rendered":"<ul>\n<li><b>Assimilation foliaire rapide  <\/b><\/li>\n<li><b>  Efficacit\u00e9 de l&rsquo;\u00e9limination des carences<\/b><\/li>\n<li><b>  Pr\u00e9ventif et curatif des carences<\/b><\/li>\n<\/ul>\n","protected":false},"featured_media":35491,"comment_status":"open","ping_status":"closed","template":"","meta":{"_acf_changed":false},"cultivo":[364,396,427,455,490,365,397,428,456,491,336,369,398,429,457,492,338,370,399,430,462,493,342,371,404,431,463,518,343,373,405,436,464,519,344,374,406,437,470,524,348,375,408,438,471,525,349,377,409,439,472,526,350,378,410,440,473,354,383,411,445,474,355,384,412,446,480,356,385,418,447,481,360,389,419,448,482,361,390,420,453,483,363,391,421,454,484],"ecologico":[828],"medioambiente":[843],"solucion":[874],"tipo-de-aplicacion":[809,815,816],"product_brand":[],"product_cat":[1020],"product_tag":[],"class_list":{"0":"post-37473","1":"product","2":"type-product","3":"status-publish","4":"has-post-thumbnail","6":"cultivo-kiwi","7":"cultivo-vigne-ornementale","8":"cultivo-tamarin","9":"cultivo-pois","10":"cultivo-carotte","11":"cultivo-citronnier","12":"cultivo-peral","13":"cultivo-the","14":"cultivo-petit-haricot","15":"cultivo-arbres-dornement","16":"cultivo-arbres-fruitiers","17":"cultivo-avocat","18":"cultivo-pistache","19":"cultivo-manioc","20":"cultivo-haricot-vert","21":"cultivo-cespedes","22":"cultivo-tropical","23":"cultivo-banane-plantain","24":"cultivo-pamplemousse","25":"cultivo-bette-a-carde","26":"cultivo-laitue","27":"cultivo-fleurs","28":"cultivo-horticulture","29":"cultivo-cacao","30":"cultivo-vigne","31":"cultivo-ail","32":"cultivo-melon","33":"cultivo-extensions","34":"cultivo-parcs-et-jardins","35":"cultivo-cafe","36":"cultivo-canne-a-sucre","37":"cultivo-aubergine","38":"cultivo-navet","39":"cultivo-cereales","40":"cultivo-abricot","41":"cultivo-carambole","42":"cultivo-pomme-a-la-creme","43":"cultivo-patate-douce","44":"cultivo-pommes-de-terre","45":"cultivo-fourrages-et-paturages","46":"cultivo-amandier","47":"cultivo-lima","48":"cultivo-coco","49":"cultivo-brocoli","50":"cultivo-concombre","51":"cultivo-legumineuses-extensives","52":"cultivo-noisette","53":"cultivo-mandarino","54":"cultivo-fruits-rouges-baies","55":"cultivo-courgette","56":"cultivo-poivre","57":"cultivo-graines-oleagineuses","58":"cultivo-kaki","59":"cultivo-manzano","60":"cultivo-goyave","61":"cultivo-citrouille","62":"cultivo-poireau","63":"cultivo-marron","64":"cultivo-peche","65":"cultivo-litchi","66":"cultivo-oignon","67":"cultivo-radis","68":"cultivo-cerise","69":"cultivo-membrillero","70":"cultivo-poignee","71":"cultivo-col","72":"cultivo-betterave","73":"cultivo-prune","74":"cultivo-oranger","75":"cultivo-fruit-de-la-passion","76":"cultivo-choux-de-bruxelles","77":"cultivo-roquette","78":"cultivo-clementino","79":"cultivo-nectarine","80":"cultivo-papaye","81":"cultivo-chou-fleur","82":"cultivo-pasteque","83":"cultivo-grenade","84":"cultivo-noyer","85":"cultivo-ananas","86":"cultivo-endive","87":"cultivo-soja-vert","88":"cultivo-higuera","89":"cultivo-olivier","90":"cultivo-pitahaya","91":"cultivo-epinards","92":"cultivo-tomate","93":"ecologico-no","94":"medioambiente-efficacite-de-lutilisation-des-nutriments","95":"solucion-carence-en-mg","96":"tipo-de-aplicacion-foliaire","97":"tipo-de-aplicacion-dron","98":"tipo-de-aplicacion-aeronefs-legers","99":"product_cat-chelates","101":"first","102":"instock","103":"shipping-taxable","104":"product-type-simple"},"acf":[],"_links":{"self":[{"href":"https:\/\/labin.net\/fr\/wp-json\/wp\/v2\/product\/37473","targetHints":{"allow":["GET"]}}],"collection":[{"href":"https:\/\/labin.net\/fr\/wp-json\/wp\/v2\/product"}],"about":[{"href":"https:\/\/labin.net\/fr\/wp-json\/wp\/v2\/types\/product"}],"replies":[{"embeddable":true,"href":"https:\/\/labin.net\/fr\/wp-json\/wp\/v2\/comments?post=37473"}],"wp:featuredmedia":[{"embeddable":true,"href":"https:\/\/labin.net\/fr\/wp-json\/wp\/v2\/media\/35491"}],"wp:attachment":[{"href":"https:\/\/labin.net\/fr\/wp-json\/wp\/v2\/media?parent=37473"}],"wp:term":[{"taxonomy":"cultivo","embeddable":true,"href":"https:\/\/labin.net\/fr\/wp-json\/wp\/v2\/cultivo?post=37473"},{"taxonomy":"ecologico","embeddable":true,"href":"https:\/\/labin.net\/fr\/wp-json\/wp\/v2\/ecologico?post=37473"},{"taxonomy":"medioambiente","embeddable":true,"href":"https:\/\/labin.net\/fr\/wp-json\/wp\/v2\/medioambiente?post=37473"},{"taxonomy":"solucion","embeddable":true,"href":"https:\/\/labin.net\/fr\/wp-json\/wp\/v2\/solucion?post=37473"},{"taxonomy":"tipo-de-aplicacion","embeddable":true,"href":"https:\/\/labin.net\/fr\/wp-json\/wp\/v2\/tipo-de-aplicacion?post=37473"},{"taxonomy":"product_brand","embeddable":true,"href":"https:\/\/labin.net\/fr\/wp-json\/wp\/v2\/product_brand?post=37473"},{"taxonomy":"product_cat","embeddable":true,"href":"https:\/\/labin.net\/fr\/wp-json\/wp\/v2\/product_cat?post=37473"},{"taxonomy":"product_tag","embeddable":true,"href":"https:\/\/labin.net\/fr\/wp-json\/wp\/v2\/product_tag?post=37473"}],"curies":[{"name":"wp","href":"https:\/\/api.w.org\/{rel}","templated":true}]}}