{"id":37468,"date":"2025-11-28T15:18:51","date_gmt":"2025-11-28T15:18:51","guid":{"rendered":"https:labin.net\/producto\/laboratoire-n-10\/"},"modified":"2026-02-19T09:11:18","modified_gmt":"2026-02-19T09:11:18","slug":"labinor-n-10","status":"publish","type":"product","link":"https:\/\/labin.net\/fr\/producto\/labinor-n-10\/","title":{"rendered":"LABINOR N-10"},"content":{"rendered":"<p><b>LABINOR N-10<\/b> est un <b>engrais organique azot\u00e9 pr\u00e9sent\u00e9 en <\/b> <b> <\/b><b>sous forme de granul\u00e9s<\/b>, particuli\u00e8rement adapt\u00e9 pour r\u00e9pondre aux besoins en azote <b>de l&rsquo;<\/b><b>agriculture <\/b><b>biologique<\/b><b>.<\/b><\/p>\n<p>Gr\u00e2ce \u00e0 son union avec la mati\u00e8re organique, l&rsquo;azote est lib\u00e9r\u00e9 progressivement, agissant comme un <b>engrais naturel \u00e0 lib\u00e9ration lente<\/b><b> et <\/b>\u00e9vitant les pertes d&rsquo;azote par lessivage.<\/p>\n<p>Gr\u00e2ce \u00e0 sa <b>teneur \u00e9lev\u00e9e en azote <\/b>, il r\u00e9pond aux besoins des <b>cultures biologiques<\/b><b> les plus<\/b> <b>exigeantes<\/b>. La lib\u00e9ration soutenue de l&rsquo;azote organique assure une <b>croissance<\/b> <b>\u00e9quilibr\u00e9e et constante de la culture<\/b>.<\/p>\n<p>&nbsp;<\/p>\n","protected":false},"excerpt":{"rendered":"<ul>\n<li><b>Lib\u00e9ration naturelle prolong\u00e9e<\/b><\/li>\n<li><b>Rendements d&rsquo;azote plus \u00e9lev\u00e9s<\/b><\/li>\n<li><b>Forme de granul\u00e9s<\/b><b>Facilit\u00e9 d&rsquo;application<\/b><\/li>\n<li><b>Am\u00e9liorer la fertilit\u00e9 des sols<\/b><\/li>\n<\/ul>\n","protected":false},"featured_media":36184,"comment_status":"open","ping_status":"closed","template":"","meta":{"_acf_changed":false},"cultivo":[365,397,428,456,491,336,369,398,429,457,492,338,370,399,430,462,493,342,371,404,431,463,518,343,373,405,436,464,519,344,374,406,437,470,524,348,375,408,438,471,525,349,377,409,439,472,526,350,378,410,440,473,354,383,411,445,474,355,384,412,446,480,356,385,418,447,481,360,389,419,448,482,361,390,420,453,483,363,391,421,454,484,364,396,427,455,490],"ecologico":[825],"medioambiente":[833,843],"solucion":[853,942],"tipo-de-aplicacion":[494],"product_brand":[],"product_cat":[983],"product_tag":[],"class_list":{"0":"post-37468","1":"product","2":"type-product","3":"status-publish","4":"has-post-thumbnail","6":"cultivo-citronnier","7":"cultivo-peral","8":"cultivo-the","9":"cultivo-petit-haricot","10":"cultivo-arbres-dornement","11":"cultivo-arbres-fruitiers","12":"cultivo-avocat","13":"cultivo-pistache","14":"cultivo-manioc","15":"cultivo-haricot-vert","16":"cultivo-cespedes","17":"cultivo-tropical","18":"cultivo-banane-plantain","19":"cultivo-pamplemousse","20":"cultivo-bette-a-carde","21":"cultivo-laitue","22":"cultivo-fleurs","23":"cultivo-horticulture","24":"cultivo-cacao","25":"cultivo-vigne","26":"cultivo-ail","27":"cultivo-melon","28":"cultivo-extensions","29":"cultivo-parcs-et-jardins","30":"cultivo-cafe","31":"cultivo-canne-a-sucre","32":"cultivo-aubergine","33":"cultivo-navet","34":"cultivo-cereales","35":"cultivo-abricot","36":"cultivo-carambole","37":"cultivo-pomme-a-la-creme","38":"cultivo-patate-douce","39":"cultivo-pommes-de-terre","40":"cultivo-fourrages-et-paturages","41":"cultivo-amandier","42":"cultivo-lima","43":"cultivo-coco","44":"cultivo-brocoli","45":"cultivo-concombre","46":"cultivo-legumineuses-extensives","47":"cultivo-noisette","48":"cultivo-mandarino","49":"cultivo-fruits-rouges-baies","50":"cultivo-courgette","51":"cultivo-poivre","52":"cultivo-graines-oleagineuses","53":"cultivo-kaki","54":"cultivo-manzano","55":"cultivo-goyave","56":"cultivo-citrouille","57":"cultivo-poireau","58":"cultivo-marron","59":"cultivo-peche","60":"cultivo-litchi","61":"cultivo-oignon","62":"cultivo-radis","63":"cultivo-cerise","64":"cultivo-membrillero","65":"cultivo-poignee","66":"cultivo-col","67":"cultivo-betterave","68":"cultivo-prune","69":"cultivo-oranger","70":"cultivo-fruit-de-la-passion","71":"cultivo-choux-de-bruxelles","72":"cultivo-roquette","73":"cultivo-clementino","74":"cultivo-nectarine","75":"cultivo-papaye","76":"cultivo-chou-fleur","77":"cultivo-pasteque","78":"cultivo-grenade","79":"cultivo-noyer","80":"cultivo-ananas","81":"cultivo-endive","82":"cultivo-soja-vert","83":"cultivo-higuera","84":"cultivo-olivier","85":"cultivo-pitahaya","86":"cultivo-epinards","87":"cultivo-tomate","88":"cultivo-kiwi","89":"cultivo-vigne-ornementale","90":"cultivo-tamarin","91":"cultivo-pois","92":"cultivo-carotte","93":"ecologico-si","94":"medioambiente-reduction-de-lempreinte-carbone","95":"medioambiente-efficacite-de-lutilisation-des-nutriments","96":"solucion-carence-en-n","97":"solucion-ameliorer-sante-des-sols","98":"tipo-de-aplicacion-epandage-sur-le-sol","99":"product_cat-engrais-granules-et-microgranules","101":"first","102":"instock","103":"shipping-taxable","104":"product-type-simple"},"acf":[],"_links":{"self":[{"href":"https:\/\/labin.net\/fr\/wp-json\/wp\/v2\/product\/37468","targetHints":{"allow":["GET"]}}],"collection":[{"href":"https:\/\/labin.net\/fr\/wp-json\/wp\/v2\/product"}],"about":[{"href":"https:\/\/labin.net\/fr\/wp-json\/wp\/v2\/types\/product"}],"replies":[{"embeddable":true,"href":"https:\/\/labin.net\/fr\/wp-json\/wp\/v2\/comments?post=37468"}],"wp:featuredmedia":[{"embeddable":true,"href":"https:\/\/labin.net\/fr\/wp-json\/wp\/v2\/media\/36184"}],"wp:attachment":[{"href":"https:\/\/labin.net\/fr\/wp-json\/wp\/v2\/media?parent=37468"}],"wp:term":[{"taxonomy":"cultivo","embeddable":true,"href":"https:\/\/labin.net\/fr\/wp-json\/wp\/v2\/cultivo?post=37468"},{"taxonomy":"ecologico","embeddable":true,"href":"https:\/\/labin.net\/fr\/wp-json\/wp\/v2\/ecologico?post=37468"},{"taxonomy":"medioambiente","embeddable":true,"href":"https:\/\/labin.net\/fr\/wp-json\/wp\/v2\/medioambiente?post=37468"},{"taxonomy":"solucion","embeddable":true,"href":"https:\/\/labin.net\/fr\/wp-json\/wp\/v2\/solucion?post=37468"},{"taxonomy":"tipo-de-aplicacion","embeddable":true,"href":"https:\/\/labin.net\/fr\/wp-json\/wp\/v2\/tipo-de-aplicacion?post=37468"},{"taxonomy":"product_brand","embeddable":true,"href":"https:\/\/labin.net\/fr\/wp-json\/wp\/v2\/product_brand?post=37468"},{"taxonomy":"product_cat","embeddable":true,"href":"https:\/\/labin.net\/fr\/wp-json\/wp\/v2\/product_cat?post=37468"},{"taxonomy":"product_tag","embeddable":true,"href":"https:\/\/labin.net\/fr\/wp-json\/wp\/v2\/product_tag?post=37468"}],"curies":[{"name":"wp","href":"https:\/\/api.w.org\/{rel}","templated":true}]}}