{"id":37463,"date":"2025-11-28T15:16:21","date_gmt":"2025-11-28T15:16:21","guid":{"rendered":"https:labin.net\/producto\/labipack-amandier\/"},"modified":"2026-01-19T13:07:08","modified_gmt":"2026-01-19T13:07:08","slug":"labipack-almendro","status":"publish","type":"product","link":"https:\/\/labin.net\/fr\/producto\/labipack-almendro\/","title":{"rendered":"LABIPACK ALMENDRO"},"content":{"rendered":"<p>Engrais foliaire qui apporte les <b>macro, m\u00e9so et micro-\u00e9l\u00e9ments <\/b>n\u00e9cessaires au d\u00e9veloppement de l&rsquo;<b>ALMONDRE<\/b> \u00e0 tous ses stades v\u00e9g\u00e9tatifs.<\/p>\n<p>De plus, l&rsquo;incorporation d&rsquo;<b>acides amin\u00e9s libres provoque une stimulation g\u00e9n\u00e9rale de l&rsquo;organisme de l&rsquo;arbre<\/b> afin qu&rsquo;il puisse mieux assimiler et transporter les nutriments que nous lui apportons lors de la fertilisation. Il s&rsquo;agit d&rsquo;un produit <b>COMPLET <\/b>qui int\u00e8gre en une seule formule les nutriments qui sont habituellement appliqu\u00e9s s\u00e9par\u00e9ment dans la culture de l&rsquo;amandier. Avec <strong>LABIPACK ALMENDRO<\/strong><b>, nous obtenons une forte synergie entre eux, ce qui permet d&rsquo;obtenir de meilleurs r\u00e9sultats. <\/b>En outre, nous gagnons en commodit\u00e9. Nous ajoutons un seul produit aux traitements, ce qui r\u00e9duit les co\u00fbts \u00e9conomiques.<\/p>\n<p>Nous gagnons \u00e9galement en efficacit\u00e9. <b>La formulation du produit permet une synergie tr\u00e8s importante de ses composants, de sorte que les r\u00e9sultats sont meilleurs que si les produits \u00e9taient appliqu\u00e9s s\u00e9par\u00e9ment. <\/b>Gr\u00e2ce \u00e0 ce produit, nous obtiendrons de meilleurs rendements \u00e0 l&rsquo;hectare, surtout <b>en p\u00e9riode de s\u00e9cheresse <\/b>.<\/p>\n","protected":false},"excerpt":{"rendered":"<ul>\n<li><b>Enti\u00e8rement soluble<\/b><\/li>\n<li><b>Efficacit\u00e9 et synergie accrues <\/b><\/li>\n<li><b>Engrais foliaire complet<\/b><\/li>\n<li><b>Un produit tout en un<\/b><\/li>\n<li><b>Enrichi en acides amin\u00e9s et en micro-\u00e9l\u00e9ments<\/b><\/li>\n<\/ul>\n","protected":false},"featured_media":35477,"comment_status":"open","ping_status":"closed","template":"","meta":{"_acf_changed":false},"cultivo":[348],"ecologico":[828],"medioambiente":[843],"solucion":[853,858,863,882],"tipo-de-aplicacion":[527,809],"product_brand":[],"product_cat":[1012],"product_tag":[],"class_list":{"0":"post-37463","1":"product","2":"type-product","3":"status-publish","4":"has-post-thumbnail","6":"cultivo-amandier","7":"ecologico-no","8":"medioambiente-efficacite-de-lutilisation-des-nutriments","9":"solucion-carence-en-n","10":"solucion-carence-en-p","11":"solucion-carence-en-k","12":"solucion-carence-en-micros","13":"tipo-de-aplicacion-fertigation","14":"tipo-de-aplicacion-foliaire","15":"product_cat-specialites","17":"first","18":"instock","19":"shipping-taxable","20":"product-type-simple"},"acf":[],"_links":{"self":[{"href":"https:\/\/labin.net\/fr\/wp-json\/wp\/v2\/product\/37463","targetHints":{"allow":["GET"]}}],"collection":[{"href":"https:\/\/labin.net\/fr\/wp-json\/wp\/v2\/product"}],"about":[{"href":"https:\/\/labin.net\/fr\/wp-json\/wp\/v2\/types\/product"}],"replies":[{"embeddable":true,"href":"https:\/\/labin.net\/fr\/wp-json\/wp\/v2\/comments?post=37463"}],"wp:featuredmedia":[{"embeddable":true,"href":"https:\/\/labin.net\/fr\/wp-json\/wp\/v2\/media\/35477"}],"wp:attachment":[{"href":"https:\/\/labin.net\/fr\/wp-json\/wp\/v2\/media?parent=37463"}],"wp:term":[{"taxonomy":"cultivo","embeddable":true,"href":"https:\/\/labin.net\/fr\/wp-json\/wp\/v2\/cultivo?post=37463"},{"taxonomy":"ecologico","embeddable":true,"href":"https:\/\/labin.net\/fr\/wp-json\/wp\/v2\/ecologico?post=37463"},{"taxonomy":"medioambiente","embeddable":true,"href":"https:\/\/labin.net\/fr\/wp-json\/wp\/v2\/medioambiente?post=37463"},{"taxonomy":"solucion","embeddable":true,"href":"https:\/\/labin.net\/fr\/wp-json\/wp\/v2\/solucion?post=37463"},{"taxonomy":"tipo-de-aplicacion","embeddable":true,"href":"https:\/\/labin.net\/fr\/wp-json\/wp\/v2\/tipo-de-aplicacion?post=37463"},{"taxonomy":"product_brand","embeddable":true,"href":"https:\/\/labin.net\/fr\/wp-json\/wp\/v2\/product_brand?post=37463"},{"taxonomy":"product_cat","embeddable":true,"href":"https:\/\/labin.net\/fr\/wp-json\/wp\/v2\/product_cat?post=37463"},{"taxonomy":"product_tag","embeddable":true,"href":"https:\/\/labin.net\/fr\/wp-json\/wp\/v2\/product_tag?post=37463"}],"curies":[{"name":"wp","href":"https:\/\/api.w.org\/{rel}","templated":true}]}}