{"id":37445,"date":"2025-12-05T11:01:18","date_gmt":"2025-12-05T11:01:18","guid":{"rendered":"https:labin.net\/producto\/labifol-mzp-94\/"},"modified":"2025-12-05T11:01:18","modified_gmt":"2025-12-05T11:01:18","slug":"labifol-mzp-94","status":"publish","type":"product","link":"https:\/\/labin.net\/fr\/producto\/labifol-mzp-94\/","title":{"rendered":"LABIFOL MZP-94"},"content":{"rendered":"<p><strong>LABIFOL MZP-94 <\/strong>est un produit en poudre, <strong>utilisable en Agriculture Biologique,<\/strong> sp\u00e9cialement formul\u00e9 pour <strong>apporter du mangan\u00e8se et du zinc, totalement soluble dans l&rsquo;eau, qui est rapidement absorb\u00e9 par l&rsquo;organisme v\u00e9g\u00e9tatif.<\/strong><\/p>\n<p>Le zinc et le mangan\u00e8se sont souvent enferm\u00e9s dans le sol, ce qui explique les carences non visibles dans de nombreuses cultures, en particulier dans les agrumes, les arbres fruitiers et les l\u00e9gumes.<\/p>\n<p>Dans ce produit, ces deux micro-\u00e9l\u00e9ments ont \u00e9t\u00e9 complex\u00e9s avec des substances naturelles (lignosulfonates) qui sont reconnues par la plante comme \u00e9tant les siennes. Cela explique sa grande efficacit\u00e9, tant en application foliaire qu&rsquo;en fertirrigation. <\/p>\n","protected":false},"excerpt":{"rendered":"<ul>\n<li>Utilisable dans l&rsquo;agriculture biologique<\/li>\n<li>Solution efficace pour les vari\u00e9t\u00e9s probl\u00e9matiques<\/li>\n<li>Complexe de lignosulfonates naturels<\/li>\n<\/ul>\n","protected":false},"featured_media":36244,"comment_status":"closed","ping_status":"closed","template":"","meta":{"_acf_changed":false},"cultivo":[348,375,408,438,471,525,349,377,409,439,472,526,350,378,410,440,473,354,383,411,445,474,355,384,412,446,480,356,385,418,447,481,360,389,419,448,482,361,390,420,453,483,363,391,421,454,484,364,396,427,455,490,365,397,428,456,491,336,369,398,429,457,492,338,370,399,430,462,493,342,371,404,431,463,518,343,373,405,436,464,519,344,374,406,437,470,524],"ecologico":[825],"medioambiente":[843],"solucion":[899,903],"tipo-de-aplicacion":[527,809],"product_brand":[],"product_cat":[974],"product_tag":[],"class_list":{"0":"post-37445","1":"product","2":"type-product","3":"status-publish","4":"has-post-thumbnail","6":"cultivo-amandier","7":"cultivo-lima","8":"cultivo-coco","9":"cultivo-brocoli","10":"cultivo-concombre","11":"cultivo-legumineuses-extensives","12":"cultivo-noisette","13":"cultivo-mandarino","14":"cultivo-fruits-rouges-baies","15":"cultivo-courgette","16":"cultivo-poivre","17":"cultivo-graines-oleagineuses","18":"cultivo-kaki","19":"cultivo-manzano","20":"cultivo-goyave","21":"cultivo-citrouille","22":"cultivo-poireau","23":"cultivo-marron","24":"cultivo-peche","25":"cultivo-litchi","26":"cultivo-oignon","27":"cultivo-radis","28":"cultivo-cerise","29":"cultivo-membrillero","30":"cultivo-poignee","31":"cultivo-col","32":"cultivo-betterave","33":"cultivo-prune","34":"cultivo-oranger","35":"cultivo-fruit-de-la-passion","36":"cultivo-choux-de-bruxelles","37":"cultivo-roquette","38":"cultivo-clementino","39":"cultivo-nectarine","40":"cultivo-papaye","41":"cultivo-chou-fleur","42":"cultivo-pasteque","43":"cultivo-grenade","44":"cultivo-noyer","45":"cultivo-ananas","46":"cultivo-endive","47":"cultivo-soja-vert","48":"cultivo-higuera","49":"cultivo-olivier","50":"cultivo-pitahaya","51":"cultivo-epinards","52":"cultivo-tomate","53":"cultivo-kiwi","54":"cultivo-vigne-ornementale","55":"cultivo-tamarin","56":"cultivo-pois","57":"cultivo-carotte","58":"cultivo-citronnier","59":"cultivo-peral","60":"cultivo-the","61":"cultivo-petit-haricot","62":"cultivo-arbres-dornement","63":"cultivo-arbres-fruitiers","64":"cultivo-avocat","65":"cultivo-pistache","66":"cultivo-manioc","67":"cultivo-haricot-vert","68":"cultivo-cespedes","69":"cultivo-tropical","70":"cultivo-banane-plantain","71":"cultivo-pamplemousse","72":"cultivo-bette-a-carde","73":"cultivo-laitue","74":"cultivo-fleurs","75":"cultivo-horticulture","76":"cultivo-cacao","77":"cultivo-vigne","78":"cultivo-ail","79":"cultivo-melon","80":"cultivo-extensions","81":"cultivo-parcs-et-jardins","82":"cultivo-cafe","83":"cultivo-canne-a-sucre","84":"cultivo-aubergine","85":"cultivo-navet","86":"cultivo-cereales","87":"cultivo-abricot","88":"cultivo-carambole","89":"cultivo-pomme-a-la-creme","90":"cultivo-patate-douce","91":"cultivo-pommes-de-terre","92":"cultivo-fourrages-et-paturages","93":"ecologico-si","94":"medioambiente-efficacite-de-lutilisation-des-nutriments","95":"solucion-carence-en-mn","96":"solucion-carence-en-zn","97":"tipo-de-aplicacion-fertigation","98":"tipo-de-aplicacion-foliaire","99":"product_cat-correcteur-de-carences","101":"first","102":"instock","103":"shipping-taxable","104":"product-type-simple"},"acf":[],"_links":{"self":[{"href":"https:\/\/labin.net\/fr\/wp-json\/wp\/v2\/product\/37445","targetHints":{"allow":["GET"]}}],"collection":[{"href":"https:\/\/labin.net\/fr\/wp-json\/wp\/v2\/product"}],"about":[{"href":"https:\/\/labin.net\/fr\/wp-json\/wp\/v2\/types\/product"}],"replies":[{"embeddable":true,"href":"https:\/\/labin.net\/fr\/wp-json\/wp\/v2\/comments?post=37445"}],"wp:featuredmedia":[{"embeddable":true,"href":"https:\/\/labin.net\/fr\/wp-json\/wp\/v2\/media\/36244"}],"wp:attachment":[{"href":"https:\/\/labin.net\/fr\/wp-json\/wp\/v2\/media?parent=37445"}],"wp:term":[{"taxonomy":"cultivo","embeddable":true,"href":"https:\/\/labin.net\/fr\/wp-json\/wp\/v2\/cultivo?post=37445"},{"taxonomy":"ecologico","embeddable":true,"href":"https:\/\/labin.net\/fr\/wp-json\/wp\/v2\/ecologico?post=37445"},{"taxonomy":"medioambiente","embeddable":true,"href":"https:\/\/labin.net\/fr\/wp-json\/wp\/v2\/medioambiente?post=37445"},{"taxonomy":"solucion","embeddable":true,"href":"https:\/\/labin.net\/fr\/wp-json\/wp\/v2\/solucion?post=37445"},{"taxonomy":"tipo-de-aplicacion","embeddable":true,"href":"https:\/\/labin.net\/fr\/wp-json\/wp\/v2\/tipo-de-aplicacion?post=37445"},{"taxonomy":"product_brand","embeddable":true,"href":"https:\/\/labin.net\/fr\/wp-json\/wp\/v2\/product_brand?post=37445"},{"taxonomy":"product_cat","embeddable":true,"href":"https:\/\/labin.net\/fr\/wp-json\/wp\/v2\/product_cat?post=37445"},{"taxonomy":"product_tag","embeddable":true,"href":"https:\/\/labin.net\/fr\/wp-json\/wp\/v2\/product_tag?post=37445"}],"curies":[{"name":"wp","href":"https:\/\/api.w.org\/{rel}","templated":true}]}}