{"id":37428,"date":"2025-12-05T11:01:08","date_gmt":"2025-12-05T11:01:08","guid":{"rendered":"https:labin.net\/producto\/laboratoire-k-30\/"},"modified":"2026-01-19T13:25:32","modified_gmt":"2026-01-19T13:25:32","slug":"labinor-k-30","status":"publish","type":"product","link":"https:\/\/labin.net\/fr\/producto\/labinor-k-30\/","title":{"rendered":"LABINOR K-30"},"content":{"rendered":"<p><strong>LABINOR K-30 <\/strong>est un engrais granul\u00e9 qui apporte du potassium et qui est particuli\u00e8rement adapt\u00e9 pour r\u00e9pondre aux besoins de fertilisation de fond des cultures biologiques.<\/p>\n<p>Son origine est totalement naturelle et sa formulation sous forme de granul\u00e9s permet de l&rsquo;appliquer avec n&rsquo;importe quel type d&rsquo;\u00e9pandeur d&rsquo;engrais. De plus, les granul\u00e9s se d\u00e9composent avec l&rsquo;humidit\u00e9 du sol et agissent donc rapidement. Id\u00e9al comme compl\u00e9ment \u00e0 d&rsquo;autres engrais organiques, avec peu de potassium ou pour combiner avec nos engrais : <strong>Labinor N10 <\/strong>et <strong>Labinor P30, <\/strong>\u00e9galement adapt\u00e9s \u00e0 l&rsquo;agriculture biologique. Il peut \u00eatre appliqu\u00e9 sur tout type de culture, comme engrais de base ou \u00e0 incorporer dans des m\u00e9langes.<\/p>\n","protected":false},"excerpt":{"rendered":"<ul>\n<li>Potassium d&rsquo;origine naturelle<\/li>\n<li>Totalement assimilable<\/li>\n<li>Engrais potassique granul\u00e9, pour l&rsquo;agriculture biologique<\/li>\n<\/ul>\n","protected":false},"featured_media":36184,"comment_status":"closed","ping_status":"closed","template":"","meta":{"_acf_changed":false},"cultivo":[360,389,419,448,482,361,390,420,453,483,363,391,421,454,484,364,396,427,455,490,365,397,428,456,491,336,369,398,429,457,492,338,370,399,430,462,493,342,371,404,431,463,518,343,373,405,436,464,519,344,374,406,437,470,524,348,375,408,438,471,525,349,377,409,439,472,526,350,378,410,440,473,354,383,411,445,474,355,384,412,446,480,356,385,418,447,481],"ecologico":[825],"medioambiente":[833,843],"solucion":[942],"tipo-de-aplicacion":[494],"product_brand":[],"product_cat":[983],"product_tag":[],"class_list":{"0":"post-37428","1":"product","2":"type-product","3":"status-publish","4":"has-post-thumbnail","6":"cultivo-clementino","7":"cultivo-nectarine","8":"cultivo-papaye","9":"cultivo-chou-fleur","10":"cultivo-pasteque","11":"cultivo-grenade","12":"cultivo-noyer","13":"cultivo-ananas","14":"cultivo-endive","15":"cultivo-soja-vert","16":"cultivo-higuera","17":"cultivo-olivier","18":"cultivo-pitahaya","19":"cultivo-epinards","20":"cultivo-tomate","21":"cultivo-kiwi","22":"cultivo-vigne-ornementale","23":"cultivo-tamarin","24":"cultivo-pois","25":"cultivo-carotte","26":"cultivo-citronnier","27":"cultivo-peral","28":"cultivo-the","29":"cultivo-petit-haricot","30":"cultivo-arbres-dornement","31":"cultivo-arbres-fruitiers","32":"cultivo-avocat","33":"cultivo-pistache","34":"cultivo-manioc","35":"cultivo-haricot-vert","36":"cultivo-cespedes","37":"cultivo-tropical","38":"cultivo-banane-plantain","39":"cultivo-pamplemousse","40":"cultivo-bette-a-carde","41":"cultivo-laitue","42":"cultivo-fleurs","43":"cultivo-horticulture","44":"cultivo-cacao","45":"cultivo-vigne","46":"cultivo-ail","47":"cultivo-melon","48":"cultivo-extensions","49":"cultivo-parcs-et-jardins","50":"cultivo-cafe","51":"cultivo-canne-a-sucre","52":"cultivo-aubergine","53":"cultivo-navet","54":"cultivo-cereales","55":"cultivo-abricot","56":"cultivo-carambole","57":"cultivo-pomme-a-la-creme","58":"cultivo-patate-douce","59":"cultivo-pommes-de-terre","60":"cultivo-fourrages-et-paturages","61":"cultivo-amandier","62":"cultivo-lima","63":"cultivo-coco","64":"cultivo-brocoli","65":"cultivo-concombre","66":"cultivo-legumineuses-extensives","67":"cultivo-noisette","68":"cultivo-mandarino","69":"cultivo-fruits-rouges-baies","70":"cultivo-courgette","71":"cultivo-poivre","72":"cultivo-graines-oleagineuses","73":"cultivo-kaki","74":"cultivo-manzano","75":"cultivo-goyave","76":"cultivo-citrouille","77":"cultivo-poireau","78":"cultivo-marron","79":"cultivo-peche","80":"cultivo-litchi","81":"cultivo-oignon","82":"cultivo-radis","83":"cultivo-cerise","84":"cultivo-membrillero","85":"cultivo-poignee","86":"cultivo-col","87":"cultivo-betterave","88":"cultivo-prune","89":"cultivo-oranger","90":"cultivo-fruit-de-la-passion","91":"cultivo-choux-de-bruxelles","92":"cultivo-roquette","93":"ecologico-si","94":"medioambiente-reduction-de-lempreinte-carbone","95":"medioambiente-efficacite-de-lutilisation-des-nutriments","96":"solucion-ameliorer-sante-des-sols","97":"tipo-de-aplicacion-epandage-sur-le-sol","98":"product_cat-engrais-granules-et-microgranules","100":"first","101":"instock","102":"shipping-taxable","103":"product-type-simple"},"acf":[],"_links":{"self":[{"href":"https:\/\/labin.net\/fr\/wp-json\/wp\/v2\/product\/37428","targetHints":{"allow":["GET"]}}],"collection":[{"href":"https:\/\/labin.net\/fr\/wp-json\/wp\/v2\/product"}],"about":[{"href":"https:\/\/labin.net\/fr\/wp-json\/wp\/v2\/types\/product"}],"replies":[{"embeddable":true,"href":"https:\/\/labin.net\/fr\/wp-json\/wp\/v2\/comments?post=37428"}],"wp:featuredmedia":[{"embeddable":true,"href":"https:\/\/labin.net\/fr\/wp-json\/wp\/v2\/media\/36184"}],"wp:attachment":[{"href":"https:\/\/labin.net\/fr\/wp-json\/wp\/v2\/media?parent=37428"}],"wp:term":[{"taxonomy":"cultivo","embeddable":true,"href":"https:\/\/labin.net\/fr\/wp-json\/wp\/v2\/cultivo?post=37428"},{"taxonomy":"ecologico","embeddable":true,"href":"https:\/\/labin.net\/fr\/wp-json\/wp\/v2\/ecologico?post=37428"},{"taxonomy":"medioambiente","embeddable":true,"href":"https:\/\/labin.net\/fr\/wp-json\/wp\/v2\/medioambiente?post=37428"},{"taxonomy":"solucion","embeddable":true,"href":"https:\/\/labin.net\/fr\/wp-json\/wp\/v2\/solucion?post=37428"},{"taxonomy":"tipo-de-aplicacion","embeddable":true,"href":"https:\/\/labin.net\/fr\/wp-json\/wp\/v2\/tipo-de-aplicacion?post=37428"},{"taxonomy":"product_brand","embeddable":true,"href":"https:\/\/labin.net\/fr\/wp-json\/wp\/v2\/product_brand?post=37428"},{"taxonomy":"product_cat","embeddable":true,"href":"https:\/\/labin.net\/fr\/wp-json\/wp\/v2\/product_cat?post=37428"},{"taxonomy":"product_tag","embeddable":true,"href":"https:\/\/labin.net\/fr\/wp-json\/wp\/v2\/product_tag?post=37428"}],"curies":[{"name":"wp","href":"https:\/\/api.w.org\/{rel}","templated":true}]}}