{"id":37425,"date":"2025-12-05T11:01:18","date_gmt":"2025-12-05T11:01:18","guid":{"rendered":"https:labin.net\/producto\/fixam\/"},"modified":"2025-12-05T11:01:18","modified_gmt":"2025-12-05T11:01:18","slug":"fixam","status":"publish","type":"product","link":"https:\/\/labin.net\/fr\/producto\/fixam\/","title":{"rendered":"FIXA&rsquo;M"},"content":{"rendered":"<p>Engrais liquide qui, gr\u00e2ce \u00e0 son pH acide, abaisse le pH des bouillons nutritifs, tout en ne produisant pas de mousse lorsqu&rsquo;il est ajout\u00e9 au r\u00e9servoir de traitement.<br \/>\nSa formulation incorpore un indicateur qui permet de contr\u00f4ler visuellement le moment o\u00f9 l&rsquo;on atteint le bon pH.<\/p>\n","protected":false},"excerpt":{"rendered":"<ul>\n<li>Pour tous les types de traitements<\/li>\n<li>Commodit\u00e9 et pr\u00e9cision du pH<\/li>\n<li>Pas de moussage<\/li>\n<\/ul>\n","protected":false},"featured_media":36160,"comment_status":"closed","ping_status":"closed","template":"","meta":{"_acf_changed":false},"cultivo":[427,455,490,364,396,428,456,491,365,397,429,457,492,336,369,398,430,462,493,338,370,399,431,463,518,342,371,404,436,464,519,343,373,405,437,470,524,344,374,406,438,471,525,348,375,408,439,472,526,349,377,409,440,473,350,378,410,445,474,354,383,411,446,480,355,384,412,447,481,356,385,418,448,482,360,389,419,453,483,361,390,420,454,484,363,391,421],"ecologico":[828],"medioambiente":[849],"solucion":[958],"tipo-de-aplicacion":[809,815,816],"product_brand":[],"product_cat":[1013],"product_tag":[],"class_list":{"0":"post-37425","1":"product","2":"type-product","3":"status-publish","4":"has-post-thumbnail","6":"cultivo-tamarin","7":"cultivo-pois","8":"cultivo-carotte","9":"cultivo-kiwi","10":"cultivo-vigne-ornementale","11":"cultivo-the","12":"cultivo-petit-haricot","13":"cultivo-arbres-dornement","14":"cultivo-citronnier","15":"cultivo-peral","16":"cultivo-manioc","17":"cultivo-haricot-vert","18":"cultivo-cespedes","19":"cultivo-arbres-fruitiers","20":"cultivo-avocat","21":"cultivo-pistache","22":"cultivo-bette-a-carde","23":"cultivo-laitue","24":"cultivo-fleurs","25":"cultivo-tropical","26":"cultivo-banane-plantain","27":"cultivo-pamplemousse","28":"cultivo-ail","29":"cultivo-melon","30":"cultivo-extensions","31":"cultivo-horticulture","32":"cultivo-cacao","33":"cultivo-vigne","34":"cultivo-aubergine","35":"cultivo-navet","36":"cultivo-cereales","37":"cultivo-parcs-et-jardins","38":"cultivo-cafe","39":"cultivo-canne-a-sucre","40":"cultivo-patate-douce","41":"cultivo-pommes-de-terre","42":"cultivo-fourrages-et-paturages","43":"cultivo-abricot","44":"cultivo-carambole","45":"cultivo-pomme-a-la-creme","46":"cultivo-brocoli","47":"cultivo-concombre","48":"cultivo-legumineuses-extensives","49":"cultivo-amandier","50":"cultivo-lima","51":"cultivo-coco","52":"cultivo-courgette","53":"cultivo-poivre","54":"cultivo-graines-oleagineuses","55":"cultivo-noisette","56":"cultivo-mandarino","57":"cultivo-fruits-rouges-baies","58":"cultivo-citrouille","59":"cultivo-poireau","60":"cultivo-kaki","61":"cultivo-manzano","62":"cultivo-goyave","63":"cultivo-oignon","64":"cultivo-radis","65":"cultivo-marron","66":"cultivo-peche","67":"cultivo-litchi","68":"cultivo-col","69":"cultivo-betterave","70":"cultivo-cerise","71":"cultivo-membrillero","72":"cultivo-poignee","73":"cultivo-choux-de-bruxelles","74":"cultivo-roquette","75":"cultivo-prune","76":"cultivo-oranger","77":"cultivo-fruit-de-la-passion","78":"cultivo-chou-fleur","79":"cultivo-pasteque","80":"cultivo-clementino","81":"cultivo-nectarine","82":"cultivo-papaye","83":"cultivo-endive","84":"cultivo-soja-vert","85":"cultivo-grenade","86":"cultivo-noyer","87":"cultivo-ananas","88":"cultivo-epinards","89":"cultivo-tomate","90":"cultivo-higuera","91":"cultivo-olivier","92":"cultivo-pitahaya","93":"ecologico-no","94":"medioambiente-rien","95":"solucion-complement","96":"tipo-de-aplicacion-foliaire","97":"tipo-de-aplicacion-dron","98":"tipo-de-aplicacion-aeronefs-legers","99":"product_cat-complements","101":"first","102":"instock","103":"shipping-taxable","104":"product-type-simple"},"acf":[],"_links":{"self":[{"href":"https:\/\/labin.net\/fr\/wp-json\/wp\/v2\/product\/37425","targetHints":{"allow":["GET"]}}],"collection":[{"href":"https:\/\/labin.net\/fr\/wp-json\/wp\/v2\/product"}],"about":[{"href":"https:\/\/labin.net\/fr\/wp-json\/wp\/v2\/types\/product"}],"replies":[{"embeddable":true,"href":"https:\/\/labin.net\/fr\/wp-json\/wp\/v2\/comments?post=37425"}],"wp:featuredmedia":[{"embeddable":true,"href":"https:\/\/labin.net\/fr\/wp-json\/wp\/v2\/media\/36160"}],"wp:attachment":[{"href":"https:\/\/labin.net\/fr\/wp-json\/wp\/v2\/media?parent=37425"}],"wp:term":[{"taxonomy":"cultivo","embeddable":true,"href":"https:\/\/labin.net\/fr\/wp-json\/wp\/v2\/cultivo?post=37425"},{"taxonomy":"ecologico","embeddable":true,"href":"https:\/\/labin.net\/fr\/wp-json\/wp\/v2\/ecologico?post=37425"},{"taxonomy":"medioambiente","embeddable":true,"href":"https:\/\/labin.net\/fr\/wp-json\/wp\/v2\/medioambiente?post=37425"},{"taxonomy":"solucion","embeddable":true,"href":"https:\/\/labin.net\/fr\/wp-json\/wp\/v2\/solucion?post=37425"},{"taxonomy":"tipo-de-aplicacion","embeddable":true,"href":"https:\/\/labin.net\/fr\/wp-json\/wp\/v2\/tipo-de-aplicacion?post=37425"},{"taxonomy":"product_brand","embeddable":true,"href":"https:\/\/labin.net\/fr\/wp-json\/wp\/v2\/product_brand?post=37425"},{"taxonomy":"product_cat","embeddable":true,"href":"https:\/\/labin.net\/fr\/wp-json\/wp\/v2\/product_cat?post=37425"},{"taxonomy":"product_tag","embeddable":true,"href":"https:\/\/labin.net\/fr\/wp-json\/wp\/v2\/product_tag?post=37425"}],"curies":[{"name":"wp","href":"https:\/\/api.w.org\/{rel}","templated":true}]}}