{"id":37420,"date":"2025-12-05T11:01:08","date_gmt":"2025-12-05T11:01:08","guid":{"rendered":"https:labin.net\/producto\/orgamax-g\/"},"modified":"2025-12-05T11:01:08","modified_gmt":"2025-12-05T11:01:08","slug":"orgamax-g","status":"publish","type":"product","link":"https:\/\/labin.net\/fr\/producto\/orgamax-g\/","title":{"rendered":"ORGAMAX G"},"content":{"rendered":"<p class=\"Default\"><strong>ORGAMAX G<\/strong> est un engrais organique-humique fabriqu\u00e9 \u00e0 partir de lignites sp\u00e9ciaux d\u00fbment s\u00e9lectionn\u00e9s et trait\u00e9s. Gr\u00e2ce \u00e0 sa richesse en mati\u00e8re organique et en substances humiques, il modifie les propri\u00e9t\u00e9s chimiques du sol, en am\u00e9liorant sa capacit\u00e9 d&rsquo;\u00e9change cationique (complexe argilo-humique) et en d\u00e9bloquant les \u00e9l\u00e9ments nutritifs existants dans le sol, facilitant ainsi leur meilleure assimilation.<br \/>\nIl s&rsquo;agit d&rsquo;un amendement organique-humique, avec des substances humiques d\u00e9j\u00e0 existantes, et non de formation future (\u00ab\u00a0vrai\u00a0\u00bb humus, et non seulement \u00ab\u00a0potentiel\u00a0\u00bb). Il ne n\u00e9cessite donc pas d&rsquo;applications massives d&rsquo;un produit purement organique. Il am\u00e9liore les propri\u00e9t\u00e9s chimiques et biologiques du sol.   <\/p>\n","protected":false},"excerpt":{"rendered":"<ul>\n<li>Lib\u00e9ration naturelle prolong\u00e9e<\/li>\n<li>Engrais organique-humique<\/li>\n<li>Forme de granul\u00e9s : application facile<\/li>\n<\/ul>\n","protected":false},"featured_media":35464,"comment_status":"closed","ping_status":"closed","template":"","meta":{"_acf_changed":false},"cultivo":[342,371,404,431,463,518,343,373,405,436,464,519,344,374,406,437,470,524,348,375,408,438,471,525,349,377,409,439,472,526,350,378,410,440,473,354,383,411,445,474,355,384,412,446,480,356,385,418,447,481,360,389,419,448,482,361,390,420,453,483,363,391,421,454,484,364,396,427,455,490,365,397,428,456,491,336,369,398,429,457,492,338,370,399,430,462,493],"ecologico":[825],"medioambiente":[833,843],"solucion":[942],"tipo-de-aplicacion":[494],"product_brand":[],"product_cat":[988],"product_tag":[],"class_list":{"0":"post-37420","1":"product","2":"type-product","3":"status-publish","4":"has-post-thumbnail","6":"cultivo-horticulture","7":"cultivo-cacao","8":"cultivo-vigne","9":"cultivo-ail","10":"cultivo-melon","11":"cultivo-extensions","12":"cultivo-parcs-et-jardins","13":"cultivo-cafe","14":"cultivo-canne-a-sucre","15":"cultivo-aubergine","16":"cultivo-navet","17":"cultivo-cereales","18":"cultivo-abricot","19":"cultivo-carambole","20":"cultivo-pomme-a-la-creme","21":"cultivo-patate-douce","22":"cultivo-pommes-de-terre","23":"cultivo-fourrages-et-paturages","24":"cultivo-amandier","25":"cultivo-lima","26":"cultivo-coco","27":"cultivo-brocoli","28":"cultivo-concombre","29":"cultivo-legumineuses-extensives","30":"cultivo-noisette","31":"cultivo-mandarino","32":"cultivo-fruits-rouges-baies","33":"cultivo-courgette","34":"cultivo-poivre","35":"cultivo-graines-oleagineuses","36":"cultivo-kaki","37":"cultivo-manzano","38":"cultivo-goyave","39":"cultivo-citrouille","40":"cultivo-poireau","41":"cultivo-marron","42":"cultivo-peche","43":"cultivo-litchi","44":"cultivo-oignon","45":"cultivo-radis","46":"cultivo-cerise","47":"cultivo-membrillero","48":"cultivo-poignee","49":"cultivo-col","50":"cultivo-betterave","51":"cultivo-prune","52":"cultivo-oranger","53":"cultivo-fruit-de-la-passion","54":"cultivo-choux-de-bruxelles","55":"cultivo-roquette","56":"cultivo-clementino","57":"cultivo-nectarine","58":"cultivo-papaye","59":"cultivo-chou-fleur","60":"cultivo-pasteque","61":"cultivo-grenade","62":"cultivo-noyer","63":"cultivo-ananas","64":"cultivo-endive","65":"cultivo-soja-vert","66":"cultivo-higuera","67":"cultivo-olivier","68":"cultivo-pitahaya","69":"cultivo-epinards","70":"cultivo-tomate","71":"cultivo-kiwi","72":"cultivo-vigne-ornementale","73":"cultivo-tamarin","74":"cultivo-pois","75":"cultivo-carotte","76":"cultivo-citronnier","77":"cultivo-peral","78":"cultivo-the","79":"cultivo-petit-haricot","80":"cultivo-arbres-dornement","81":"cultivo-arbres-fruitiers","82":"cultivo-avocat","83":"cultivo-pistache","84":"cultivo-manioc","85":"cultivo-haricot-vert","86":"cultivo-cespedes","87":"cultivo-tropical","88":"cultivo-banane-plantain","89":"cultivo-pamplemousse","90":"cultivo-bette-a-carde","91":"cultivo-laitue","92":"cultivo-fleurs","93":"ecologico-si","94":"medioambiente-reduction-de-lempreinte-carbone","95":"medioambiente-efficacite-de-lutilisation-des-nutriments","96":"solucion-ameliorer-sante-des-sols","97":"tipo-de-aplicacion-epandage-sur-le-sol","98":"product_cat-amendements","100":"first","101":"instock","102":"shipping-taxable","103":"product-type-simple"},"acf":[],"_links":{"self":[{"href":"https:\/\/labin.net\/fr\/wp-json\/wp\/v2\/product\/37420","targetHints":{"allow":["GET"]}}],"collection":[{"href":"https:\/\/labin.net\/fr\/wp-json\/wp\/v2\/product"}],"about":[{"href":"https:\/\/labin.net\/fr\/wp-json\/wp\/v2\/types\/product"}],"replies":[{"embeddable":true,"href":"https:\/\/labin.net\/fr\/wp-json\/wp\/v2\/comments?post=37420"}],"wp:featuredmedia":[{"embeddable":true,"href":"https:\/\/labin.net\/fr\/wp-json\/wp\/v2\/media\/35464"}],"wp:attachment":[{"href":"https:\/\/labin.net\/fr\/wp-json\/wp\/v2\/media?parent=37420"}],"wp:term":[{"taxonomy":"cultivo","embeddable":true,"href":"https:\/\/labin.net\/fr\/wp-json\/wp\/v2\/cultivo?post=37420"},{"taxonomy":"ecologico","embeddable":true,"href":"https:\/\/labin.net\/fr\/wp-json\/wp\/v2\/ecologico?post=37420"},{"taxonomy":"medioambiente","embeddable":true,"href":"https:\/\/labin.net\/fr\/wp-json\/wp\/v2\/medioambiente?post=37420"},{"taxonomy":"solucion","embeddable":true,"href":"https:\/\/labin.net\/fr\/wp-json\/wp\/v2\/solucion?post=37420"},{"taxonomy":"tipo-de-aplicacion","embeddable":true,"href":"https:\/\/labin.net\/fr\/wp-json\/wp\/v2\/tipo-de-aplicacion?post=37420"},{"taxonomy":"product_brand","embeddable":true,"href":"https:\/\/labin.net\/fr\/wp-json\/wp\/v2\/product_brand?post=37420"},{"taxonomy":"product_cat","embeddable":true,"href":"https:\/\/labin.net\/fr\/wp-json\/wp\/v2\/product_cat?post=37420"},{"taxonomy":"product_tag","embeddable":true,"href":"https:\/\/labin.net\/fr\/wp-json\/wp\/v2\/product_tag?post=37420"}],"curies":[{"name":"wp","href":"https:\/\/api.w.org\/{rel}","templated":true}]}}