{"id":37393,"date":"2025-12-05T11:00:56","date_gmt":"2025-12-05T11:00:56","guid":{"rendered":"https:labin.net\/producto\/labiquantium\/"},"modified":"2025-12-05T11:00:56","modified_gmt":"2025-12-05T11:00:56","slug":"labiquantium","status":"publish","type":"product","link":"https:\/\/labin.net\/fr\/producto\/labiquantium\/","title":{"rendered":"LABIQUANTIUM"},"content":{"rendered":"<p><strong>LABIQUANTIUM<\/strong><strong>, <\/strong>l&rsquo;efficacit\u00e9 de la meilleure <strong>algue marine<\/strong>, <em>Ascophyllum nodosum<\/em>, au service d&rsquo;une formulation con\u00e7ue pour minimiser les <strong>situations de stress<\/strong>, les <strong>blocages <\/strong>nutritionnels et favoriser la <strong>synth\u00e8se de substances d&rsquo;autod\u00e9fense (phytolexines<\/strong>). Sa composition est une combinaison d&rsquo;<strong>algues et de polysaccharides<\/strong>, ce qui permet d&rsquo;obtenir une synergie v\u00e9g\u00e9tale pour vos cultures. <strong>Les polysaccharides <\/strong>ont pour fonction de nourrir la plante et de lui fournir l&rsquo;\u00e9nergie n\u00e9cessaire au processus vital de la photosynth\u00e8se. Sans sucres, la plante ne pourra pas survivre lors de son d\u00e9veloppement v\u00e9g\u00e9tatif. Si nous fournissons \u00e0 la plante des polysaccharides, les chloroplastes activeront le processus de photosynth\u00e8se, \u00e9quilibrant ainsi le m\u00e9tabolisme de la plante. Cela va de pair avec l&rsquo;application de <strong>LABIQUANTIUM, <\/strong>car nous fournissons \u00e9galement des <strong>algues <\/strong>qui constituent un excellent biostimulant pour les plantes. Elles apporteront \u00e0 votre culture une adaptation parfaite \u00e0 <strong>tout type de stress et un \u00e9quilibre cellulaire hydrique et osmoprotecteur<\/strong>, prot\u00e9geant les cellules de la plante des effets n\u00e9gatifs d\u00e9riv\u00e9s du stress hydrique gr\u00e2ce au mannitol pr\u00e9sent dans l&rsquo;extrait d&rsquo; <strong><em>Ascophyllum nodosum<\/em><\/strong>.     <\/p>\n<p><strong>LABIQUANTIUM <\/strong>est parfait pour <strong>bio-activer et bio-stimuler <\/strong>la plupart des m\u00e9canismes m\u00e9taboliques qui interviennent dans les moments cl\u00e9s de la culture : floraison, nouaison, repiquage, etc.<\/p>\n<p>Particuli\u00e8rement adapt\u00e9 \u00e0 la floraison, \u00e0 la nouaison, \u00e0 la transplantation, en p\u00e9riode de maladie et de stress, et en conjonction avec des traitements phytosanitaires.<\/p>\n","protected":false},"excerpt":{"rendered":"<ul>\n<li>Stimule la floraison et la nouaison<\/li>\n<li>R\u00e9sistance \u00e9lev\u00e9e aux situations stressantes<\/li>\n<li>Action d&rsquo;enracinement et de stimulation des racines. Meilleurs r\u00e9sultats lors de la transplantation <\/li>\n<li>Am\u00e9liorer l&rsquo;efficacit\u00e9 et r\u00e9duire le stress des traitements phytosanitaires<\/li>\n<li>Produits utilisables dans l&rsquo;agriculture biologique<\/li>\n<\/ul>\n","protected":false},"featured_media":36286,"comment_status":"closed","ping_status":"closed","template":"","meta":{"_acf_changed":false},"cultivo":[355,384,412,446,480,356,385,418,447,481,360,389,419,448,482,361,390,420,453,483,363,391,421,454,484,364,396,427,455,490,365,397,428,456,491,336,369,398,429,457,492,338,370,399,430,462,493,342,371,404,431,463,518,343,373,405,436,464,519,344,374,406,437,470,524,348,375,408,438,471,525,349,377,409,439,472,526,350,378,410,440,473,354,383,411,445,474],"ecologico":[825],"medioambiente":[843],"solucion":[890,924,928,935,945],"tipo-de-aplicacion":[527,809],"product_brand":[],"product_cat":[968],"product_tag":[],"class_list":{"0":"post-37393","1":"product","2":"type-product","3":"status-publish","4":"has-post-thumbnail","6":"cultivo-cerise","7":"cultivo-membrillero","8":"cultivo-poignee","9":"cultivo-col","10":"cultivo-betterave","11":"cultivo-prune","12":"cultivo-oranger","13":"cultivo-fruit-de-la-passion","14":"cultivo-choux-de-bruxelles","15":"cultivo-roquette","16":"cultivo-clementino","17":"cultivo-nectarine","18":"cultivo-papaye","19":"cultivo-chou-fleur","20":"cultivo-pasteque","21":"cultivo-grenade","22":"cultivo-noyer","23":"cultivo-ananas","24":"cultivo-endive","25":"cultivo-soja-vert","26":"cultivo-higuera","27":"cultivo-olivier","28":"cultivo-pitahaya","29":"cultivo-epinards","30":"cultivo-tomate","31":"cultivo-kiwi","32":"cultivo-vigne-ornementale","33":"cultivo-tamarin","34":"cultivo-pois","35":"cultivo-carotte","36":"cultivo-citronnier","37":"cultivo-peral","38":"cultivo-the","39":"cultivo-petit-haricot","40":"cultivo-arbres-dornement","41":"cultivo-arbres-fruitiers","42":"cultivo-avocat","43":"cultivo-pistache","44":"cultivo-manioc","45":"cultivo-haricot-vert","46":"cultivo-cespedes","47":"cultivo-tropical","48":"cultivo-banane-plantain","49":"cultivo-pamplemousse","50":"cultivo-bette-a-carde","51":"cultivo-laitue","52":"cultivo-fleurs","53":"cultivo-horticulture","54":"cultivo-cacao","55":"cultivo-vigne","56":"cultivo-ail","57":"cultivo-melon","58":"cultivo-extensions","59":"cultivo-parcs-et-jardins","60":"cultivo-cafe","61":"cultivo-canne-a-sucre","62":"cultivo-aubergine","63":"cultivo-navet","64":"cultivo-cereales","65":"cultivo-abricot","66":"cultivo-carambole","67":"cultivo-pomme-a-la-creme","68":"cultivo-patate-douce","69":"cultivo-pommes-de-terre","70":"cultivo-fourrages-et-paturages","71":"cultivo-amandier","72":"cultivo-lima","73":"cultivo-coco","74":"cultivo-brocoli","75":"cultivo-concombre","76":"cultivo-legumineuses-extensives","77":"cultivo-noisette","78":"cultivo-mandarino","79":"cultivo-fruits-rouges-baies","80":"cultivo-courgette","81":"cultivo-poivre","82":"cultivo-graines-oleagineuses","83":"cultivo-kaki","84":"cultivo-manzano","85":"cultivo-goyave","86":"cultivo-citrouille","87":"cultivo-poireau","88":"cultivo-marron","89":"cultivo-peche","90":"cultivo-litchi","91":"cultivo-oignon","92":"cultivo-radis","93":"ecologico-si","94":"medioambiente-efficacite-de-lutilisation-des-nutriments","95":"solucion-carence-en-b","96":"solucion-floraison-et-nouaison","97":"solucion-stress-abiotique","98":"solucion-amelioration-apres-recolte","99":"solucion-amelioration-de-la-qualite-des-fruits","100":"tipo-de-aplicacion-fertigation","101":"tipo-de-aplicacion-foliaire","102":"product_cat-biostimulant","104":"first","105":"instock","106":"shipping-taxable","107":"product-type-simple"},"acf":[],"_links":{"self":[{"href":"https:\/\/labin.net\/fr\/wp-json\/wp\/v2\/product\/37393","targetHints":{"allow":["GET"]}}],"collection":[{"href":"https:\/\/labin.net\/fr\/wp-json\/wp\/v2\/product"}],"about":[{"href":"https:\/\/labin.net\/fr\/wp-json\/wp\/v2\/types\/product"}],"replies":[{"embeddable":true,"href":"https:\/\/labin.net\/fr\/wp-json\/wp\/v2\/comments?post=37393"}],"wp:featuredmedia":[{"embeddable":true,"href":"https:\/\/labin.net\/fr\/wp-json\/wp\/v2\/media\/36286"}],"wp:attachment":[{"href":"https:\/\/labin.net\/fr\/wp-json\/wp\/v2\/media?parent=37393"}],"wp:term":[{"taxonomy":"cultivo","embeddable":true,"href":"https:\/\/labin.net\/fr\/wp-json\/wp\/v2\/cultivo?post=37393"},{"taxonomy":"ecologico","embeddable":true,"href":"https:\/\/labin.net\/fr\/wp-json\/wp\/v2\/ecologico?post=37393"},{"taxonomy":"medioambiente","embeddable":true,"href":"https:\/\/labin.net\/fr\/wp-json\/wp\/v2\/medioambiente?post=37393"},{"taxonomy":"solucion","embeddable":true,"href":"https:\/\/labin.net\/fr\/wp-json\/wp\/v2\/solucion?post=37393"},{"taxonomy":"tipo-de-aplicacion","embeddable":true,"href":"https:\/\/labin.net\/fr\/wp-json\/wp\/v2\/tipo-de-aplicacion?post=37393"},{"taxonomy":"product_brand","embeddable":true,"href":"https:\/\/labin.net\/fr\/wp-json\/wp\/v2\/product_brand?post=37393"},{"taxonomy":"product_cat","embeddable":true,"href":"https:\/\/labin.net\/fr\/wp-json\/wp\/v2\/product_cat?post=37393"},{"taxonomy":"product_tag","embeddable":true,"href":"https:\/\/labin.net\/fr\/wp-json\/wp\/v2\/product_tag?post=37393"}],"curies":[{"name":"wp","href":"https:\/\/api.w.org\/{rel}","templated":true}]}}