{"id":37385,"date":"2025-12-05T11:00:56","date_gmt":"2025-12-05T11:00:56","guid":{"rendered":"https:labin.net\/producto\/labin-maxiroots\/"},"modified":"2025-12-05T11:00:56","modified_gmt":"2025-12-05T11:00:56","slug":"labin-maxiroots","status":"publish","type":"product","link":"https:\/\/labin.net\/fr\/producto\/labin-maxiroots\/","title":{"rendered":"LABIN MAXIROOTS"},"content":{"rendered":"<p><strong>LABIN MAXIROOTS <\/strong>est un produit formul\u00e9 sous forme de concentr\u00e9 <strong>NPK<\/strong> soluble <strong>\u00e0 base d&rsquo;acides humiques et fulviques et de macronutriments<\/strong>, qui stimule le d\u00e9veloppement et la croissance des <strong>poils absorbants des racines<\/strong>. Les mati\u00e8res premi\u00e8res sp\u00e9cialement s\u00e9lectionn\u00e9es renforcent la croissance de la masse racinaire existante et induisent la formation de nouveaux poils absorbants, ce qui permet d&rsquo;<strong>obtenir un syst\u00e8me racinaire sain et vigoureux <\/strong>tout au long du cycle de culture. Dans les plantes \u00e9tablies, nous obtenons une <strong>meilleure r\u00e9ponse \u00e0 la transplantation <\/strong>, en minimisant les effets n\u00e9gatifs du stress post-transplantation.  <\/p>\n<p><strong>Dans les boutures, les bulbes et les greffons <\/strong>, la formation de racines adventives est plus rapide et plus r\u00e9active, et le <strong>taux d&rsquo;\u00e9chec est plus faible<\/strong>.<\/p>\n","protected":false},"excerpt":{"rendered":"<ul>\n<li>Stimulation du d\u00e9veloppement des racines<\/li>\n<li>R\u00e9cup\u00e9ration rapide du stress post-transplantation<\/li>\n<li>Absorption plus rapide de l&rsquo;eau et des nutriments<\/li>\n<li>R\u00e9sistance accrue au stress salin<\/li>\n<\/ul>\n","protected":false},"featured_media":36238,"comment_status":"closed","ping_status":"closed","template":"","meta":{"_acf_changed":false},"cultivo":[440,473,445,474,446,480,447,481,448,482,453,483,454,484,455,490,342,456,491,343,457,492,430,462,493,431,463,436,464,437,470,438,471,439,472],"ecologico":[828],"medioambiente":[843],"solucion":[858,924,949],"tipo-de-aplicacion":[527],"product_brand":[],"product_cat":[974],"product_tag":[],"class_list":{"0":"post-37385","1":"product","2":"type-product","3":"status-publish","4":"has-post-thumbnail","6":"cultivo-citrouille","7":"cultivo-poireau","8":"cultivo-oignon","9":"cultivo-radis","10":"cultivo-col","11":"cultivo-betterave","12":"cultivo-choux-de-bruxelles","13":"cultivo-roquette","14":"cultivo-chou-fleur","15":"cultivo-pasteque","16":"cultivo-endive","17":"cultivo-soja-vert","18":"cultivo-epinards","19":"cultivo-tomate","20":"cultivo-pois","21":"cultivo-carotte","22":"cultivo-horticulture","23":"cultivo-petit-haricot","24":"cultivo-arbres-dornement","25":"cultivo-parcs-et-jardins","26":"cultivo-haricot-vert","27":"cultivo-cespedes","28":"cultivo-bette-a-carde","29":"cultivo-laitue","30":"cultivo-fleurs","31":"cultivo-ail","32":"cultivo-melon","33":"cultivo-aubergine","34":"cultivo-navet","35":"cultivo-patate-douce","36":"cultivo-pommes-de-terre","37":"cultivo-brocoli","38":"cultivo-concombre","39":"cultivo-courgette","40":"cultivo-poivre","41":"ecologico-no","42":"medioambiente-efficacite-de-lutilisation-des-nutriments","43":"solucion-carence-en-p","44":"solucion-floraison-et-nouaison","45":"solucion-enracinant","46":"tipo-de-aplicacion-fertigation","47":"product_cat-correcteur-de-carences","49":"first","50":"instock","51":"shipping-taxable","52":"product-type-simple"},"acf":[],"_links":{"self":[{"href":"https:\/\/labin.net\/fr\/wp-json\/wp\/v2\/product\/37385","targetHints":{"allow":["GET"]}}],"collection":[{"href":"https:\/\/labin.net\/fr\/wp-json\/wp\/v2\/product"}],"about":[{"href":"https:\/\/labin.net\/fr\/wp-json\/wp\/v2\/types\/product"}],"replies":[{"embeddable":true,"href":"https:\/\/labin.net\/fr\/wp-json\/wp\/v2\/comments?post=37385"}],"wp:featuredmedia":[{"embeddable":true,"href":"https:\/\/labin.net\/fr\/wp-json\/wp\/v2\/media\/36238"}],"wp:attachment":[{"href":"https:\/\/labin.net\/fr\/wp-json\/wp\/v2\/media?parent=37385"}],"wp:term":[{"taxonomy":"cultivo","embeddable":true,"href":"https:\/\/labin.net\/fr\/wp-json\/wp\/v2\/cultivo?post=37385"},{"taxonomy":"ecologico","embeddable":true,"href":"https:\/\/labin.net\/fr\/wp-json\/wp\/v2\/ecologico?post=37385"},{"taxonomy":"medioambiente","embeddable":true,"href":"https:\/\/labin.net\/fr\/wp-json\/wp\/v2\/medioambiente?post=37385"},{"taxonomy":"solucion","embeddable":true,"href":"https:\/\/labin.net\/fr\/wp-json\/wp\/v2\/solucion?post=37385"},{"taxonomy":"tipo-de-aplicacion","embeddable":true,"href":"https:\/\/labin.net\/fr\/wp-json\/wp\/v2\/tipo-de-aplicacion?post=37385"},{"taxonomy":"product_brand","embeddable":true,"href":"https:\/\/labin.net\/fr\/wp-json\/wp\/v2\/product_brand?post=37385"},{"taxonomy":"product_cat","embeddable":true,"href":"https:\/\/labin.net\/fr\/wp-json\/wp\/v2\/product_cat?post=37385"},{"taxonomy":"product_tag","embeddable":true,"href":"https:\/\/labin.net\/fr\/wp-json\/wp\/v2\/product_tag?post=37385"}],"curies":[{"name":"wp","href":"https:\/\/api.w.org\/{rel}","templated":true}]}}