{"id":37376,"date":"2025-12-05T11:00:56","date_gmt":"2025-12-05T11:00:56","guid":{"rendered":"https:labin.net\/producto\/labin-r\/"},"modified":"2025-12-05T11:00:56","modified_gmt":"2025-12-05T11:00:56","slug":"labin-r","status":"publish","type":"product","link":"https:\/\/labin.net\/fr\/producto\/labin-r\/","title":{"rendered":"LABIN R+"},"content":{"rendered":"<p>Produit \u00e0 base d&rsquo;acides amin\u00e9s, de polysaccharides, d&rsquo;algues, de macro et de micronutriments, sp\u00e9cialement indiqu\u00e9 pour une application pendant la p\u00e9riode de croissance des racines de tous les types de plantes, mais sp\u00e9cialement indiqu\u00e9 pour les bananiers pendant le processus de tallage.<\/p>\n<p>Le processus de formation des racines est tr\u00e8s sensible \u00e0 la stimulation des vitamines, des polysaccharides \u00e0 faible poids mol\u00e9culaire et de nombreuses autres substances organiques qui font partie de la composition de LABIN R+.<br \/>\nLe contact des racines avec ces substances augmente et acc\u00e9l\u00e8re la formation de nouvelles racines absorbantes, qui se d\u00e9veloppent avec force et une plus grande capacit\u00e9 de r\u00e9sistance aux maladies et aux facteurs d\u00e9favorables.<\/p>\n","protected":false},"excerpt":{"rendered":"<ul>\n<li>Stimulation du d\u00e9veloppement des racines<\/li>\n<li>R\u00e9duire les effets du stress post-transplantation<\/li>\n<li>Augmentation de la croissance v\u00e9g\u00e9tative des plantes transplant\u00e9es<\/li>\n<li>Absorption plus rapide de l&rsquo;eau et des nutriments<\/li>\n<li>Optimisation de la fertilisation v\u00e9g\u00e9tative<\/li>\n<\/ul>\n","protected":false},"featured_media":36190,"comment_status":"closed","ping_status":"closed","template":"","meta":{"_acf_changed":false},"cultivo":[361,390,420,453,483,363,391,421,454,484,364,396,427,455,490,365,397,428,456,491,336,369,398,429,457,492,338,370,399,430,462,493,342,371,404,431,463,518,343,373,405,436,464,519,344,374,406,437,470,524,348,375,408,438,471,525,349,377,409,439,472,526,350,378,410,440,473,354,383,411,445,474,355,384,412,446,480,356,385,418,447,481,360,389,419,448,482],"ecologico":[828],"medioambiente":[843],"solucion":[924,949],"tipo-de-aplicacion":[527],"product_brand":[],"product_cat":[974],"product_tag":[],"class_list":{"0":"post-37376","1":"product","2":"type-product","3":"status-publish","4":"has-post-thumbnail","6":"cultivo-grenade","7":"cultivo-noyer","8":"cultivo-ananas","9":"cultivo-endive","10":"cultivo-soja-vert","11":"cultivo-higuera","12":"cultivo-olivier","13":"cultivo-pitahaya","14":"cultivo-epinards","15":"cultivo-tomate","16":"cultivo-kiwi","17":"cultivo-vigne-ornementale","18":"cultivo-tamarin","19":"cultivo-pois","20":"cultivo-carotte","21":"cultivo-citronnier","22":"cultivo-peral","23":"cultivo-the","24":"cultivo-petit-haricot","25":"cultivo-arbres-dornement","26":"cultivo-arbres-fruitiers","27":"cultivo-avocat","28":"cultivo-pistache","29":"cultivo-manioc","30":"cultivo-haricot-vert","31":"cultivo-cespedes","32":"cultivo-tropical","33":"cultivo-banane-plantain","34":"cultivo-pamplemousse","35":"cultivo-bette-a-carde","36":"cultivo-laitue","37":"cultivo-fleurs","38":"cultivo-horticulture","39":"cultivo-cacao","40":"cultivo-vigne","41":"cultivo-ail","42":"cultivo-melon","43":"cultivo-extensions","44":"cultivo-parcs-et-jardins","45":"cultivo-cafe","46":"cultivo-canne-a-sucre","47":"cultivo-aubergine","48":"cultivo-navet","49":"cultivo-cereales","50":"cultivo-abricot","51":"cultivo-carambole","52":"cultivo-pomme-a-la-creme","53":"cultivo-patate-douce","54":"cultivo-pommes-de-terre","55":"cultivo-fourrages-et-paturages","56":"cultivo-amandier","57":"cultivo-lima","58":"cultivo-coco","59":"cultivo-brocoli","60":"cultivo-concombre","61":"cultivo-legumineuses-extensives","62":"cultivo-noisette","63":"cultivo-mandarino","64":"cultivo-fruits-rouges-baies","65":"cultivo-courgette","66":"cultivo-poivre","67":"cultivo-graines-oleagineuses","68":"cultivo-kaki","69":"cultivo-manzano","70":"cultivo-goyave","71":"cultivo-citrouille","72":"cultivo-poireau","73":"cultivo-marron","74":"cultivo-peche","75":"cultivo-litchi","76":"cultivo-oignon","77":"cultivo-radis","78":"cultivo-cerise","79":"cultivo-membrillero","80":"cultivo-poignee","81":"cultivo-col","82":"cultivo-betterave","83":"cultivo-prune","84":"cultivo-oranger","85":"cultivo-fruit-de-la-passion","86":"cultivo-choux-de-bruxelles","87":"cultivo-roquette","88":"cultivo-clementino","89":"cultivo-nectarine","90":"cultivo-papaye","91":"cultivo-chou-fleur","92":"cultivo-pasteque","93":"ecologico-no","94":"medioambiente-efficacite-de-lutilisation-des-nutriments","95":"solucion-floraison-et-nouaison","96":"solucion-enracinant","97":"tipo-de-aplicacion-fertigation","98":"product_cat-correcteur-de-carences","100":"first","101":"instock","102":"shipping-taxable","103":"product-type-simple"},"acf":[],"_links":{"self":[{"href":"https:\/\/labin.net\/fr\/wp-json\/wp\/v2\/product\/37376","targetHints":{"allow":["GET"]}}],"collection":[{"href":"https:\/\/labin.net\/fr\/wp-json\/wp\/v2\/product"}],"about":[{"href":"https:\/\/labin.net\/fr\/wp-json\/wp\/v2\/types\/product"}],"replies":[{"embeddable":true,"href":"https:\/\/labin.net\/fr\/wp-json\/wp\/v2\/comments?post=37376"}],"wp:featuredmedia":[{"embeddable":true,"href":"https:\/\/labin.net\/fr\/wp-json\/wp\/v2\/media\/36190"}],"wp:attachment":[{"href":"https:\/\/labin.net\/fr\/wp-json\/wp\/v2\/media?parent=37376"}],"wp:term":[{"taxonomy":"cultivo","embeddable":true,"href":"https:\/\/labin.net\/fr\/wp-json\/wp\/v2\/cultivo?post=37376"},{"taxonomy":"ecologico","embeddable":true,"href":"https:\/\/labin.net\/fr\/wp-json\/wp\/v2\/ecologico?post=37376"},{"taxonomy":"medioambiente","embeddable":true,"href":"https:\/\/labin.net\/fr\/wp-json\/wp\/v2\/medioambiente?post=37376"},{"taxonomy":"solucion","embeddable":true,"href":"https:\/\/labin.net\/fr\/wp-json\/wp\/v2\/solucion?post=37376"},{"taxonomy":"tipo-de-aplicacion","embeddable":true,"href":"https:\/\/labin.net\/fr\/wp-json\/wp\/v2\/tipo-de-aplicacion?post=37376"},{"taxonomy":"product_brand","embeddable":true,"href":"https:\/\/labin.net\/fr\/wp-json\/wp\/v2\/product_brand?post=37376"},{"taxonomy":"product_cat","embeddable":true,"href":"https:\/\/labin.net\/fr\/wp-json\/wp\/v2\/product_cat?post=37376"},{"taxonomy":"product_tag","embeddable":true,"href":"https:\/\/labin.net\/fr\/wp-json\/wp\/v2\/product_tag?post=37376"}],"curies":[{"name":"wp","href":"https:\/\/api.w.org\/{rel}","templated":true}]}}