{"id":37373,"date":"2025-12-05T07:40:50","date_gmt":"2025-12-05T07:40:50","guid":{"rendered":"https:labin.net\/producto\/labin-15-5-10\/"},"modified":"2025-12-05T07:40:50","modified_gmt":"2025-12-05T07:40:50","slug":"labin-15-5-10","status":"publish","type":"product","link":"https:\/\/labin.net\/fr\/producto\/labin-15-5-10\/","title":{"rendered":"LABIN 15-5-10"},"content":{"rendered":"<p>LABIN 15-5-10 est un engrais organo-min\u00e9ral granul\u00e9 adapt\u00e9 \u00e0 tous les types de cultures en engrais de fond.<br \/>\nGr\u00e2ce \u00e0 son \u00e9quilibre NPK 3-1-2 et \u00e0 son contenu en MATI\u00c8RE ORGANIQUE, nous parvenons \u00e0 apporter \u00e0 la plante les nutriments n\u00e9cessaires pour amorcer son d\u00e9veloppement, ainsi que ceux qu&rsquo;elle absorbera au fil du temps.<br \/>\nLa mati\u00e8re organique incorpor\u00e9e dans chaque granul\u00e9 est de la LIGNITE HUMIQUE SP\u00c9CIALE qui, combin\u00e9e aux \u00e9l\u00e9ments min\u00e9raux, favorise l&rsquo;assimilation des nutriments, en augmentant l&rsquo;efficacit\u00e9 de la fertilisation et en \u00e9vitant les lavages et les blocages dans le sol. Il s&rsquo;agit d&rsquo;un engrais granul\u00e9 particuli\u00e8rement indiqu\u00e9 pour les sols appauvris, compacts et \u00e0 faible teneur en mati\u00e8re organique. <\/p>\n","protected":false},"excerpt":{"rendered":"<ul>\n<li><b>Granul\u00e9s faciles \u00e0 appliquer<\/b><\/li>\n<li><b>Mati\u00e8re organique stable<\/b><\/li>\n<li><b>Des unit\u00e9s de fertilisation plus efficaces<\/b><\/li>\n<li><b>Am\u00e9liore la fertilit\u00e9 des sols<\/b><\/li>\n<\/ul>\n","protected":false},"featured_media":35599,"comment_status":"open","ping_status":"closed","template":"","meta":{"_acf_changed":false},"cultivo":[348,375,408,438,471,349,377,409,439,472,350,378,410,440,473,354,383,411,445,474,355,384,412,446,480,356,385,418,447,481,360,389,419,448,482,361,390,420,453,483,363,391,421,454,484,364,396,427,455,490,365,397,428,456,491,336,369,398,429,457,492,338,370,399,430,462,493,342,371,404,431,463,343,373,405,436,464,344,374,406,437,470],"ecologico":[828],"medioambiente":[833,843],"solucion":[853,858,863],"tipo-de-aplicacion":[494],"product_brand":[],"product_cat":[983],"product_tag":[],"class_list":{"0":"post-37373","1":"product","2":"type-product","3":"status-publish","4":"has-post-thumbnail","6":"cultivo-amandier","7":"cultivo-lima","8":"cultivo-coco","9":"cultivo-brocoli","10":"cultivo-concombre","11":"cultivo-noisette","12":"cultivo-mandarino","13":"cultivo-fruits-rouges-baies","14":"cultivo-courgette","15":"cultivo-poivre","16":"cultivo-kaki","17":"cultivo-manzano","18":"cultivo-goyave","19":"cultivo-citrouille","20":"cultivo-poireau","21":"cultivo-marron","22":"cultivo-peche","23":"cultivo-litchi","24":"cultivo-oignon","25":"cultivo-radis","26":"cultivo-cerise","27":"cultivo-membrillero","28":"cultivo-poignee","29":"cultivo-col","30":"cultivo-betterave","31":"cultivo-prune","32":"cultivo-oranger","33":"cultivo-fruit-de-la-passion","34":"cultivo-choux-de-bruxelles","35":"cultivo-roquette","36":"cultivo-clementino","37":"cultivo-nectarine","38":"cultivo-papaye","39":"cultivo-chou-fleur","40":"cultivo-pasteque","41":"cultivo-grenade","42":"cultivo-noyer","43":"cultivo-ananas","44":"cultivo-endive","45":"cultivo-soja-vert","46":"cultivo-higuera","47":"cultivo-olivier","48":"cultivo-pitahaya","49":"cultivo-epinards","50":"cultivo-tomate","51":"cultivo-kiwi","52":"cultivo-vigne-ornementale","53":"cultivo-tamarin","54":"cultivo-pois","55":"cultivo-carotte","56":"cultivo-citronnier","57":"cultivo-peral","58":"cultivo-the","59":"cultivo-petit-haricot","60":"cultivo-arbres-dornement","61":"cultivo-arbres-fruitiers","62":"cultivo-avocat","63":"cultivo-pistache","64":"cultivo-manioc","65":"cultivo-haricot-vert","66":"cultivo-cespedes","67":"cultivo-tropical","68":"cultivo-banane-plantain","69":"cultivo-pamplemousse","70":"cultivo-bette-a-carde","71":"cultivo-laitue","72":"cultivo-fleurs","73":"cultivo-horticulture","74":"cultivo-cacao","75":"cultivo-vigne","76":"cultivo-ail","77":"cultivo-melon","78":"cultivo-parcs-et-jardins","79":"cultivo-cafe","80":"cultivo-canne-a-sucre","81":"cultivo-aubergine","82":"cultivo-navet","83":"cultivo-abricot","84":"cultivo-carambole","85":"cultivo-pomme-a-la-creme","86":"cultivo-patate-douce","87":"cultivo-pommes-de-terre","88":"ecologico-no","89":"medioambiente-reduction-de-lempreinte-carbone","90":"medioambiente-efficacite-de-lutilisation-des-nutriments","91":"solucion-carence-en-n","92":"solucion-carence-en-p","93":"solucion-carence-en-k","94":"tipo-de-aplicacion-epandage-sur-le-sol","95":"product_cat-engrais-granules-et-microgranules","97":"first","98":"instock","99":"shipping-taxable","100":"product-type-simple"},"acf":[],"_links":{"self":[{"href":"https:\/\/labin.net\/fr\/wp-json\/wp\/v2\/product\/37373","targetHints":{"allow":["GET"]}}],"collection":[{"href":"https:\/\/labin.net\/fr\/wp-json\/wp\/v2\/product"}],"about":[{"href":"https:\/\/labin.net\/fr\/wp-json\/wp\/v2\/types\/product"}],"replies":[{"embeddable":true,"href":"https:\/\/labin.net\/fr\/wp-json\/wp\/v2\/comments?post=37373"}],"wp:featuredmedia":[{"embeddable":true,"href":"https:\/\/labin.net\/fr\/wp-json\/wp\/v2\/media\/35599"}],"wp:attachment":[{"href":"https:\/\/labin.net\/fr\/wp-json\/wp\/v2\/media?parent=37373"}],"wp:term":[{"taxonomy":"cultivo","embeddable":true,"href":"https:\/\/labin.net\/fr\/wp-json\/wp\/v2\/cultivo?post=37373"},{"taxonomy":"ecologico","embeddable":true,"href":"https:\/\/labin.net\/fr\/wp-json\/wp\/v2\/ecologico?post=37373"},{"taxonomy":"medioambiente","embeddable":true,"href":"https:\/\/labin.net\/fr\/wp-json\/wp\/v2\/medioambiente?post=37373"},{"taxonomy":"solucion","embeddable":true,"href":"https:\/\/labin.net\/fr\/wp-json\/wp\/v2\/solucion?post=37373"},{"taxonomy":"tipo-de-aplicacion","embeddable":true,"href":"https:\/\/labin.net\/fr\/wp-json\/wp\/v2\/tipo-de-aplicacion?post=37373"},{"taxonomy":"product_brand","embeddable":true,"href":"https:\/\/labin.net\/fr\/wp-json\/wp\/v2\/product_brand?post=37373"},{"taxonomy":"product_cat","embeddable":true,"href":"https:\/\/labin.net\/fr\/wp-json\/wp\/v2\/product_cat?post=37373"},{"taxonomy":"product_tag","embeddable":true,"href":"https:\/\/labin.net\/fr\/wp-json\/wp\/v2\/product_tag?post=37373"}],"curies":[{"name":"wp","href":"https:\/\/api.w.org\/{rel}","templated":true}]}}