{"id":38176,"date":"2026-01-20T07:56:19","date_gmt":"2026-01-20T07:56:19","guid":{"rendered":"https:labin.net\/politique-en-matiere-de-medias-sociaux\/"},"modified":"2026-01-22T08:14:30","modified_gmt":"2026-01-22T08:14:30","slug":"politique-en-matiere-de-medias-sociaux","status":"publish","type":"page","link":"https:\/\/labin.net\/fr\/politique-en-matiere-de-medias-sociaux\/","title":{"rendered":"Politique en mati\u00e8re de m\u00e9dias sociaux"},"content":{"rendered":"\t\t<div data-elementor-type=\"wp-page\" data-elementor-id=\"38176\" class=\"elementor elementor-38176 elementor-38102\" data-elementor-post-type=\"page\">\n\t\t\t\t<div class=\"elementor-element elementor-element-24c4057 e-flex e-con-boxed kitify-col-width-auto-no ignore-docs-style-no kitify-disable-relative-no e-root-container elementor-top-section e-con e-parent\" data-id=\"24c4057\" data-element_type=\"container\">\n\t\t\t\t\t<div class=\"e-con-inner\">\n\t\t\t\t<div class=\"elementor-element elementor-element-ccccce9 elementor-invisible kitify-has-entrance-animation elementor-widget elementor-widget-heading\" data-id=\"ccccce9\" data-element_type=\"widget\" data-settings=\"{&quot;_animation&quot;:&quot;kitifyShortFadeInUp&quot;}\" data-widget_type=\"heading.default\">\n\t\t\t\t<div class=\"elementor-widget-container\">\n\t\t\t\t\t<h2 class=\"elementor-heading-title elementor-size-default\">Politique en mati\u00e8re de m\u00e9dias sociaux<\/h2>\t\t\t\t<\/div>\n\t\t\t\t<\/div>\n\t\t\t\t\t<\/div>\n\t\t\t\t<\/div>\n\t\t<div class=\"elementor-element elementor-element-8c3a5aa e-flex e-con-boxed kitify-col-width-auto-no ignore-docs-style-no kitify-disable-relative-no e-root-container elementor-top-section e-con e-parent\" data-id=\"8c3a5aa\" data-element_type=\"container\">\n\t\t\t\t\t<div class=\"e-con-inner\">\n\t\t<div class=\"elementor-element elementor-element-2ed0096 e-con-full e-flex kitify-col-width-auto-no ignore-docs-style-no kitify-disable-relative-no e-con e-child\" data-id=\"2ed0096\" data-element_type=\"container\">\n\t\t\t\t<div class=\"elementor-element elementor-element-10c3a28 elementor-widget elementor-widget-text-editor\" data-id=\"10c3a28\" data-element_type=\"widget\" data-widget_type=\"text-editor.default\">\n\t\t\t\t<div class=\"elementor-widget-container\">\n\t\t\t\t\t\t\t\t\t<p><strong>1. des informations sur le responsable du traitement des donn\u00e9es stock\u00e9es sur la page officielle de PRODUCTOS AGR\u00cdCOLAS MACASA, SL, sur le r\u00e9seau social<\/strong><\/p><p>Conform\u00e9ment au devoir d&rsquo;information \u00e9tabli dans le r\u00e8glement (UE) 2016\/679 du 27 avril (GDPR) et la loi organique 3\/2018, du 5 d\u00e9cembre (LOPDGDD) <strong>PRODUCTOS AGR\u00cdCOLAS MACASA, SL,<\/strong> ci-apr\u00e8s le contr\u00f4leur souhaite informer les utilisateurs de ce r\u00e9seau social de la politique concernant le traitement et la protection des donn\u00e9es personnelles des personnes qui acc\u00e8dent et utilisent volontairement la page officielle du<strong> RESPONSABLE,<\/strong> dans le m\u00eame. En acc\u00e9dant et en utilisant cette page officielle du<strong> RESPONSABLE, les<\/strong> utilisateurs acceptent express\u00e9ment cette politique de confidentialit\u00e9 et consentent au traitement de leurs donn\u00e9es personnelles conform\u00e9ment aux dispositions de celle-ci. <\/p><p><strong>2. Donn\u00e9es relatives aux mineurs ou aux personnes frapp\u00e9es d&rsquo;incapacit\u00e9<\/strong><\/p><p>L&rsquo;acc\u00e8s et l&rsquo;enregistrement dans ce r\u00e9seau social est interdit aux mineurs de moins de quatorze (14) ans, de sorte que l&rsquo;acc\u00e8s et l&rsquo;utilisation par les mineurs de moins de quatorze (14) ans \u00e0 la page officielle du<strong> RESPONSABLE,<\/strong> de la m\u00eame mani\u00e8re, est \u00e9galement interdite. De son c\u00f4t\u00e9, si l&rsquo;utilisateur est incapable, le <strong>RESPONSABLE<\/strong> avertit que l&rsquo;assistance consentie du titulaire de l&rsquo;autorit\u00e9 parentale ou de la tutelle de l&rsquo;utilisateur ou de son repr\u00e9sentant l\u00e9gal sera requise pour l&rsquo;acc\u00e8s et l&rsquo;utilisation de ce site officiel du <strong>RESPONSABLE,<\/strong> et ce dernier sera express\u00e9ment exon\u00e9r\u00e9 de toute responsabilit\u00e9 pouvant d\u00e9couler de l&rsquo;utilisation de son site officiel par des mineurs et des personnes incapables, cette responsabilit\u00e9 incombant dans chaque cas \u00e0 leurs repr\u00e9sentants l\u00e9gaux.  <\/p><p><strong>3. Identification du nom du contr\u00f4leur<\/strong><\/p><p>L&rsquo;utilisateur est inform\u00e9 que le <strong>RESPONSABLE,<\/strong> dont le si\u00e8ge social est situ\u00e9 \u00e0 <strong>C\/ Alemanya, 10 - 08700 IGUALADA (Barcelone)<\/strong>, est responsable des fichiers et du traitement par lesquels les donn\u00e9es personnelles de l&rsquo;utilisateur sont collect\u00e9es et stock\u00e9es \u00e0 la suite de l&rsquo;enregistrement et de l&rsquo;utilisation de la page officielle du<strong> RESPONSABLE<\/strong> sur ce r\u00e9seau social, sans pr\u00e9judice du traitement dont est responsable le propri\u00e9taire du r\u00e9seau social sur lequel se trouve notre page officielle.<\/p><p><strong>4. Finalit\u00e9s de l&rsquo;utilisation des donn\u00e9es \u00e0 caract\u00e8re personnel, information et consentement<\/strong><\/p><p>Les donn\u00e9es personnelles fournies volontairement par l&rsquo;utilisateur au <strong>RESPONSABLE,<\/strong> \u00e0 travers son site web officiel, feront partie d&rsquo;un traitement de donn\u00e9es sous la responsabilit\u00e9 du <strong>RESPONSABLE,<\/strong> dans le but d&rsquo;offrir des informations du <strong>RESPONSABLE,<\/strong> par e-mail, fax, SMS, MMS, communaut\u00e9s sociales ou tout autre moyen \u00e9lectronique ou physique, pr\u00e9sent ou futur, permettant la communication commerciale, l&rsquo;envoi de newsletters aux utilisateurs qui s&rsquo;y inscrivent, l&rsquo;\u00e9change d&rsquo;informations avec le <strong>RESPONSABLE,<\/strong> et d&rsquo;autres utilisateurs et l&rsquo;\u00e9tablissement d&rsquo;une communication avec des tiers.<\/p><p>\u00c0 partir du moment o\u00f9 l&rsquo;utilisateur utilise ce site web officiel, il donne son consentement libre, sans \u00e9quivoque, sp\u00e9cifique, inform\u00e9 et expr\u00e8s au traitement de ses donn\u00e9es personnelles par le <strong>RESPONSABLE, en<\/strong> vue de la fourniture correcte desdits services conform\u00e9ment aux dispositions de la pr\u00e9sente politique.<\/p><p>L&rsquo;utilisateur est libre d&rsquo;utiliser la page officielle du <strong>RESPONSABLE<\/strong> dans ce r\u00e9seau social. Si l&rsquo;utilisateur n&rsquo;est pas d&rsquo;accord avec le traitement de ses donn\u00e9es \u00e0 ces fins, il ne doit pas l&rsquo;utiliser ni fournir ses donn\u00e9es personnelles.<\/p><p>Sur cette page officielle du <strong>RESPONSABLE,<\/strong> l&rsquo;utilisateur peut partager des textes, des photos, des vid\u00e9os et d&rsquo;autres types d&rsquo;informations et\/ou de contenus qui seront soumis \u00e0 la fois \u00e0 la pr\u00e9sente politique et aux r\u00e8gles et conditions de la plateforme. L&rsquo;utilisateur est tenu de s&rsquo;assurer que tout le contenu qu&rsquo;il publie est conforme \u00e0 la l\u00e9gislation en vigueur, \u00e0 la pr\u00e9sente politique et aux r\u00e8gles de la plateforme. <\/p><p>L&rsquo;utilisateur ne peut publier sur le site officiel du <strong>RESPONSABLE<\/strong> que <strong>des<\/strong> donn\u00e9es personnelles, des photographies et des informations ou d&rsquo;autres contenus dont la propri\u00e9t\u00e9 lui appartient ou pour lesquels il a l&rsquo;autorisation de tiers.<\/p><p>Le <strong>RESPONSABLE<\/strong> a le droit de retirer de ce site officiel - unilat\u00e9ralement et sans communication ou autorisation pr\u00e9alable de l&rsquo;utilisateur - tout contenu publi\u00e9 par l&rsquo;utilisateur lorsque celui-ci enfreint ou viole la l\u00e9gislation en vigueur, les r\u00e8gles \u00e9nonc\u00e9es dans la pr\u00e9sente politique et les r\u00e8gles de la plate-forme.<\/p><p><strong>5. Identification des destinataires auxquels le responsable a l&rsquo;intention de transf\u00e9rer ou de communiquer des donn\u00e9es<\/strong><\/p><p>L&rsquo;utilisateur est averti que toutes les informations et tous les contenus publi\u00e9s sur la page officielle du <strong>RESPONSABLE<\/strong> sur le r\u00e9seau social peuvent \u00eatre connus par d&rsquo;autres utilisateurs de la page officielle et de la plateforme du r\u00e9seau social. Par cons\u00e9quent, toutes les informations et tous les contenus publi\u00e9s par l&rsquo;utilisateur sur la page officielle du <strong>RESPONSABLE<\/strong> sur ce r\u00e9seau social seront communiqu\u00e9s au reste des utilisateurs en raison de la nature du service. <\/p><p>Le <strong>RESPONSABLE<\/strong> n&rsquo;entend effectuer que les transferts ou communications de donn\u00e9es qui, conform\u00e9ment \u00e0 la r\u00e9glementation en vigueur, doivent \u00eatre faits aux juges, tribunaux, administrations publiques et autorit\u00e9s comp\u00e9tentes \u00e0 caract\u00e8re administratif.<\/p><p><strong>6. Autres prestataires de services tiers<\/strong><\/p><p>Le <strong>RESPONSABLE<\/strong> avertit l&rsquo;utilisateur que cette entit\u00e9 est uniquement responsable et garantit la confidentialit\u00e9, la s\u00e9curit\u00e9 et le traitement des donn\u00e9es conform\u00e9ment \u00e0 la pr\u00e9sente politique, en ce qui concerne les donn\u00e9es personnelles collect\u00e9es aupr\u00e8s de l&rsquo;utilisateur par le biais de cette page officielle sur ce r\u00e9seau social, il n&rsquo;a aucune responsabilit\u00e9 quant au traitement et \u00e0 l&rsquo;utilisation ult\u00e9rieure des donn\u00e9es personnelles qui peuvent \u00eatre effectu\u00e9s tant par le propri\u00e9taire du r\u00e9seau social que par des tiers fournisseurs de services de la soci\u00e9t\u00e9 de l&rsquo;information qui peuvent acc\u00e9der \u00e0 ces donn\u00e9es dans le cadre de la prestation de leurs services ou de l&rsquo;exercice de leur activit\u00e9, des tiers qui \u00e9tablissent des hyperliens vers le r\u00e9seau social, ou des responsables auxquels, par le biais d&rsquo;hyperliens, le <strong>RESPONSABLE<\/strong> renvoie les utilisateurs qui sont membres de cette page officielle.  <\/p><p><strong>7. Qualit\u00e9 des donn\u00e9es<\/strong><\/p><p>Le <strong>RESPONSABLE,<\/strong> avertit l&rsquo;utilisateur que, sauf existence d&rsquo;une repr\u00e9sentation l\u00e9galement constitu\u00e9e, aucun utilisateur ne peut utiliser l&rsquo;identit\u00e9 d&rsquo;une autre personne et communiquer ses donn\u00e9es personnelles,<\/p><p>Par cons\u00e9quent, l&rsquo;utilisateur doit toujours garder \u00e0 l&rsquo;esprit qu&rsquo;il ne peut fournir que des donn\u00e9es personnelles correspondant \u00e0 sa propre identit\u00e9 et qui sont ad\u00e9quates, pertinentes, actuelles, exactes et v\u00e9ridiques. Dans tous les cas, l&rsquo;utilisateur doit respecter la vie priv\u00e9e des tiers, qu&rsquo;ils soient ou non utilisateurs du r\u00e9seau social ou de la page officielle de <strong>RESPONSABILIT\u00c9<\/strong> sur celui-ci. <\/p><p><strong>8<\/strong>. <strong>Droits de la partie int\u00e9ress\u00e9e :<\/strong><\/p><ul><li>Droit de retirer son consentement \u00e0 tout moment.<\/li><li>Le droit d&rsquo;acc\u00e8s, de rectification, de portabilit\u00e9 et d&rsquo;effacement de vos donn\u00e9es et le droit de limiter ou de s&rsquo;opposer \u00e0 leur traitement.<\/li><li>Le droit d&rsquo;introduire une r\u00e9clamation aupr\u00e8s de l&rsquo;autorit\u00e9 de contr\u00f4le (www.aepd.es.) si vous estimez que le traitement n&rsquo;est pas conforme \u00e0 la r\u00e9glementation en vigueur.  <\/li><\/ul><p><strong>9. Autres informations pertinentes<\/strong><\/p><p>Le <strong>RESPONSABLE<\/strong> peut modifier et\/ou remplacer cette politique \u00e0 tout moment, ce qui, selon le cas, remplacera, compl\u00e9tera et\/ou modifiera la politique actuellement publi\u00e9e ici. Par cons\u00e9quent, l&rsquo;utilisateur doit y acc\u00e9der p\u00e9riodiquement afin de se tenir \u00e0 jour.   <\/p><p>L&rsquo;utilisateur peut contacter le <strong>RESPONSABLE,<\/strong> par le biais de la messagerie interne du r\u00e9seau social ou aux adresses et coordonn\u00e9es suivantes :<\/p><p><strong>PRODUCTOS AGR\u00cdCOLAS MACASA, SL<\/strong><\/p><p>C\/ Alemanya, 10 - 08700 IGUALADA (Barcelona)<\/p><p>administracio@macasa.es<\/p><p>L&rsquo;utilisateur peut \u00e9galement consulter les r\u00e8gles et politiques publi\u00e9es par le propri\u00e9taire du r\u00e9seau social pour l&rsquo;utilisation de celui-ci.<\/p>\t\t\t\t\t\t\t\t<\/div>\n\t\t\t\t<\/div>\n\t\t\t\t<\/div>\n\t\t\t\t\t<\/div>\n\t\t\t\t<\/div>\n\t\t\t\t<\/div>\n\t\t","protected":false},"excerpt":{"rendered":"<p>Politique en mati\u00e8re de m\u00e9dias sociaux 1. des informations sur le responsable du traitement des donn\u00e9es stock\u00e9es sur la page officielle de PRODUCTOS AGR\u00cdCOLAS MACASA, SL, sur le r\u00e9seau social Conform\u00e9ment au devoir d&rsquo;information \u00e9tabli dans le r\u00e8glement (UE) 2016\/679 du 27 avril (GDPR) et la loi organique 3\/2018, du 5 d\u00e9cembre (LOPDGDD) PRODUCTOS AGR\u00cdCOLAS MACASA, SL, ci-apr\u00e8s le contr\u00f4leur\u2026<\/p>\n","protected":false},"author":1,"featured_media":0,"parent":0,"menu_order":0,"comment_status":"closed","ping_status":"closed","template":"","meta":{"_acf_changed":false,"footnotes":""},"class_list":["post-38176","page","type-page","status-publish","hentry"],"acf":[],"_links":{"self":[{"href":"https:\/\/labin.net\/fr\/wp-json\/wp\/v2\/pages\/38176","targetHints":{"allow":["GET"]}}],"collection":[{"href":"https:\/\/labin.net\/fr\/wp-json\/wp\/v2\/pages"}],"about":[{"href":"https:\/\/labin.net\/fr\/wp-json\/wp\/v2\/types\/page"}],"author":[{"embeddable":true,"href":"https:\/\/labin.net\/fr\/wp-json\/wp\/v2\/users\/1"}],"replies":[{"embeddable":true,"href":"https:\/\/labin.net\/fr\/wp-json\/wp\/v2\/comments?post=38176"}],"version-history":[{"count":1,"href":"https:\/\/labin.net\/fr\/wp-json\/wp\/v2\/pages\/38176\/revisions"}],"predecessor-version":[{"id":38177,"href":"https:\/\/labin.net\/fr\/wp-json\/wp\/v2\/pages\/38176\/revisions\/38177"}],"wp:attachment":[{"href":"https:\/\/labin.net\/fr\/wp-json\/wp\/v2\/media?parent=38176"}],"curies":[{"name":"wp","href":"https:\/\/api.w.org\/{rel}","templated":true}]}}