{"id":38167,"date":"2026-01-20T07:56:48","date_gmt":"2026-01-20T07:56:48","guid":{"rendered":"https:labin.net\/politique-de-confidentialite-sur-le-web\/"},"modified":"2026-01-22T08:14:28","modified_gmt":"2026-01-22T08:14:28","slug":"politique-de-confidentialite-sur-le-web","status":"publish","type":"page","link":"https:\/\/labin.net\/fr\/politique-de-confidentialite-sur-le-web\/","title":{"rendered":"Politique de confidentialit\u00e9 sur le web"},"content":{"rendered":"\t\t<div data-elementor-type=\"wp-page\" data-elementor-id=\"38167\" class=\"elementor elementor-38167 elementor-38104\" data-elementor-post-type=\"page\">\n\t\t\t\t<div class=\"elementor-element elementor-element-24c4057 e-flex e-con-boxed kitify-col-width-auto-no ignore-docs-style-no kitify-disable-relative-no e-root-container elementor-top-section e-con e-parent\" data-id=\"24c4057\" data-element_type=\"container\">\n\t\t\t\t\t<div class=\"e-con-inner\">\n\t\t\t\t<div class=\"elementor-element elementor-element-ccccce9 elementor-invisible kitify-has-entrance-animation elementor-widget elementor-widget-heading\" data-id=\"ccccce9\" data-element_type=\"widget\" data-settings=\"{&quot;_animation&quot;:&quot;kitifyShortFadeInUp&quot;}\" data-widget_type=\"heading.default\">\n\t\t\t\t<div class=\"elementor-widget-container\">\n\t\t\t\t\t<h2 class=\"elementor-heading-title elementor-size-default\">Politique de confidentialit\u00e9 sur le web<\/h2>\t\t\t\t<\/div>\n\t\t\t\t<\/div>\n\t\t\t\t\t<\/div>\n\t\t\t\t<\/div>\n\t\t<div class=\"elementor-element elementor-element-8c3a5aa e-flex e-con-boxed kitify-col-width-auto-no ignore-docs-style-no kitify-disable-relative-no e-root-container elementor-top-section e-con e-parent\" data-id=\"8c3a5aa\" data-element_type=\"container\">\n\t\t\t\t\t<div class=\"e-con-inner\">\n\t\t<div class=\"elementor-element elementor-element-2ed0096 e-con-full e-flex kitify-col-width-auto-no ignore-docs-style-no kitify-disable-relative-no e-con e-child\" data-id=\"2ed0096\" data-element_type=\"container\">\n\t\t\t\t<div class=\"elementor-element elementor-element-10c3a28 elementor-widget elementor-widget-text-editor\" data-id=\"10c3a28\" data-element_type=\"widget\" data-widget_type=\"text-editor.default\">\n\t\t\t\t<div class=\"elementor-widget-container\">\n\t\t\t\t\t\t\t\t\t<p><strong>Contr\u00f4leur des donn\u00e9es<\/strong><\/p><p>La soci\u00e9t\u00e9 responsable du traitement de vos donn\u00e9es dans le cadre de la pr\u00e9sente politique de confidentialit\u00e9 est :<\/p><p>LABIN PRODUCTS, SL<\/p><p>NUM\u00c9RO DE TVA : B60016219  <\/p><p>Adresse : C\/ Alemanya, 10 - 08700 IGUALADA (Barcelona)<\/p><p>Adresse \u00e9lectronique : administracio@macasa.es<\/p><p>Web : www.labin.net www.macasajardin.com www.labin-nutrition.fr<\/p><p>T\u00e9l\u00e9phone : 938031966<\/p><p>Inscrit au Registre du Commerce de Barcelone, Folio 51, Volume 21987, Page B-30538, 1\u00e8re Inscription.<\/p><p>Chez PRODUCTOS LABIN, SL, nous reconnaissons l&rsquo;importance de la protection de vos informations personnelles et nous nous engageons \u00e0 les traiter de mani\u00e8re responsable et conform\u00e9ment aux lois sur la protection des donn\u00e9es.<\/p><p>Cette politique de confidentialit\u00e9 vise \u00e0 r\u00e9glementer tous les aspects relatifs au traitement des donn\u00e9es des diff\u00e9rents utilisateurs qui naviguent ou fournissent leurs donn\u00e9es personnelles par le biais des diff\u00e9rents formulaires situ\u00e9s sur le site web.<\/p><p><strong>Donn\u00e9es personnelles<\/strong><\/p><p>Les donn\u00e9es personnelles sont des informations qui vous identifient ou vous rendent identifiables. Par le biais du site web, dans les cases pr\u00e9vues \u00e0 cet effet, nous collectons les donn\u00e9es personnelles que l&rsquo;utilisateur nous communique : nom, pr\u00e9nom, adresse \u00e9lectronique, num\u00e9ro de t\u00e9l\u00e9phone, adresse postale, ville, etc. <\/p><p>La visite de l&rsquo;utilisateur sur le site n&rsquo;implique pas qu&rsquo;il doive fournir des informations sur ses donn\u00e9es personnelles. Cependant, dans le cas o\u00f9 il les fournirait, les donn\u00e9es seront trait\u00e9es de mani\u00e8re licite sous r\u00e9serve, \u00e0 tout moment, des principes et des droits \u00e9nonc\u00e9s dans le RGPD 2016\/679 du 27 avril 2016 et la LOPDGDD 3\/2018 du 5 d\u00e9cembre. <\/p><p><strong>Finalit\u00e9, dur\u00e9e et l\u00e9gitimit\u00e9 du traitement<\/strong>:<\/p><p>Les donn\u00e9es fournies par l&rsquo;utilisateur seront trait\u00e9es par nos soins aux fins suivantes :<\/p><ul><li>Traiter la demande ou la requ\u00eate formul\u00e9e par l&rsquo;utilisateur par le biais du <strong>formulaire de contact <\/strong>situ\u00e9 sur le site web. Nous collectons et traitons les donn\u00e9es personnelles de l&rsquo;utilisateur afin de traiter et de g\u00e9rer sa demande, son interrogation ou toute demande faite par le biais de ce formulaire. Nous conserverons ces donn\u00e9es pendant le temps n\u00e9cessaire pour r\u00e9pondre \u00e0 votre demande et pendant le temps pr\u00e9vu par la loi, avec une dur\u00e9e minimale de 3 ans.  <\/li><\/ul><p>La base de l\u00e9gitimit\u00e9 du traitement des donn\u00e9es sera le consentement donn\u00e9 par l&rsquo;utilisateur en cochant la case d&rsquo;acceptation de notre politique de confidentialit\u00e9 avant d&rsquo;envoyer la demande. L&rsquo;utilisateur a le droit de r\u00e9voquer son consentement \u00e0 tout moment sans que cela n&rsquo;affecte la l\u00e9galit\u00e9 du traitement fond\u00e9 sur le consentement avant son retrait. <\/p><ul><li>Envoyer des <strong>bulletins et des lettres d&rsquo;information<\/strong> sur les produits de PRODUCTOS LABIN, SL. Avec le consentement de l&rsquo;utilisateur, nous collectons et traitons ses donn\u00e9es personnelles afin de lui envoyer des informations sur nos produits et services. Nous conserverons ces donn\u00e9es tant que l&rsquo;utilisateur ne r\u00e9voquera pas son consentement au traitement de celles-ci et pendant la dur\u00e9e \u00e9tablie par la loi, avec un minimum de 3 ans. <\/li><\/ul><p>La base de l\u00e9gitimit\u00e9 du traitement des donn\u00e9es sera le consentement donn\u00e9 par l&rsquo;utilisateur lorsqu&rsquo;il s\u00e9lectionne la case d&rsquo;acceptation de notre politique de confidentialit\u00e9 avant de s&rsquo;abonner \u00e0 la lettre d&rsquo;information dans le formulaire pr\u00e9vu \u00e0 cet effet sur le site web. L&rsquo;utilisateur a le droit de r\u00e9voquer son consentement \u00e0 tout moment sans que cela n&rsquo;affecte la l\u00e9galit\u00e9 du traitement fond\u00e9 sur le consentement avant son retrait. <\/p><ul><li>S&rsquo;inscrire en tant qu'\u00a0\u00bbutilisateur enregistr\u00e9\u00a0\u00bb par le biais <strong>du formulaire d&rsquo;inscription<\/strong> situ\u00e9 sur le site web, ce qui permettra \u00e0 l&rsquo;utilisateur d&rsquo;acc\u00e9der \u00e0 son espace de service priv\u00e9 et de l&rsquo;informer de nos activit\u00e9s, et pourra lui envoyer des communications commerciales par tout moyen \u00e9lectronique concernant les nouveaux d\u00e9veloppements de nos services. Nous conserverons ces donn\u00e9es tant que l&rsquo;utilisateur ne demandera pas sa d\u00e9sinscription et pendant la dur\u00e9e pr\u00e9vue par la loi, avec une dur\u00e9e minimale de 3 ans. <\/li><\/ul><p>La base de l\u00e9gitimit\u00e9 du traitement des donn\u00e9es sera le consentement donn\u00e9 par l&rsquo;utilisateur lorsqu&rsquo;il s&rsquo;inscrit au moyen du formulaire d&rsquo;inscription et qu&rsquo;il s\u00e9lectionne la case d&rsquo;acceptation de notre politique de confidentialit\u00e9 avant de soumettre sa demande. L&rsquo;utilisateur a le droit de r\u00e9voquer son consentement \u00e0 tout moment sans que cela n&rsquo;affecte la l\u00e9galit\u00e9 du traitement fond\u00e9 sur le consentement avant son retrait. <\/p><ul><li>G\u00e9rer les <strong>exp\u00e9riences ou les opinions<\/strong> concernant les produits et\/ou les services au moyen de t\u00e9moignages d&rsquo;utilisateurs qui seront publi\u00e9s sur le site web et pourront ainsi aider d&rsquo;autres utilisateurs. Les donn\u00e9es personnelles qui seront publi\u00e9es dans les t\u00e9moignages seront le nom, le pr\u00e9nom et la ville de l&rsquo;utilisateur. Nous conserverons les donn\u00e9es fournies tant que l&rsquo;utilisateur n&rsquo;en demandera pas la r\u00e9vocation et pour la dur\u00e9e pr\u00e9vue par la loi, avec un minimum de 3 ans.  <\/li><\/ul><p>La base de l\u00e9gitimit\u00e9 du traitement des donn\u00e9es sera le consentement donn\u00e9 par l&rsquo;utilisateur lorsqu&rsquo;il s&rsquo;inscrit au moyen du formulaire pr\u00e9vu \u00e0 cet effet sur le site web et qu&rsquo;il s\u00e9lectionne la case d&rsquo;acceptation de notre politique de confidentialit\u00e9 avant d&rsquo;envoyer sa demande.<\/p><ul><li>Am\u00e9liorer votre exp\u00e9rience de navigation sur le site web. Nous conserverons ces donn\u00e9es tant que l&rsquo;utilisateur ne r\u00e9voquera pas son consentement au traitement de ces donn\u00e9es en supprimant les cookies et pendant la dur\u00e9e pr\u00e9vue par la loi, avec un minimum de 3 ans. <\/li><\/ul><p>La base l\u00e9gitime de l&rsquo;am\u00e9lioration de votre exp\u00e9rience de navigation sur le site web est le consentement donn\u00e9 par l&rsquo;utilisateur lorsqu&rsquo;il accepte les cookies. L&rsquo;utilisateur a le droit de r\u00e9voquer son consentement \u00e0 tout moment sans que cela n&rsquo;affecte la l\u00e9galit\u00e9 du traitement fond\u00e9 sur le consentement avant son retrait. <\/p><ul><li>G\u00e9rer nos <strong>r\u00e9seaux sociaux<\/strong> et vous envoyer des informations sur nos activit\u00e9s et nos produits. Nous conserverons ces donn\u00e9es tant que l&rsquo;utilisateur ne r\u00e9voque pas son consentement au traitement de celles-ci et pour la dur\u00e9e \u00e9tablie par la loi avec une dur\u00e9e minimale de 3 ans. <\/li><\/ul><p>La base l\u00e9gitime pour g\u00e9rer nos r\u00e9seaux sociaux et vous envoyer nos activit\u00e9s et actualit\u00e9s est le consentement que vous nous donnez pour le faire. Vous avez le droit de r\u00e9voquer votre consentement \u00e0 tout moment sans affecter la l\u00e9galit\u00e9 du traitement fond\u00e9 sur le consentement avant son retrait. <\/p><p><strong>Transfert ou communication de donn\u00e9es \u00e0 caract\u00e8re personnel et transferts internationaux :<\/strong><\/p><p>Vos donn\u00e9es ne seront pas communiqu\u00e9es ou divulgu\u00e9es \u00e0 des tiers, sauf en cas d&rsquo;obligation l\u00e9gale ou de fournisseurs li\u00e9s au contr\u00f4leur agissant en tant que processeurs de donn\u00e9es.<\/p><p>Aucun transfert international n&rsquo;est effectu\u00e9, mais dans le cas o\u00f9 ils le seraient, vous en serez inform\u00e9 afin d&rsquo;obtenir votre consentement.<\/p><p><strong>Mise \u00e0 jour des donn\u00e9es<\/strong><\/p><p>Il est important pour nous de maintenir les donn\u00e9es personnelles \u00e0 jour et que l&rsquo;utilisateur nous informe de tout changement, faute de quoi nous ne sommes pas responsables de la v\u00e9racit\u00e9 des donn\u00e9es.<\/p><p>L&rsquo;utilisateur garantit que les donn\u00e9es personnelles fournies sont v\u00e9ridiques, que toutes les informations fournies correspondent \u00e0 la situation r\u00e9elle, qu&rsquo;elles sont \u00e0 jour et exactes, et qu&rsquo;il est tenu de communiquer toute modification.<\/p><p><strong>Donn\u00e9es de tiers<\/strong><\/p><p>Si l&rsquo;utilisateur fournit \u00e0 PRODUCTOS LABIN, SL des donn\u00e9es de tiers \u00e0 quelque fin que ce soit, il garantit qu&rsquo;il a obtenu ces donn\u00e9es de mani\u00e8re licite, qu&rsquo;il a pr\u00e9alablement inform\u00e9 les parties concern\u00e9es, en obtenant leur consentement pour les communiquer, et que les informations fournies sont exactes et v\u00e9ridiques.<\/p><p><strong>Caract\u00e8re obligatoire des informations demand\u00e9es<\/strong><\/p><p>Tous nos formulaires comportent un ast\u00e9risque (*) dans les donn\u00e9es obligatoires. Si l&rsquo;utilisateur ne remplit pas ces champs ou ne coche pas la case d&rsquo;acceptation de la politique de confidentialit\u00e9, l&rsquo;envoi des informations ne sera pas autoris\u00e9.   <\/p><p><strong>Droits des personnes concern\u00e9es<\/strong>:<\/p><p>Vous avez le droit d&rsquo;acc\u00e9der \u00e0 vos donn\u00e9es et d&rsquo;obtenir la confirmation de leur traitement, ainsi qu&rsquo;une copie des donn\u00e9es personnelles faisant l&rsquo;objet du traitement. Vous avez le droit de les mettre \u00e0 jour et de demander la rectification des donn\u00e9es inexactes ou de demander leur suppression lorsque les donn\u00e9es ne sont pas n\u00e9cessaires aux fins pour lesquelles elles ont \u00e9t\u00e9 collect\u00e9es. Vous pouvez demander la limitation du traitement de vos donn\u00e9es et vous opposer au traitement de vos donn\u00e9es en r\u00e9voquant votre consentement, ainsi qu&rsquo;exercer votre droit \u00e0 la portabilit\u00e9 des donn\u00e9es. De m\u00eame, vous avez le droit de ne pas faire l&rsquo;objet de d\u00e9cisions fond\u00e9es exclusivement sur un traitement automatis\u00e9 de vos donn\u00e9es \u00e0 caract\u00e8re personnel. Vous pouvez exercer vos droits en nous contactant \u00e0 C\/ Alemanya, 10 - 08700 IGUALADA (Barcelona). Courriel : administracio@macasa.es       <\/p><p>Si vous estimez que vos droits n&rsquo;ont pas \u00e9t\u00e9 correctement pris en compte, vous avez le droit de d\u00e9poser une plainte aupr\u00e8s de l&rsquo;Agence espagnole de protection des donn\u00e9es <a href=\"http:\/\/www.aepd.es\/\">(www.aepd.es)<\/a>.<\/p><p><strong>Traitement des donn\u00e9es des mineurs<\/strong><\/p><p>Toute personne qui fournit des donn\u00e9es par le biais des formulaires de ce site web et accepte leur traitement d\u00e9clare avoir plus de 14 ans, et l&rsquo;acc\u00e8s et l&rsquo;utilisation du portail par des mineurs de moins de 14 ans sont interdits. Si, \u00e0 tout moment, le responsable du traitement d\u00e9tecte qu&rsquo;un mineur de moins de 14 ans a fourni des donn\u00e9es personnelles, nous proc\u00e9derons \u00e0 leur annulation. De m\u00eame, les parents ou tuteurs peuvent, dans tous les cas, contacter PRODUCTOS LABIN, SL pour bloquer le compte d&rsquo;acc\u00e8s des mineurs dont ils ont la charge et qui se sont inscrits en falsifiant leur identit\u00e9.  <\/p><p><strong>Traitement des cookies :<\/strong><\/p><p>Un cookie est un petit fichier qui est t\u00e9l\u00e9charg\u00e9 et stock\u00e9 sur l&rsquo;ordinateur de l&rsquo;utilisateur lorsque celui-ci acc\u00e8de \u00e0 un site web. Les cookies permettent au site web, entre autres, de stocker et de r\u00e9cup\u00e9rer des informations sur les habitudes de navigation de l&rsquo;utilisateur ou de son ordinateur et, en fonction des informations qu&rsquo;ils contiennent et de la mani\u00e8re dont il utilise son ordinateur, ils peuvent \u00eatre utilis\u00e9s pour reconna\u00eetre l&rsquo;utilisateur. <\/p><p>L&rsquo;utilisateur a la possibilit\u00e9 d&#8217;emp\u00eacher la g\u00e9n\u00e9ration de cookies en s\u00e9lectionnant l&rsquo;option correspondante dans son logiciel de navigation. Vous pouvez obtenir plus d&rsquo;informations en lisant notre <a href=\"https:\/\/labin.net\/politica-de-cookies\/\">politique en mati\u00e8re de cookies<\/a>. <\/p>\t\t\t\t\t\t\t\t<\/div>\n\t\t\t\t<\/div>\n\t\t\t\t<\/div>\n\t\t\t\t\t<\/div>\n\t\t\t\t<\/div>\n\t\t\t\t<\/div>\n\t\t","protected":false},"excerpt":{"rendered":"<p>Politique de confidentialit\u00e9 sur le web Contr\u00f4leur des donn\u00e9es La soci\u00e9t\u00e9 responsable du traitement de vos donn\u00e9es dans le cadre de la pr\u00e9sente politique de confidentialit\u00e9 est : LABIN PRODUCTS, SL NUM\u00c9RO DE TVA : B60016219 Adresse : C\/ Alemanya, 10 - 08700 IGUALADA (Barcelona) Adresse \u00e9lectronique : administracio@macasa.es Web : www.labin.net www.macasajardin.com www.labin-nutrition.fr T\u00e9l\u00e9phone : 938031966 Inscrit au Registre\u2026<\/p>\n","protected":false},"author":1,"featured_media":0,"parent":0,"menu_order":0,"comment_status":"closed","ping_status":"closed","template":"","meta":{"_acf_changed":false,"footnotes":""},"class_list":["post-38167","page","type-page","status-publish","hentry"],"acf":[],"_links":{"self":[{"href":"https:\/\/labin.net\/fr\/wp-json\/wp\/v2\/pages\/38167","targetHints":{"allow":["GET"]}}],"collection":[{"href":"https:\/\/labin.net\/fr\/wp-json\/wp\/v2\/pages"}],"about":[{"href":"https:\/\/labin.net\/fr\/wp-json\/wp\/v2\/types\/page"}],"author":[{"embeddable":true,"href":"https:\/\/labin.net\/fr\/wp-json\/wp\/v2\/users\/1"}],"replies":[{"embeddable":true,"href":"https:\/\/labin.net\/fr\/wp-json\/wp\/v2\/comments?post=38167"}],"version-history":[{"count":1,"href":"https:\/\/labin.net\/fr\/wp-json\/wp\/v2\/pages\/38167\/revisions"}],"predecessor-version":[{"id":38169,"href":"https:\/\/labin.net\/fr\/wp-json\/wp\/v2\/pages\/38167\/revisions\/38169"}],"wp:attachment":[{"href":"https:\/\/labin.net\/fr\/wp-json\/wp\/v2\/media?parent=38167"}],"curies":[{"name":"wp","href":"https:\/\/api.w.org\/{rel}","templated":true}]}}