{"id":38153,"date":"2026-01-20T07:58:21","date_gmt":"2026-01-20T07:58:21","guid":{"rendered":"https:labin.net\/politique-en-matiere-de-cookies\/"},"modified":"2026-01-22T08:14:11","modified_gmt":"2026-01-22T08:14:11","slug":"politique-en-matiere-de-cookies","status":"publish","type":"page","link":"https:\/\/labin.net\/fr\/politique-en-matiere-de-cookies\/","title":{"rendered":"Politique en mati\u00e8re de cookies"},"content":{"rendered":"\t\t<div data-elementor-type=\"wp-page\" data-elementor-id=\"38153\" class=\"elementor elementor-38153 elementor-38112\" data-elementor-post-type=\"page\">\n\t\t\t\t<div class=\"elementor-element elementor-element-24c4057 e-flex e-con-boxed kitify-col-width-auto-no ignore-docs-style-no kitify-disable-relative-no e-root-container elementor-top-section e-con e-parent\" data-id=\"24c4057\" data-element_type=\"container\">\n\t\t\t\t\t<div class=\"e-con-inner\">\n\t\t\t\t<div class=\"elementor-element elementor-element-ccccce9 elementor-invisible kitify-has-entrance-animation elementor-widget elementor-widget-heading\" data-id=\"ccccce9\" data-element_type=\"widget\" data-settings=\"{&quot;_animation&quot;:&quot;kitifyShortFadeInUp&quot;}\" data-widget_type=\"heading.default\">\n\t\t\t\t<div class=\"elementor-widget-container\">\n\t\t\t\t\t<h2 class=\"elementor-heading-title elementor-size-default\">Politique en mati\u00e8re de cookies<\/h2>\t\t\t\t<\/div>\n\t\t\t\t<\/div>\n\t\t\t\t\t<\/div>\n\t\t\t\t<\/div>\n\t\t<div class=\"elementor-element elementor-element-8c3a5aa e-flex e-con-boxed kitify-col-width-auto-no ignore-docs-style-no kitify-disable-relative-no e-root-container elementor-top-section e-con e-parent\" data-id=\"8c3a5aa\" data-element_type=\"container\">\n\t\t\t\t\t<div class=\"e-con-inner\">\n\t\t<div class=\"elementor-element elementor-element-2ed0096 e-con-full e-flex kitify-col-width-auto-no ignore-docs-style-no kitify-disable-relative-no e-con e-child\" data-id=\"2ed0096\" data-element_type=\"container\">\n\t\t\t\t<div class=\"elementor-element elementor-element-10c3a28 elementor-widget elementor-widget-text-editor\" data-id=\"10c3a28\" data-element_type=\"widget\" data-widget_type=\"text-editor.default\">\n\t\t\t\t<div class=\"elementor-widget-container\">\n\t\t\t\t\t\t\t\t\t<p>L&rsquo;objectif de cette politique en mati\u00e8re de cookies est de fournir des informations claires et pr\u00e9cises sur les cookies utilis\u00e9s sur notre site web.<\/p><p>Nous utilisons nos propres cookies et ceux de tiers pour am\u00e9liorer nos services, personnaliser notre site web, faciliter la navigation de nos utilisateurs, vous offrir une meilleure exp\u00e9rience lors de l&rsquo;utilisation du site web, identifier les probl\u00e8mes afin de l&rsquo;am\u00e9liorer, effectuer des mesures et des statistiques d&rsquo;utilisation et vous montrer de la publicit\u00e9 li\u00e9e \u00e0 vos pr\u00e9f\u00e9rences en analysant l&rsquo;utilisation du site web.<\/p><p>Veuillez noter que nous pouvons utiliser des cookies sur votre ordinateur \u00e0 condition que vous ayez donn\u00e9 votre accord, sauf dans les cas o\u00f9 les cookies sont n\u00e9cessaires pour naviguer sur notre site web. Si vous y consentez, nous pouvons utiliser des cookies pour nous permettre d&rsquo;en savoir plus sur vos pr\u00e9f\u00e9rences et de personnaliser notre site web en fonction de vos int\u00e9r\u00eats personnels. <\/p><h5>QU&rsquo;EST-CE QU&rsquo;UN BISCUIT ?<\/h5><p>Les cookies et autres technologies similaires telles que les objets locaux partag\u00e9s, les cookies flash ou les pixels sont des outils utilis\u00e9s par les serveurs web pour stocker et r\u00e9cup\u00e9rer des informations sur leurs visiteurs et pour assurer le bon fonctionnement du site.<\/p><h5>TYPES DE COOKIES<\/h5><h5><strong>Les types de cookies d\u00e9pendent de l&rsquo;entit\u00e9 qui les g\u00e8re :<\/strong><\/h5><p><strong>Les cookies propres :<\/strong> ce sont ceux qui sont envoy\u00e9s \u00e0 l&rsquo;\u00e9quipement terminal de l&rsquo;utilisateur \u00e0 partir d&rsquo;un ordinateur ou d&rsquo;un domaine g\u00e9r\u00e9 par le propri\u00e9taire du site web et \u00e0 partir duquel le service demand\u00e9 par l&rsquo;utilisateur est fourni.<\/p><p><strong>Cookies de tiers :<\/strong> ce sont ceux qui sont envoy\u00e9s \u00e0 l&rsquo;\u00e9quipement terminal de l&rsquo;utilisateur \u00e0 partir d&rsquo;un ordinateur ou d&rsquo;un domaine qui n&rsquo;est pas g\u00e9r\u00e9 par le propri\u00e9taire du site web \u00e0 partir duquel le service demand\u00e9 par l&rsquo;utilisateur est fourni, mais par une autre entit\u00e9 qui traite les donn\u00e9es obtenues par le biais des cookies. De m\u00eame, si les cookies sont install\u00e9s \u00e0 partir d&rsquo;un ordinateur ou d&rsquo;un domaine g\u00e9r\u00e9 par le propri\u00e9taire du site lui-m\u00eame, mais que les informations collect\u00e9es \u00e0 travers eux sont g\u00e9r\u00e9es par un tiers, ils seront \u00e9galement consid\u00e9r\u00e9s comme des cookies de tiers. <\/p><p><strong>Types de cookies en fonction de leur finalit\u00e9 :<\/strong><\/p><p><strong>Cookies techniques :  <\/strong>sont ceux qui permettent \u00e0 l&rsquo;utilisateur de naviguer sur un site web, une plateforme ou une application et d&rsquo;utiliser les diff\u00e9rentes options ou services qui y existent, y compris ceux que l&rsquo;\u00e9diteur utilise pour permettre la gestion et l&rsquo;exploitation du site web et permettre ses fonctions et services, tels que, par exemple, le contr\u00f4le du trafic et de la communication des donn\u00e9es, l&rsquo;identification de la session, l&rsquo;acc\u00e8s aux parties \u00e0 acc\u00e8s restreint, la m\u00e9morisation des \u00e9l\u00e9ments constitutifs d&rsquo;une commande, la r\u00e9alisation du processus d&rsquo;achat d&rsquo;une commande, la gestion du paiement, la lutte contre la fraude li\u00e9e \u00e0 la s\u00e9curit\u00e9 du service, la r\u00e9alisation d&rsquo;une demande d&rsquo;inscription ou de participation \u00e0 un \u00e9v\u00e9nement, le d\u00e9compte des visites aux fins de facturation des licences du logiciel avec lequel le service fonctionne (site web, plateforme ou application), g\u00e9rer le paiement, contr\u00f4ler la fraude li\u00e9e \u00e0 la s\u00e9curit\u00e9 du service, effectuer la demande d&rsquo;inscription ou de participation \u00e0 un \u00e9v\u00e9nement, comptabiliser les visites aux fins de la facturation des licences du logiciel avec lequel fonctionne le service (site web, plateforme ou application), utiliser des dispositifs de s\u00e9curit\u00e9 lors de la navigation, stocker des contenus pour la diffusion de vid\u00e9os ou de sons, activer des contenus dynamiques (par exemple, l&rsquo;animation du chargement d&rsquo;un texte ou d&rsquo;une image) ou partager des contenus par l&rsquo;interm\u00e9diaire des r\u00e9seaux sociaux.<\/p><p>Appartiennent \u00e9galement \u00e0 cette cat\u00e9gorie, en raison de leur nature technique, les cookies qui permettent de g\u00e9rer, de la mani\u00e8re la plus efficace possible, les espaces publicitaires que l&rsquo;\u00e9diteur, en tant qu&rsquo;autre \u00e9l\u00e9ment de la conception ou \u00ab\u00a0layout\u00a0\u00bb du service offert \u00e0 l&rsquo;utilisateur, a inclus sur un site web, une application ou une plateforme sur la base de crit\u00e8res tels que le contenu \u00e9dit\u00e9, sans collecter d&rsquo;informations aupr\u00e8s des utilisateurs \u00e0 d&rsquo;autres fins, telles que la personnalisation de ce contenu publicitaire ou d&rsquo;un autre contenu.<\/p><p><strong>Cookies de pr\u00e9f\u00e9rence ou de personnalisation<\/strong>: il s&rsquo;agit de cookies qui permettent de m\u00e9moriser des informations afin que l&rsquo;utilisateur puisse acc\u00e9der au service avec certaines caract\u00e9ristiques qui peuvent diff\u00e9rencier son exp\u00e9rience de celle d&rsquo;autres utilisateurs, comme, par exemple, la langue, le nombre de r\u00e9sultats \u00e0 afficher lorsque l&rsquo;utilisateur effectue une recherche, l&rsquo;apparence ou le contenu du service en fonction du type de navigateur par lequel l&rsquo;utilisateur acc\u00e8de au service ou de la r\u00e9gion \u00e0 partir de laquelle il acc\u00e8de au service, etc.<\/p><p><strong>Cookies d&rsquo;analyse ou de mesure : il <\/strong>s&rsquo;agit de cookies qui permettent au responsable de suivre et d&rsquo;analyser le comportement des utilisateurs des sites web auxquels ils sont li\u00e9s, y compris la quantification de l&rsquo;impact des publicit\u00e9s. Les informations collect\u00e9es par ce type de cookies sont utilis\u00e9es pour mesurer l&rsquo;activit\u00e9 des sites web, de l&rsquo;application ou de la plateforme, afin d&rsquo;introduire des am\u00e9liorations bas\u00e9es sur l&rsquo;analyse des donn\u00e9es relatives \u00e0 l&rsquo;utilisation faite par les utilisateurs du service. <\/p><p><strong>Cookies de publicit\u00e9 comportementale : <\/strong>ce sont ceux qui permettent de g\u00e9rer, de la mani\u00e8re la plus efficace possible, les espaces publicitaires sur le site web. Ces cookies stockent des informations sur le comportement des utilisateurs, obtenues gr\u00e2ce \u00e0 l&rsquo;observation continue de leurs habitudes de navigation, ce qui permet de d\u00e9velopper un profil sp\u00e9cifique afin d&rsquo;afficher des publicit\u00e9s bas\u00e9es sur ce dernier. <\/p><p><strong>Cookies de g\u00e9olocalisation<\/strong>: ils sont utilis\u00e9s pour savoir o\u00f9 se trouve un utilisateur lorsqu&rsquo;il demande un service. Ce cookie est anonyme et sert, par exemple, \u00e0 vous fournir les informations appropri\u00e9es en fonction du pays dans lequel vous vous trouvez. <\/p><p><strong>Types de cookies en fonction de la dur\u00e9e pendant laquelle ils restent activ\u00e9s :<\/strong><\/p><p>Les <strong>cookies de session<\/strong>: ils sont con\u00e7us pour collecter et stocker des donn\u00e9es pendant que l&rsquo;utilisateur acc\u00e8de \u00e0 un site web. Ils sont g\u00e9n\u00e9ralement utilis\u00e9s pour stocker des informations qui ne doivent \u00eatre conserv\u00e9es que pour la fourniture du service demand\u00e9 par l&rsquo;utilisateur \u00e0 une seule occasion (par exemple, une liste de produits achet\u00e9s) et disparaissent \u00e0 la fin de la session. <\/p><p><strong>Cookies persistants : il<\/strong> s&rsquo;agit de cookies dans lesquels les donn\u00e9es restent stock\u00e9es dans le terminal et peuvent \u00eatre consult\u00e9es et trait\u00e9es pendant une p\u00e9riode d\u00e9finie par le responsable du cookie, qui peut aller de quelques minutes \u00e0 plusieurs ann\u00e9es.<\/p><p>COOKIES UTILIS\u00c9S SUR NOTRE SITE WEB<\/p><p> <\/p><table><thead><tr><td><strong>Num\u00e9ro de s\u00e9rie<\/strong><\/td><td><strong>Nom du cookie<\/strong><\/td><td><strong>Dur\u00e9e du cookie<\/strong><\/td><td><strong>Cat\u00e9gorie<\/strong><\/td><td><strong>Description du cookie<\/strong><\/td><\/tr><\/thead><tbody><tr><td>1<\/td><td>cookielawinfo-checkbox-functional<\/td><td>1 an<\/td><td>Autres<\/td><td>Le cookie est d\u00e9fini par le GDPR cookie consent pour enregistrer le consentement de l&rsquo;utilisateur pour les cookies dans la cat\u00e9gorie \u00ab\u00a0Fonctionnel\u00a0\u00bb.<\/td><\/tr><tr><td>2<\/td><td>PHPSESSID<\/td><td>session<\/td><td>N\u00e9cessaire<\/td><td>Ce cookie est natif des applications PHP. Il est utilis\u00e9 pour stocker et identifier l&rsquo;identifiant de session unique d&rsquo;un utilisateur afin de g\u00e9rer la session de l&rsquo;utilisateur sur le site web. Il s&rsquo;agit d&rsquo;un cookie de session qui est supprim\u00e9 lorsque toutes les fen\u00eatres du navigateur sont ferm\u00e9es.  <\/td><\/tr><tr><td>3<\/td><td>cookielawinfo-checkbox-necessary<\/td><td>1 an<\/td><td>N\u00e9cessaire<\/td><td>Ce cookie est d\u00e9fini par le module compl\u00e9mentaire de consentement aux cookies GDPR. Les cookies sont utilis\u00e9s pour stocker le consentement de l&rsquo;utilisateur pour les cookies de la cat\u00e9gorie \u00ab\u00a0N\u00e9cessaire\u00a0\u00bb. <\/td><\/tr><tr><td>4<\/td><td>cookielawinfo-checkbox-performance<\/td><td>1 an<\/td><td>N\u00e9cessaire<\/td><td>Ce cookie est d\u00e9fini par le module compl\u00e9mentaire de consentement aux cookies GDPR. Il est utilis\u00e9 pour stocker le consentement de l&rsquo;utilisateur pour les cookies de la cat\u00e9gorie \u00ab\u00a0Performance\u00a0\u00bb. <\/td><\/tr><tr><td>5<\/td><td>cookielawinfo-checkbox-analytics<\/td><td>1 an<\/td><td>N\u00e9cessaire<\/td><td>Ces cookies sont d\u00e9finis par le plugin WordPress GDPR cookie consent. Le cookie est utilis\u00e9 pour m\u00e9moriser le consentement de l&rsquo;utilisateur pour les cookies de la cat\u00e9gorie \u00ab\u00a0Analytics\u00a0\u00bb. <\/td><\/tr><tr><td>6<\/td><td>cookielawinfo-checkbox-advertisement<\/td><td>1 an<\/td><td>N\u00e9cessaire<\/td><td>Le cookie est d\u00e9fini par le GDPR cookie consent pour enregistrer le consentement de l&rsquo;utilisateur aux cookies dans la cat\u00e9gorie \u00ab\u00a0Publicit\u00e9\u00a0\u00bb.<\/td><\/tr><tr><td>7<\/td><td>NID<\/td><td>6 mois<\/td><td>Publicit\u00e9<\/td><td>Ce cookie est utilis\u00e9 pour cr\u00e9er un profil bas\u00e9 sur les int\u00e9r\u00eats de l&rsquo;utilisateur et afficher des publicit\u00e9s personnalis\u00e9es aux utilisateurs.<\/td><\/tr><tr><td>8<\/td><td>VISITEUR_INFO1_LIVE<\/td><td>5 mois 27 jours<\/td><td>Publicit\u00e9<\/td><td>Ce cookie est mis en place par YouTube. Il est utilis\u00e9 pour suivre les informations provenant des vid\u00e9os YouTube int\u00e9gr\u00e9es sur un site web. <\/td><\/tr><tr><td>9<\/td><td>IDE<\/td><td>1 an 24 jours<\/td><td>Publicit\u00e9<\/td><td>Utilis\u00e9 par Google DoubleClick, il stocke des informations sur la mani\u00e8re dont l&rsquo;utilisateur utilise le site web et toute autre publicit\u00e9 avant de visiter le site web. Il est utilis\u00e9 pour pr\u00e9senter aux utilisateurs des publicit\u00e9s pertinentes en fonction de leur profil. <\/td><\/tr><tr><td>10<\/td><td>test_cookie<\/td><td>15 minutes<\/td><td>Publicit\u00e9<\/td><td>Ce cookie est mis en place par doubleclick.net. Le but de ce cookie est de d\u00e9terminer si le navigateur de l&rsquo;utilisateur accepte les cookies. <\/td><\/tr><tr><td>11<\/td><td>_ga<\/td><td>2 ans<\/td><td>Analytique<\/td><td>Ce cookie est d\u00e9fini par Google Analytics. Il est utilis\u00e9 pour calculer les donn\u00e9es relatives aux visiteurs, aux sessions et aux campagnes et pour suivre l&rsquo;utilisation du site dans le cadre des rapports d&rsquo;analyse du site. Les cookies stockent les informations de mani\u00e8re anonyme et attribuent un num\u00e9ro g\u00e9n\u00e9r\u00e9 de mani\u00e8re al\u00e9atoire pour identifier les visiteurs uniques.  <\/td><\/tr><tr><td>12<\/td><td>_gid<\/td><td>1 jour<\/td><td>Analyse<\/td><td>Ce cookie est d\u00e9fini par Google Analytics. Il est utilis\u00e9 pour stocker des informations sur la mani\u00e8re dont les visiteurs utilisent un site web et permet de cr\u00e9er un rapport d&rsquo;analyse sur les performances du site web. Les donn\u00e9es collect\u00e9es, y compris le nombre de visiteurs, la source des visiteurs et les pages visit\u00e9es, sont anonymes.  <\/td><\/tr><tr><td>13<\/td><td>CSJ<\/td><td>session<\/td><td>Performance<\/td><td>Ces cookies sont mis en place par Youtube et sont utilis\u00e9s pour suivre les vues des vid\u00e9os int\u00e9gr\u00e9es.<\/td><\/tr><tr><td>14<\/td><td>cookielawinfo-checkbox-others<\/td><td>1 an<\/td><td>Autres<\/td><td>Pas de description<\/td><\/tr><tr><td>15<\/td><td>_gat_gtag_UA_28511665_1<\/td><td>1 minute<\/td><td>Autres<\/td><td>Pas de description<\/td><\/tr><tr><td>16<\/td><td>CONSENTEMENT<\/td><td>16 ans 9 mois 3 jours 13 heures<\/td><td>autres<\/td><td>Pas de description<\/td><\/tr><\/tbody><\/table><p><strong>D\u00e9signation<\/strong><\/p><p>COMMENT D\u00c9SACTIVER LES COOKIES DANS LES NAVIGATEURS ?<\/p><p>L&rsquo;utilisateur peut, \u00e0 tout moment, autoriser, bloquer ou supprimer les cookies install\u00e9s sur son ordinateur en modifiant les param\u00e8tres de configuration du navigateur install\u00e9 sur son ordinateur :<\/p><p>Param\u00e8tres de <a href=\"https:\/\/support.google.com\/chrome\/answer\/95647?hl=es&amp;sc_ref_bbva=https%3A%2F%2Fwww.bbva.es%2Fsistema%2Fmeta%2Faviso-legal%2Findex.jsp\">Chrome<\/a> -&gt; Afficher les options avanc\u00e9es -&gt; Confidentialit\u00e9 -&gt; Param\u00e8tres de contenu. Pour plus d&rsquo;informations, vous pouvez <a href=\"https:\/\/support.google.com\/chrome\/answer\/95647?hl=es&amp;ref_topic=3434352\">consulter l&rsquo;assistance de Google<\/a> ou l&rsquo;aide du navigateur. <\/p><p><a href=\"http:\/\/windows.microsoft.com\/es-es\/windows7\/how-to-manage-cookies-in-internet-explorer-9?sc_ref_bbva=https%3A%2F%2Fwww.bbva.es%2Fsistema%2Fmeta%2Faviso-legal%2Findex.jsp\">Explorer<\/a> Tools -&gt; Internet Options -&gt; Privacy -&gt; Settings.<\/p><p>Pour plus d&rsquo;informations, vous pouvez <a href=\"http:\/\/windows.microsoft.com\/es-es\/internet-explorer\/delete-managecookies#ie=ie-11\">consulter le support Microsoft<\/a> ou l&rsquo;aide du navigateur.<\/p><p><a href=\"http:\/\/support.mozilla.org\/es\/kb\/habilitar-y-deshabilitar-cookies-que-los-sitios-we?sc_ref_bbva=https%3A%2F%2Fwww.bbva.es%2Fsistema%2Fmeta%2Faviso-legal%2Findex.jsp\">Firefox<\/a>: Outils -&gt;Options -&gt; Confidentialit\u00e9 -&gt; Historique -&gt; Param\u00e8tres personnalis\u00e9s. Pour plus d&rsquo;informations, vous pouvez consulter le <a href=\"https:\/\/support.mozilla.org\/es\/\">support Mozilla<\/a> ou l&rsquo;aide du navigateur. <\/p><p>Pr\u00e9f\u00e9rences de <a href=\"http:\/\/support.apple.com\/kb\/ph5042?sc_ref_bbva=https%3A%2F%2Fwww.bbva.es%2Fsistema%2Fmeta%2Faviso-legal%2Findex.jsp\">Safari<\/a> -&gt; S\u00e9curit\u00e9.<\/p><p>Pour plus d&rsquo;informations, vous pouvez <a href=\"https:\/\/support.apple.com\/es-es\/HT201265\">consulter l&rsquo;assistance Apple<\/a> ou l&rsquo;aide du navigateur.<\/p><p>La d\u00e9sactivation des cookies ne vous emp\u00eache pas de naviguer sur le site web, mais l&rsquo;utilisation de certains de ses services peut \u00eatre limit\u00e9e et, par cons\u00e9quent, votre exp\u00e9rience de navigation peut \u00eatre moins satisfaisante.<\/p><p>RETIRER SON CONSENTEMENT<\/p><p>Les utilisateurs peuvent \u00e0 tout moment retirer leur consentement en ce qui concerne la politique en mati\u00e8re de cookies et supprimer les cookies stock\u00e9s sur leur \u00e9quipement par le biais des param\u00e8tres et des configurations de leur navigateur Internet, indiqu\u00e9s ci-dessus, ainsi qu&rsquo;en acc\u00e9dant \u00e0 notre panneau de configuration :<\/p><p><a class=\"cli_settings_button\" tabindex=\"0\" role=\"button\">D\u00c9FINIR LES COOKIES<\/a><\/p><p>La pr\u00e9sente politique en mati\u00e8re de cookies peut \u00eatre modifi\u00e9e si la l\u00e9gislation en vigueur l&rsquo;exige ou si le type de cookies utilis\u00e9s sur le site web varie. Nous vous recommandons donc de consulter cette politique chaque fois que vous acc\u00e9dez \u00e0 notre site web afin d&rsquo;\u00eatre correctement inform\u00e9 de la mani\u00e8re dont nous utilisons les cookies et des raisons pour lesquelles nous les utilisons. <\/p>\t\t\t\t\t\t\t\t<\/div>\n\t\t\t\t<\/div>\n\t\t\t\t<\/div>\n\t\t\t\t\t<\/div>\n\t\t\t\t<\/div>\n\t\t\t\t<\/div>\n\t\t","protected":false},"excerpt":{"rendered":"<p>Politique en mati\u00e8re de cookies L&rsquo;objectif de cette politique en mati\u00e8re de cookies est de fournir des informations claires et pr\u00e9cises sur les cookies utilis\u00e9s sur notre site web. Nous utilisons nos propres cookies et ceux de tiers pour am\u00e9liorer nos services, personnaliser notre site web, faciliter la navigation de nos utilisateurs, vous offrir une meilleure exp\u00e9rience lors de l&rsquo;utilisation\u2026<\/p>\n","protected":false},"author":1,"featured_media":0,"parent":0,"menu_order":0,"comment_status":"closed","ping_status":"closed","template":"","meta":{"_acf_changed":false,"footnotes":""},"class_list":["post-38153","page","type-page","status-publish","hentry"],"acf":[],"_links":{"self":[{"href":"https:\/\/labin.net\/fr\/wp-json\/wp\/v2\/pages\/38153","targetHints":{"allow":["GET"]}}],"collection":[{"href":"https:\/\/labin.net\/fr\/wp-json\/wp\/v2\/pages"}],"about":[{"href":"https:\/\/labin.net\/fr\/wp-json\/wp\/v2\/types\/page"}],"author":[{"embeddable":true,"href":"https:\/\/labin.net\/fr\/wp-json\/wp\/v2\/users\/1"}],"replies":[{"embeddable":true,"href":"https:\/\/labin.net\/fr\/wp-json\/wp\/v2\/comments?post=38153"}],"version-history":[{"count":4,"href":"https:\/\/labin.net\/fr\/wp-json\/wp\/v2\/pages\/38153\/revisions"}],"predecessor-version":[{"id":38162,"href":"https:\/\/labin.net\/fr\/wp-json\/wp\/v2\/pages\/38153\/revisions\/38162"}],"wp:attachment":[{"href":"https:\/\/labin.net\/fr\/wp-json\/wp\/v2\/media?parent=38153"}],"curies":[{"name":"wp","href":"https:\/\/api.w.org\/{rel}","templated":true}]}}