{"id":37273,"date":"2025-12-18T11:43:17","date_gmt":"2025-12-18T11:43:17","guid":{"rendered":"https:labin.net\/labin-dans-le-monde\/"},"modified":"2026-01-08T15:04:38","modified_gmt":"2026-01-08T15:04:38","slug":"labin-dans-le-monde","status":"publish","type":"page","link":"https:\/\/labin.net\/fr\/labin-dans-le-monde\/","title":{"rendered":"Labin dans le monde"},"content":{"rendered":"\t\t<div data-elementor-type=\"wp-page\" data-elementor-id=\"37273\" class=\"elementor elementor-37273 elementor-36694\" data-elementor-post-type=\"page\">\n\t\t\t\t<div class=\"elementor-element elementor-element-e3a3cbf e-flex e-con-boxed kitify-col-width-auto-no ignore-docs-style-no kitify-disable-relative-no e-root-container elementor-top-section e-con e-parent\" data-id=\"e3a3cbf\" data-element_type=\"container\">\n\t\t\t\t\t<div class=\"e-con-inner\">\n\t\t\t\t<div class=\"elementor-element elementor-element-ea6bbc9 elementor-invisible kitify-has-entrance-animation elementor-widget elementor-widget-heading\" data-id=\"ea6bbc9\" data-element_type=\"widget\" data-settings=\"{&quot;_animation&quot;:&quot;kitifyShortFadeInUp&quot;}\" data-widget_type=\"heading.default\">\n\t\t\t\t<div class=\"elementor-widget-container\">\n\t\t\t\t\t<h2 class=\"elementor-heading-title elementor-size-default\">Labin dans le monde<\/h2>\t\t\t\t<\/div>\n\t\t\t\t<\/div>\n\t\t\t\t<div class=\"elementor-element elementor-element-28ccf8e elementor-invisible kitify-has-entrance-animation elementor-widget elementor-widget-heading\" data-id=\"28ccf8e\" data-element_type=\"widget\" data-settings=\"{&quot;_animation&quot;:&quot;kitifyShortFadeInUp&quot;,&quot;_animation_delay&quot;:400}\" data-widget_type=\"heading.default\">\n\t\t\t\t<div class=\"elementor-widget-container\">\n\t\t\t\t\t<span class=\"elementor-heading-title elementor-size-default\">Retrouvez-nous sur<\/span>\t\t\t\t<\/div>\n\t\t\t\t<\/div>\n\t\t\t\t<div class=\"elementor-element elementor-element-31d6cc6 elementor-widget elementor-widget-text-editor\" data-id=\"31d6cc6\" data-element_type=\"widget\" data-widget_type=\"text-editor.default\">\n\t\t\t\t<div class=\"elementor-widget-container\">\n\t\t\t\t\t\t\t\t\t<p>Nous sommes actuellement pr\u00e9sents, par l&rsquo;interm\u00e9diaire de nos distributeurs, <strong>dans plus de 40 pays<\/strong>, parmi lesquels : <strong>la France, l&rsquo;Italie, le Portugal, le Maroc, la Tunisie, le Liban, la Bulgarie, l&rsquo;Alg\u00e9rie, le P\u00e9rou, le Costa Rica, le Br\u00e9sil, la Turquie,<\/strong> etc. Et nous continuons \u00e0 d\u00e9velopper de nouveaux projets en <strong>Pologne, au Chili, en Argentine,&#8230;<\/strong> <\/p>\t\t\t\t\t\t\t\t<\/div>\n\t\t\t\t<\/div>\n\t\t\t\t\t<\/div>\n\t\t\t\t<\/div>\n\t\t<div class=\"elementor-element elementor-element-3a0f914 e-flex e-con-boxed kitify-col-width-auto-no ignore-docs-style-no kitify-disable-relative-no e-root-container elementor-top-section e-con e-parent\" data-id=\"3a0f914\" data-element_type=\"container\">\n\t\t\t\t\t<div class=\"e-con-inner\">\n\t\t\t\t<div class=\"elementor-element elementor-element-cb63251 elementor-widget elementor-widget-html\" data-id=\"cb63251\" data-element_type=\"widget\" data-widget_type=\"html.default\">\n\t\t\t\t<div class=\"elementor-widget-container\">\n\t\t\t\t\t<iframe src=\"https:\/\/www.google.com\/maps\/d\/embed?mid=19LxhcddEedN9uSu4b32MrgGsoiCy3js&amp;ehbc=2E312F&amp;noprof=1\" width=\"640\" height=\"600\" style=\"width:100%;height:600px;\"><\/iframe>\t\t\t\t<\/div>\n\t\t\t\t<\/div>\n\t\t\t\t\t<\/div>\n\t\t\t\t<\/div>\n\t\t\t\t<\/div>\n\t\t","protected":false},"excerpt":{"rendered":"<p>Labin dans le monde Retrouvez-nous sur Nous sommes actuellement pr\u00e9sents, par l&rsquo;interm\u00e9diaire de nos distributeurs, dans plus de 40 pays, parmi lesquels : la France, l&rsquo;Italie, le Portugal, le Maroc, la Tunisie, le Liban, la Bulgarie, l&rsquo;Alg\u00e9rie, le P\u00e9rou, le Costa Rica, le Br\u00e9sil, la Turquie, etc. Et nous continuons \u00e0 d\u00e9velopper de nouveaux projets en Pologne, au Chili, en\u2026<\/p>\n","protected":false},"author":1,"featured_media":0,"parent":0,"menu_order":0,"comment_status":"closed","ping_status":"closed","template":"","meta":{"_acf_changed":false,"footnotes":""},"class_list":["post-37273","page","type-page","status-publish","hentry"],"acf":[],"_links":{"self":[{"href":"https:\/\/labin.net\/fr\/wp-json\/wp\/v2\/pages\/37273","targetHints":{"allow":["GET"]}}],"collection":[{"href":"https:\/\/labin.net\/fr\/wp-json\/wp\/v2\/pages"}],"about":[{"href":"https:\/\/labin.net\/fr\/wp-json\/wp\/v2\/types\/page"}],"author":[{"embeddable":true,"href":"https:\/\/labin.net\/fr\/wp-json\/wp\/v2\/users\/1"}],"replies":[{"embeddable":true,"href":"https:\/\/labin.net\/fr\/wp-json\/wp\/v2\/comments?post=37273"}],"version-history":[{"count":1,"href":"https:\/\/labin.net\/fr\/wp-json\/wp\/v2\/pages\/37273\/revisions"}],"predecessor-version":[{"id":37275,"href":"https:\/\/labin.net\/fr\/wp-json\/wp\/v2\/pages\/37273\/revisions\/37275"}],"wp:attachment":[{"href":"https:\/\/labin.net\/fr\/wp-json\/wp\/v2\/media?parent=37273"}],"curies":[{"name":"wp","href":"https:\/\/api.w.org\/{rel}","templated":true}]}}