{"id":37163,"date":"2025-07-15T10:26:16","date_gmt":"2025-07-15T10:26:16","guid":{"rendered":"https:labin.net\/qualite-environnement-et-certifications\/"},"modified":"2026-02-23T14:37:05","modified_gmt":"2026-02-23T14:37:05","slug":"qualite-environnement-et-certifications","status":"publish","type":"page","link":"https:\/\/labin.net\/fr\/qualite-environnement-et-certifications\/","title":{"rendered":"Qualit\u00e9, environnement et certifications"},"content":{"rendered":"\t\t<div data-elementor-type=\"wp-page\" data-elementor-id=\"37163\" class=\"elementor elementor-37163 elementor-9277\" data-elementor-post-type=\"page\">\n\t\t\t\t<div class=\"elementor-element elementor-element-4f09edc e-flex e-con-boxed kitify-col-width-auto-no ignore-docs-style-no kitify-disable-relative-no e-root-container elementor-top-section e-con e-parent\" data-id=\"4f09edc\" data-element_type=\"container\" data-settings=\"{&quot;background_background&quot;:&quot;classic&quot;}\">\n\t\t\t\t\t<div class=\"e-con-inner\">\n\t\t\t\t<div class=\"elementor-element elementor-element-21c8f63 elementor-invisible kitify-has-entrance-animation elementor-widget elementor-widget-heading\" data-id=\"21c8f63\" data-element_type=\"widget\" data-settings=\"{&quot;_animation&quot;:&quot;zoomIn&quot;}\" data-widget_type=\"heading.default\">\n\t\t\t\t<div class=\"elementor-widget-container\">\n\t\t\t\t\t<h1 class=\"elementor-heading-title elementor-size-default\">Engag\u00e9<\/h1>\t\t\t\t<\/div>\n\t\t\t\t<\/div>\n\t\t\t\t<div class=\"elementor-element elementor-element-84f35af elementor-invisible kitify-has-entrance-animation elementor-widget elementor-widget-heading\" data-id=\"84f35af\" data-element_type=\"widget\" data-settings=\"{&quot;_animation&quot;:&quot;zoomIn&quot;}\" data-widget_type=\"heading.default\">\n\t\t\t\t<div class=\"elementor-widget-container\">\n\t\t\t\t\t<h1 class=\"elementor-heading-title elementor-size-default\">Qualit\u00e9 et environnement<\/h1>\t\t\t\t<\/div>\n\t\t\t\t<\/div>\n\t\t\t\t\t<\/div>\n\t\t\t\t<\/div>\n\t\t<div class=\"elementor-element elementor-element-2a99176 e-flex e-con-boxed kitify-col-width-auto-no ignore-docs-style-no kitify-disable-relative-no e-root-container elementor-top-section e-con e-parent\" data-id=\"2a99176\" data-element_type=\"container\">\n\t\t\t\t\t<div class=\"e-con-inner\">\n\t\t<div class=\"elementor-element elementor-element-b131e15 e-con-full e-flex kitify-col-width-auto-no ignore-docs-style-no kitify-disable-relative-no e-con e-child\" data-id=\"b131e15\" data-element_type=\"container\">\n\t\t\t\t<div class=\"elementor-element elementor-element-a6265b8 elementor-widget__width-initial elementor-widget-mobile__width-initial elementor-widget elementor-widget-heading\" data-id=\"a6265b8\" data-element_type=\"widget\" data-widget_type=\"heading.default\">\n\t\t\t\t<div class=\"elementor-widget-container\">\n\t\t\t\t\t<h2 class=\"elementor-heading-title elementor-size-default\">Notre politique en mati\u00e8re de<\/h2>\t\t\t\t<\/div>\n\t\t\t\t<\/div>\n\t\t\t\t<div class=\"elementor-element elementor-element-dbf7e45 elementor-widget__width-initial elementor-widget elementor-widget-heading\" data-id=\"dbf7e45\" data-element_type=\"widget\" data-widget_type=\"heading.default\">\n\t\t\t\t<div class=\"elementor-widget-container\">\n\t\t\t\t\t<h2 class=\"elementor-heading-title elementor-size-default\">Qualit\u00e9 et environnement<\/h2>\t\t\t\t<\/div>\n\t\t\t\t<\/div>\n\t\t\t\t<\/div>\n\t\t<div class=\"elementor-element elementor-element-0f605c0 e-con-full e-flex kitify-col-width-auto-no ignore-docs-style-no kitify-disable-relative-no e-con e-child\" data-id=\"0f605c0\" data-element_type=\"container\">\n\t\t\t\t<div class=\"elementor-element elementor-element-f3f6960 elementor-widget__width-initial elementor-widget elementor-widget-text-editor\" data-id=\"f3f6960\" data-element_type=\"widget\" data-widget_type=\"text-editor.default\">\n\t\t\t\t<div class=\"elementor-widget-container\">\n\t\t\t\t\t\t\t\t\t<p>La <strong>politique de qualit\u00e9 de Productos Labin SL<\/strong> est int\u00e9gr\u00e9e au manuel de qualit\u00e9 et d\u00e9montre l&rsquo;engagement de la direction \u00e0 mettre en \u0153uvre un syst\u00e8me de gestion de la qualit\u00e9 <strong>ax\u00e9 sur le service \u00e0 la client\u00e8le et l&rsquo;am\u00e9lioration continue<\/strong>.<\/p><p>Par cette politique et sa communication \u00e0 tous les niveaux de l&rsquo;organisation et aux parties int\u00e9ress\u00e9es, nous indiquons <strong>clairement notre intention de nous conformer aux exigences du syst\u00e8me de gestion<\/strong> et d&rsquo;en am\u00e9liorer continuellement l&rsquo;efficacit\u00e9.<\/p>\t\t\t\t\t\t\t\t<\/div>\n\t\t\t\t<\/div>\n\t\t\t\t<\/div>\n\t\t\t\t\t<\/div>\n\t\t\t\t<\/div>\n\t\t<div class=\"elementor-element elementor-element-23c6550 e-flex e-con-boxed kitify-col-width-auto-no ignore-docs-style-no kitify-disable-relative-no e-root-container elementor-top-section e-con e-parent\" data-id=\"23c6550\" data-element_type=\"container\">\n\t\t\t\t\t<div class=\"e-con-inner\">\n\t\t\t\t<div class=\"elementor-element elementor-element-a42c6f9 elementor-widget elementor-widget-heading\" data-id=\"a42c6f9\" data-element_type=\"widget\" data-widget_type=\"heading.default\">\n\t\t\t\t<div class=\"elementor-widget-container\">\n\t\t\t\t\t<h2 class=\"elementor-heading-title elementor-size-default\">Nous nous engageons \u00e0 :<\/h2>\t\t\t\t<\/div>\n\t\t\t\t<\/div>\n\t\t\t\t<div class=\"elementor-element elementor-element-f949e19 elementor-align-start elementor-icon-list--layout-traditional elementor-list-item-link-full_width elementor-widget elementor-widget-icon-list\" data-id=\"f949e19\" data-element_type=\"widget\" data-widget_type=\"icon-list.default\">\n\t\t\t\t<div class=\"elementor-widget-container\">\n\t\t\t\t\t\t\t<ul class=\"elementor-icon-list-items\">\n\t\t\t\t\t\t\t<li class=\"elementor-icon-list-item\">\n\t\t\t\t\t\t\t\t\t\t\t<span class=\"elementor-icon-list-icon\">\n\t\t\t\t\t\t\t<svg aria-hidden=\"true\" class=\"e-font-icon-svg e-fas-chevron-right\" viewBox=\"0 0 320 512\" xmlns=\"http:\/\/www.w3.org\/2000\/svg\"><path d=\"M285.476 272.971L91.132 467.314c-9.373 9.373-24.569 9.373-33.941 0l-22.667-22.667c-9.357-9.357-9.375-24.522-.04-33.901L188.505 256 34.484 101.255c-9.335-9.379-9.317-24.544.04-33.901l22.667-22.667c9.373-9.373 24.569-9.373 33.941 0L285.475 239.03c9.373 9.372 9.373 24.568.001 33.941z\"><\/path><\/svg>\t\t\t\t\t\t<\/span>\n\t\t\t\t\t\t\t\t\t\t<span class=\"elementor-icon-list-text\">Respecter toujours aussi efficacement que possible les exigences \u00e9tablies par nos clients et toutes les parties int\u00e9ress\u00e9es, les exigences l\u00e9gales et r\u00e9glementaires en vigueur et celles auxquelles l'organisation souscrit volontairement en termes de protection de l'environnement et de qualit\u00e9.<\/span>\n\t\t\t\t\t\t\t\t\t<\/li>\n\t\t\t\t\t\t\t\t<li class=\"elementor-icon-list-item\">\n\t\t\t\t\t\t\t\t\t\t\t<span class=\"elementor-icon-list-icon\">\n\t\t\t\t\t\t\t<svg aria-hidden=\"true\" class=\"e-font-icon-svg e-fas-chevron-right\" viewBox=\"0 0 320 512\" xmlns=\"http:\/\/www.w3.org\/2000\/svg\"><path d=\"M285.476 272.971L91.132 467.314c-9.373 9.373-24.569 9.373-33.941 0l-22.667-22.667c-9.357-9.357-9.375-24.522-.04-33.901L188.505 256 34.484 101.255c-9.335-9.379-9.317-24.544.04-33.901l22.667-22.667c9.373-9.373 24.569-9.373 33.941 0L285.475 239.03c9.373 9.372 9.373 24.568.001 33.941z\"><\/path><\/svg>\t\t\t\t\t\t<\/span>\n\t\t\t\t\t\t\t\t\t\t<span class=\"elementor-icon-list-text\">La direction doit fixer des objectifs et des cibles de qualit\u00e9 r\u00e9alisables. Fixer des objectifs environnementaux d\u00e9riv\u00e9s de l'identification des aspects environnementaux de nos activit\u00e9s et les contr\u00f4ler r\u00e9guli\u00e8rement. <\/span>\n\t\t\t\t\t\t\t\t\t<\/li>\n\t\t\t\t\t\t\t\t<li class=\"elementor-icon-list-item\">\n\t\t\t\t\t\t\t\t\t\t\t<span class=\"elementor-icon-list-icon\">\n\t\t\t\t\t\t\t<svg aria-hidden=\"true\" class=\"e-font-icon-svg e-fas-chevron-right\" viewBox=\"0 0 320 512\" xmlns=\"http:\/\/www.w3.org\/2000\/svg\"><path d=\"M285.476 272.971L91.132 467.314c-9.373 9.373-24.569 9.373-33.941 0l-22.667-22.667c-9.357-9.357-9.375-24.522-.04-33.901L188.505 256 34.484 101.255c-9.335-9.379-9.317-24.544.04-33.901l22.667-22.667c9.373-9.373 24.569-9.373 33.941 0L285.475 239.03c9.373 9.372 9.373 24.568.001 33.941z\"><\/path><\/svg>\t\t\t\t\t\t<\/span>\n\t\t\t\t\t\t\t\t\t\t<span class=\"elementor-icon-list-text\">Communiquer des objectifs aux parties prenantes afin de leur permettre de mener leurs activit\u00e9s de mani\u00e8re \u00e9cologiquement responsable et conform\u00e9ment \u00e0 notre politique.<\/span>\n\t\t\t\t\t\t\t\t\t<\/li>\n\t\t\t\t\t\t\t\t<li class=\"elementor-icon-list-item\">\n\t\t\t\t\t\t\t\t\t\t\t<span class=\"elementor-icon-list-icon\">\n\t\t\t\t\t\t\t<svg aria-hidden=\"true\" class=\"e-font-icon-svg e-fas-chevron-right\" viewBox=\"0 0 320 512\" xmlns=\"http:\/\/www.w3.org\/2000\/svg\"><path d=\"M285.476 272.971L91.132 467.314c-9.373 9.373-24.569 9.373-33.941 0l-22.667-22.667c-9.357-9.357-9.375-24.522-.04-33.901L188.505 256 34.484 101.255c-9.335-9.379-9.317-24.544.04-33.901l22.667-22.667c9.373-9.373 24.569-9.373 33.941 0L285.475 239.03c9.373 9.372 9.373 24.568.001 33.941z\"><\/path><\/svg>\t\t\t\t\t\t<\/span>\n\t\t\t\t\t\t\t\t\t\t<span class=\"elementor-icon-list-text\">G\u00e9rer les ressources humaines, mat\u00e9rielles et \u00e9conomiques dans le cadre d'un processus d'am\u00e9lioration continue qui permet, en permanence, d'obtenir une plus grande efficacit\u00e9 du syst\u00e8me de gestion.<\/span>\n\t\t\t\t\t\t\t\t\t<\/li>\n\t\t\t\t\t\t\t\t<li class=\"elementor-icon-list-item\">\n\t\t\t\t\t\t\t\t\t\t\t<span class=\"elementor-icon-list-icon\">\n\t\t\t\t\t\t\t<svg aria-hidden=\"true\" class=\"e-font-icon-svg e-fas-chevron-right\" viewBox=\"0 0 320 512\" xmlns=\"http:\/\/www.w3.org\/2000\/svg\"><path d=\"M285.476 272.971L91.132 467.314c-9.373 9.373-24.569 9.373-33.941 0l-22.667-22.667c-9.357-9.357-9.375-24.522-.04-33.901L188.505 256 34.484 101.255c-9.335-9.379-9.317-24.544.04-33.901l22.667-22.667c9.373-9.373 24.569-9.373 33.941 0L285.475 239.03c9.373 9.372 9.373 24.568.001 33.941z\"><\/path><\/svg>\t\t\t\t\t\t<\/span>\n\t\t\t\t\t\t\t\t\t\t<span class=\"elementor-icon-list-text\">Promouvoir et maintenir une formation et une information de qualit\u00e9 afin de sensibiliser tous les membres du personnel \u00e0 la n\u00e9cessit\u00e9 d'effectuer leur travail avec toutes les garanties de qualit\u00e9.<\/span>\n\t\t\t\t\t\t\t\t\t<\/li>\n\t\t\t\t\t\t\t\t<li class=\"elementor-icon-list-item\">\n\t\t\t\t\t\t\t\t\t\t\t<span class=\"elementor-icon-list-icon\">\n\t\t\t\t\t\t\t<svg aria-hidden=\"true\" class=\"e-font-icon-svg e-fas-chevron-right\" viewBox=\"0 0 320 512\" xmlns=\"http:\/\/www.w3.org\/2000\/svg\"><path d=\"M285.476 272.971L91.132 467.314c-9.373 9.373-24.569 9.373-33.941 0l-22.667-22.667c-9.357-9.357-9.375-24.522-.04-33.901L188.505 256 34.484 101.255c-9.335-9.379-9.317-24.544.04-33.901l22.667-22.667c9.373-9.373 24.569-9.373 33.941 0L285.475 239.03c9.373 9.372 9.373 24.568.001 33.941z\"><\/path><\/svg>\t\t\t\t\t\t<\/span>\n\t\t\t\t\t\t\t\t\t\t<span class=\"elementor-icon-list-text\">Mettre en \u0153uvre de bonnes pratiques pour le contr\u00f4le de la pollution et la pr\u00e9servation de l'environnement.<\/span>\n\t\t\t\t\t\t\t\t\t<\/li>\n\t\t\t\t\t\t<\/ul>\n\t\t\t\t\t\t<\/div>\n\t\t\t\t<\/div>\n\t\t\t\t\t<\/div>\n\t\t\t\t<\/div>\n\t\t<div class=\"elementor-element elementor-element-03e31f1 e-flex e-con-boxed kitify-col-width-auto-no ignore-docs-style-no kitify-disable-relative-no e-root-container elementor-top-section e-con e-parent\" data-id=\"03e31f1\" data-element_type=\"container\">\n\t\t\t\t\t<div class=\"e-con-inner\">\n\t\t\t\t<div class=\"elementor-element elementor-element-ae8f640 elementor-blockquote--skin-quotation elementor-blockquote--align-left elementor-widget elementor-widget-blockquote\" data-id=\"ae8f640\" data-element_type=\"widget\" data-widget_type=\"blockquote.default\">\n\t\t\t\t<div class=\"elementor-widget-container\">\n\t\t\t\t\t\t\t<blockquote class=\"elementor-blockquote\">\n\t\t\t<p class=\"elementor-blockquote__content\">\n\t\t\t\tPour mener \u00e0 bien cette politique, la direction \u00e9tablit des objectifs et des cibles viables, qui sont revus p\u00e9riodiquement, en les contr\u00f4lant \u00e0 l'aide d'indicateurs et en \u00e9laborant la planification appropri\u00e9e pour les atteindre.\t\t\t<\/p>\n\t\t\t\t\t<\/blockquote>\n\t\t\t\t\t\t<\/div>\n\t\t\t\t<\/div>\n\t\t<div class=\"elementor-element elementor-element-15dc7c0 e-con-full e-flex kitify-col-width-auto-no ignore-docs-style-no kitify-disable-relative-no e-con e-child\" data-id=\"15dc7c0\" data-element_type=\"container\">\n\t\t\t\t<div class=\"elementor-element elementor-element-0525a77 elementor-view-default elementor-position-block-start elementor-mobile-position-block-start elementor-widget elementor-widget-icon-box\" data-id=\"0525a77\" data-element_type=\"widget\" data-widget_type=\"icon-box.default\">\n\t\t\t\t<div class=\"elementor-widget-container\">\n\t\t\t\t\t\t\t<div class=\"elementor-icon-box-wrapper\">\n\n\t\t\t\t\t\t<div class=\"elementor-icon-box-icon\">\n\t\t\t\t<a href=\"https:\/\/labin.net\/wp-content\/uploads\/2025\/12\/5.-Politica-de-Calidad-y-Medioambiente.pdf\" class=\"elementor-icon\" tabindex=\"-1\" aria-label=\"T\u00e9l\u00e9chargez notre politique de qualit\u00e9 et d&#039;environnement\">\n\t\t\t\t<i aria-hidden=\"true\" class=\"dlicon files-3_pdf\"><\/i>\t\t\t\t<\/a>\n\t\t\t<\/div>\n\t\t\t\n\t\t\t\t\t\t<div class=\"elementor-icon-box-content\">\n\n\t\t\t\t\t\t\t\t\t<h3 class=\"elementor-icon-box-title\">\n\t\t\t\t\t\t<a href=\"https:\/\/labin.net\/wp-content\/uploads\/2025\/12\/5.-Politica-de-Calidad-y-Medioambiente.pdf\" >\n\t\t\t\t\t\t\tT\u00e9l\u00e9chargez notre politique de qualit\u00e9 et d'environnement\t\t\t\t\t\t<\/a>\n\t\t\t\t\t<\/h3>\n\t\t\t\t\n\t\t\t\t\n\t\t\t<\/div>\n\t\t\t\n\t\t<\/div>\n\t\t\t\t\t\t<\/div>\n\t\t\t\t<\/div>\n\t\t\t\t<\/div>\n\t\t\t\t\t<\/div>\n\t\t\t\t<\/div>\n\t\t<div class=\"elementor-element elementor-element-2ee9a5d e-flex e-con-boxed kitify-col-width-auto-no ignore-docs-style-no kitify-disable-relative-no e-root-container elementor-top-section e-con e-parent\" data-id=\"2ee9a5d\" data-element_type=\"container\">\n\t\t\t\t\t<div class=\"e-con-inner\">\n\t\t<div class=\"elementor-element elementor-element-99dc31a e-con-full e-flex kitify-col-width-auto-no ignore-docs-style-no kitify-disable-relative-no e-con e-child\" data-id=\"99dc31a\" data-element_type=\"container\">\n\t\t\t\t<div class=\"elementor-element elementor-element-88cfc57 elementor-widget__width-initial elementor-widget elementor-widget-heading\" data-id=\"88cfc57\" data-element_type=\"widget\" data-widget_type=\"heading.default\">\n\t\t\t\t<div class=\"elementor-widget-container\">\n\t\t\t\t\t<h2 class=\"elementor-heading-title elementor-size-default\">Notre<\/h2>\t\t\t\t<\/div>\n\t\t\t\t<\/div>\n\t\t\t\t<div class=\"elementor-element elementor-element-ecb3d62 elementor-widget__width-initial elementor-widget elementor-widget-heading\" data-id=\"ecb3d62\" data-element_type=\"widget\" data-widget_type=\"heading.default\">\n\t\t\t\t<div class=\"elementor-widget-container\">\n\t\t\t\t\t<h2 class=\"elementor-heading-title elementor-size-default\">Certifications<\/h2>\t\t\t\t<\/div>\n\t\t\t\t<\/div>\n\t\t<div class=\"elementor-element elementor-element-3dff907 e-grid e-con-full kitify-col-width-auto-no ignore-docs-style-no kitify-disable-relative-no e-con e-child\" data-id=\"3dff907\" data-element_type=\"container\">\n\t\t\t\t<div class=\"elementor-element elementor-element-b0dd39d elementor-widget elementor-widget-image\" data-id=\"b0dd39d\" data-element_type=\"widget\" data-widget_type=\"image.default\">\n\t\t\t\t<div class=\"elementor-widget-container\">\n\t\t\t\t\t\t\t\t\t\t\t\t\t\t\t\t<a href=\"https:\/\/labin.net\/wp-content\/uploads\/2025\/08\/2022-a1904-CERTIFICADO-INSCRIPCION_2021_C.pdf\" target=\"_blank\">\n\t\t\t\t\t\t\t<img fetchpriority=\"high\" decoding=\"async\" width=\"340\" height=\"190\" src=\"https:\/\/labin.net\/wp-content\/uploads\/2025\/07\/Certificado-co2-Labin.jpg\" class=\"elementor-animation-shrink attachment-large size-large wp-image-9311\" alt=\"\" srcset=\"https:\/\/labin.net\/wp-content\/uploads\/2025\/07\/Certificado-co2-Labin.jpg 340w, https:\/\/labin.net\/wp-content\/uploads\/2025\/07\/Certificado-co2-Labin-300x168.jpg 300w\" sizes=\"(max-width: 340px) 100vw, 340px\" \/>\t\t\t\t\t\t\t\t<\/a>\n\t\t\t\t\t\t\t\t\t\t\t\t\t\t\t<\/div>\n\t\t\t\t<\/div>\n\t\t\t\t<div class=\"elementor-element elementor-element-84be323 elementor-widget elementor-widget-image\" data-id=\"84be323\" data-element_type=\"widget\" data-widget_type=\"image.default\">\n\t\t\t\t<div class=\"elementor-widget-container\">\n\t\t\t\t\t\t\t\t\t\t\t\t\t\t\t\t<a href=\"https:\/\/labin.net\/wp-content\/uploads\/2025\/08\/2023-a3745-CERTIFICADO-INSCRIPCION_2022_C.pdf\" target=\"_blank\">\n\t\t\t\t\t\t\t<img decoding=\"async\" width=\"340\" height=\"190\" src=\"https:\/\/labin.net\/wp-content\/uploads\/2025\/07\/Certificado-co2-Labin-2022-ok.jpg\" class=\"elementor-animation-shrink attachment-large size-large wp-image-9305\" alt=\"\" srcset=\"https:\/\/labin.net\/wp-content\/uploads\/2025\/07\/Certificado-co2-Labin-2022-ok.jpg 340w, https:\/\/labin.net\/wp-content\/uploads\/2025\/07\/Certificado-co2-Labin-2022-ok-300x168.jpg 300w\" sizes=\"(max-width: 340px) 100vw, 340px\" \/>\t\t\t\t\t\t\t\t<\/a>\n\t\t\t\t\t\t\t\t\t\t\t\t\t\t\t<\/div>\n\t\t\t\t<\/div>\n\t\t\t\t<div class=\"elementor-element elementor-element-64ec3dd elementor-widget elementor-widget-image\" data-id=\"64ec3dd\" data-element_type=\"widget\" data-widget_type=\"image.default\">\n\t\t\t\t<div class=\"elementor-widget-container\">\n\t\t\t\t\t\t\t\t\t\t\t\t\t\t\t\t<a href=\"https:\/\/labin.net\/wp-content\/uploads\/2025\/08\/2024-a2204-CERTIFICADO-INSCRIPCION_2023_C.pdf\" target=\"_blank\">\n\t\t\t\t\t\t\t<img decoding=\"async\" width=\"340\" height=\"190\" src=\"https:\/\/labin.net\/wp-content\/uploads\/2025\/07\/Certificado-co2-Labin-2023.jpg\" class=\"elementor-animation-shrink attachment-large size-large wp-image-9317\" alt=\"\" srcset=\"https:\/\/labin.net\/wp-content\/uploads\/2025\/07\/Certificado-co2-Labin-2023.jpg 340w, https:\/\/labin.net\/wp-content\/uploads\/2025\/07\/Certificado-co2-Labin-2023-300x168.jpg 300w\" sizes=\"(max-width: 340px) 100vw, 340px\" \/>\t\t\t\t\t\t\t\t<\/a>\n\t\t\t\t\t\t\t\t\t\t\t\t\t\t\t<\/div>\n\t\t\t\t<\/div>\n\t\t\t\t<div class=\"elementor-element elementor-element-732a01f elementor-widget elementor-widget-image\" data-id=\"732a01f\" data-element_type=\"widget\" data-widget_type=\"image.default\">\n\t\t\t\t<div class=\"elementor-widget-container\">\n\t\t\t\t\t\t\t\t\t\t\t\t\t\t\t\t<a href=\"https:\/\/labin.net\/wp-content\/uploads\/2026\/02\/report_2025-a1758-CERTIFICADO-INSCRIPCION_2024_CR-1.pdf\">\n\t\t\t\t\t\t\t<img loading=\"lazy\" decoding=\"async\" width=\"340\" height=\"190\" src=\"https:\/\/labin.net\/wp-content\/uploads\/2026\/02\/CO2-2024.png\" class=\"attachment-large size-large wp-image-38547\" alt=\"\" srcset=\"https:\/\/labin.net\/wp-content\/uploads\/2026\/02\/CO2-2024.png 340w, https:\/\/labin.net\/wp-content\/uploads\/2026\/02\/CO2-2024-300x168.png 300w\" sizes=\"(max-width: 340px) 100vw, 340px\" \/>\t\t\t\t\t\t\t\t<\/a>\n\t\t\t\t\t\t\t\t\t\t\t\t\t\t\t<\/div>\n\t\t\t\t<\/div>\n\t\t\t\t<div class=\"elementor-element elementor-element-9ac0f8c elementor-widget elementor-widget-image\" data-id=\"9ac0f8c\" data-element_type=\"widget\" data-widget_type=\"image.default\">\n\t\t\t\t<div class=\"elementor-widget-container\">\n\t\t\t\t\t\t\t\t\t\t\t\t\t\t\t\t<a href=\"https:\/\/labin.net\/wp-content\/uploads\/2025\/08\/CERTF.-9001-ED.-6-CAST.pdf\" target=\"_blank\">\n\t\t\t\t\t\t\t<img loading=\"lazy\" decoding=\"async\" width=\"340\" height=\"190\" src=\"https:\/\/labin.net\/wp-content\/uploads\/2025\/07\/sgs-certification.png\" class=\"elementor-animation-shrink attachment-large size-large wp-image-9329\" alt=\"\" srcset=\"https:\/\/labin.net\/wp-content\/uploads\/2025\/07\/sgs-certification.png 340w, https:\/\/labin.net\/wp-content\/uploads\/2025\/07\/sgs-certification-300x168.png 300w\" sizes=\"(max-width: 340px) 100vw, 340px\" \/>\t\t\t\t\t\t\t\t<\/a>\n\t\t\t\t\t\t\t\t\t\t\t\t\t\t\t<\/div>\n\t\t\t\t<\/div>\n\t\t\t\t<div class=\"elementor-element elementor-element-236e7ec elementor-widget elementor-widget-image\" data-id=\"236e7ec\" data-element_type=\"widget\" data-widget_type=\"image.default\">\n\t\t\t\t<div class=\"elementor-widget-container\">\n\t\t\t\t\t\t\t\t\t\t\t\t\t\t\t\t<a href=\"https:\/\/labin.net\/wp-content\/uploads\/2025\/12\/SGS_ISO-14001_2015_ES2200000828_ES.pdf\" target=\"_blank\">\n\t\t\t\t\t\t\t<img loading=\"lazy\" decoding=\"async\" width=\"340\" height=\"190\" src=\"https:\/\/labin.net\/wp-content\/uploads\/2025\/07\/iso-14001.jpg\" class=\"elementor-animation-shrink attachment-large size-large wp-image-9335\" alt=\"\" srcset=\"https:\/\/labin.net\/wp-content\/uploads\/2025\/07\/iso-14001.jpg 340w, https:\/\/labin.net\/wp-content\/uploads\/2025\/07\/iso-14001-300x168.jpg 300w\" sizes=\"(max-width: 340px) 100vw, 340px\" \/>\t\t\t\t\t\t\t\t<\/a>\n\t\t\t\t\t\t\t\t\t\t\t\t\t\t\t<\/div>\n\t\t\t\t<\/div>\n\t\t\t\t<div class=\"elementor-element elementor-element-526bb31 elementor-widget elementor-widget-image\" data-id=\"526bb31\" data-element_type=\"widget\" data-widget_type=\"image.default\">\n\t\t\t\t<div class=\"elementor-widget-container\">\n\t\t\t\t\t\t\t\t\t\t\t\t\t\t\t\t<a href=\"https:\/\/labin.net\/wp-content\/uploads\/2025\/08\/ROESP-P.A.MACASA.pdf\" target=\"_blank\">\n\t\t\t\t\t\t\t<img loading=\"lazy\" decoding=\"async\" width=\"340\" height=\"190\" src=\"https:\/\/labin.net\/wp-content\/uploads\/2025\/07\/gencat-ROESP.png\" class=\"elementor-animation-shrink attachment-large size-large wp-image-9341\" alt=\"\" srcset=\"https:\/\/labin.net\/wp-content\/uploads\/2025\/07\/gencat-ROESP.png 340w, https:\/\/labin.net\/wp-content\/uploads\/2025\/07\/gencat-ROESP-300x168.png 300w\" sizes=\"(max-width: 340px) 100vw, 340px\" \/>\t\t\t\t\t\t\t\t<\/a>\n\t\t\t\t\t\t\t\t\t\t\t\t\t\t\t<\/div>\n\t\t\t\t<\/div>\n\t\t\t\t<div class=\"elementor-element elementor-element-66bdf04 elementor-widget elementor-widget-image\" data-id=\"66bdf04\" data-element_type=\"widget\" data-widget_type=\"image.default\">\n\t\t\t\t<div class=\"elementor-widget-container\">\n\t\t\t\t\t\t\t\t\t\t\t\t\t\t\t\t<a href=\"https:\/\/labin.net\/wp-content\/uploads\/2025\/08\/91-cast.pdf\" target=\"_blank\">\n\t\t\t\t\t\t\t<img loading=\"lazy\" decoding=\"async\" width=\"340\" height=\"190\" src=\"https:\/\/labin.net\/wp-content\/uploads\/2025\/07\/gencat-Laboratorio.png\" class=\"elementor-animation-shrink attachment-large size-large wp-image-9323\" alt=\"\" srcset=\"https:\/\/labin.net\/wp-content\/uploads\/2025\/07\/gencat-Laboratorio.png 340w, https:\/\/labin.net\/wp-content\/uploads\/2025\/07\/gencat-Laboratorio-300x168.png 300w\" sizes=\"(max-width: 340px) 100vw, 340px\" \/>\t\t\t\t\t\t\t\t<\/a>\n\t\t\t\t\t\t\t\t\t\t\t\t\t\t\t<\/div>\n\t\t\t\t<\/div>\n\t\t\t\t<div class=\"elementor-element elementor-element-1777ff6 elementor-widget elementor-widget-image\" data-id=\"1777ff6\" data-element_type=\"widget\" data-widget_type=\"image.default\">\n\t\t\t\t<div class=\"elementor-widget-container\">\n\t\t\t\t\t\t\t\t\t\t\t\t\t\t\t\t<a href=\"https:\/\/labin.net\/wp-content\/uploads\/2025\/08\/Otorgament-Pyme-Innovadora.pdf\" target=\"_blank\">\n\t\t\t\t\t\t\t<img loading=\"lazy\" decoding=\"async\" width=\"340\" height=\"190\" src=\"https:\/\/labin.net\/wp-content\/uploads\/2025\/07\/Pyme-Innovadora-Labin.jpg\" class=\"elementor-animation-shrink attachment-large size-large wp-image-9365\" alt=\"\" srcset=\"https:\/\/labin.net\/wp-content\/uploads\/2025\/07\/Pyme-Innovadora-Labin.jpg 340w, https:\/\/labin.net\/wp-content\/uploads\/2025\/07\/Pyme-Innovadora-Labin-300x168.jpg 300w\" sizes=\"(max-width: 340px) 100vw, 340px\" \/>\t\t\t\t\t\t\t\t<\/a>\n\t\t\t\t\t\t\t\t\t\t\t\t\t\t\t<\/div>\n\t\t\t\t<\/div>\n\t\t\t\t<\/div>\n\t\t\t\t<\/div>\n\t\t\t\t\t<\/div>\n\t\t\t\t<\/div>\n\t\t\t\t<\/div>\n\t\t","protected":false},"excerpt":{"rendered":"<p>Engag\u00e9 Qualit\u00e9 et environnement Notre politique en mati\u00e8re de Qualit\u00e9 et environnement La politique de qualit\u00e9 de Productos Labin SL est int\u00e9gr\u00e9e au manuel de qualit\u00e9 et d\u00e9montre l&rsquo;engagement de la direction \u00e0 mettre en \u0153uvre un syst\u00e8me de gestion de la qualit\u00e9 ax\u00e9 sur le service \u00e0 la client\u00e8le et l&rsquo;am\u00e9lioration continue. Par cette politique et sa communication \u00e0\u2026<\/p>\n","protected":false},"author":1,"featured_media":0,"parent":0,"menu_order":0,"comment_status":"closed","ping_status":"closed","template":"","meta":{"_acf_changed":false,"footnotes":""},"class_list":["post-37163","page","type-page","status-publish","hentry"],"acf":[],"_links":{"self":[{"href":"https:\/\/labin.net\/fr\/wp-json\/wp\/v2\/pages\/37163","targetHints":{"allow":["GET"]}}],"collection":[{"href":"https:\/\/labin.net\/fr\/wp-json\/wp\/v2\/pages"}],"about":[{"href":"https:\/\/labin.net\/fr\/wp-json\/wp\/v2\/types\/page"}],"author":[{"embeddable":true,"href":"https:\/\/labin.net\/fr\/wp-json\/wp\/v2\/users\/1"}],"replies":[{"embeddable":true,"href":"https:\/\/labin.net\/fr\/wp-json\/wp\/v2\/comments?post=37163"}],"version-history":[{"count":7,"href":"https:\/\/labin.net\/fr\/wp-json\/wp\/v2\/pages\/37163\/revisions"}],"predecessor-version":[{"id":38606,"href":"https:\/\/labin.net\/fr\/wp-json\/wp\/v2\/pages\/37163\/revisions\/38606"}],"wp:attachment":[{"href":"https:\/\/labin.net\/fr\/wp-json\/wp\/v2\/media?parent=37163"}],"curies":[{"name":"wp","href":"https:\/\/api.w.org\/{rel}","templated":true}]}}