{"id":37159,"date":"2025-07-16T07:55:25","date_gmt":"2025-07-16T07:55:25","guid":{"rendered":"https:labin.net\/smart-tech\/"},"modified":"2026-01-08T15:04:06","modified_gmt":"2026-01-08T15:04:06","slug":"smart-tech","status":"publish","type":"page","link":"https:\/\/labin.net\/fr\/smart-tech\/","title":{"rendered":"Smart Tech"},"content":{"rendered":"\t\t<div data-elementor-type=\"wp-page\" data-elementor-id=\"37159\" class=\"elementor elementor-37159 elementor-9385\" data-elementor-post-type=\"page\">\n\t\t\t\t<div class=\"elementor-element elementor-element-4f09edc e-flex e-con-boxed kitify-col-width-auto-no ignore-docs-style-no kitify-disable-relative-no e-root-container elementor-top-section e-con e-parent\" data-id=\"4f09edc\" data-element_type=\"container\" data-settings=\"{&quot;background_background&quot;:&quot;classic&quot;}\">\n\t\t\t\t\t<div class=\"e-con-inner\">\n\t\t\t\t<div class=\"elementor-element elementor-element-21c8f63 elementor-invisible kitify-has-entrance-animation elementor-widget elementor-widget-heading\" data-id=\"21c8f63\" data-element_type=\"widget\" data-settings=\"{&quot;_animation&quot;:&quot;zoomIn&quot;}\" data-widget_type=\"heading.default\">\n\t\t\t\t<div class=\"elementor-widget-container\">\n\t\t\t\t\t<h1 class=\"elementor-heading-title elementor-size-default\">Notre technologie<\/h1>\t\t\t\t<\/div>\n\t\t\t\t<\/div>\n\t\t\t\t<div class=\"elementor-element elementor-element-84f35af elementor-invisible kitify-has-entrance-animation elementor-widget elementor-widget-heading\" data-id=\"84f35af\" data-element_type=\"widget\" data-settings=\"{&quot;_animation&quot;:&quot;zoomIn&quot;}\" data-widget_type=\"heading.default\">\n\t\t\t\t<div class=\"elementor-widget-container\">\n\t\t\t\t\t<h1 class=\"elementor-heading-title elementor-size-default\">Smart Tech<\/h1>\t\t\t\t<\/div>\n\t\t\t\t<\/div>\n\t\t\t\t\t<\/div>\n\t\t\t\t<\/div>\n\t\t<div class=\"elementor-element elementor-element-2a99176 e-flex e-con-boxed kitify-col-width-auto-no ignore-docs-style-no kitify-disable-relative-no e-root-container elementor-top-section e-con e-parent\" data-id=\"2a99176\" data-element_type=\"container\">\n\t\t\t\t\t<div class=\"e-con-inner\">\n\t\t<div class=\"elementor-element elementor-element-0f605c0 e-con-full e-flex kitify-col-width-auto-no ignore-docs-style-no kitify-disable-relative-no e-con e-child\" data-id=\"0f605c0\" data-element_type=\"container\">\n\t\t\t\t<div class=\"elementor-element elementor-element-f3f6960 elementor-widget__width-initial elementor-widget elementor-widget-text-editor\" data-id=\"f3f6960\" data-element_type=\"widget\" data-widget_type=\"text-editor.default\">\n\t\t\t\t<div class=\"elementor-widget-container\">\n\t\t\t\t\t\t\t\t\t<p><strong>Labin Smart Tech<\/strong> est une technologie n\u00e9e de l&rsquo;\u00e9tude exhaustive et continue du m\u00e9tabolisme de la nutrition v\u00e9g\u00e9tale, sous tous ses aspects et dans une perspective tr\u00e8s large.<\/p>\t\t\t\t\t\t\t\t<\/div>\n\t\t\t\t<\/div>\n\t\t\t\t<div class=\"elementor-element elementor-element-0df90a0 elementor-widget-divider--view-line elementor-widget elementor-widget-divider\" data-id=\"0df90a0\" data-element_type=\"widget\" data-widget_type=\"divider.default\">\n\t\t\t\t<div class=\"elementor-widget-container\">\n\t\t\t\t\t\t\t<div class=\"elementor-divider\">\n\t\t\t<span class=\"elementor-divider-separator\">\n\t\t\t\t\t\t<\/span>\n\t\t<\/div>\n\t\t\t\t\t\t<\/div>\n\t\t\t\t<\/div>\n\t\t\t\t<div class=\"elementor-element elementor-element-dffc423 elementor-widget elementor-widget-text-editor\" data-id=\"dffc423\" data-element_type=\"widget\" data-widget_type=\"text-editor.default\">\n\t\t\t\t<div class=\"elementor-widget-container\">\n\t\t\t\t\t\t\t\t\t<p>L&rsquo;id\u00e9e que le pouvoir des \u00e9l\u00e9ments min\u00e9raux qui interviennent dans la nutrition des plantes va bien au-del\u00e0 de la r\u00e9alisation de l&rsquo;aliment lui-m\u00eame a \u00e9t\u00e9 l&rsquo;un des axes de travail les plus importants. D&rsquo;autre part, la <strong>connaissance des processus m\u00e9taboliques impliqu\u00e9s dans la nutrition<\/strong> et l&rsquo;\u00e9tude des substances organiques naturelles qui y participent ont constitu\u00e9 un axe de recherche important. Enfin, l <strong>&lsquo;\u00e9tude des min\u00e9raux strat\u00e9giques<\/strong>, non consid\u00e9r\u00e9s comme des engrais, a compl\u00e9t\u00e9 les lignes de travail.  <\/p>\t\t\t\t\t\t\t\t<\/div>\n\t\t\t\t<\/div>\n\t\t\t\t<\/div>\n\t\t\t\t\t<\/div>\n\t\t\t\t<\/div>\n\t\t<div class=\"elementor-element elementor-element-23c6550 e-flex e-con-boxed kitify-col-width-auto-no ignore-docs-style-no kitify-disable-relative-no e-root-container elementor-top-section e-con e-parent\" data-id=\"23c6550\" data-element_type=\"container\" data-settings=\"{&quot;background_background&quot;:&quot;classic&quot;}\">\n\t\t\t\t\t<div class=\"e-con-inner\">\n\t\t<div class=\"elementor-element elementor-element-30bb85a e-con-full e-flex kitify-col-width-auto-no ignore-docs-style-no kitify-disable-relative-no e-con e-child\" data-id=\"30bb85a\" data-element_type=\"container\">\n\t\t\t\t<div class=\"elementor-element elementor-element-380669e elementor-widget elementor-widget-text-editor\" data-id=\"380669e\" data-element_type=\"widget\" data-widget_type=\"text-editor.default\">\n\t\t\t\t<div class=\"elementor-widget-container\">\n\t\t\t\t\t\t\t\t\t<p>Les produits dot\u00e9s de la <strong>technologie Labin Smart Tech<\/strong> ajoutent aux \u00e9l\u00e9ments min\u00e9raux des substances <strong>organiques naturelles qui interviennent dans l&rsquo;assimilation, le transport et l&rsquo;action \u00e0 l&rsquo;int\u00e9rieur de la plante<\/strong>. La plante les reconna\u00eet comme faisant partie de son propre m\u00e9tabolisme et, par cons\u00e9quent, <strong>leur effet est beaucoup plus efficace<\/strong>. <\/p>\t\t\t\t\t\t\t\t<\/div>\n\t\t\t\t<\/div>\n\t\t\t\t<\/div>\n\t\t<div class=\"elementor-element elementor-element-712ec10 e-con-full e-flex kitify-col-width-auto-no ignore-docs-style-no kitify-disable-relative-no e-con e-child\" data-id=\"712ec10\" data-element_type=\"container\">\n\t\t\t\t<div class=\"elementor-element elementor-element-45f9929 elementor-widget elementor-widget-image\" data-id=\"45f9929\" data-element_type=\"widget\" data-widget_type=\"image.default\">\n\t\t\t\t<div class=\"elementor-widget-container\">\n\t\t\t\t\t\t\t\t\t\t\t\t\t\t\t<img fetchpriority=\"high\" decoding=\"async\" width=\"496\" height=\"497\" src=\"https:\/\/labin.net\/wp-content\/uploads\/2025\/07\/smarttech-icon.png\" class=\"attachment-large size-large wp-image-9407\" alt=\"\" srcset=\"https:\/\/labin.net\/wp-content\/uploads\/2025\/07\/smarttech-icon.png 496w, https:\/\/labin.net\/wp-content\/uploads\/2025\/07\/smarttech-icon-250x250.png 250w, https:\/\/labin.net\/wp-content\/uploads\/2025\/07\/smarttech-icon-300x300.png 300w, https:\/\/labin.net\/wp-content\/uploads\/2025\/07\/smarttech-icon-150x150.png 150w, https:\/\/labin.net\/wp-content\/uploads\/2025\/07\/smarttech-icon-50x50.png 50w, https:\/\/labin.net\/wp-content\/uploads\/2025\/07\/smarttech-icon-100x100.png 100w\" sizes=\"(max-width: 496px) 100vw, 496px\" \/>\t\t\t\t\t\t\t\t\t\t\t\t\t\t\t<\/div>\n\t\t\t\t<\/div>\n\t\t\t\t<\/div>\n\t\t\t\t\t<\/div>\n\t\t\t\t<\/div>\n\t\t<div class=\"elementor-element elementor-element-68c2a5d e-flex e-con-boxed kitify-col-width-auto-no ignore-docs-style-no kitify-disable-relative-no e-root-container elementor-top-section e-con e-parent\" data-id=\"68c2a5d\" data-element_type=\"container\">\n\t\t\t\t\t<div class=\"e-con-inner\">\n\t\t<div class=\"elementor-element elementor-element-26f03ac e-con-full e-flex kitify-col-width-auto-no ignore-docs-style-no kitify-disable-relative-no e-con e-child\" data-id=\"26f03ac\" data-element_type=\"container\">\n\t\t\t\t<div class=\"elementor-element elementor-element-dcb7f0c elementor-widget elementor-widget-text-editor\" data-id=\"dcb7f0c\" data-element_type=\"widget\" data-widget_type=\"text-editor.default\">\n\t\t\t\t<div class=\"elementor-widget-container\">\n\t\t\t\t\t\t\t\t\t<p>Il ajoute \u00e9galement aux \u00e9l\u00e9ments fertilisants classiques des min\u00e9raux naturels strat\u00e9giques qui <strong>sont directement li\u00e9s \u00e0 la vigueur des plantes<\/strong> et qui, dans certains cas, n&rsquo;ont pas encore \u00e9t\u00e9 consid\u00e9r\u00e9s comme des engrais. Le fait d&rsquo;utiliser des substances naturelles pour la formulation de ces produits <strong>signifie qu&rsquo;ils peuvent \u00eatre utilis\u00e9s en agriculture biologique, qu&rsquo;ils ont un grand pouvoir stimulant et qu&rsquo;ils sont \u00e9galement tr\u00e8s faciles \u00e0 m\u00e9langer<\/strong>. <\/p>\t\t\t\t\t\t\t\t<\/div>\n\t\t\t\t<\/div>\n\t\t\t\t<\/div>\n\t\t<div class=\"elementor-element elementor-element-23aa682 e-con-full e-flex kitify-col-width-auto-no ignore-docs-style-no kitify-disable-relative-no e-con e-child\" data-id=\"23aa682\" data-element_type=\"container\">\n\t\t\t\t<div class=\"elementor-element elementor-element-d1969fb elementor-widget elementor-widget-text-editor\" data-id=\"d1969fb\" data-element_type=\"widget\" data-widget_type=\"text-editor.default\">\n\t\t\t\t<div class=\"elementor-widget-container\">\n\t\t\t\t\t\t\t\t\t<p>Les produits dot\u00e9s de la technologie Labin Smart Tech constituent la derni\u00e8re g\u00e9n\u00e9ration de produits LABIN avanc\u00e9s, qui <strong>fournissent des solutions pour une agriculture de plus en plus technicis\u00e9e, productive et durable.<\/strong><\/p>\t\t\t\t\t\t\t\t<\/div>\n\t\t\t\t<\/div>\n\t\t\t\t<\/div>\n\t\t\t\t\t<\/div>\n\t\t\t\t<\/div>\n\t\t\t\t<\/div>\n\t\t","protected":false},"excerpt":{"rendered":"<p>Notre technologie Smart Tech Labin Smart Tech est une technologie n\u00e9e de l&rsquo;\u00e9tude exhaustive et continue du m\u00e9tabolisme de la nutrition v\u00e9g\u00e9tale, sous tous ses aspects et dans une perspective tr\u00e8s large. L&rsquo;id\u00e9e que le pouvoir des \u00e9l\u00e9ments min\u00e9raux qui interviennent dans la nutrition des plantes va bien au-del\u00e0 de la r\u00e9alisation de l&rsquo;aliment lui-m\u00eame a \u00e9t\u00e9 l&rsquo;un des axes\u2026<\/p>\n","protected":false},"author":1,"featured_media":0,"parent":0,"menu_order":0,"comment_status":"closed","ping_status":"closed","template":"","meta":{"_acf_changed":false,"footnotes":""},"class_list":["post-37159","page","type-page","status-publish","hentry"],"acf":[],"_links":{"self":[{"href":"https:\/\/labin.net\/fr\/wp-json\/wp\/v2\/pages\/37159","targetHints":{"allow":["GET"]}}],"collection":[{"href":"https:\/\/labin.net\/fr\/wp-json\/wp\/v2\/pages"}],"about":[{"href":"https:\/\/labin.net\/fr\/wp-json\/wp\/v2\/types\/page"}],"author":[{"embeddable":true,"href":"https:\/\/labin.net\/fr\/wp-json\/wp\/v2\/users\/1"}],"replies":[{"embeddable":true,"href":"https:\/\/labin.net\/fr\/wp-json\/wp\/v2\/comments?post=37159"}],"version-history":[{"count":1,"href":"https:\/\/labin.net\/fr\/wp-json\/wp\/v2\/pages\/37159\/revisions"}],"predecessor-version":[{"id":37161,"href":"https:\/\/labin.net\/fr\/wp-json\/wp\/v2\/pages\/37159\/revisions\/37161"}],"wp:attachment":[{"href":"https:\/\/labin.net\/fr\/wp-json\/wp\/v2\/media?parent=37159"}],"curies":[{"name":"wp","href":"https:\/\/api.w.org\/{rel}","templated":true}]}}