{"id":37144,"date":"2025-07-15T08:46:27","date_gmt":"2025-07-15T08:46:27","guid":{"rendered":"https:labin.net\/empreinte-carbone\/"},"modified":"2026-03-04T11:05:27","modified_gmt":"2026-03-04T11:05:27","slug":"empreinte-carbone","status":"publish","type":"page","link":"https:\/\/labin.net\/fr\/empreinte-carbone\/","title":{"rendered":"Empreinte carbone"},"content":{"rendered":"\t\t<div data-elementor-type=\"wp-page\" data-elementor-id=\"37144\" class=\"elementor elementor-37144 elementor-9250\" data-elementor-post-type=\"page\">\n\t\t\t\t<div class=\"elementor-element elementor-element-4f09edc e-flex e-con-boxed kitify-col-width-auto-no ignore-docs-style-no kitify-disable-relative-no e-root-container elementor-top-section e-con e-parent\" data-id=\"4f09edc\" data-element_type=\"container\" data-settings=\"{&quot;background_background&quot;:&quot;classic&quot;}\">\n\t\t\t\t\t<div class=\"e-con-inner\">\n\t\t\t\t<div class=\"elementor-element elementor-element-21c8f63 elementor-invisible kitify-has-entrance-animation elementor-widget elementor-widget-heading\" data-id=\"21c8f63\" data-element_type=\"widget\" data-settings=\"{&quot;_animation&quot;:&quot;zoomIn&quot;}\" data-widget_type=\"heading.default\">\n\t\t\t\t<div class=\"elementor-widget-container\">\n\t\t\t\t\t<h1 class=\"elementor-heading-title elementor-size-default\">Nous r\u00e9duisons notre<\/h1>\t\t\t\t<\/div>\n\t\t\t\t<\/div>\n\t\t\t\t<div class=\"elementor-element elementor-element-84f35af elementor-invisible kitify-has-entrance-animation elementor-widget elementor-widget-heading\" data-id=\"84f35af\" data-element_type=\"widget\" data-settings=\"{&quot;_animation&quot;:&quot;zoomIn&quot;}\" data-widget_type=\"heading.default\">\n\t\t\t\t<div class=\"elementor-widget-container\">\n\t\t\t\t\t<h1 class=\"elementor-heading-title elementor-size-default\">Empreinte carbone<\/h1>\t\t\t\t<\/div>\n\t\t\t\t<\/div>\n\t\t\t\t\t<\/div>\n\t\t\t\t<\/div>\n\t\t<div class=\"elementor-element elementor-element-2a99176 e-flex e-con-boxed kitify-col-width-auto-no ignore-docs-style-no kitify-disable-relative-no e-root-container elementor-top-section e-con e-parent\" data-id=\"2a99176\" data-element_type=\"container\">\n\t\t\t\t\t<div class=\"e-con-inner\">\n\t\t<div class=\"elementor-element elementor-element-b131e15 e-con-full e-flex kitify-col-width-auto-no ignore-docs-style-no kitify-disable-relative-no e-con e-child\" data-id=\"b131e15\" data-element_type=\"container\">\n\t\t\t\t<div class=\"elementor-element elementor-element-a6265b8 elementor-widget__width-initial elementor-widget elementor-widget-heading\" data-id=\"a6265b8\" data-element_type=\"widget\" data-widget_type=\"heading.default\">\n\t\t\t\t<div class=\"elementor-widget-container\">\n\t\t\t\t\t<h2 class=\"elementor-heading-title elementor-size-default\">Puits de carbone<\/h2>\t\t\t\t<\/div>\n\t\t\t\t<\/div>\n\t\t\t\t<div class=\"elementor-element elementor-element-dbf7e45 elementor-widget__width-initial elementor-widget elementor-widget-heading\" data-id=\"dbf7e45\" data-element_type=\"widget\" data-widget_type=\"heading.default\">\n\t\t\t\t<div class=\"elementor-widget-container\">\n\t\t\t\t\t<h2 class=\"elementor-heading-title elementor-size-default\">For\u00eat intelligente LABIN<\/h2>\t\t\t\t<\/div>\n\t\t\t\t<\/div>\n\t\t\t\t<div class=\"elementor-element elementor-element-f3f6960 elementor-widget__width-initial elementor-widget elementor-widget-text-editor\" data-id=\"f3f6960\" data-element_type=\"widget\" data-widget_type=\"text-editor.default\">\n\t\t\t\t<div class=\"elementor-widget-container\">\n\t\t\t\t\t\t\t\t\t<p>Chez LABIN, nous nous engageons dans des initiatives qui rendent la durabilit\u00e9 tangible. L&rsquo;une d&rsquo;entre elles est la <strong data-start=\"434\" data-end=\"465\">Smart Forest de LABIN<\/strong>, d\u00e9velopp\u00e9e en collaboration avec <strong>Retree et Arbre Team<\/strong>, qui r\u00e9cup\u00e8re les zones touch\u00e9es par les incendies gr\u00e2ce \u00e0 la reforestation. <\/p>\t\t\t\t\t\t\t\t<\/div>\n\t\t\t\t<\/div>\n\t\t\t\t<\/div>\n\t\t<div class=\"elementor-element elementor-element-5bd0b9f e-con-full e-flex kitify-col-width-auto-no ignore-docs-style-no kitify-disable-relative-no e-con e-child\" data-id=\"5bd0b9f\" data-element_type=\"container\">\n\t\t\t\t<div class=\"elementor-element elementor-element-e9f791c elementor-widget__width-initial elementor-widget elementor-widget-text-editor\" data-id=\"e9f791c\" data-element_type=\"widget\" data-widget_type=\"text-editor.default\">\n\t\t\t\t<div class=\"elementor-widget-container\">\n\t\t\t\t\t\t\t\t\t<p>Les arbres absorbent le CO2 et le transforment en oxyg\u00e8ne, devenant ainsi des <strong>puits de carbone<\/strong> capables de neutraliser notre empreinte environnementale. Mais le projet ne se limite pas \u00e0 la plantation d&rsquo;arbres : <strong>nous cherchons \u00e0 r\u00e9g\u00e9n\u00e9rer les \u00e9cosyst\u00e8mes<\/strong>, \u00e0 restaurer l&rsquo;habitat des esp\u00e8ces qui l&rsquo;ont perdu et \u00e0 promouvoir la <strong>biodiversit\u00e9<\/strong>. <\/p><p>En outre, cette initiative <strong>g\u00e9n\u00e8re des emplois ruraux et locaux<\/strong>, soutenant les communaut\u00e9s voisines et promouvant un impact social et environnemental positif. L&rsquo;<strong>innovation, la nature et la responsabilit\u00e9<\/strong> se rejoignent dans un projet qui montre que prendre soin de la plan\u00e8te peut aussi transformer des vies.<\/p>\t\t\t\t\t\t\t\t<\/div>\n\t\t\t\t<\/div>\n\t\t\t\t<\/div>\n\t\t\t\t\t<\/div>\n\t\t\t\t<\/div>\n\t\t<div class=\"elementor-element elementor-element-1e06938 e-flex e-con-boxed kitify-col-width-auto-no ignore-docs-style-no kitify-disable-relative-no e-root-container elementor-top-section e-con e-parent\" data-id=\"1e06938\" data-element_type=\"container\" data-settings=\"{&quot;background_background&quot;:&quot;video&quot;}\">\n\t\t\t\t\t<div class=\"e-con-inner\">\n\t\t<div class=\"elementor-element elementor-element-fa8a8ba e-con-full e-flex kitify-col-width-auto-no ignore-docs-style-no kitify-disable-relative-no e-con e-child\" data-id=\"fa8a8ba\" data-element_type=\"container\" data-settings=\"{&quot;background_background&quot;:&quot;classic&quot;}\">\n\t\t\t\t<div class=\"elementor-element elementor-element-d10e1a7 elementor-widget elementor-widget-counter\" data-id=\"d10e1a7\" data-element_type=\"widget\" data-widget_type=\"counter.default\">\n\t\t\t\t<div class=\"elementor-widget-container\">\n\t\t\t\t\t\t\t<div class=\"elementor-counter\">\n\t\t\t<div class=\"elementor-counter-title\">Arbres plant\u00e9s<\/div>\t\t\t<div class=\"elementor-counter-number-wrapper\">\n\t\t\t\t<span class=\"elementor-counter-number-prefix\"><\/span>\n\t\t\t\t<span class=\"elementor-counter-number\" data-duration=\"2000\" data-to-value=\"1325\" data-from-value=\"0\" data-delimiter=\",\">0<\/span>\n\t\t\t\t<span class=\"elementor-counter-number-suffix\"><\/span>\n\t\t\t<\/div>\n\t\t<\/div>\n\t\t\t\t\t\t<\/div>\n\t\t\t\t<\/div>\n\t\t\t\t<\/div>\n\t\t<div class=\"elementor-element elementor-element-ff37e03 e-con-full e-flex kitify-col-width-auto-no ignore-docs-style-no kitify-disable-relative-no e-con e-child\" data-id=\"ff37e03\" data-element_type=\"container\" data-settings=\"{&quot;background_background&quot;:&quot;classic&quot;}\">\n\t\t\t\t<div class=\"elementor-element elementor-element-4bae534 elementor-widget elementor-widget-counter\" data-id=\"4bae534\" data-element_type=\"widget\" data-widget_type=\"counter.default\">\n\t\t\t\t<div class=\"elementor-widget-container\">\n\t\t\t\t\t\t\t<div class=\"elementor-counter\">\n\t\t\t<div class=\"elementor-counter-title\">B\u00e9n\u00e9fice en eau (m3)<\/div>\t\t\t<div class=\"elementor-counter-number-wrapper\">\n\t\t\t\t<span class=\"elementor-counter-number-prefix\"><\/span>\n\t\t\t\t<span class=\"elementor-counter-number\" data-duration=\"2000\" data-to-value=\"60\" data-from-value=\"0\" data-delimiter=\",\">0<\/span>\n\t\t\t\t<span class=\"elementor-counter-number-suffix\"><\/span>\n\t\t\t<\/div>\n\t\t<\/div>\n\t\t\t\t\t\t<\/div>\n\t\t\t\t<\/div>\n\t\t\t\t<\/div>\n\t\t<div class=\"elementor-element elementor-element-d7772e2 e-con-full e-flex kitify-col-width-auto-no ignore-docs-style-no kitify-disable-relative-no e-con e-child\" data-id=\"d7772e2\" data-element_type=\"container\" data-settings=\"{&quot;background_background&quot;:&quot;classic&quot;}\">\n\t\t\t\t<div class=\"elementor-element elementor-element-95b77ab elementor-widget elementor-widget-counter\" data-id=\"95b77ab\" data-element_type=\"widget\" data-widget_type=\"counter.default\">\n\t\t\t\t<div class=\"elementor-widget-container\">\n\t\t\t\t\t\t\t<div class=\"elementor-counter\">\n\t\t\t<div class=\"elementor-counter-title\">Heures de travail en milieu rural  <\/div>\t\t\t<div class=\"elementor-counter-number-wrapper\">\n\t\t\t\t<span class=\"elementor-counter-number-prefix\"><\/span>\n\t\t\t\t<span class=\"elementor-counter-number\" data-duration=\"2000\" data-to-value=\"397\" data-from-value=\"0\" data-delimiter=\",\">0<\/span>\n\t\t\t\t<span class=\"elementor-counter-number-suffix\"><\/span>\n\t\t\t<\/div>\n\t\t<\/div>\n\t\t\t\t\t\t<\/div>\n\t\t\t\t<\/div>\n\t\t\t\t<\/div>\n\t\t<div class=\"elementor-element elementor-element-9feba2d e-con-full e-flex kitify-col-width-auto-no ignore-docs-style-no kitify-disable-relative-no e-con e-child\" data-id=\"9feba2d\" data-element_type=\"container\" data-settings=\"{&quot;background_background&quot;:&quot;classic&quot;}\">\n\t\t\t\t<div class=\"elementor-element elementor-element-07a237f elementor-flip-box--effect-flip elementor-flip-box--direction-up elementor-widget elementor-widget-flip-box\" data-id=\"07a237f\" data-element_type=\"widget\" data-widget_type=\"flip-box.default\">\n\t\t\t\t<div class=\"elementor-widget-container\">\n\t\t\t\t\t\t\t<div class=\"elementor-flip-box\" tabindex=\"0\">\n\t\t\t<div class=\"elementor-flip-box__layer elementor-flip-box__front\">\n\t\t\t\t<div class=\"elementor-flip-box__layer__overlay\">\n\t\t\t\t\t<div class=\"elementor-flip-box__layer__inner\">\n\t\t\t\t\t\t\t\t\t\t\t\t\t<div class=\"elementor-icon-wrapper elementor-view-default\">\n\t\t\t\t\t\t\t\t<div class=\"elementor-icon\">\n\t\t\t\t\t\t\t\t\t<i aria-hidden=\"true\" class=\"dlicon nature_tree-02\"><\/i>\t\t\t\t\t\t\t\t<\/div>\n\t\t\t\t\t\t\t<\/div>\n\t\t\t\t\t\t\n\t\t\t\t\t\t\t\t\t\t\t\t\t<h3 class=\"elementor-flip-box__layer__title\">\n\t\t\t\t\t\t\t\tJE VEUX PLANTER UN ARBRE !\t\t\t\t\t\t\t<\/h3>\n\t\t\t\t\t\t\n\t\t\t\t\t\t\t\t\t\t\t\t\t<div class=\"elementor-flip-box__layer__description\">\n\t\t\t\t\t\t\t\tEt vous, savez-vous comment vous pouvez contribuer ? Eh bien, nous vous facilitons la t\u00e2che ! Contribuez gratuitement en un seul CLIC !  \t\t\t\t\t\t\t<\/div>\n\t\t\t\t\t\t\t\t\t\t\t<\/div>\n\t\t\t\t<\/div>\n\t\t\t<\/div>\n\t\t\t<div class=\"elementor-flip-box__layer elementor-flip-box__back\">\n\t\t\t<div class=\"elementor-flip-box__layer__overlay\">\n\t\t\t\t<div class=\"elementor-flip-box__layer__inner\">\n\t\t\t\t\t\t\t\t\t\t\t<h3 class=\"elementor-flip-box__layer__title\">\n\t\t\t\t\t\t\tPLANTEZ VOTRE ARBRE GRATUITEMENT\t\t\t\t\t\t<\/h3>\n\t\t\t\t\t\n\t\t\t\t\t\n\t\t\t\t\t\t\t\t\t\t\t<a class=\"elementor-flip-box__button elementor-button elementor-size-sm\" href=\"https:\/\/treegital.retreetheplanet.com\/landing?forestId=0fb4827f-b1ba-4ad3-9316-a7be1141c347&#038;amp%3Bpreview=true&#038;amp%3Blang=es\">\n\t\t\t\t\t\t\tPLANTE\t\t\t\t\t\t<\/a>\n\t\t\t\t\t\t\t\t<\/div>\n\t\t<\/div>\n\t\t<\/div>\n\t\t<\/div>\n\t\t\t\t\t\t<\/div>\n\t\t\t\t<\/div>\n\t\t\t\t<\/div>\n\t\t\t\t\t<\/div>\n\t\t\t\t<\/div>\n\t\t<div class=\"elementor-element elementor-element-10051ab e-flex e-con-boxed kitify-col-width-auto-no ignore-docs-style-no kitify-disable-relative-no e-root-container elementor-top-section e-con e-parent\" data-id=\"10051ab\" data-element_type=\"container\" data-settings=\"{&quot;background_background&quot;:&quot;classic&quot;}\">\n\t\t\t\t\t<div class=\"e-con-inner\">\n\t\t\t\t<div class=\"elementor-element elementor-element-a5c449e elementor-widget elementor-widget-html\" data-id=\"a5c449e\" data-element_type=\"widget\" data-widget_type=\"html.default\">\n\t\t\t\t<div class=\"elementor-widget-container\">\n\t\t\t\t\t<iframe style=\"border: none;\" src=\"https:\/\/retreetheplanet.com\/embed\/forest-carbon-info?forestId=0fb4827f-b1ba-4ad3-9316-a7be1141c347\" width=\"100%\" height=\"580\" scrolling=\"yes\" data-gtm-yt-inspected-12=\"true\" data-dashlane-frameid=\"3144\"><\/iframe>\t\t\t\t<\/div>\n\t\t\t\t<\/div>\n\t\t\t\t\t<\/div>\n\t\t\t\t<\/div>\n\t\t<div class=\"elementor-element elementor-element-68e0288 e-flex e-con-boxed kitify-col-width-auto-no ignore-docs-style-no kitify-disable-relative-no e-root-container elementor-top-section e-con e-parent\" data-id=\"68e0288\" data-element_type=\"container\" data-settings=\"{&quot;background_background&quot;:&quot;classic&quot;}\">\n\t\t\t\t\t<div class=\"e-con-inner\">\n\t\t\t\t<div class=\"elementor-element elementor-element-15b0be1 elementor-widget elementor-widget-video\" data-id=\"15b0be1\" data-element_type=\"widget\" data-settings=\"{&quot;youtube_url&quot;:&quot;https:\\\/\\\/youtu.be\\\/Z8lt4gbudzQ?si=bXhJ2ZdwUyiNADtZ&quot;,&quot;autoplay&quot;:&quot;yes&quot;,&quot;loop&quot;:&quot;yes&quot;,&quot;video_type&quot;:&quot;youtube&quot;,&quot;controls&quot;:&quot;yes&quot;}\" data-widget_type=\"video.default\">\n\t\t\t\t<div class=\"elementor-widget-container\">\n\t\t\t\t\t\t\t<div class=\"elementor-wrapper elementor-open-inline\">\n\t\t\t<div class=\"elementor-video\"><\/div>\t\t<\/div>\n\t\t\t\t\t\t<\/div>\n\t\t\t\t<\/div>\n\t\t\t\t\t<\/div>\n\t\t\t\t<\/div>\n\t\t<div class=\"elementor-element elementor-element-63db592 e-flex e-con-boxed kitify-col-width-auto-no ignore-docs-style-no kitify-disable-relative-no e-root-container elementor-top-section e-con e-parent\" data-id=\"63db592\" data-element_type=\"container\">\n\t\t\t\t\t<div class=\"e-con-inner\">\n\t\t<div class=\"elementor-element elementor-element-25350e7 e-con-full e-flex kitify-col-width-auto-no ignore-docs-style-no kitify-disable-relative-no e-con e-child\" data-id=\"25350e7\" data-element_type=\"container\">\n\t\t\t\t<div class=\"elementor-element elementor-element-ed20579 elementor-widget__width-initial elementor-widget elementor-widget-heading\" data-id=\"ed20579\" data-element_type=\"widget\" data-widget_type=\"heading.default\">\n\t\t\t\t<div class=\"elementor-widget-container\">\n\t\t\t\t\t<h2 class=\"elementor-heading-title elementor-size-default\">Empreinte carbone<\/h2>\t\t\t\t<\/div>\n\t\t\t\t<\/div>\n\t\t\t\t<div class=\"elementor-element elementor-element-fceecd0 elementor-widget__width-initial elementor-widget elementor-widget-heading\" data-id=\"fceecd0\" data-element_type=\"widget\" data-widget_type=\"heading.default\">\n\t\t\t\t<div class=\"elementor-widget-container\">\n\t\t\t\t\t<h2 class=\"elementor-heading-title elementor-size-default\">Plan de r\u00e9duction<\/h2>\t\t\t\t<\/div>\n\t\t\t\t<\/div>\n\t\t\t\t<div class=\"elementor-element elementor-element-4ececcd elementor-widget__width-initial elementor-widget elementor-widget-text-editor\" data-id=\"4ececcd\" data-element_type=\"widget\" data-widget_type=\"text-editor.default\">\n\t\t\t\t<div class=\"elementor-widget-container\">\n\t\t\t\t\t\t\t\t\t<p>L&#8217;empreinte carbone est un indicateur environnemental qui quantifie les \u00e9missions de gaz \u00e0 effet de serre des organisations, principale cause du changement climatique. La <strong>r\u00e9duction de l&#8217;empreinte carbone<\/strong> est une mesure essentielle pour la contribution de LABIN \u00e0 la lutte mondiale contre le changement climatique.<\/p><p>En ce sens, la r\u00e9duction de l&#8217;empreinte carbone r\u00e9pond aux <strong>Objectifs de d\u00e9veloppement durable (ODD)<\/strong>, promus par les Nations unies \u00e0 travers l&rsquo;Agenda 2030.<\/p>\t\t\t\t\t\t\t\t<\/div>\n\t\t\t\t<\/div>\n\t\t\t\t<\/div>\n\t\t<div class=\"elementor-element elementor-element-a93f091 e-con-full e-flex kitify-col-width-auto-no ignore-docs-style-no kitify-disable-relative-no e-con e-child\" data-id=\"a93f091\" data-element_type=\"container\">\n\t\t\t\t<div class=\"elementor-element elementor-element-ea859fb elementor-widget__width-initial elementor-widget elementor-widget-text-editor\" data-id=\"ea859fb\" data-element_type=\"widget\" data-widget_type=\"text-editor.default\">\n\t\t\t\t<div class=\"elementor-widget-container\">\n\t\t\t\t\t\t\t\t\t<p>Pour r\u00e9duire son empreinte carbone, LABIN a \u00e9labor\u00e9 un plan de r\u00e9duction de l&#8217;empreinte carbone bas\u00e9 sur la valeur de Tn de<sub>CO2 r\u00e9sultant <\/sub>du calcul effectu\u00e9 avec le calculateur MITECO et Scope 1+2. Gr\u00e2ce \u00e0 ce calcul, nous pouvons conna\u00eetre les activit\u00e9s qui contribuent \u00e0 l&rsquo;\u00e9mission de gaz \u00e0 effet de serre et nous concentrer sur leur r\u00e9duction. Comment ?  <\/p>\t\t\t\t\t\t\t\t<\/div>\n\t\t\t\t<\/div>\n\t\t\t\t<div class=\"elementor-element elementor-element-ef04630 elementor-icon-list--layout-traditional elementor-list-item-link-full_width elementor-widget elementor-widget-icon-list\" data-id=\"ef04630\" data-element_type=\"widget\" data-widget_type=\"icon-list.default\">\n\t\t\t\t<div class=\"elementor-widget-container\">\n\t\t\t\t\t\t\t<ul class=\"elementor-icon-list-items\">\n\t\t\t\t\t\t\t<li class=\"elementor-icon-list-item\">\n\t\t\t\t\t\t\t\t\t\t\t<span class=\"elementor-icon-list-icon\">\n\t\t\t\t\t\t\t<svg aria-hidden=\"true\" class=\"e-font-icon-svg e-fas-check\" viewBox=\"0 0 512 512\" xmlns=\"http:\/\/www.w3.org\/2000\/svg\"><path d=\"M173.898 439.404l-166.4-166.4c-9.997-9.997-9.997-26.206 0-36.204l36.203-36.204c9.997-9.998 26.207-9.998 36.204 0L192 312.69 432.095 72.596c9.997-9.997 26.207-9.997 36.204 0l36.203 36.204c9.997 9.997 9.997 26.206 0 36.204l-294.4 294.401c-9.998 9.997-26.207 9.997-36.204-.001z\"><\/path><\/svg>\t\t\t\t\t\t<\/span>\n\t\t\t\t\t\t\t\t\t\t<span class=\"elementor-icon-list-text\">Nous nous sommes engag\u00e9s \u00e0 r\u00e9duire notre empreinte carbone de 70 % dans notre usine d'engrais liquides et solides d'ici 5 ans, en adoptant des chariots \u00e9l\u00e9vateurs \u00e9lectriques, r\u00e9duisant ainsi la consommation de combustibles fossiles, et en achetant de l'\u00e9lectricit\u00e9 provenant \u00e0 100 % d'\u00e9nergies renouvelables et assortie d'une garantie d'origine (GoO).<\/span>\n\t\t\t\t\t\t\t\t\t<\/li>\n\t\t\t\t\t\t\t\t<li class=\"elementor-icon-list-item\">\n\t\t\t\t\t\t\t\t\t\t\t<span class=\"elementor-icon-list-icon\">\n\t\t\t\t\t\t\t<svg aria-hidden=\"true\" class=\"e-font-icon-svg e-fas-check\" viewBox=\"0 0 512 512\" xmlns=\"http:\/\/www.w3.org\/2000\/svg\"><path d=\"M173.898 439.404l-166.4-166.4c-9.997-9.997-9.997-26.206 0-36.204l36.203-36.204c9.997-9.998 26.207-9.998 36.204 0L192 312.69 432.095 72.596c9.997-9.997 26.207-9.997 36.204 0l36.203 36.204c9.997 9.997 9.997 26.206 0 36.204l-294.4 294.401c-9.998 9.997-26.207 9.997-36.204-.001z\"><\/path><\/svg>\t\t\t\t\t\t<\/span>\n\t\t\t\t\t\t\t\t\t\t<span class=\"elementor-icon-list-text\">Dans notre usine d'engrais granul\u00e9s, nous avons \u00e9limin\u00e9 le gaz dans notre processus de fabrication en utilisant de la biomasse v\u00e9g\u00e9tale, r\u00e9duisant ainsi les \u00e9missions de gaz \u00e0 effet de serre. D'autre part, nous poursuivons notre engagement \u00e0 r\u00e9duire les \u00e9missions en am\u00e9liorant diff\u00e9rents aspects de nos processus. <\/span>\n\t\t\t\t\t\t\t\t\t<\/li>\n\t\t\t\t\t\t<\/ul>\n\t\t\t\t\t\t<\/div>\n\t\t\t\t<\/div>\n\t\t\t\t<\/div>\n\t\t\t\t\t<\/div>\n\t\t\t\t<\/div>\n\t\t<div class=\"elementor-element elementor-element-75ece82 e-flex e-con-boxed kitify-col-width-auto-no ignore-docs-style-no kitify-disable-relative-no e-root-container elementor-top-section e-con e-parent\" data-id=\"75ece82\" data-element_type=\"container\">\n\t\t\t\t\t<div class=\"e-con-inner\">\n\t\t\t\t<div class=\"elementor-element elementor-element-931e30a elementor-blockquote--skin-quotation elementor-blockquote--align-left elementor-blockquote--button-view-text elementor-blockquote--button-skin-link elementor-widget elementor-widget-blockquote\" data-id=\"931e30a\" data-element_type=\"widget\" data-widget_type=\"blockquote.default\">\n\t\t\t\t<div class=\"elementor-widget-container\">\n\t\t\t\t\t\t\t<blockquote class=\"elementor-blockquote\">\n\t\t\t<p class=\"elementor-blockquote__content\">\n\t\t\t\tNous sommes fiers de pouvoir contribuer \u00e0 la pr\u00e9servation de l'environnement, en \u0153uvrant pour un avenir propre, sans \u00e9nergie non renouvelable.\t\t\t<\/p>\n\t\t\t\t\t\t\t<div class=\"e-q-footer\">\n\t\t\t\t\t\t\t\t\t\t\t\t\t\t\t\t<a href=\"https:\/\/twitter.com\/intent\/tweet?text=Nous+sommes+fiers+de+pouvoir+contribuer+%C3%A0+la+pr%C3%A9servation+de+l%27environnement%2C+en+%C5%93uvrant+pour+un+avenir+propre%2C+sans+%C3%A9nergie+non+renouvelable.&amp;url=https%3A%2F%2Flabin.net%2Ffr%2F%2Ffr%2Fwp-json%2Fwp%2Fv2%2Fpages%2F37144\" class=\"elementor-blockquote__tweet-button\" target=\"_blank\">\n\t\t\t\t\t\t\t\t\t\t\t\t\t\t\t\t\t\t\t\t\t\t<span class=\"elementor-blockquote__tweet-label\"><\/span>\n\t\t\t\t\t\t\t\t\t\t\t\t\t<\/a>\n\t\t\t\t\t\t\t\t\t<\/div>\n\t\t\t\t\t<\/blockquote>\n\t\t\t\t\t\t<\/div>\n\t\t\t\t<\/div>\n\t\t\t\t\t<\/div>\n\t\t\t\t<\/div>\n\t\t<div class=\"elementor-element elementor-element-b4e2389 e-flex e-con-boxed kitify-col-width-auto-no ignore-docs-style-no kitify-disable-relative-no e-root-container elementor-top-section e-con e-parent\" data-id=\"b4e2389\" data-element_type=\"container\">\n\t\t\t\t\t<div class=\"e-con-inner\">\n\t\t<div class=\"elementor-element elementor-element-6ca5c47 e-grid e-con-full kitify-col-width-auto-no ignore-docs-style-no kitify-disable-relative-no e-con e-child\" data-id=\"6ca5c47\" data-element_type=\"container\">\n\t\t\t\t<div class=\"elementor-element elementor-element-b810256 elementor-widget elementor-widget-image\" data-id=\"b810256\" data-element_type=\"widget\" data-widget_type=\"image.default\">\n\t\t\t\t<div class=\"elementor-widget-container\">\n\t\t\t\t\t\t\t\t\t\t\t\t\t\t\t\t<a href=\"https:\/\/labin.net\/wp-content\/uploads\/2025\/08\/2024-a2204-CERTIFICADO-INSCRIPCION_2023_C.pdf\" target=\"_blank\">\n\t\t\t\t\t\t\t<img fetchpriority=\"high\" decoding=\"async\" width=\"340\" height=\"190\" src=\"https:\/\/labin.net\/wp-content\/uploads\/2025\/12\/2024.png\" class=\"elementor-animation-shrink attachment-large size-large wp-image-36458\" alt=\"\" srcset=\"https:\/\/labin.net\/wp-content\/uploads\/2025\/12\/2024.png 340w, https:\/\/labin.net\/wp-content\/uploads\/2025\/12\/2024-300x168.png 300w\" sizes=\"(max-width: 340px) 100vw, 340px\" \/>\t\t\t\t\t\t\t\t<\/a>\n\t\t\t\t\t\t\t\t\t\t\t\t\t\t\t<\/div>\n\t\t\t\t<\/div>\n\t\t\t\t<div class=\"elementor-element elementor-element-37b8492 elementor-widget elementor-widget-image\" data-id=\"37b8492\" data-element_type=\"widget\" data-widget_type=\"image.default\">\n\t\t\t\t<div class=\"elementor-widget-container\">\n\t\t\t\t\t\t\t\t\t\t\t\t\t\t\t\t<a href=\"https:\/\/labin.net\/wp-content\/uploads\/2025\/08\/2023-a3745-CERTIFICADO-INSCRIPCION_2022_C.pdf\" target=\"_blank\">\n\t\t\t\t\t\t\t<img decoding=\"async\" width=\"340\" height=\"190\" src=\"https:\/\/labin.net\/wp-content\/uploads\/2025\/07\/Certificado-co2-Labin-2023.jpg\" class=\"elementor-animation-shrink attachment-large size-large wp-image-9317\" alt=\"\" srcset=\"https:\/\/labin.net\/wp-content\/uploads\/2025\/07\/Certificado-co2-Labin-2023.jpg 340w, https:\/\/labin.net\/wp-content\/uploads\/2025\/07\/Certificado-co2-Labin-2023-300x168.jpg 300w\" sizes=\"(max-width: 340px) 100vw, 340px\" \/>\t\t\t\t\t\t\t\t<\/a>\n\t\t\t\t\t\t\t\t\t\t\t\t\t\t\t<\/div>\n\t\t\t\t<\/div>\n\t\t\t\t<div class=\"elementor-element elementor-element-4917c60 elementor-widget elementor-widget-image\" data-id=\"4917c60\" data-element_type=\"widget\" data-widget_type=\"image.default\">\n\t\t\t\t<div class=\"elementor-widget-container\">\n\t\t\t\t\t\t\t\t\t\t\t\t\t\t\t\t<a href=\"https:\/\/labin.net\/wp-content\/uploads\/2025\/08\/2022-a1904-CERTIFICADO-INSCRIPCION_2021_C.pdf\" target=\"_blank\">\n\t\t\t\t\t\t\t<img decoding=\"async\" width=\"340\" height=\"190\" src=\"https:\/\/labin.net\/wp-content\/uploads\/2025\/07\/Certificado-co2-Labin-2022-ok.jpg\" class=\"elementor-animation-shrink attachment-large size-large wp-image-9305\" alt=\"\" srcset=\"https:\/\/labin.net\/wp-content\/uploads\/2025\/07\/Certificado-co2-Labin-2022-ok.jpg 340w, https:\/\/labin.net\/wp-content\/uploads\/2025\/07\/Certificado-co2-Labin-2022-ok-300x168.jpg 300w\" sizes=\"(max-width: 340px) 100vw, 340px\" \/>\t\t\t\t\t\t\t\t<\/a>\n\t\t\t\t\t\t\t\t\t\t\t\t\t\t\t<\/div>\n\t\t\t\t<\/div>\n\t\t\t\t<div class=\"elementor-element elementor-element-70a30e7 elementor-widget elementor-widget-image\" data-id=\"70a30e7\" data-element_type=\"widget\" data-widget_type=\"image.default\">\n\t\t\t\t<div class=\"elementor-widget-container\">\n\t\t\t\t\t\t\t\t\t\t\t\t\t\t\t<img loading=\"lazy\" decoding=\"async\" width=\"340\" height=\"190\" src=\"https:\/\/labin.net\/wp-content\/uploads\/2025\/07\/Certificado-co2-Labin.jpg\" class=\"attachment-large size-large wp-image-9311\" alt=\"\" srcset=\"https:\/\/labin.net\/wp-content\/uploads\/2025\/07\/Certificado-co2-Labin.jpg 340w, https:\/\/labin.net\/wp-content\/uploads\/2025\/07\/Certificado-co2-Labin-300x168.jpg 300w\" sizes=\"(max-width: 340px) 100vw, 340px\" \/>\t\t\t\t\t\t\t\t\t\t\t\t\t\t\t<\/div>\n\t\t\t\t<\/div>\n\t\t\t\t<\/div>\n\t\t\t\t\t<\/div>\n\t\t\t\t<\/div>\n\t\t\t\t<\/div>\n\t\t","protected":false},"excerpt":{"rendered":"<p>Nous r\u00e9duisons notre Empreinte carbone Puits de carbone For\u00eat intelligente LABIN Chez LABIN, nous nous engageons dans des initiatives qui rendent la durabilit\u00e9 tangible. L&rsquo;une d&rsquo;entre elles est la Smart Forest de LABIN, d\u00e9velopp\u00e9e en collaboration avec Retree et Arbre Team, qui r\u00e9cup\u00e8re les zones touch\u00e9es par les incendies gr\u00e2ce \u00e0 la reforestation. Les arbres absorbent le CO2 et le\u2026<\/p>\n","protected":false},"author":1,"featured_media":0,"parent":0,"menu_order":0,"comment_status":"closed","ping_status":"closed","template":"","meta":{"_acf_changed":false,"footnotes":""},"class_list":["post-37144","page","type-page","status-publish","hentry"],"acf":[],"_links":{"self":[{"href":"https:\/\/labin.net\/fr\/wp-json\/wp\/v2\/pages\/37144","targetHints":{"allow":["GET"]}}],"collection":[{"href":"https:\/\/labin.net\/fr\/wp-json\/wp\/v2\/pages"}],"about":[{"href":"https:\/\/labin.net\/fr\/wp-json\/wp\/v2\/types\/page"}],"author":[{"embeddable":true,"href":"https:\/\/labin.net\/fr\/wp-json\/wp\/v2\/users\/1"}],"replies":[{"embeddable":true,"href":"https:\/\/labin.net\/fr\/wp-json\/wp\/v2\/comments?post=37144"}],"version-history":[{"count":7,"href":"https:\/\/labin.net\/fr\/wp-json\/wp\/v2\/pages\/37144\/revisions"}],"predecessor-version":[{"id":38686,"href":"https:\/\/labin.net\/fr\/wp-json\/wp\/v2\/pages\/37144\/revisions\/38686"}],"wp:attachment":[{"href":"https:\/\/labin.net\/fr\/wp-json\/wp\/v2\/media?parent=37144"}],"curies":[{"name":"wp","href":"https:\/\/api.w.org\/{rel}","templated":true}]}}