{"id":37781,"date":"2025-12-05T11:00:56","date_gmt":"2025-12-05T11:00:56","guid":{"rendered":"https:labin.net\/producto\/labin-humipower\/"},"modified":"2026-01-19T11:22:14","modified_gmt":"2026-01-19T11:22:14","slug":"labin-humipower","status":"publish","type":"product","link":"https:\/\/labin.net\/ca\/producto\/labin-humipower\/","title":{"rendered":"LABIN HUMIPOWER"},"content":{"rendered":"<p>Producte s\u00f2lid basat en un concentrat d&#8217;\u00e0cids h\u00famics extrets de leonardites actives joves.<\/p>\n<p>Presenta l&#8217;avantatge de resistir l&#8217;aigua dura, controlar l&#8217;aparici\u00f3 de fl\u00f2culs i dip\u00f2sits a la soluci\u00f3 nutritiva. El seu baix pes molecular afavoreix la capacitat de formaci\u00f3 de complexos i l&#8217;absorci\u00f3 per la planta.<\/p>\n<p>Gr\u00e0cies a aquest contingut en subst\u00e0ncies h\u00famiques, est\u00e0 especialment indicat per millorar la fertilitat dels s\u00f2ls en tota mena de cultius.<\/p>\n","protected":false},"excerpt":{"rendered":"<ul>\n<li><strong>Alta solubilitat<\/strong><\/li>\n<li><strong>Millora la fertilitat del terra<\/strong><\/li>\n<li><strong>Augment de la reserva de nutrients i augment de la capacitat d&#8217;intercanvi cati\u00f2nic<\/strong><\/li>\n<\/ul>\n","protected":false},"featured_media":36121,"comment_status":"closed","ping_status":"closed","template":"","meta":{"_acf_changed":false},"cultivo":[606,623,639,663,686,710,607,624,641,664,687,608,625,643,666,688,609,626,644,668,689,610,627,646,670,691,611,628,647,672,693,612,629,648,674,695,613,630,649,676,697,614,631,650,677,698,615,632,652,678,700,133,616,633,654,679,702,134,617,634,656,680,704,602,618,635,658,681,706,603,619,636,659,682,707,604,620,637,661,683,708,605,621,638,662,684,709],"ecologico":[827],"medioambiente":[846],"solucion":[939,944],"tipo-de-aplicacion":[712],"product_brand":[],"product_cat":[998],"product_tag":[],"class_list":{"0":"post-37781","1":"product","2":"type-product","3":"status-publish","4":"has-post-thumbnail","6":"cultivo-albercoc","7":"cultivo-lima-2","8":"cultivo-coco","9":"cultivo-brocoli","10":"cultivo-cogombre","11":"cultivo-flors","12":"cultivo-ametller","13":"cultivo-mandari","14":"cultivo-fruits-rojos-berries","15":"cultivo-carbasso","16":"cultivo-pebrot","17":"cultivo-avellaner","18":"cultivo-poma","19":"cultivo-guayaba","20":"cultivo-carabassa","21":"cultivo-porro","22":"cultivo-caqui","23":"cultivo-pressec","24":"cultivo-lychee","25":"cultivo-ceba","26":"cultivo-rave","27":"cultivo-castany","28":"cultivo-codonyer","29":"cultivo-manec","30":"cultivo-col","31":"cultivo-remolatxa","32":"cultivo-cirerer","33":"cultivo-taronger","34":"cultivo-maracuia","35":"cultivo-cols-de-brusselles","36":"cultivo-rucula","37":"cultivo-prunera","38":"cultivo-nectarina","39":"cultivo-papaia","40":"cultivo-coliflor","41":"cultivo-sindria","42":"cultivo-clementi","43":"cultivo-noguera","44":"cultivo-pinya","45":"cultivo-escarola","46":"cultivo-soja-verda","47":"cultivo-granat","48":"cultivo-olivera","49":"cultivo-pitahaya","50":"cultivo-espinac","51":"cultivo-tomaquet","52":"cultivo-figuera","53":"cultivo-parra-ornamental","54":"cultivo-tamarindo","55":"cultivo-pesol","56":"cultivo-pastanaga","57":"cultivo-tropicals","58":"cultivo-kiwi","59":"cultivo-perera","60":"cultivo-te","61":"cultivo-fava-tendra","62":"cultivo-cereals","63":"cultivo-cacau","64":"cultivo-llimoner","65":"cultivo-festuc","66":"cultivo-yuca","67":"cultivo-mongeta-tendra","68":"cultivo-farratgeres-i-pastures","69":"cultivo-fruiters","70":"cultivo-alvocat","71":"cultivo-aranja","72":"cultivo-bleda-2","73":"cultivo-enciam","74":"cultivo-lleguminoses-extensives-2","75":"cultivo-horticoles","76":"cultivo-bana-platan","77":"cultivo-videu","78":"cultivo-all","79":"cultivo-melo","80":"cultivo-oleaginoses","81":"cultivo-extensius","82":"cultivo-cafe","83":"cultivo-canya-de-sucre","84":"cultivo-alberginia","85":"cultivo-nap","86":"cultivo-arbres-ornamentals","87":"cultivo-parcs-i-jardins","88":"cultivo-carambola","89":"cultivo-chirimoya","90":"cultivo-moniato","91":"cultivo-patata","92":"cultivo-gespedes","93":"ecologico-si","94":"medioambiente-eficiencia-de-lus-de-nutrients","95":"solucion-millorar-la-salut-del-sol","96":"solucion-augment-qualitat-fruit","97":"tipo-de-aplicacion-fertirrigacio","98":"product_cat-condicionadors-de-sol","100":"first","101":"instock","102":"shipping-taxable","103":"product-type-simple"},"acf":[],"_links":{"self":[{"href":"https:\/\/labin.net\/ca\/wp-json\/wp\/v2\/product\/37781","targetHints":{"allow":["GET"]}}],"collection":[{"href":"https:\/\/labin.net\/ca\/wp-json\/wp\/v2\/product"}],"about":[{"href":"https:\/\/labin.net\/ca\/wp-json\/wp\/v2\/types\/product"}],"replies":[{"embeddable":true,"href":"https:\/\/labin.net\/ca\/wp-json\/wp\/v2\/comments?post=37781"}],"wp:featuredmedia":[{"embeddable":true,"href":"https:\/\/labin.net\/ca\/wp-json\/wp\/v2\/media\/36121"}],"wp:attachment":[{"href":"https:\/\/labin.net\/ca\/wp-json\/wp\/v2\/media?parent=37781"}],"wp:term":[{"taxonomy":"cultivo","embeddable":true,"href":"https:\/\/labin.net\/ca\/wp-json\/wp\/v2\/cultivo?post=37781"},{"taxonomy":"ecologico","embeddable":true,"href":"https:\/\/labin.net\/ca\/wp-json\/wp\/v2\/ecologico?post=37781"},{"taxonomy":"medioambiente","embeddable":true,"href":"https:\/\/labin.net\/ca\/wp-json\/wp\/v2\/medioambiente?post=37781"},{"taxonomy":"solucion","embeddable":true,"href":"https:\/\/labin.net\/ca\/wp-json\/wp\/v2\/solucion?post=37781"},{"taxonomy":"tipo-de-aplicacion","embeddable":true,"href":"https:\/\/labin.net\/ca\/wp-json\/wp\/v2\/tipo-de-aplicacion?post=37781"},{"taxonomy":"product_brand","embeddable":true,"href":"https:\/\/labin.net\/ca\/wp-json\/wp\/v2\/product_brand?post=37781"},{"taxonomy":"product_cat","embeddable":true,"href":"https:\/\/labin.net\/ca\/wp-json\/wp\/v2\/product_cat?post=37781"},{"taxonomy":"product_tag","embeddable":true,"href":"https:\/\/labin.net\/ca\/wp-json\/wp\/v2\/product_tag?post=37781"}],"curies":[{"name":"wp","href":"https:\/\/api.w.org\/{rel}","templated":true}]}}