{"id":37770,"date":"2025-12-05T11:00:56","date_gmt":"2025-12-05T11:00:56","guid":{"rendered":"https:labin.net\/producto\/labin-humico-16\/"},"modified":"2026-01-19T11:21:09","modified_gmt":"2026-01-19T11:21:09","slug":"labin-humico-16","status":"publish","type":"product","link":"https:\/\/labin.net\/ca\/producto\/labin-humico-16\/","title":{"rendered":"LABIN HUMICO 16%"},"content":{"rendered":"<p>Producte l\u00edquid, amb un alt contingut en \u00e0cids h\u00famics i f\u00falvics, procedents de leonardeta.<\/p>\n<p>Producte estable, totalment soluble, sense olor, de f\u00e0cil i c\u00f2moda utilitzaci\u00f3 en fertirrigaci\u00f3.<\/p>\n<p>Les subst\u00e0ncies h\u00famiques milloren directament la fertilitat del s\u00f2l, especialment pel que fa a la seva capacitat d&#8217;intercanvi cati\u00f2nic i, per tant, a l&#8217;alliberament de nutrients.<\/p>\n","protected":false},"excerpt":{"rendered":"<ul>\n<li><strong>Millora la fertilitat del terra<\/strong><\/li>\n<li><strong>Augment de la capacitat d&#8217;intercanvi cati\u00f2nic<\/strong><\/li>\n<li><strong>Augment reserva de nutrients<\/strong><\/li>\n<\/ul>\n","protected":false},"featured_media":36109,"comment_status":"closed","ping_status":"closed","template":"","meta":{"_acf_changed":false},"cultivo":[603,619,636,659,682,707,604,620,637,661,683,708,605,621,638,662,684,709,606,623,639,663,686,710,607,624,641,664,687,608,625,643,666,688,609,626,644,668,689,610,627,646,670,691,611,628,647,672,693,612,629,648,674,695,613,630,649,676,697,614,631,650,677,698,615,632,652,678,700,133,616,633,654,679,702,134,617,634,656,680,704,602,618,635,658,681,706],"ecologico":[831],"medioambiente":[846],"solucion":[939,944],"tipo-de-aplicacion":[712],"product_brand":[],"product_cat":[998],"product_tag":[],"class_list":{"0":"post-37770","1":"product","2":"type-product","3":"status-publish","4":"has-post-thumbnail","6":"cultivo-horticoles","7":"cultivo-bana-platan","8":"cultivo-videu","9":"cultivo-all","10":"cultivo-melo","11":"cultivo-oleaginoses","12":"cultivo-extensius","13":"cultivo-cafe","14":"cultivo-canya-de-sucre","15":"cultivo-alberginia","16":"cultivo-nap","17":"cultivo-arbres-ornamentals","18":"cultivo-parcs-i-jardins","19":"cultivo-carambola","20":"cultivo-chirimoya","21":"cultivo-moniato","22":"cultivo-patata","23":"cultivo-gespedes","24":"cultivo-albercoc","25":"cultivo-lima-2","26":"cultivo-coco","27":"cultivo-brocoli","28":"cultivo-cogombre","29":"cultivo-flors","30":"cultivo-ametller","31":"cultivo-mandari","32":"cultivo-fruits-rojos-berries","33":"cultivo-carbasso","34":"cultivo-pebrot","35":"cultivo-avellaner","36":"cultivo-poma","37":"cultivo-guayaba","38":"cultivo-carabassa","39":"cultivo-porro","40":"cultivo-caqui","41":"cultivo-pressec","42":"cultivo-lychee","43":"cultivo-ceba","44":"cultivo-rave","45":"cultivo-castany","46":"cultivo-codonyer","47":"cultivo-manec","48":"cultivo-col","49":"cultivo-remolatxa","50":"cultivo-cirerer","51":"cultivo-taronger","52":"cultivo-maracuia","53":"cultivo-cols-de-brusselles","54":"cultivo-rucula","55":"cultivo-prunera","56":"cultivo-nectarina","57":"cultivo-papaia","58":"cultivo-coliflor","59":"cultivo-sindria","60":"cultivo-clementi","61":"cultivo-noguera","62":"cultivo-pinya","63":"cultivo-escarola","64":"cultivo-soja-verda","65":"cultivo-granat","66":"cultivo-olivera","67":"cultivo-pitahaya","68":"cultivo-espinac","69":"cultivo-tomaquet","70":"cultivo-figuera","71":"cultivo-parra-ornamental","72":"cultivo-tamarindo","73":"cultivo-pesol","74":"cultivo-pastanaga","75":"cultivo-tropicals","76":"cultivo-kiwi","77":"cultivo-perera","78":"cultivo-te","79":"cultivo-fava-tendra","80":"cultivo-cereals","81":"cultivo-cacau","82":"cultivo-llimoner","83":"cultivo-festuc","84":"cultivo-yuca","85":"cultivo-mongeta-tendra","86":"cultivo-farratgeres-i-pastures","87":"cultivo-fruiters","88":"cultivo-alvocat","89":"cultivo-aranja","90":"cultivo-bleda-2","91":"cultivo-enciam","92":"cultivo-lleguminoses-extensives-2","93":"ecologico-no","94":"medioambiente-eficiencia-de-lus-de-nutrients","95":"solucion-millorar-la-salut-del-sol","96":"solucion-augment-qualitat-fruit","97":"tipo-de-aplicacion-fertirrigacio","98":"product_cat-condicionadors-de-sol","100":"first","101":"instock","102":"shipping-taxable","103":"product-type-simple"},"acf":[],"_links":{"self":[{"href":"https:\/\/labin.net\/ca\/wp-json\/wp\/v2\/product\/37770","targetHints":{"allow":["GET"]}}],"collection":[{"href":"https:\/\/labin.net\/ca\/wp-json\/wp\/v2\/product"}],"about":[{"href":"https:\/\/labin.net\/ca\/wp-json\/wp\/v2\/types\/product"}],"replies":[{"embeddable":true,"href":"https:\/\/labin.net\/ca\/wp-json\/wp\/v2\/comments?post=37770"}],"wp:featuredmedia":[{"embeddable":true,"href":"https:\/\/labin.net\/ca\/wp-json\/wp\/v2\/media\/36109"}],"wp:attachment":[{"href":"https:\/\/labin.net\/ca\/wp-json\/wp\/v2\/media?parent=37770"}],"wp:term":[{"taxonomy":"cultivo","embeddable":true,"href":"https:\/\/labin.net\/ca\/wp-json\/wp\/v2\/cultivo?post=37770"},{"taxonomy":"ecologico","embeddable":true,"href":"https:\/\/labin.net\/ca\/wp-json\/wp\/v2\/ecologico?post=37770"},{"taxonomy":"medioambiente","embeddable":true,"href":"https:\/\/labin.net\/ca\/wp-json\/wp\/v2\/medioambiente?post=37770"},{"taxonomy":"solucion","embeddable":true,"href":"https:\/\/labin.net\/ca\/wp-json\/wp\/v2\/solucion?post=37770"},{"taxonomy":"tipo-de-aplicacion","embeddable":true,"href":"https:\/\/labin.net\/ca\/wp-json\/wp\/v2\/tipo-de-aplicacion?post=37770"},{"taxonomy":"product_brand","embeddable":true,"href":"https:\/\/labin.net\/ca\/wp-json\/wp\/v2\/product_brand?post=37770"},{"taxonomy":"product_cat","embeddable":true,"href":"https:\/\/labin.net\/ca\/wp-json\/wp\/v2\/product_cat?post=37770"},{"taxonomy":"product_tag","embeddable":true,"href":"https:\/\/labin.net\/ca\/wp-json\/wp\/v2\/product_tag?post=37770"}],"curies":[{"name":"wp","href":"https:\/\/api.w.org\/{rel}","templated":true}]}}