{"id":37754,"date":"2025-11-27T15:53:19","date_gmt":"2025-11-27T15:53:19","guid":{"rendered":"https:labin.net\/producto\/quelabin-fe\/"},"modified":"2025-11-27T15:53:19","modified_gmt":"2025-11-27T15:53:19","slug":"quelabin-fe","status":"publish","type":"product","link":"https:\/\/labin.net\/ca\/producto\/quelabin-fe\/","title":{"rendered":"QUELABIN Fe"},"content":{"rendered":"<p>La gamma <b>QUELABIN<\/b> ofereix microelements quelatats i complexats en forma l\u00edquida, per aplicar tant foliar com per fertirrigaci\u00f3. La seva formulaci\u00f3 especial garanteix una perfecta assimilaci\u00f3 i solubilitat.<\/p>\n<p>Producte l\u00edquid per a aplicaci\u00f3 de ferro per via foliar, hidroponia o per fertirrigaci\u00f3. Idoni per a prevenci\u00f3 i\/o curaci\u00f3 r\u00e0pida de les car\u00e8ncies de ferro (clorosi f\u00e8rrica). <\/p>\n","protected":false},"excerpt":{"rendered":"<ul>\n<li><b>Ferro quelatat l\u00edquid<\/b><\/li>\n<li><b>  Alta assimilaci\u00f3 i efic\u00e0cia<\/b><\/li>\n<li><b>  Preventiu i curatiu de car\u00e8ncies<\/b><\/li>\n<\/ul>\n","protected":false},"featured_media":35456,"comment_status":"open","ping_status":"closed","template":"","meta":{"_acf_changed":false},"cultivo":[134,617,634,656,680,704,602,618,635,658,681,706,603,619,636,659,682,707,604,620,637,661,683,708,605,621,638,662,684,709,606,623,639,663,686,710,607,624,641,664,687,608,625,643,666,688,609,626,644,668,689,610,627,646,670,691,611,628,647,672,693,612,629,648,674,695,613,630,649,676,697,614,631,650,677,698,615,632,652,678,700,133,616,633,654,679,702],"ecologico":[827],"medioambiente":[846],"solucion":[884],"tipo-de-aplicacion":[783,784,781],"product_brand":[],"product_cat":[1022],"product_tag":[],"class_list":{"0":"post-37754","1":"product","2":"type-product","3":"status-publish","4":"has-post-thumbnail","6":"cultivo-cacau","7":"cultivo-llimoner","8":"cultivo-festuc","9":"cultivo-yuca","10":"cultivo-mongeta-tendra","11":"cultivo-farratgeres-i-pastures","12":"cultivo-fruiters","13":"cultivo-alvocat","14":"cultivo-aranja","15":"cultivo-bleda-2","16":"cultivo-enciam","17":"cultivo-lleguminoses-extensives-2","18":"cultivo-horticoles","19":"cultivo-bana-platan","20":"cultivo-videu","21":"cultivo-all","22":"cultivo-melo","23":"cultivo-oleaginoses","24":"cultivo-extensius","25":"cultivo-cafe","26":"cultivo-canya-de-sucre","27":"cultivo-alberginia","28":"cultivo-nap","29":"cultivo-arbres-ornamentals","30":"cultivo-parcs-i-jardins","31":"cultivo-carambola","32":"cultivo-chirimoya","33":"cultivo-moniato","34":"cultivo-patata","35":"cultivo-gespedes","36":"cultivo-albercoc","37":"cultivo-lima-2","38":"cultivo-coco","39":"cultivo-brocoli","40":"cultivo-cogombre","41":"cultivo-flors","42":"cultivo-ametller","43":"cultivo-mandari","44":"cultivo-fruits-rojos-berries","45":"cultivo-carbasso","46":"cultivo-pebrot","47":"cultivo-avellaner","48":"cultivo-poma","49":"cultivo-guayaba","50":"cultivo-carabassa","51":"cultivo-porro","52":"cultivo-caqui","53":"cultivo-pressec","54":"cultivo-lychee","55":"cultivo-ceba","56":"cultivo-rave","57":"cultivo-castany","58":"cultivo-codonyer","59":"cultivo-manec","60":"cultivo-col","61":"cultivo-remolatxa","62":"cultivo-cirerer","63":"cultivo-taronger","64":"cultivo-maracuia","65":"cultivo-cols-de-brusselles","66":"cultivo-rucula","67":"cultivo-prunera","68":"cultivo-nectarina","69":"cultivo-papaia","70":"cultivo-coliflor","71":"cultivo-sindria","72":"cultivo-clementi","73":"cultivo-noguera","74":"cultivo-pinya","75":"cultivo-escarola","76":"cultivo-soja-verda","77":"cultivo-granat","78":"cultivo-olivera","79":"cultivo-pitahaya","80":"cultivo-espinac","81":"cultivo-tomaquet","82":"cultivo-figuera","83":"cultivo-parra-ornamental","84":"cultivo-tamarindo","85":"cultivo-pesol","86":"cultivo-pastanaga","87":"cultivo-tropicals","88":"cultivo-kiwi","89":"cultivo-perera","90":"cultivo-te","91":"cultivo-fava-tendra","92":"cultivo-cereals","93":"ecologico-si","94":"medioambiente-eficiencia-de-lus-de-nutrients","95":"solucion-deficencia-de-fe","96":"tipo-de-aplicacion-dron","97":"tipo-de-aplicacion-avioneta","98":"tipo-de-aplicacion-foliar","99":"product_cat-quelats","101":"first","102":"instock","103":"shipping-taxable","104":"product-type-simple"},"acf":[],"_links":{"self":[{"href":"https:\/\/labin.net\/ca\/wp-json\/wp\/v2\/product\/37754","targetHints":{"allow":["GET"]}}],"collection":[{"href":"https:\/\/labin.net\/ca\/wp-json\/wp\/v2\/product"}],"about":[{"href":"https:\/\/labin.net\/ca\/wp-json\/wp\/v2\/types\/product"}],"replies":[{"embeddable":true,"href":"https:\/\/labin.net\/ca\/wp-json\/wp\/v2\/comments?post=37754"}],"wp:featuredmedia":[{"embeddable":true,"href":"https:\/\/labin.net\/ca\/wp-json\/wp\/v2\/media\/35456"}],"wp:attachment":[{"href":"https:\/\/labin.net\/ca\/wp-json\/wp\/v2\/media?parent=37754"}],"wp:term":[{"taxonomy":"cultivo","embeddable":true,"href":"https:\/\/labin.net\/ca\/wp-json\/wp\/v2\/cultivo?post=37754"},{"taxonomy":"ecologico","embeddable":true,"href":"https:\/\/labin.net\/ca\/wp-json\/wp\/v2\/ecologico?post=37754"},{"taxonomy":"medioambiente","embeddable":true,"href":"https:\/\/labin.net\/ca\/wp-json\/wp\/v2\/medioambiente?post=37754"},{"taxonomy":"solucion","embeddable":true,"href":"https:\/\/labin.net\/ca\/wp-json\/wp\/v2\/solucion?post=37754"},{"taxonomy":"tipo-de-aplicacion","embeddable":true,"href":"https:\/\/labin.net\/ca\/wp-json\/wp\/v2\/tipo-de-aplicacion?post=37754"},{"taxonomy":"product_brand","embeddable":true,"href":"https:\/\/labin.net\/ca\/wp-json\/wp\/v2\/product_brand?post=37754"},{"taxonomy":"product_cat","embeddable":true,"href":"https:\/\/labin.net\/ca\/wp-json\/wp\/v2\/product_cat?post=37754"},{"taxonomy":"product_tag","embeddable":true,"href":"https:\/\/labin.net\/ca\/wp-json\/wp\/v2\/product_tag?post=37754"}],"curies":[{"name":"wp","href":"https:\/\/api.w.org\/{rel}","templated":true}]}}