{"id":37739,"date":"2025-12-05T11:01:08","date_gmt":"2025-12-05T11:01:08","guid":{"rendered":"https:labin.net\/producto\/labinor-10-2-2\/"},"modified":"2026-01-19T10:35:18","modified_gmt":"2026-01-19T10:35:18","slug":"labinor-10-2-2","status":"publish","type":"product","link":"https:\/\/labin.net\/ca\/producto\/labinor-10-2-2\/","title":{"rendered":"LABINOR 10-2-2"},"content":{"rendered":"<p class=\"Default\"><b><span style=\"font-size: 11.0pt; color: #00755b;\">LABINOR 10-2-2<\/span><\/b> <span style=\"font-size: 11.0pt;\">\u00e9s un <b>adob org\u00e0nic nitrogenat<\/b> presentat en forma de <b>granulat<\/b>, especialment indicat per satisfer les necessitats de nitrogen <b>en Agricultura Ecol\u00f2gica.<\/b><\/span><\/p>\n<p class=\"Default\">Pel seu <b>proc\u00e9s de granulaci\u00f3 en fred<\/b>, i a difer\u00e8ncia del p\u00e8l\u00b7let, \u00e9s molt sensible a la humitat del s\u00f2l, per la qual cosa presenta un inici r\u00e0pid d&#8217;alliberament. Gr\u00e0cies a la seva uni\u00f3 amb la mat\u00e8ria org\u00e0nica, l&#8217;alliberament del nitrogen es produeix de manera gradual, actuant com un <b>adob natural d&#8217;alliberament lent<\/b>. Pel seu alt contingut en nitrogen \u00e9s adequat per satisfer les necessitats dels cultius ecol\u00f2gics m\u00e9s exigents. L&#8217;alliberament sostingut del nitrogen org\u00e0nic proporciona un creixement equilibrat i constant del cultiu.<\/p>\n","protected":false},"excerpt":{"rendered":"<ul>\n<li><strong>Mineralitzaci\u00f3 lenta del nitrogen<\/strong><\/li>\n<li><strong>Granulat<\/strong><\/li>\n<li><strong>M\u00e9s unitats de nitrogen per menys abonament<\/strong><\/li>\n<li><strong>Per a tot tipus d&#8217;abonadores<\/strong><\/li>\n<li><strong>Baixa humitat<\/strong><\/li>\n<li><strong>Utilitzable en Agricultura Ecol\u00f2gica<\/strong><\/li>\n<\/ul>\n","protected":false},"featured_media":36182,"comment_status":"closed","ping_status":"closed","template":"","meta":{"_acf_changed":false},"cultivo":[613,630,649,676,697,614,631,650,677,698,615,632,652,678,700,133,616,633,654,679,702,134,617,634,656,680,704,602,618,635,658,681,706,603,619,636,659,682,707,604,620,637,661,683,708,605,621,638,662,684,709,606,623,639,663,686,710,607,624,641,664,687,608,625,643,666,688,609,626,644,668,689,610,627,646,670,691,611,628,647,672,693,612,629,648,674,695],"ecologico":[827],"medioambiente":[835,846],"solucion":[855,860,865,939],"tipo-de-aplicacion":[711],"product_brand":[],"product_cat":[985],"product_tag":[],"class_list":{"0":"post-37739","1":"product","2":"type-product","3":"status-publish","4":"has-post-thumbnail","6":"cultivo-clementi","7":"cultivo-noguera","8":"cultivo-pinya","9":"cultivo-escarola","10":"cultivo-soja-verda","11":"cultivo-granat","12":"cultivo-olivera","13":"cultivo-pitahaya","14":"cultivo-espinac","15":"cultivo-tomaquet","16":"cultivo-figuera","17":"cultivo-parra-ornamental","18":"cultivo-tamarindo","19":"cultivo-pesol","20":"cultivo-pastanaga","21":"cultivo-tropicals","22":"cultivo-kiwi","23":"cultivo-perera","24":"cultivo-te","25":"cultivo-fava-tendra","26":"cultivo-cereals","27":"cultivo-cacau","28":"cultivo-llimoner","29":"cultivo-festuc","30":"cultivo-yuca","31":"cultivo-mongeta-tendra","32":"cultivo-farratgeres-i-pastures","33":"cultivo-fruiters","34":"cultivo-alvocat","35":"cultivo-aranja","36":"cultivo-bleda-2","37":"cultivo-enciam","38":"cultivo-lleguminoses-extensives-2","39":"cultivo-horticoles","40":"cultivo-bana-platan","41":"cultivo-videu","42":"cultivo-all","43":"cultivo-melo","44":"cultivo-oleaginoses","45":"cultivo-extensius","46":"cultivo-cafe","47":"cultivo-canya-de-sucre","48":"cultivo-alberginia","49":"cultivo-nap","50":"cultivo-arbres-ornamentals","51":"cultivo-parcs-i-jardins","52":"cultivo-carambola","53":"cultivo-chirimoya","54":"cultivo-moniato","55":"cultivo-patata","56":"cultivo-gespedes","57":"cultivo-albercoc","58":"cultivo-lima-2","59":"cultivo-coco","60":"cultivo-brocoli","61":"cultivo-cogombre","62":"cultivo-flors","63":"cultivo-ametller","64":"cultivo-mandari","65":"cultivo-fruits-rojos-berries","66":"cultivo-carbasso","67":"cultivo-pebrot","68":"cultivo-avellaner","69":"cultivo-poma","70":"cultivo-guayaba","71":"cultivo-carabassa","72":"cultivo-porro","73":"cultivo-caqui","74":"cultivo-pressec","75":"cultivo-lychee","76":"cultivo-ceba","77":"cultivo-rave","78":"cultivo-castany","79":"cultivo-codonyer","80":"cultivo-manec","81":"cultivo-col","82":"cultivo-remolatxa","83":"cultivo-cirerer","84":"cultivo-taronger","85":"cultivo-maracuia","86":"cultivo-cols-de-brusselles","87":"cultivo-rucula","88":"cultivo-prunera","89":"cultivo-nectarina","90":"cultivo-papaia","91":"cultivo-coliflor","92":"cultivo-sindria","93":"ecologico-si","94":"medioambiente-reduccio-empremta-de-co2","95":"medioambiente-eficiencia-de-lus-de-nutrients","96":"solucion-deficencia-de-n","97":"solucion-deficencia-de-p","98":"solucion-deficencia-de-k","99":"solucion-millorar-la-salut-del-sol","100":"tipo-de-aplicacion-aplicacio-a-terra","101":"product_cat-adobs-granulats-i-microgranulats","103":"first","104":"instock","105":"shipping-taxable","106":"product-type-simple"},"acf":[],"_links":{"self":[{"href":"https:\/\/labin.net\/ca\/wp-json\/wp\/v2\/product\/37739","targetHints":{"allow":["GET"]}}],"collection":[{"href":"https:\/\/labin.net\/ca\/wp-json\/wp\/v2\/product"}],"about":[{"href":"https:\/\/labin.net\/ca\/wp-json\/wp\/v2\/types\/product"}],"replies":[{"embeddable":true,"href":"https:\/\/labin.net\/ca\/wp-json\/wp\/v2\/comments?post=37739"}],"wp:featuredmedia":[{"embeddable":true,"href":"https:\/\/labin.net\/ca\/wp-json\/wp\/v2\/media\/36182"}],"wp:attachment":[{"href":"https:\/\/labin.net\/ca\/wp-json\/wp\/v2\/media?parent=37739"}],"wp:term":[{"taxonomy":"cultivo","embeddable":true,"href":"https:\/\/labin.net\/ca\/wp-json\/wp\/v2\/cultivo?post=37739"},{"taxonomy":"ecologico","embeddable":true,"href":"https:\/\/labin.net\/ca\/wp-json\/wp\/v2\/ecologico?post=37739"},{"taxonomy":"medioambiente","embeddable":true,"href":"https:\/\/labin.net\/ca\/wp-json\/wp\/v2\/medioambiente?post=37739"},{"taxonomy":"solucion","embeddable":true,"href":"https:\/\/labin.net\/ca\/wp-json\/wp\/v2\/solucion?post=37739"},{"taxonomy":"tipo-de-aplicacion","embeddable":true,"href":"https:\/\/labin.net\/ca\/wp-json\/wp\/v2\/tipo-de-aplicacion?post=37739"},{"taxonomy":"product_brand","embeddable":true,"href":"https:\/\/labin.net\/ca\/wp-json\/wp\/v2\/product_brand?post=37739"},{"taxonomy":"product_cat","embeddable":true,"href":"https:\/\/labin.net\/ca\/wp-json\/wp\/v2\/product_cat?post=37739"},{"taxonomy":"product_tag","embeddable":true,"href":"https:\/\/labin.net\/ca\/wp-json\/wp\/v2\/product_tag?post=37739"}],"curies":[{"name":"wp","href":"https:\/\/api.w.org\/{rel}","templated":true}]}}