{"id":37736,"date":"2025-12-05T11:01:08","date_gmt":"2025-12-05T11:01:08","guid":{"rendered":"https:labin.net\/producto\/labin-18-9-9\/"},"modified":"2026-01-19T10:30:45","modified_gmt":"2026-01-19T10:30:45","slug":"labin-18-9-9","status":"publish","type":"product","link":"https:\/\/labin.net\/ca\/producto\/labin-18-9-9\/","title":{"rendered":"LABIN 18-9-9"},"content":{"rendered":"<p>Producte en forma de pols cristal\u00b7lina de color rosat especial per aplicar en fertirrigaci\u00f3.<\/p>\n<p>La selecci\u00f3 de les millors mat\u00e8ries primeres ens garanteix una solubilitat elevada i l&#8217;abs\u00e8ncia d&#8217;impureses. A m\u00e9s, el seu especial proc\u00e9s de fabricaci\u00f3 assegura la flu\u00efdesa del producte i evita l&#8217;enduriment.<br \/>\nLABIN 18-9-9 est\u00e0 enriquit amb microelements quelatats per garantir l&#8217;abs\u00e8ncia de car\u00e8ncies i el correcte desenvolupament dels cultius, i el seu pH \u00e9s lleugerament \u00e0cid per evitar obturacions i bloquejos.<\/p>\n<p>Recomanat per a tot tipus de cultius en els per\u00edodes de creixement vegetatiu en qu\u00e8 es requereix una aportaci\u00f3 important de nitrogen.<\/p>\n<p>Es pot aplicar en floricultura, vivers, fruiters, hort\u00edcoles, vinya, cultius tropicals, etc.<\/p>\n","protected":false},"excerpt":{"rendered":"<ul>\n<li><strong>Alta solubilitat<\/strong><\/li>\n<li><strong>R\u00e0pida absorci\u00f3<\/strong><\/li>\n<li><strong>Amb microelements<\/strong><\/li>\n<li><strong>Sense enduriments<\/strong><\/li>\n<\/ul>\n","protected":false},"featured_media":35590,"comment_status":"closed","ping_status":"closed","template":"","meta":{"_acf_changed":false},"cultivo":[613,630,649,676,697,614,631,650,677,698,615,632,652,678,700,616,633,654,679,708,133,617,634,656,680,709,134,618,635,658,681,710,602,619,636,659,682,603,620,637,661,683,605,621,638,662,684,606,623,639,663,686,607,624,641,664,687,608,625,643,666,688,609,626,644,668,689,610,627,646,670,691,611,628,647,672,693,612,629,648,674,695],"ecologico":[831],"medioambiente":[850],"solucion":[855,860,865],"tipo-de-aplicacion":[712],"product_brand":[],"product_cat":[981],"product_tag":[],"class_list":{"0":"post-37736","1":"product","2":"type-product","3":"status-publish","4":"has-post-thumbnail","6":"cultivo-clementi","7":"cultivo-noguera","8":"cultivo-pinya","9":"cultivo-escarola","10":"cultivo-soja-verda","11":"cultivo-granat","12":"cultivo-olivera","13":"cultivo-pitahaya","14":"cultivo-espinac","15":"cultivo-tomaquet","16":"cultivo-figuera","17":"cultivo-parra-ornamental","18":"cultivo-tamarindo","19":"cultivo-pesol","20":"cultivo-pastanaga","21":"cultivo-kiwi","22":"cultivo-perera","23":"cultivo-te","24":"cultivo-fava-tendra","25":"cultivo-arbres-ornamentals","26":"cultivo-tropicals","27":"cultivo-llimoner","28":"cultivo-festuc","29":"cultivo-yuca","30":"cultivo-mongeta-tendra","31":"cultivo-gespedes","32":"cultivo-cacau","33":"cultivo-alvocat","34":"cultivo-aranja","35":"cultivo-bleda-2","36":"cultivo-enciam","37":"cultivo-flors","38":"cultivo-fruiters","39":"cultivo-bana-platan","40":"cultivo-videu","41":"cultivo-all","42":"cultivo-melo","43":"cultivo-horticoles","44":"cultivo-cafe","45":"cultivo-canya-de-sucre","46":"cultivo-alberginia","47":"cultivo-nap","48":"cultivo-parcs-i-jardins","49":"cultivo-carambola","50":"cultivo-chirimoya","51":"cultivo-moniato","52":"cultivo-patata","53":"cultivo-albercoc","54":"cultivo-lima-2","55":"cultivo-coco","56":"cultivo-brocoli","57":"cultivo-cogombre","58":"cultivo-ametller","59":"cultivo-mandari","60":"cultivo-fruits-rojos-berries","61":"cultivo-carbasso","62":"cultivo-pebrot","63":"cultivo-avellaner","64":"cultivo-poma","65":"cultivo-guayaba","66":"cultivo-carabassa","67":"cultivo-porro","68":"cultivo-caqui","69":"cultivo-pressec","70":"cultivo-lychee","71":"cultivo-ceba","72":"cultivo-rave","73":"cultivo-castany","74":"cultivo-codonyer","75":"cultivo-manec","76":"cultivo-col","77":"cultivo-remolatxa","78":"cultivo-cirerer","79":"cultivo-taronger","80":"cultivo-maracuia","81":"cultivo-cols-de-brusselles","82":"cultivo-rucula","83":"cultivo-prunera","84":"cultivo-nectarina","85":"cultivo-papaia","86":"cultivo-coliflor","87":"cultivo-sindria","88":"ecologico-no","89":"medioambiente-res","90":"solucion-deficencia-de-n","91":"solucion-deficencia-de-p","92":"solucion-deficencia-de-k","93":"tipo-de-aplicacion-fertirrigacio","94":"product_cat-npk-hidrosoluble","96":"first","97":"instock","98":"shipping-taxable","99":"product-type-simple"},"acf":[],"_links":{"self":[{"href":"https:\/\/labin.net\/ca\/wp-json\/wp\/v2\/product\/37736","targetHints":{"allow":["GET"]}}],"collection":[{"href":"https:\/\/labin.net\/ca\/wp-json\/wp\/v2\/product"}],"about":[{"href":"https:\/\/labin.net\/ca\/wp-json\/wp\/v2\/types\/product"}],"replies":[{"embeddable":true,"href":"https:\/\/labin.net\/ca\/wp-json\/wp\/v2\/comments?post=37736"}],"wp:featuredmedia":[{"embeddable":true,"href":"https:\/\/labin.net\/ca\/wp-json\/wp\/v2\/media\/35590"}],"wp:attachment":[{"href":"https:\/\/labin.net\/ca\/wp-json\/wp\/v2\/media?parent=37736"}],"wp:term":[{"taxonomy":"cultivo","embeddable":true,"href":"https:\/\/labin.net\/ca\/wp-json\/wp\/v2\/cultivo?post=37736"},{"taxonomy":"ecologico","embeddable":true,"href":"https:\/\/labin.net\/ca\/wp-json\/wp\/v2\/ecologico?post=37736"},{"taxonomy":"medioambiente","embeddable":true,"href":"https:\/\/labin.net\/ca\/wp-json\/wp\/v2\/medioambiente?post=37736"},{"taxonomy":"solucion","embeddable":true,"href":"https:\/\/labin.net\/ca\/wp-json\/wp\/v2\/solucion?post=37736"},{"taxonomy":"tipo-de-aplicacion","embeddable":true,"href":"https:\/\/labin.net\/ca\/wp-json\/wp\/v2\/tipo-de-aplicacion?post=37736"},{"taxonomy":"product_brand","embeddable":true,"href":"https:\/\/labin.net\/ca\/wp-json\/wp\/v2\/product_brand?post=37736"},{"taxonomy":"product_cat","embeddable":true,"href":"https:\/\/labin.net\/ca\/wp-json\/wp\/v2\/product_cat?post=37736"},{"taxonomy":"product_tag","embeddable":true,"href":"https:\/\/labin.net\/ca\/wp-json\/wp\/v2\/product_tag?post=37736"}],"curies":[{"name":"wp","href":"https:\/\/api.w.org\/{rel}","templated":true}]}}