{"id":37727,"date":"2025-12-05T11:01:08","date_gmt":"2025-12-05T11:01:08","guid":{"rendered":"https:labin.net\/producto\/labifol-nitromagnesic\/"},"modified":"2026-01-19T09:40:54","modified_gmt":"2026-01-19T09:40:54","slug":"labifol-nitromagnesico","status":"publish","type":"product","link":"https:\/\/labin.net\/ca\/producto\/labifol-nitromagnesico\/","title":{"rendered":"LABIFOL NITROMAGNESICO"},"content":{"rendered":"<p>Fertilitzant l\u00edquid per a aplicaci\u00f3 foliar que aporta magnesi, nitrogen i microelements de forma totalment assimilable. L&#8217;aportaci\u00f3 de magnesi \u00e9s important ja que interv\u00e9 directament a la fotos\u00edntesi i, per tant, la seva falta pot ser un factor limitant de la producci\u00f3.<\/p>\n<p>L&#8217;assimilaci\u00f3 d&#8217;aquest element millora amb l&#8217;aportaci\u00f3 de nitrogen i, els microelements que incorpora la formulaci\u00f3, fan que l&#8217;acci\u00f3 d&#8217;aquests dos elements sigui m\u00e9s activa. <strong>LABIFOL NITROMAGNESICO<\/strong> est\u00e0 indicat per prevenir i corregir les mancances de magnesi en tot tipus de cultius i per estimular plantons de c\u00edtrics, maduixes, fruiters i hort\u00edcoles.<\/p>\n","protected":false},"excerpt":{"rendered":"<ul>\n<li>Estimulant del creixement vegetatiu<\/li>\n<li>Total assimilaci\u00f3 del magnesi<\/li>\n<li>Millora la producci\u00f3 de fruits<\/li>\n<li>Enriquit amb microelements quelatats<\/li>\n<\/ul>\n<p>&nbsp;<\/p>\n","protected":false},"featured_media":36260,"comment_status":"closed","ping_status":"closed","template":"","meta":{"_acf_changed":false},"cultivo":[607,624,641,664,687,608,625,643,666,688,609,626,644,668,689,610,627,646,670,691,611,628,647,672,693,612,629,648,674,695,613,630,649,676,697,614,631,650,677,698,615,632,652,678,700,133,616,633,654,679,702,134,617,634,656,680,704,602,618,635,658,681,706,603,619,636,659,682,707,604,620,637,661,683,708,605,621,638,662,684,709,606,623,639,663,686,710],"ecologico":[831],"medioambiente":[846],"solucion":[855,873],"tipo-de-aplicacion":[712,781,783,784],"product_brand":[],"product_cat":[976],"product_tag":[],"class_list":{"0":"post-37727","1":"product","2":"type-product","3":"status-publish","4":"has-post-thumbnail","6":"cultivo-ametller","7":"cultivo-mandari","8":"cultivo-fruits-rojos-berries","9":"cultivo-carbasso","10":"cultivo-pebrot","11":"cultivo-avellaner","12":"cultivo-poma","13":"cultivo-guayaba","14":"cultivo-carabassa","15":"cultivo-porro","16":"cultivo-caqui","17":"cultivo-pressec","18":"cultivo-lychee","19":"cultivo-ceba","20":"cultivo-rave","21":"cultivo-castany","22":"cultivo-codonyer","23":"cultivo-manec","24":"cultivo-col","25":"cultivo-remolatxa","26":"cultivo-cirerer","27":"cultivo-taronger","28":"cultivo-maracuia","29":"cultivo-cols-de-brusselles","30":"cultivo-rucula","31":"cultivo-prunera","32":"cultivo-nectarina","33":"cultivo-papaia","34":"cultivo-coliflor","35":"cultivo-sindria","36":"cultivo-clementi","37":"cultivo-noguera","38":"cultivo-pinya","39":"cultivo-escarola","40":"cultivo-soja-verda","41":"cultivo-granat","42":"cultivo-olivera","43":"cultivo-pitahaya","44":"cultivo-espinac","45":"cultivo-tomaquet","46":"cultivo-figuera","47":"cultivo-parra-ornamental","48":"cultivo-tamarindo","49":"cultivo-pesol","50":"cultivo-pastanaga","51":"cultivo-tropicals","52":"cultivo-kiwi","53":"cultivo-perera","54":"cultivo-te","55":"cultivo-fava-tendra","56":"cultivo-cereals","57":"cultivo-cacau","58":"cultivo-llimoner","59":"cultivo-festuc","60":"cultivo-yuca","61":"cultivo-mongeta-tendra","62":"cultivo-farratgeres-i-pastures","63":"cultivo-fruiters","64":"cultivo-alvocat","65":"cultivo-aranja","66":"cultivo-bleda-2","67":"cultivo-enciam","68":"cultivo-lleguminoses-extensives-2","69":"cultivo-horticoles","70":"cultivo-bana-platan","71":"cultivo-videu","72":"cultivo-all","73":"cultivo-melo","74":"cultivo-oleaginoses","75":"cultivo-extensius","76":"cultivo-cafe","77":"cultivo-canya-de-sucre","78":"cultivo-alberginia","79":"cultivo-nap","80":"cultivo-arbres-ornamentals","81":"cultivo-parcs-i-jardins","82":"cultivo-carambola","83":"cultivo-chirimoya","84":"cultivo-moniato","85":"cultivo-patata","86":"cultivo-gespedes","87":"cultivo-albercoc","88":"cultivo-lima-2","89":"cultivo-coco","90":"cultivo-brocoli","91":"cultivo-cogombre","92":"cultivo-flors","93":"ecologico-no","94":"medioambiente-eficiencia-de-lus-de-nutrients","95":"solucion-deficencia-de-n","96":"solucion-deficencia-de-mg","97":"tipo-de-aplicacion-fertirrigacio","98":"tipo-de-aplicacion-foliar","99":"tipo-de-aplicacion-dron","100":"tipo-de-aplicacion-avioneta","101":"product_cat-corrector-de-carencies","103":"first","104":"instock","105":"shipping-taxable","106":"product-type-simple"},"acf":[],"_links":{"self":[{"href":"https:\/\/labin.net\/ca\/wp-json\/wp\/v2\/product\/37727","targetHints":{"allow":["GET"]}}],"collection":[{"href":"https:\/\/labin.net\/ca\/wp-json\/wp\/v2\/product"}],"about":[{"href":"https:\/\/labin.net\/ca\/wp-json\/wp\/v2\/types\/product"}],"replies":[{"embeddable":true,"href":"https:\/\/labin.net\/ca\/wp-json\/wp\/v2\/comments?post=37727"}],"wp:featuredmedia":[{"embeddable":true,"href":"https:\/\/labin.net\/ca\/wp-json\/wp\/v2\/media\/36260"}],"wp:attachment":[{"href":"https:\/\/labin.net\/ca\/wp-json\/wp\/v2\/media?parent=37727"}],"wp:term":[{"taxonomy":"cultivo","embeddable":true,"href":"https:\/\/labin.net\/ca\/wp-json\/wp\/v2\/cultivo?post=37727"},{"taxonomy":"ecologico","embeddable":true,"href":"https:\/\/labin.net\/ca\/wp-json\/wp\/v2\/ecologico?post=37727"},{"taxonomy":"medioambiente","embeddable":true,"href":"https:\/\/labin.net\/ca\/wp-json\/wp\/v2\/medioambiente?post=37727"},{"taxonomy":"solucion","embeddable":true,"href":"https:\/\/labin.net\/ca\/wp-json\/wp\/v2\/solucion?post=37727"},{"taxonomy":"tipo-de-aplicacion","embeddable":true,"href":"https:\/\/labin.net\/ca\/wp-json\/wp\/v2\/tipo-de-aplicacion?post=37727"},{"taxonomy":"product_brand","embeddable":true,"href":"https:\/\/labin.net\/ca\/wp-json\/wp\/v2\/product_brand?post=37727"},{"taxonomy":"product_cat","embeddable":true,"href":"https:\/\/labin.net\/ca\/wp-json\/wp\/v2\/product_cat?post=37727"},{"taxonomy":"product_tag","embeddable":true,"href":"https:\/\/labin.net\/ca\/wp-json\/wp\/v2\/product_tag?post=37727"}],"curies":[{"name":"wp","href":"https:\/\/api.w.org\/{rel}","templated":true}]}}