{"id":37724,"date":"2025-12-05T11:00:56","date_gmt":"2025-12-05T11:00:56","guid":{"rendered":"https:labin.net\/producto\/labiquantium\/"},"modified":"2026-01-15T12:31:17","modified_gmt":"2026-01-15T12:31:17","slug":"labiquantium","status":"publish","type":"product","link":"https:\/\/labin.net\/ca\/producto\/labiquantium\/","title":{"rendered":"LABIQUANTIUM"},"content":{"rendered":"<p><strong>LABIQUANTIUM<\/strong> \u2013 L&#8217;efic\u00e0cia de les millors <strong>algues marines<\/strong>, <em>Ascophyllum nodosum<\/em>, al servei d&#8217;una formulaci\u00f3 dissenyada per minimitzar les <strong>situacions d&#8217;estr\u00e8s<\/strong>, els <strong>bloquejos<\/strong> nutricionals i afavorir <strong>la s\u00edntesi de subst\u00e0ncies d&#8217;autodefensa (fitolexines<\/strong>). La seva composici\u00f3 presenta una conjunci\u00f3 entre <strong>algues i polisac\u00e0rids<\/strong>, obtenint-se una sinergia vegetal per als teus cultius. Els <strong>polisac\u00e0rids<\/strong> tenen la funci\u00f3 de nodrir la planta i dotar-la de l&#8217;energia necess\u00e0ria en el proc\u00e9s vital de la fotos\u00edntesi, sense sucres la planta no podr\u00e0 sobreviure a l&#8217;hora de desenvolupar-se vegetativament. Si aportem polisac\u00e0rids a la planta, els cloroplasts activaran el proc\u00e9s de la fotos\u00edntesi, balancejant tot el metabolisme de la planta. Aix\u00f2 anir\u00e0 unit, amb l&#8217;aplicaci\u00f3 de <strong>LABIQUANTIUM,<\/strong> al fet que tamb\u00e9 aportem <strong>algues<\/strong> sent un excel\u00b7lent bioestimulant per a les plantes. Dotaran el teu cultiu d&#8217;una perfecta adaptaci\u00f3 a <strong>qualsevol tipus d&#8217;estr\u00e8s i un equilibri h\u00eddric i osmoprotector cel\u00b7lular<\/strong>, protegint les c\u00e8l\u00b7lules vegetals dels efectes negatius derivats de l&#8217;estr\u00e8s h\u00eddric gr\u00e0cies al manitol present a l&#8217;extracte d&#8217;<strong><em>Ascophyllum nodosum<\/em><\/strong>.<\/p>\n<p><strong>LABIQUANTIUM<\/strong> \u00e9s perfecte per <strong>bioactivar i bioestimular<\/strong> la majoria dels mecanismes metab\u00f2lics que intervenen en moments claus del cultiu: floraci\u00f3, qualli, trasplantament, etc.<\/p>\n<p>Especialment indicat per aplicar durant la floraci\u00f3, qualli, trasplantament, en moments de malaltia i estr\u00e8s, i conjuntament amb tractaments fitosanitaris.<\/p>\n","protected":false},"excerpt":{"rendered":"<ul>\n<li>Estimula la floraci\u00f3 i el quall<\/li>\n<li>Alta resist\u00e8ncia a situacions d&#8217;estr\u00e8s<\/li>\n<li>Acci\u00f3 arrelant i estimulant radicular. Millors resultats en trasplantaments<\/li>\n<li>Millora de l&#8217;efic\u00e0cia i redueix l&#8217;estr\u00e8s dels tractaments fitosanitaris<\/li>\n<li>Producte utilitzable en Agricultura Ecol\u00f2gica<\/li>\n<\/ul>\n","protected":false},"featured_media":36284,"comment_status":"closed","ping_status":"closed","template":"","meta":{"_acf_changed":false},"cultivo":[604,620,637,661,683,708,605,621,638,662,684,709,606,623,639,663,686,710,607,624,641,664,687,608,625,643,666,688,609,626,644,668,689,610,627,646,670,691,611,628,647,672,693,612,629,648,674,695,613,630,649,676,697,614,631,650,677,698,615,632,652,678,700,133,616,633,654,679,702,134,617,634,656,680,704,602,618,635,658,681,706,603,619,636,659,682,707],"ecologico":[827],"medioambiente":[846],"solucion":[944,892,926,931,934],"tipo-de-aplicacion":[712,781],"product_brand":[],"product_cat":[971],"product_tag":[],"class_list":{"0":"post-37724","1":"product","2":"type-product","3":"status-publish","4":"has-post-thumbnail","6":"cultivo-extensius","7":"cultivo-cafe","8":"cultivo-canya-de-sucre","9":"cultivo-alberginia","10":"cultivo-nap","11":"cultivo-arbres-ornamentals","12":"cultivo-parcs-i-jardins","13":"cultivo-carambola","14":"cultivo-chirimoya","15":"cultivo-moniato","16":"cultivo-patata","17":"cultivo-gespedes","18":"cultivo-albercoc","19":"cultivo-lima-2","20":"cultivo-coco","21":"cultivo-brocoli","22":"cultivo-cogombre","23":"cultivo-flors","24":"cultivo-ametller","25":"cultivo-mandari","26":"cultivo-fruits-rojos-berries","27":"cultivo-carbasso","28":"cultivo-pebrot","29":"cultivo-avellaner","30":"cultivo-poma","31":"cultivo-guayaba","32":"cultivo-carabassa","33":"cultivo-porro","34":"cultivo-caqui","35":"cultivo-pressec","36":"cultivo-lychee","37":"cultivo-ceba","38":"cultivo-rave","39":"cultivo-castany","40":"cultivo-codonyer","41":"cultivo-manec","42":"cultivo-col","43":"cultivo-remolatxa","44":"cultivo-cirerer","45":"cultivo-taronger","46":"cultivo-maracuia","47":"cultivo-cols-de-brusselles","48":"cultivo-rucula","49":"cultivo-prunera","50":"cultivo-nectarina","51":"cultivo-papaia","52":"cultivo-coliflor","53":"cultivo-sindria","54":"cultivo-clementi","55":"cultivo-noguera","56":"cultivo-pinya","57":"cultivo-escarola","58":"cultivo-soja-verda","59":"cultivo-granat","60":"cultivo-olivera","61":"cultivo-pitahaya","62":"cultivo-espinac","63":"cultivo-tomaquet","64":"cultivo-figuera","65":"cultivo-parra-ornamental","66":"cultivo-tamarindo","67":"cultivo-pesol","68":"cultivo-pastanaga","69":"cultivo-tropicals","70":"cultivo-kiwi","71":"cultivo-perera","72":"cultivo-te","73":"cultivo-fava-tendra","74":"cultivo-cereals","75":"cultivo-cacau","76":"cultivo-llimoner","77":"cultivo-festuc","78":"cultivo-yuca","79":"cultivo-mongeta-tendra","80":"cultivo-farratgeres-i-pastures","81":"cultivo-fruiters","82":"cultivo-alvocat","83":"cultivo-aranja","84":"cultivo-bleda-2","85":"cultivo-enciam","86":"cultivo-lleguminoses-extensives-2","87":"cultivo-horticoles","88":"cultivo-bana-platan","89":"cultivo-videu","90":"cultivo-all","91":"cultivo-melo","92":"cultivo-oleaginoses","93":"ecologico-si","94":"medioambiente-eficiencia-de-lus-de-nutrients","95":"solucion-augment-qualitat-fruit","96":"solucion-deficencia-de-b","97":"solucion-floracio-i-formacio-del-fruit","98":"solucion-estres-abiotic","99":"solucion-millora-postcollita","100":"tipo-de-aplicacion-fertirrigacio","101":"tipo-de-aplicacion-foliar","102":"product_cat-bioestimulant","104":"first","105":"instock","106":"shipping-taxable","107":"product-type-simple"},"acf":[],"_links":{"self":[{"href":"https:\/\/labin.net\/ca\/wp-json\/wp\/v2\/product\/37724","targetHints":{"allow":["GET"]}}],"collection":[{"href":"https:\/\/labin.net\/ca\/wp-json\/wp\/v2\/product"}],"about":[{"href":"https:\/\/labin.net\/ca\/wp-json\/wp\/v2\/types\/product"}],"replies":[{"embeddable":true,"href":"https:\/\/labin.net\/ca\/wp-json\/wp\/v2\/comments?post=37724"}],"wp:featuredmedia":[{"embeddable":true,"href":"https:\/\/labin.net\/ca\/wp-json\/wp\/v2\/media\/36284"}],"wp:attachment":[{"href":"https:\/\/labin.net\/ca\/wp-json\/wp\/v2\/media?parent=37724"}],"wp:term":[{"taxonomy":"cultivo","embeddable":true,"href":"https:\/\/labin.net\/ca\/wp-json\/wp\/v2\/cultivo?post=37724"},{"taxonomy":"ecologico","embeddable":true,"href":"https:\/\/labin.net\/ca\/wp-json\/wp\/v2\/ecologico?post=37724"},{"taxonomy":"medioambiente","embeddable":true,"href":"https:\/\/labin.net\/ca\/wp-json\/wp\/v2\/medioambiente?post=37724"},{"taxonomy":"solucion","embeddable":true,"href":"https:\/\/labin.net\/ca\/wp-json\/wp\/v2\/solucion?post=37724"},{"taxonomy":"tipo-de-aplicacion","embeddable":true,"href":"https:\/\/labin.net\/ca\/wp-json\/wp\/v2\/tipo-de-aplicacion?post=37724"},{"taxonomy":"product_brand","embeddable":true,"href":"https:\/\/labin.net\/ca\/wp-json\/wp\/v2\/product_brand?post=37724"},{"taxonomy":"product_cat","embeddable":true,"href":"https:\/\/labin.net\/ca\/wp-json\/wp\/v2\/product_cat?post=37724"},{"taxonomy":"product_tag","embeddable":true,"href":"https:\/\/labin.net\/ca\/wp-json\/wp\/v2\/product_tag?post=37724"}],"curies":[{"name":"wp","href":"https:\/\/api.w.org\/{rel}","templated":true}]}}