{"id":37719,"date":"2025-12-05T07:40:50","date_gmt":"2025-12-05T07:40:50","guid":{"rendered":"https:labin.net\/producto\/labin-15-5-10\/"},"modified":"2026-01-19T10:41:50","modified_gmt":"2026-01-19T10:41:50","slug":"labin-15-5-10","status":"publish","type":"product","link":"https:\/\/labin.net\/ca\/producto\/labin-15-5-10\/","title":{"rendered":"LABIN 15-5-10"},"content":{"rendered":"<p>LABIN 15-5-10 \u00e9s un adob \u00f2rgan-mineral granulat indicat per a tot tipus de cultius en els abonats de fons.<br \/>\nAmb el seu equilibri NPK 3-1-2 i gr\u00e0cies al seu contingut a MAT\u00c8RIA ORG\u00c0NICA, aconseguim deixar a disposici\u00f3 de la planta els nutrients necessaris per iniciar el seu desenvolupament, aix\u00ed com aquells nutrients que anir\u00e0 absorbint amb el pas del temps.<\/p>\n<p>La mat\u00e8ria org\u00e0nica que incorpora a cada gr\u00e0nul \u00e9s LIGNIT ESPECIAL H\u00daMIC que en combinar-se amb els elements minerals afavoreix l&#8217;assimilaci\u00f3 dels nutrients, augmentant l&#8217;efic\u00e0cia de la fertilitzaci\u00f3 i evitant rentats i bloquejos a terra. \u00c9s un fertilitzant granulat especialment indicat per a s\u00f2ls empobrits, compactats i amb poc contingut de mat\u00e8ria org\u00e0nica.<\/p>\n","protected":false},"excerpt":{"rendered":"<ul>\n<li><b>Granulat de f\u00e0cil aplicaci\u00f3<\/b><\/li>\n<li><b>Mat\u00e8ria org\u00e0nica estable<\/b><\/li>\n<li><b>M\u00e9s efic\u00e0cia de les unitats fertilitzants<\/b><\/li>\n<li><b>Millora la fertilitat del terra<\/b><\/li>\n<\/ul>\n","protected":false},"featured_media":35597,"comment_status":"open","ping_status":"closed","template":"","meta":{"_acf_changed":false},"cultivo":[608,625,643,666,688,609,626,644,668,689,610,627,646,670,691,611,628,647,672,693,612,629,648,674,695,613,630,649,676,697,614,631,650,677,698,615,632,652,678,700,616,633,654,679,708,133,617,634,656,680,709,134,618,635,658,681,710,602,619,636,659,682,603,620,637,661,683,605,621,638,662,684,606,623,639,663,686,607,624,641,664,687],"ecologico":[831],"medioambiente":[835,846],"solucion":[855,860,865],"tipo-de-aplicacion":[711],"product_brand":[],"product_cat":[985],"product_tag":[],"class_list":{"0":"post-37719","1":"product","2":"type-product","3":"status-publish","4":"has-post-thumbnail","6":"cultivo-avellaner","7":"cultivo-poma","8":"cultivo-guayaba","9":"cultivo-carabassa","10":"cultivo-porro","11":"cultivo-caqui","12":"cultivo-pressec","13":"cultivo-lychee","14":"cultivo-ceba","15":"cultivo-rave","16":"cultivo-castany","17":"cultivo-codonyer","18":"cultivo-manec","19":"cultivo-col","20":"cultivo-remolatxa","21":"cultivo-cirerer","22":"cultivo-taronger","23":"cultivo-maracuia","24":"cultivo-cols-de-brusselles","25":"cultivo-rucula","26":"cultivo-prunera","27":"cultivo-nectarina","28":"cultivo-papaia","29":"cultivo-coliflor","30":"cultivo-sindria","31":"cultivo-clementi","32":"cultivo-noguera","33":"cultivo-pinya","34":"cultivo-escarola","35":"cultivo-soja-verda","36":"cultivo-granat","37":"cultivo-olivera","38":"cultivo-pitahaya","39":"cultivo-espinac","40":"cultivo-tomaquet","41":"cultivo-figuera","42":"cultivo-parra-ornamental","43":"cultivo-tamarindo","44":"cultivo-pesol","45":"cultivo-pastanaga","46":"cultivo-kiwi","47":"cultivo-perera","48":"cultivo-te","49":"cultivo-fava-tendra","50":"cultivo-arbres-ornamentals","51":"cultivo-tropicals","52":"cultivo-llimoner","53":"cultivo-festuc","54":"cultivo-yuca","55":"cultivo-mongeta-tendra","56":"cultivo-gespedes","57":"cultivo-cacau","58":"cultivo-alvocat","59":"cultivo-aranja","60":"cultivo-bleda-2","61":"cultivo-enciam","62":"cultivo-flors","63":"cultivo-fruiters","64":"cultivo-bana-platan","65":"cultivo-videu","66":"cultivo-all","67":"cultivo-melo","68":"cultivo-horticoles","69":"cultivo-cafe","70":"cultivo-canya-de-sucre","71":"cultivo-alberginia","72":"cultivo-nap","73":"cultivo-parcs-i-jardins","74":"cultivo-carambola","75":"cultivo-chirimoya","76":"cultivo-moniato","77":"cultivo-patata","78":"cultivo-albercoc","79":"cultivo-lima-2","80":"cultivo-coco","81":"cultivo-brocoli","82":"cultivo-cogombre","83":"cultivo-ametller","84":"cultivo-mandari","85":"cultivo-fruits-rojos-berries","86":"cultivo-carbasso","87":"cultivo-pebrot","88":"ecologico-no","89":"medioambiente-reduccio-empremta-de-co2","90":"medioambiente-eficiencia-de-lus-de-nutrients","91":"solucion-deficencia-de-n","92":"solucion-deficencia-de-p","93":"solucion-deficencia-de-k","94":"tipo-de-aplicacion-aplicacio-a-terra","95":"product_cat-adobs-granulats-i-microgranulats","97":"first","98":"instock","99":"shipping-taxable","100":"product-type-simple"},"acf":[],"_links":{"self":[{"href":"https:\/\/labin.net\/ca\/wp-json\/wp\/v2\/product\/37719","targetHints":{"allow":["GET"]}}],"collection":[{"href":"https:\/\/labin.net\/ca\/wp-json\/wp\/v2\/product"}],"about":[{"href":"https:\/\/labin.net\/ca\/wp-json\/wp\/v2\/types\/product"}],"replies":[{"embeddable":true,"href":"https:\/\/labin.net\/ca\/wp-json\/wp\/v2\/comments?post=37719"}],"wp:featuredmedia":[{"embeddable":true,"href":"https:\/\/labin.net\/ca\/wp-json\/wp\/v2\/media\/35597"}],"wp:attachment":[{"href":"https:\/\/labin.net\/ca\/wp-json\/wp\/v2\/media?parent=37719"}],"wp:term":[{"taxonomy":"cultivo","embeddable":true,"href":"https:\/\/labin.net\/ca\/wp-json\/wp\/v2\/cultivo?post=37719"},{"taxonomy":"ecologico","embeddable":true,"href":"https:\/\/labin.net\/ca\/wp-json\/wp\/v2\/ecologico?post=37719"},{"taxonomy":"medioambiente","embeddable":true,"href":"https:\/\/labin.net\/ca\/wp-json\/wp\/v2\/medioambiente?post=37719"},{"taxonomy":"solucion","embeddable":true,"href":"https:\/\/labin.net\/ca\/wp-json\/wp\/v2\/solucion?post=37719"},{"taxonomy":"tipo-de-aplicacion","embeddable":true,"href":"https:\/\/labin.net\/ca\/wp-json\/wp\/v2\/tipo-de-aplicacion?post=37719"},{"taxonomy":"product_brand","embeddable":true,"href":"https:\/\/labin.net\/ca\/wp-json\/wp\/v2\/product_brand?post=37719"},{"taxonomy":"product_cat","embeddable":true,"href":"https:\/\/labin.net\/ca\/wp-json\/wp\/v2\/product_cat?post=37719"},{"taxonomy":"product_tag","embeddable":true,"href":"https:\/\/labin.net\/ca\/wp-json\/wp\/v2\/product_tag?post=37719"}],"curies":[{"name":"wp","href":"https:\/\/api.w.org\/{rel}","templated":true}]}}