{"id":37718,"date":"2025-12-05T07:36:04","date_gmt":"2025-12-05T07:36:04","guid":{"rendered":"https:labin.net\/producto\/labin-11-0-46\/"},"modified":"2025-12-05T07:36:04","modified_gmt":"2025-12-05T07:36:04","slug":"labin-11-0-46","status":"publish","type":"product","link":"https:\/\/labin.net\/ca\/producto\/labin-11-0-46\/","title":{"rendered":"LABIN 11-0-46"},"content":{"rendered":"<p>Producte en forma de pols cristal\u00b7lina de color rosat especial per aplicar a FERTIRRIGACI\u00d3, en totes les seves variants: degoteig, microaspersi\u00f3, exsudaci\u00f3, etc.<\/p>\n<p>La selecci\u00f3 de les millors mat\u00e8ries primeres ens garanteix una solubilitat elevada i l&#8217;abs\u00e8ncia d&#8217;impureses. A m\u00e9s, el seu especial proc\u00e9s de fabricaci\u00f3 assegura la flu\u00efdesa del producte i evita l&#8217;enduriment. <\/p>\n<p>LABIN 11-0-46 est\u00e0 enriquit amb MICROELEMENTS QUELATATS per garantir l&#8217;abs\u00e8ncia de car\u00e8ncies i el correcte desenvolupament dels cultius, essent el seu pH \u00e0cid per evitar obturacions i bloquejos. Indicat per a aquells estadis fenol\u00f2gics, en qu\u00e8 interessa un equilibri nutricional NPK del tipus 1-0-4. <\/p>\n<p>Es pot aplicar en floricultura, vivers, fruiters, hort\u00edcoles, vinya, cultius tropicals, etc.<\/p>\n","protected":false},"excerpt":{"rendered":"<ul>\n<li><strong>Alta solubilitat<\/strong><\/li>\n<li><strong>R\u00e0pida absorci\u00f3<\/strong><\/li>\n<li><strong>Amb microelements<\/strong><\/li>\n<li><strong>Sense enduriments<\/strong><\/li>\n<\/ul>\n","protected":false},"featured_media":35582,"comment_status":"open","ping_status":"closed","template":"","meta":{"_acf_changed":false},"cultivo":[610,627,646,670,691,611,628,647,672,693,612,629,648,674,695,613,630,649,676,697,614,631,650,677,698,615,632,652,678,700,616,633,654,679,708,133,617,634,656,680,709,134,618,635,658,681,710,602,619,636,659,682,603,620,637,661,683,605,621,638,662,684,606,623,639,663,686,607,624,641,664,687,608,625,643,666,688,609,626,644,668,689],"ecologico":[831],"medioambiente":[846],"solucion":[855,860,865],"tipo-de-aplicacion":[712],"product_brand":[],"product_cat":[981],"product_tag":[],"class_list":{"0":"post-37718","1":"product","2":"type-product","3":"status-publish","4":"has-post-thumbnail","6":"cultivo-castany","7":"cultivo-codonyer","8":"cultivo-manec","9":"cultivo-col","10":"cultivo-remolatxa","11":"cultivo-cirerer","12":"cultivo-taronger","13":"cultivo-maracuia","14":"cultivo-cols-de-brusselles","15":"cultivo-rucula","16":"cultivo-prunera","17":"cultivo-nectarina","18":"cultivo-papaia","19":"cultivo-coliflor","20":"cultivo-sindria","21":"cultivo-clementi","22":"cultivo-noguera","23":"cultivo-pinya","24":"cultivo-escarola","25":"cultivo-soja-verda","26":"cultivo-granat","27":"cultivo-olivera","28":"cultivo-pitahaya","29":"cultivo-espinac","30":"cultivo-tomaquet","31":"cultivo-figuera","32":"cultivo-parra-ornamental","33":"cultivo-tamarindo","34":"cultivo-pesol","35":"cultivo-pastanaga","36":"cultivo-kiwi","37":"cultivo-perera","38":"cultivo-te","39":"cultivo-fava-tendra","40":"cultivo-arbres-ornamentals","41":"cultivo-tropicals","42":"cultivo-llimoner","43":"cultivo-festuc","44":"cultivo-yuca","45":"cultivo-mongeta-tendra","46":"cultivo-gespedes","47":"cultivo-cacau","48":"cultivo-alvocat","49":"cultivo-aranja","50":"cultivo-bleda-2","51":"cultivo-enciam","52":"cultivo-flors","53":"cultivo-fruiters","54":"cultivo-bana-platan","55":"cultivo-videu","56":"cultivo-all","57":"cultivo-melo","58":"cultivo-horticoles","59":"cultivo-cafe","60":"cultivo-canya-de-sucre","61":"cultivo-alberginia","62":"cultivo-nap","63":"cultivo-parcs-i-jardins","64":"cultivo-carambola","65":"cultivo-chirimoya","66":"cultivo-moniato","67":"cultivo-patata","68":"cultivo-albercoc","69":"cultivo-lima-2","70":"cultivo-coco","71":"cultivo-brocoli","72":"cultivo-cogombre","73":"cultivo-ametller","74":"cultivo-mandari","75":"cultivo-fruits-rojos-berries","76":"cultivo-carbasso","77":"cultivo-pebrot","78":"cultivo-avellaner","79":"cultivo-poma","80":"cultivo-guayaba","81":"cultivo-carabassa","82":"cultivo-porro","83":"cultivo-caqui","84":"cultivo-pressec","85":"cultivo-lychee","86":"cultivo-ceba","87":"cultivo-rave","88":"ecologico-no","89":"medioambiente-eficiencia-de-lus-de-nutrients","90":"solucion-deficencia-de-n","91":"solucion-deficencia-de-p","92":"solucion-deficencia-de-k","93":"tipo-de-aplicacion-fertirrigacio","94":"product_cat-npk-hidrosoluble","96":"first","97":"instock","98":"shipping-taxable","99":"product-type-simple"},"acf":[],"_links":{"self":[{"href":"https:\/\/labin.net\/ca\/wp-json\/wp\/v2\/product\/37718","targetHints":{"allow":["GET"]}}],"collection":[{"href":"https:\/\/labin.net\/ca\/wp-json\/wp\/v2\/product"}],"about":[{"href":"https:\/\/labin.net\/ca\/wp-json\/wp\/v2\/types\/product"}],"replies":[{"embeddable":true,"href":"https:\/\/labin.net\/ca\/wp-json\/wp\/v2\/comments?post=37718"}],"wp:featuredmedia":[{"embeddable":true,"href":"https:\/\/labin.net\/ca\/wp-json\/wp\/v2\/media\/35582"}],"wp:attachment":[{"href":"https:\/\/labin.net\/ca\/wp-json\/wp\/v2\/media?parent=37718"}],"wp:term":[{"taxonomy":"cultivo","embeddable":true,"href":"https:\/\/labin.net\/ca\/wp-json\/wp\/v2\/cultivo?post=37718"},{"taxonomy":"ecologico","embeddable":true,"href":"https:\/\/labin.net\/ca\/wp-json\/wp\/v2\/ecologico?post=37718"},{"taxonomy":"medioambiente","embeddable":true,"href":"https:\/\/labin.net\/ca\/wp-json\/wp\/v2\/medioambiente?post=37718"},{"taxonomy":"solucion","embeddable":true,"href":"https:\/\/labin.net\/ca\/wp-json\/wp\/v2\/solucion?post=37718"},{"taxonomy":"tipo-de-aplicacion","embeddable":true,"href":"https:\/\/labin.net\/ca\/wp-json\/wp\/v2\/tipo-de-aplicacion?post=37718"},{"taxonomy":"product_brand","embeddable":true,"href":"https:\/\/labin.net\/ca\/wp-json\/wp\/v2\/product_brand?post=37718"},{"taxonomy":"product_cat","embeddable":true,"href":"https:\/\/labin.net\/ca\/wp-json\/wp\/v2\/product_cat?post=37718"},{"taxonomy":"product_tag","embeddable":true,"href":"https:\/\/labin.net\/ca\/wp-json\/wp\/v2\/product_tag?post=37718"}],"curies":[{"name":"wp","href":"https:\/\/api.w.org\/{rel}","templated":true}]}}