{"id":37702,"date":"2025-12-05T11:01:08","date_gmt":"2025-12-05T11:01:08","guid":{"rendered":"https:labin.net\/producto\/labinor-k-30\/"},"modified":"2026-01-19T11:06:29","modified_gmt":"2026-01-19T11:06:29","slug":"labinor-k-30","status":"publish","type":"product","link":"https:\/\/labin.net\/ca\/producto\/labinor-k-30\/","title":{"rendered":"LABINOR K-30"},"content":{"rendered":"<p><strong>LABINOR K-30<\/strong> \u00e9s un adob granulat que aporta potassi i que est\u00e0 especialment indicat per satisfer les necessitats de la fertilitzaci\u00f3 de fons en cultius ecol\u00f2gics.<\/p>\n<p>La seva proced\u00e8ncia \u00e9s totalment natural i la seva formulaci\u00f3 en forma granular fa que pugui ser aplicada a qualsevol tipus d&#8217;abonadora. Al mateix temps el gr\u00e0nul es descompon amb la humitat del terra i, per tant, actua amb rapidesa. Ideal com a complement d&#8217;altres abonats org\u00e0nics, amb poc potassi o per combinar amb els nostres adobs: <strong>Labinor N10<\/strong> i <strong>Labinor P30,<\/strong> tamb\u00e9 aptes per a agricultura ecol\u00f2gica. Pot ser aplicat en qualsevol tipus de cultiu, com a adobat de fons o per ser incorporat a blendings.<\/p>\n","protected":false},"excerpt":{"rendered":"<ul>\n<li>Potassi d&#8217;origen totalment natural<\/li>\n<li>Totalment assimilable<\/li>\n<li>Abonament pot\u00e0ssic granulat, utilitzable en Agricultura Ecol\u00f2gica<\/li>\n<\/ul>\n","protected":false},"featured_media":36182,"comment_status":"closed","ping_status":"closed","template":"","meta":{"_acf_changed":false},"cultivo":[611,628,647,672,693,612,629,648,674,695,613,630,649,676,697,614,631,650,677,698,615,632,652,678,700,133,616,633,654,679,702,134,617,634,656,680,704,602,618,635,658,681,706,603,619,636,659,682,707,604,620,637,661,683,708,605,621,638,662,684,709,606,623,639,663,686,710,607,624,641,664,687,608,625,643,666,688,609,626,644,668,689,610,627,646,670,691],"ecologico":[827],"medioambiente":[835,846],"solucion":[939],"tipo-de-aplicacion":[711],"product_brand":[],"product_cat":[985],"product_tag":[],"class_list":{"0":"post-37702","1":"product","2":"type-product","3":"status-publish","4":"has-post-thumbnail","6":"cultivo-cirerer","7":"cultivo-taronger","8":"cultivo-maracuia","9":"cultivo-cols-de-brusselles","10":"cultivo-rucula","11":"cultivo-prunera","12":"cultivo-nectarina","13":"cultivo-papaia","14":"cultivo-coliflor","15":"cultivo-sindria","16":"cultivo-clementi","17":"cultivo-noguera","18":"cultivo-pinya","19":"cultivo-escarola","20":"cultivo-soja-verda","21":"cultivo-granat","22":"cultivo-olivera","23":"cultivo-pitahaya","24":"cultivo-espinac","25":"cultivo-tomaquet","26":"cultivo-figuera","27":"cultivo-parra-ornamental","28":"cultivo-tamarindo","29":"cultivo-pesol","30":"cultivo-pastanaga","31":"cultivo-tropicals","32":"cultivo-kiwi","33":"cultivo-perera","34":"cultivo-te","35":"cultivo-fava-tendra","36":"cultivo-cereals","37":"cultivo-cacau","38":"cultivo-llimoner","39":"cultivo-festuc","40":"cultivo-yuca","41":"cultivo-mongeta-tendra","42":"cultivo-farratgeres-i-pastures","43":"cultivo-fruiters","44":"cultivo-alvocat","45":"cultivo-aranja","46":"cultivo-bleda-2","47":"cultivo-enciam","48":"cultivo-lleguminoses-extensives-2","49":"cultivo-horticoles","50":"cultivo-bana-platan","51":"cultivo-videu","52":"cultivo-all","53":"cultivo-melo","54":"cultivo-oleaginoses","55":"cultivo-extensius","56":"cultivo-cafe","57":"cultivo-canya-de-sucre","58":"cultivo-alberginia","59":"cultivo-nap","60":"cultivo-arbres-ornamentals","61":"cultivo-parcs-i-jardins","62":"cultivo-carambola","63":"cultivo-chirimoya","64":"cultivo-moniato","65":"cultivo-patata","66":"cultivo-gespedes","67":"cultivo-albercoc","68":"cultivo-lima-2","69":"cultivo-coco","70":"cultivo-brocoli","71":"cultivo-cogombre","72":"cultivo-flors","73":"cultivo-ametller","74":"cultivo-mandari","75":"cultivo-fruits-rojos-berries","76":"cultivo-carbasso","77":"cultivo-pebrot","78":"cultivo-avellaner","79":"cultivo-poma","80":"cultivo-guayaba","81":"cultivo-carabassa","82":"cultivo-porro","83":"cultivo-caqui","84":"cultivo-pressec","85":"cultivo-lychee","86":"cultivo-ceba","87":"cultivo-rave","88":"cultivo-castany","89":"cultivo-codonyer","90":"cultivo-manec","91":"cultivo-col","92":"cultivo-remolatxa","93":"ecologico-si","94":"medioambiente-reduccio-empremta-de-co2","95":"medioambiente-eficiencia-de-lus-de-nutrients","96":"solucion-millorar-la-salut-del-sol","97":"tipo-de-aplicacion-aplicacio-a-terra","98":"product_cat-adobs-granulats-i-microgranulats","100":"first","101":"instock","102":"shipping-taxable","103":"product-type-simple"},"acf":[],"_links":{"self":[{"href":"https:\/\/labin.net\/ca\/wp-json\/wp\/v2\/product\/37702","targetHints":{"allow":["GET"]}}],"collection":[{"href":"https:\/\/labin.net\/ca\/wp-json\/wp\/v2\/product"}],"about":[{"href":"https:\/\/labin.net\/ca\/wp-json\/wp\/v2\/types\/product"}],"replies":[{"embeddable":true,"href":"https:\/\/labin.net\/ca\/wp-json\/wp\/v2\/comments?post=37702"}],"wp:featuredmedia":[{"embeddable":true,"href":"https:\/\/labin.net\/ca\/wp-json\/wp\/v2\/media\/36182"}],"wp:attachment":[{"href":"https:\/\/labin.net\/ca\/wp-json\/wp\/v2\/media?parent=37702"}],"wp:term":[{"taxonomy":"cultivo","embeddable":true,"href":"https:\/\/labin.net\/ca\/wp-json\/wp\/v2\/cultivo?post=37702"},{"taxonomy":"ecologico","embeddable":true,"href":"https:\/\/labin.net\/ca\/wp-json\/wp\/v2\/ecologico?post=37702"},{"taxonomy":"medioambiente","embeddable":true,"href":"https:\/\/labin.net\/ca\/wp-json\/wp\/v2\/medioambiente?post=37702"},{"taxonomy":"solucion","embeddable":true,"href":"https:\/\/labin.net\/ca\/wp-json\/wp\/v2\/solucion?post=37702"},{"taxonomy":"tipo-de-aplicacion","embeddable":true,"href":"https:\/\/labin.net\/ca\/wp-json\/wp\/v2\/tipo-de-aplicacion?post=37702"},{"taxonomy":"product_brand","embeddable":true,"href":"https:\/\/labin.net\/ca\/wp-json\/wp\/v2\/product_brand?post=37702"},{"taxonomy":"product_cat","embeddable":true,"href":"https:\/\/labin.net\/ca\/wp-json\/wp\/v2\/product_cat?post=37702"},{"taxonomy":"product_tag","embeddable":true,"href":"https:\/\/labin.net\/ca\/wp-json\/wp\/v2\/product_tag?post=37702"}],"curies":[{"name":"wp","href":"https:\/\/api.w.org\/{rel}","templated":true}]}}