{"id":37698,"date":"2025-12-05T11:01:18","date_gmt":"2025-12-05T11:01:18","guid":{"rendered":"https:labin.net\/producto\/labifol-sugar-k\/"},"modified":"2026-01-19T09:54:20","modified_gmt":"2026-01-19T09:54:20","slug":"labifol-sugar-k","status":"publish","type":"product","link":"https:\/\/labin.net\/ca\/producto\/labifol-sugar-k\/","title":{"rendered":"LABIFOL SUGAR K"},"content":{"rendered":"<p><strong>LABIFOL SUGAR K<\/strong> \u00e9s un producte que aporta potassi, amino\u00e0cids, microelements i sucres altament assimilables, per afavorir l&#8217;ENGREIX dels fruits. La sinergia del potassi amb la resta de components de la formulaci\u00f3 comporta una activitat m\u00e9s gran d&#8217;aquest element que actua millorant la maduraci\u00f3 dels fruits: contingut en sucres, coloraci\u00f3, calibre i uniformitat, precocitat, consist\u00e8ncia, etc. El seu pH neutre permet tenir una excepcional compatibilitat amb la majoria dels tractaments agroqu\u00edmics.<\/p>\n<p><strong>LABIFOL SUGAR K<\/strong> es pot utilitzar en tot tipus de cultius. Tamb\u00e9 en el plataner, on s&#8217;aconsegueixen excel\u00b7lents resultats de millora de la qualitat del fruit si s&#8217;aplica durant la fase d&#8217;ompliment.<\/p>\n","protected":false},"excerpt":{"rendered":"<ul>\n<li>Afavoreix l&#8217;engreix<\/li>\n<li>Millora la coloraci\u00f3, calibre i contingut en sucres i consist\u00e8ncia<\/li>\n<li>En el plataner millora la qualitat durant l&#8217;ompliment<\/li>\n<\/ul>\n","protected":false},"featured_media":36248,"comment_status":"closed","ping_status":"closed","template":"","meta":{"_acf_changed":false},"cultivo":[608,625,643,666,688,609,626,644,668,689,610,627,646,670,691,611,628,647,672,693,612,629,648,674,695,613,630,649,676,697,614,631,650,677,698,615,632,652,678,700,133,616,633,654,679,702,134,617,634,656,680,704,602,618,635,658,681,706,603,619,636,659,682,707,604,620,637,661,683,708,605,621,638,662,684,709,606,623,639,663,686,710,607,624,641,664,687],"ecologico":[831],"medioambiente":[846],"solucion":[865,919,944],"tipo-de-aplicacion":[712,781,783,784],"product_brand":[],"product_cat":[976],"product_tag":[],"class_list":{"0":"post-37698","1":"product","2":"type-product","3":"status-publish","4":"has-post-thumbnail","6":"cultivo-avellaner","7":"cultivo-poma","8":"cultivo-guayaba","9":"cultivo-carabassa","10":"cultivo-porro","11":"cultivo-caqui","12":"cultivo-pressec","13":"cultivo-lychee","14":"cultivo-ceba","15":"cultivo-rave","16":"cultivo-castany","17":"cultivo-codonyer","18":"cultivo-manec","19":"cultivo-col","20":"cultivo-remolatxa","21":"cultivo-cirerer","22":"cultivo-taronger","23":"cultivo-maracuia","24":"cultivo-cols-de-brusselles","25":"cultivo-rucula","26":"cultivo-prunera","27":"cultivo-nectarina","28":"cultivo-papaia","29":"cultivo-coliflor","30":"cultivo-sindria","31":"cultivo-clementi","32":"cultivo-noguera","33":"cultivo-pinya","34":"cultivo-escarola","35":"cultivo-soja-verda","36":"cultivo-granat","37":"cultivo-olivera","38":"cultivo-pitahaya","39":"cultivo-espinac","40":"cultivo-tomaquet","41":"cultivo-figuera","42":"cultivo-parra-ornamental","43":"cultivo-tamarindo","44":"cultivo-pesol","45":"cultivo-pastanaga","46":"cultivo-tropicals","47":"cultivo-kiwi","48":"cultivo-perera","49":"cultivo-te","50":"cultivo-fava-tendra","51":"cultivo-cereals","52":"cultivo-cacau","53":"cultivo-llimoner","54":"cultivo-festuc","55":"cultivo-yuca","56":"cultivo-mongeta-tendra","57":"cultivo-farratgeres-i-pastures","58":"cultivo-fruiters","59":"cultivo-alvocat","60":"cultivo-aranja","61":"cultivo-bleda-2","62":"cultivo-enciam","63":"cultivo-lleguminoses-extensives-2","64":"cultivo-horticoles","65":"cultivo-bana-platan","66":"cultivo-videu","67":"cultivo-all","68":"cultivo-melo","69":"cultivo-oleaginoses","70":"cultivo-extensius","71":"cultivo-cafe","72":"cultivo-canya-de-sucre","73":"cultivo-alberginia","74":"cultivo-nap","75":"cultivo-arbres-ornamentals","76":"cultivo-parcs-i-jardins","77":"cultivo-carambola","78":"cultivo-chirimoya","79":"cultivo-moniato","80":"cultivo-patata","81":"cultivo-gespedes","82":"cultivo-albercoc","83":"cultivo-lima-2","84":"cultivo-coco","85":"cultivo-brocoli","86":"cultivo-cogombre","87":"cultivo-flors","88":"cultivo-ametller","89":"cultivo-mandari","90":"cultivo-fruits-rojos-berries","91":"cultivo-carbasso","92":"cultivo-pebrot","93":"ecologico-no","94":"medioambiente-eficiencia-de-lus-de-nutrients","95":"solucion-deficencia-de-k","96":"solucion-engreix-del-fruit","97":"solucion-augment-qualitat-fruit","98":"tipo-de-aplicacion-fertirrigacio","99":"tipo-de-aplicacion-foliar","100":"tipo-de-aplicacion-dron","101":"tipo-de-aplicacion-avioneta","102":"product_cat-corrector-de-carencies","104":"first","105":"instock","106":"shipping-taxable","107":"product-type-simple"},"acf":[],"_links":{"self":[{"href":"https:\/\/labin.net\/ca\/wp-json\/wp\/v2\/product\/37698","targetHints":{"allow":["GET"]}}],"collection":[{"href":"https:\/\/labin.net\/ca\/wp-json\/wp\/v2\/product"}],"about":[{"href":"https:\/\/labin.net\/ca\/wp-json\/wp\/v2\/types\/product"}],"replies":[{"embeddable":true,"href":"https:\/\/labin.net\/ca\/wp-json\/wp\/v2\/comments?post=37698"}],"wp:featuredmedia":[{"embeddable":true,"href":"https:\/\/labin.net\/ca\/wp-json\/wp\/v2\/media\/36248"}],"wp:attachment":[{"href":"https:\/\/labin.net\/ca\/wp-json\/wp\/v2\/media?parent=37698"}],"wp:term":[{"taxonomy":"cultivo","embeddable":true,"href":"https:\/\/labin.net\/ca\/wp-json\/wp\/v2\/cultivo?post=37698"},{"taxonomy":"ecologico","embeddable":true,"href":"https:\/\/labin.net\/ca\/wp-json\/wp\/v2\/ecologico?post=37698"},{"taxonomy":"medioambiente","embeddable":true,"href":"https:\/\/labin.net\/ca\/wp-json\/wp\/v2\/medioambiente?post=37698"},{"taxonomy":"solucion","embeddable":true,"href":"https:\/\/labin.net\/ca\/wp-json\/wp\/v2\/solucion?post=37698"},{"taxonomy":"tipo-de-aplicacion","embeddable":true,"href":"https:\/\/labin.net\/ca\/wp-json\/wp\/v2\/tipo-de-aplicacion?post=37698"},{"taxonomy":"product_brand","embeddable":true,"href":"https:\/\/labin.net\/ca\/wp-json\/wp\/v2\/product_brand?post=37698"},{"taxonomy":"product_cat","embeddable":true,"href":"https:\/\/labin.net\/ca\/wp-json\/wp\/v2\/product_cat?post=37698"},{"taxonomy":"product_tag","embeddable":true,"href":"https:\/\/labin.net\/ca\/wp-json\/wp\/v2\/product_tag?post=37698"}],"curies":[{"name":"wp","href":"https:\/\/api.w.org\/{rel}","templated":true}]}}