{"id":37693,"date":"2025-12-05T11:01:18","date_gmt":"2025-12-05T11:01:18","guid":{"rendered":"https:labin.net\/producto\/labifol-10-10-40\/"},"modified":"2026-01-19T11:24:40","modified_gmt":"2026-01-19T11:24:40","slug":"labifol-10-10-40","status":"publish","type":"product","link":"https:\/\/labin.net\/ca\/producto\/labifol-10-10-40\/","title":{"rendered":"LABIFOL 10-10-40"},"content":{"rendered":"<p>Abonament s\u00f2lid cristal\u00b7l\u00ed soluble, especialment dissenyat per aplicar en fertirrigaci\u00f3. La selecci\u00f3 de les millors mat\u00e8ries primeres ens garanteix una solubilitat elevada i l&#8217;abs\u00e8ncia d&#8217;impureses. A m\u00e9s, el seu especial proc\u00e9s de fabricaci\u00f3 assegura la flu\u00efdesa del producte i evita l&#8217;enduriment.<br \/>\nLABIN 10-10-40 est\u00e0 enriquit amb microelements quelatats, per garantir l&#8217;abs\u00e8ncia de car\u00e8ncies i el correcte desenvolupament dels cultius, sent el seu pH lleugerament \u00e0cid per evitar obturacions i bloquejos.<\/p>\n<p>Recomanat per a tot tipus de cultius i per\u00edodes en qu\u00e8 es requereix una aportaci\u00f3 important de potassi, com pot ser en l&#8217;engreix i maduraci\u00f3 dels fruits. \u00c9s a dir, en tots aquells per\u00edodes en qu\u00e8 es requereixi un equilibri NPK de 1-1-4.<br \/>\nPot aplicar-se a Floricultura, Vivers, Fruiters, Hort\u00edcoles, Vinyes, Cultius Tropicals, etc.<\/p>\n","protected":false},"excerpt":{"rendered":"<ul>\n<li><strong>Alta solubilitat<\/strong><\/li>\n<li><strong>R\u00e0pida absorci\u00f3<\/strong><\/li>\n<li><strong>Amb microelements<\/strong><\/li>\n<li><strong>Sense enduriments<\/strong><\/li>\n<\/ul>\n","protected":false},"featured_media":36121,"comment_status":"closed","ping_status":"closed","template":"","meta":{"_acf_changed":false},"cultivo":[612,629,648,674,695,613,630,649,676,697,614,631,650,677,698,615,632,652,678,700,133,616,633,654,679,702,134,617,634,656,680,704,602,618,635,658,681,706,603,619,636,659,682,707,604,620,637,661,683,708,605,621,638,662,684,709,606,623,639,663,686,710,607,624,641,664,687,608,625,643,666,688,609,626,644,668,689,610,627,646,670,691,611,628,647,672,693],"ecologico":[831],"medioambiente":[846],"solucion":[855,860,865],"tipo-de-aplicacion":[712,781],"product_brand":[],"product_cat":[1006],"product_tag":[],"class_list":{"0":"post-37693","1":"product","2":"type-product","3":"status-publish","4":"has-post-thumbnail","6":"cultivo-prunera","7":"cultivo-nectarina","8":"cultivo-papaia","9":"cultivo-coliflor","10":"cultivo-sindria","11":"cultivo-clementi","12":"cultivo-noguera","13":"cultivo-pinya","14":"cultivo-escarola","15":"cultivo-soja-verda","16":"cultivo-granat","17":"cultivo-olivera","18":"cultivo-pitahaya","19":"cultivo-espinac","20":"cultivo-tomaquet","21":"cultivo-figuera","22":"cultivo-parra-ornamental","23":"cultivo-tamarindo","24":"cultivo-pesol","25":"cultivo-pastanaga","26":"cultivo-tropicals","27":"cultivo-kiwi","28":"cultivo-perera","29":"cultivo-te","30":"cultivo-fava-tendra","31":"cultivo-cereals","32":"cultivo-cacau","33":"cultivo-llimoner","34":"cultivo-festuc","35":"cultivo-yuca","36":"cultivo-mongeta-tendra","37":"cultivo-farratgeres-i-pastures","38":"cultivo-fruiters","39":"cultivo-alvocat","40":"cultivo-aranja","41":"cultivo-bleda-2","42":"cultivo-enciam","43":"cultivo-lleguminoses-extensives-2","44":"cultivo-horticoles","45":"cultivo-bana-platan","46":"cultivo-videu","47":"cultivo-all","48":"cultivo-melo","49":"cultivo-oleaginoses","50":"cultivo-extensius","51":"cultivo-cafe","52":"cultivo-canya-de-sucre","53":"cultivo-alberginia","54":"cultivo-nap","55":"cultivo-arbres-ornamentals","56":"cultivo-parcs-i-jardins","57":"cultivo-carambola","58":"cultivo-chirimoya","59":"cultivo-moniato","60":"cultivo-patata","61":"cultivo-gespedes","62":"cultivo-albercoc","63":"cultivo-lima-2","64":"cultivo-coco","65":"cultivo-brocoli","66":"cultivo-cogombre","67":"cultivo-flors","68":"cultivo-ametller","69":"cultivo-mandari","70":"cultivo-fruits-rojos-berries","71":"cultivo-carbasso","72":"cultivo-pebrot","73":"cultivo-avellaner","74":"cultivo-poma","75":"cultivo-guayaba","76":"cultivo-carabassa","77":"cultivo-porro","78":"cultivo-caqui","79":"cultivo-pressec","80":"cultivo-lychee","81":"cultivo-ceba","82":"cultivo-rave","83":"cultivo-castany","84":"cultivo-codonyer","85":"cultivo-manec","86":"cultivo-col","87":"cultivo-remolatxa","88":"cultivo-cirerer","89":"cultivo-taronger","90":"cultivo-maracuia","91":"cultivo-cols-de-brusselles","92":"cultivo-rucula","93":"ecologico-no","94":"medioambiente-eficiencia-de-lus-de-nutrients","95":"solucion-deficencia-de-n","96":"solucion-deficencia-de-p","97":"solucion-deficencia-de-k","98":"tipo-de-aplicacion-fertirrigacio","99":"tipo-de-aplicacion-foliar","100":"product_cat-npks-foliars","102":"first","103":"instock","104":"shipping-taxable","105":"product-type-simple"},"acf":[],"_links":{"self":[{"href":"https:\/\/labin.net\/ca\/wp-json\/wp\/v2\/product\/37693","targetHints":{"allow":["GET"]}}],"collection":[{"href":"https:\/\/labin.net\/ca\/wp-json\/wp\/v2\/product"}],"about":[{"href":"https:\/\/labin.net\/ca\/wp-json\/wp\/v2\/types\/product"}],"replies":[{"embeddable":true,"href":"https:\/\/labin.net\/ca\/wp-json\/wp\/v2\/comments?post=37693"}],"wp:featuredmedia":[{"embeddable":true,"href":"https:\/\/labin.net\/ca\/wp-json\/wp\/v2\/media\/36121"}],"wp:attachment":[{"href":"https:\/\/labin.net\/ca\/wp-json\/wp\/v2\/media?parent=37693"}],"wp:term":[{"taxonomy":"cultivo","embeddable":true,"href":"https:\/\/labin.net\/ca\/wp-json\/wp\/v2\/cultivo?post=37693"},{"taxonomy":"ecologico","embeddable":true,"href":"https:\/\/labin.net\/ca\/wp-json\/wp\/v2\/ecologico?post=37693"},{"taxonomy":"medioambiente","embeddable":true,"href":"https:\/\/labin.net\/ca\/wp-json\/wp\/v2\/medioambiente?post=37693"},{"taxonomy":"solucion","embeddable":true,"href":"https:\/\/labin.net\/ca\/wp-json\/wp\/v2\/solucion?post=37693"},{"taxonomy":"tipo-de-aplicacion","embeddable":true,"href":"https:\/\/labin.net\/ca\/wp-json\/wp\/v2\/tipo-de-aplicacion?post=37693"},{"taxonomy":"product_brand","embeddable":true,"href":"https:\/\/labin.net\/ca\/wp-json\/wp\/v2\/product_brand?post=37693"},{"taxonomy":"product_cat","embeddable":true,"href":"https:\/\/labin.net\/ca\/wp-json\/wp\/v2\/product_cat?post=37693"},{"taxonomy":"product_tag","embeddable":true,"href":"https:\/\/labin.net\/ca\/wp-json\/wp\/v2\/product_tag?post=37693"}],"curies":[{"name":"wp","href":"https:\/\/api.w.org\/{rel}","templated":true}]}}