{"id":37687,"date":"2025-12-05T11:01:08","date_gmt":"2025-12-05T11:01:08","guid":{"rendered":"https:labin.net\/producto\/orgamax-g\/"},"modified":"2026-01-19T11:16:18","modified_gmt":"2026-01-19T11:16:18","slug":"orgamax-g","status":"publish","type":"product","link":"https:\/\/labin.net\/ca\/producto\/orgamax-g\/","title":{"rendered":"ORGAMAX G"},"content":{"rendered":"<p class=\"Default\"><strong>ORGAMAX G<\/strong> \u00e9s un adob org\u00e0nic-h\u00famic procedent de lignits especials degudament escollits i processats. Per la seva riquesa en mat\u00e8ria org\u00e0nica i subst\u00e0ncies h\u00famiques, modifica les propietats qu\u00edmiques del s\u00f2l, millorant la seva capacitat d&#8217;intercanvi cati\u00f2nic (complex argil\u00b7loh\u00famic) i desbloquejant els nutrients que hi ha al s\u00f2l, facilitant aix\u00ed la seva millor assimilaci\u00f3.<\/p>\n<p class=\"Default\">\u00c9s una esmena org\u00e0nica-h\u00famica, amb subst\u00e0ncies h\u00famiques ja existents, no de formaci\u00f3 futura (Humus \u201creal\u201d, no nom\u00e9s \u201cpotencial\u201d). Per tant, no necessita aplicacions massives d&#8217;un producte \u00fanicament org\u00e0nic. Millora les propietats qu\u00edmiques i biol\u00f2giques del terra.<\/p>\n","protected":false},"excerpt":{"rendered":"<ul>\n<li><strong>Alliberament natural sostingut<\/strong><\/li>\n<li><strong>Abonament org\u00e0nic-h\u00famic<\/strong><\/li>\n<li><strong>Forma de gr\u00e0nul: f\u00e0cil aplicaci\u00f3<\/strong><\/li>\n<\/ul>\n","protected":false},"featured_media":35462,"comment_status":"closed","ping_status":"closed","template":"","meta":{"_acf_changed":false},"cultivo":[614,631,650,677,698,615,632,652,678,700,133,616,633,654,679,702,134,617,634,656,680,704,602,618,635,658,681,706,603,619,636,659,682,707,604,620,637,661,683,708,605,621,638,662,684,709,606,623,639,663,686,710,607,624,641,664,687,608,625,643,666,688,609,626,644,668,689,610,627,646,670,691,611,628,647,672,693,612,629,648,674,695,613,630,649,676,697],"ecologico":[827],"medioambiente":[835,846],"solucion":[939],"tipo-de-aplicacion":[711],"product_brand":[],"product_cat":[990],"product_tag":[],"class_list":{"0":"post-37687","1":"product","2":"type-product","3":"status-publish","4":"has-post-thumbnail","6":"cultivo-granat","7":"cultivo-olivera","8":"cultivo-pitahaya","9":"cultivo-espinac","10":"cultivo-tomaquet","11":"cultivo-figuera","12":"cultivo-parra-ornamental","13":"cultivo-tamarindo","14":"cultivo-pesol","15":"cultivo-pastanaga","16":"cultivo-tropicals","17":"cultivo-kiwi","18":"cultivo-perera","19":"cultivo-te","20":"cultivo-fava-tendra","21":"cultivo-cereals","22":"cultivo-cacau","23":"cultivo-llimoner","24":"cultivo-festuc","25":"cultivo-yuca","26":"cultivo-mongeta-tendra","27":"cultivo-farratgeres-i-pastures","28":"cultivo-fruiters","29":"cultivo-alvocat","30":"cultivo-aranja","31":"cultivo-bleda-2","32":"cultivo-enciam","33":"cultivo-lleguminoses-extensives-2","34":"cultivo-horticoles","35":"cultivo-bana-platan","36":"cultivo-videu","37":"cultivo-all","38":"cultivo-melo","39":"cultivo-oleaginoses","40":"cultivo-extensius","41":"cultivo-cafe","42":"cultivo-canya-de-sucre","43":"cultivo-alberginia","44":"cultivo-nap","45":"cultivo-arbres-ornamentals","46":"cultivo-parcs-i-jardins","47":"cultivo-carambola","48":"cultivo-chirimoya","49":"cultivo-moniato","50":"cultivo-patata","51":"cultivo-gespedes","52":"cultivo-albercoc","53":"cultivo-lima-2","54":"cultivo-coco","55":"cultivo-brocoli","56":"cultivo-cogombre","57":"cultivo-flors","58":"cultivo-ametller","59":"cultivo-mandari","60":"cultivo-fruits-rojos-berries","61":"cultivo-carbasso","62":"cultivo-pebrot","63":"cultivo-avellaner","64":"cultivo-poma","65":"cultivo-guayaba","66":"cultivo-carabassa","67":"cultivo-porro","68":"cultivo-caqui","69":"cultivo-pressec","70":"cultivo-lychee","71":"cultivo-ceba","72":"cultivo-rave","73":"cultivo-castany","74":"cultivo-codonyer","75":"cultivo-manec","76":"cultivo-col","77":"cultivo-remolatxa","78":"cultivo-cirerer","79":"cultivo-taronger","80":"cultivo-maracuia","81":"cultivo-cols-de-brusselles","82":"cultivo-rucula","83":"cultivo-prunera","84":"cultivo-nectarina","85":"cultivo-papaia","86":"cultivo-coliflor","87":"cultivo-sindria","88":"cultivo-clementi","89":"cultivo-noguera","90":"cultivo-pinya","91":"cultivo-escarola","92":"cultivo-soja-verda","93":"ecologico-si","94":"medioambiente-reduccio-empremta-de-co2","95":"medioambiente-eficiencia-de-lus-de-nutrients","96":"solucion-millorar-la-salut-del-sol","97":"tipo-de-aplicacion-aplicacio-a-terra","98":"product_cat-esmenes","100":"first","101":"instock","102":"shipping-taxable","103":"product-type-simple"},"acf":[],"_links":{"self":[{"href":"https:\/\/labin.net\/ca\/wp-json\/wp\/v2\/product\/37687","targetHints":{"allow":["GET"]}}],"collection":[{"href":"https:\/\/labin.net\/ca\/wp-json\/wp\/v2\/product"}],"about":[{"href":"https:\/\/labin.net\/ca\/wp-json\/wp\/v2\/types\/product"}],"replies":[{"embeddable":true,"href":"https:\/\/labin.net\/ca\/wp-json\/wp\/v2\/comments?post=37687"}],"wp:featuredmedia":[{"embeddable":true,"href":"https:\/\/labin.net\/ca\/wp-json\/wp\/v2\/media\/35462"}],"wp:attachment":[{"href":"https:\/\/labin.net\/ca\/wp-json\/wp\/v2\/media?parent=37687"}],"wp:term":[{"taxonomy":"cultivo","embeddable":true,"href":"https:\/\/labin.net\/ca\/wp-json\/wp\/v2\/cultivo?post=37687"},{"taxonomy":"ecologico","embeddable":true,"href":"https:\/\/labin.net\/ca\/wp-json\/wp\/v2\/ecologico?post=37687"},{"taxonomy":"medioambiente","embeddable":true,"href":"https:\/\/labin.net\/ca\/wp-json\/wp\/v2\/medioambiente?post=37687"},{"taxonomy":"solucion","embeddable":true,"href":"https:\/\/labin.net\/ca\/wp-json\/wp\/v2\/solucion?post=37687"},{"taxonomy":"tipo-de-aplicacion","embeddable":true,"href":"https:\/\/labin.net\/ca\/wp-json\/wp\/v2\/tipo-de-aplicacion?post=37687"},{"taxonomy":"product_brand","embeddable":true,"href":"https:\/\/labin.net\/ca\/wp-json\/wp\/v2\/product_brand?post=37687"},{"taxonomy":"product_cat","embeddable":true,"href":"https:\/\/labin.net\/ca\/wp-json\/wp\/v2\/product_cat?post=37687"},{"taxonomy":"product_tag","embeddable":true,"href":"https:\/\/labin.net\/ca\/wp-json\/wp\/v2\/product_tag?post=37687"}],"curies":[{"name":"wp","href":"https:\/\/api.w.org\/{rel}","templated":true}]}}