{"id":37685,"date":"2025-12-05T11:01:08","date_gmt":"2025-12-05T11:01:08","guid":{"rendered":"https:labin.net\/producto\/labicam-105\/"},"modified":"2026-01-15T15:11:55","modified_gmt":"2026-01-15T15:11:55","slug":"labicam-105","status":"publish","type":"product","link":"https:\/\/labin.net\/ca\/producto\/labicam-105\/","title":{"rendered":"LABICAM 105"},"content":{"rendered":"<p>Producte l\u00edquid que es pot aplicar tant per via foliar com en fertirrigaci\u00f3. T\u00e9 un alt contingut en calci, magnesi i nitrogen i est\u00e0 especialment indicat per mantenir el creixement de les plantes alhora que n&#8217;afavorim l&#8217;estructura i la conservaci\u00f3. Est\u00e0 indicat per a cultius hort\u00edcoles, tant de fulla com de fruit per fer una aportaci\u00f3 equilibrada i assimilable d&#8217;aquests tres elements. La sinergia entre els seus components afavoreix l&#8217;actuaci\u00f3 del calci i prev\u00e9 fisiopaties com el tip-burn, el bitter pit i la podridura apical de fruits, afavorint una major consist\u00e8ncia i resist\u00e8ncia postcollita.<\/p>\n","protected":false},"excerpt":{"rendered":"<ul>\n<li>Aportaci\u00f3 de calci i magnesi<\/li>\n<li>Millora de la conservaci\u00f3 post-collita<\/li>\n<li>Augment de la CE de l&#8217;aigua de reg<\/li>\n<\/ul>\n","protected":false},"featured_media":36212,"comment_status":"closed","ping_status":"closed","template":"","meta":{"_acf_changed":false},"cultivo":[611,628,647,672,693,612,629,648,674,695,613,630,649,676,697,614,631,650,677,698,615,632,652,678,700,133,616,633,654,679,702,134,617,634,656,680,704,602,618,635,658,681,706,603,619,636,659,682,707,604,620,637,661,683,708,605,621,638,662,684,709,606,623,639,663,686,710,607,624,641,664,687,608,625,643,666,688,609,626,644,668,689,610,627,646,670,691],"ecologico":[831],"medioambiente":[846],"solucion":[855,869,919,934,944],"tipo-de-aplicacion":[712,781,783,784],"product_brand":[],"product_cat":[976],"product_tag":[],"class_list":{"0":"post-37685","1":"product","2":"type-product","3":"status-publish","4":"has-post-thumbnail","6":"cultivo-cirerer","7":"cultivo-taronger","8":"cultivo-maracuia","9":"cultivo-cols-de-brusselles","10":"cultivo-rucula","11":"cultivo-prunera","12":"cultivo-nectarina","13":"cultivo-papaia","14":"cultivo-coliflor","15":"cultivo-sindria","16":"cultivo-clementi","17":"cultivo-noguera","18":"cultivo-pinya","19":"cultivo-escarola","20":"cultivo-soja-verda","21":"cultivo-granat","22":"cultivo-olivera","23":"cultivo-pitahaya","24":"cultivo-espinac","25":"cultivo-tomaquet","26":"cultivo-figuera","27":"cultivo-parra-ornamental","28":"cultivo-tamarindo","29":"cultivo-pesol","30":"cultivo-pastanaga","31":"cultivo-tropicals","32":"cultivo-kiwi","33":"cultivo-perera","34":"cultivo-te","35":"cultivo-fava-tendra","36":"cultivo-cereals","37":"cultivo-cacau","38":"cultivo-llimoner","39":"cultivo-festuc","40":"cultivo-yuca","41":"cultivo-mongeta-tendra","42":"cultivo-farratgeres-i-pastures","43":"cultivo-fruiters","44":"cultivo-alvocat","45":"cultivo-aranja","46":"cultivo-bleda-2","47":"cultivo-enciam","48":"cultivo-lleguminoses-extensives-2","49":"cultivo-horticoles","50":"cultivo-bana-platan","51":"cultivo-videu","52":"cultivo-all","53":"cultivo-melo","54":"cultivo-oleaginoses","55":"cultivo-extensius","56":"cultivo-cafe","57":"cultivo-canya-de-sucre","58":"cultivo-alberginia","59":"cultivo-nap","60":"cultivo-arbres-ornamentals","61":"cultivo-parcs-i-jardins","62":"cultivo-carambola","63":"cultivo-chirimoya","64":"cultivo-moniato","65":"cultivo-patata","66":"cultivo-gespedes","67":"cultivo-albercoc","68":"cultivo-lima-2","69":"cultivo-coco","70":"cultivo-brocoli","71":"cultivo-cogombre","72":"cultivo-flors","73":"cultivo-ametller","74":"cultivo-mandari","75":"cultivo-fruits-rojos-berries","76":"cultivo-carbasso","77":"cultivo-pebrot","78":"cultivo-avellaner","79":"cultivo-poma","80":"cultivo-guayaba","81":"cultivo-carabassa","82":"cultivo-porro","83":"cultivo-caqui","84":"cultivo-pressec","85":"cultivo-lychee","86":"cultivo-ceba","87":"cultivo-rave","88":"cultivo-castany","89":"cultivo-codonyer","90":"cultivo-manec","91":"cultivo-col","92":"cultivo-remolatxa","93":"ecologico-no","94":"medioambiente-eficiencia-de-lus-de-nutrients","95":"solucion-deficencia-de-n","96":"solucion-deficencia-de-ca","97":"solucion-engreix-del-fruit","98":"solucion-millora-postcollita","99":"solucion-augment-qualitat-fruit","100":"tipo-de-aplicacion-fertirrigacio","101":"tipo-de-aplicacion-foliar","102":"tipo-de-aplicacion-dron","103":"tipo-de-aplicacion-avioneta","104":"product_cat-corrector-de-carencies","106":"first","107":"instock","108":"shipping-taxable","109":"product-type-simple"},"acf":[],"_links":{"self":[{"href":"https:\/\/labin.net\/ca\/wp-json\/wp\/v2\/product\/37685","targetHints":{"allow":["GET"]}}],"collection":[{"href":"https:\/\/labin.net\/ca\/wp-json\/wp\/v2\/product"}],"about":[{"href":"https:\/\/labin.net\/ca\/wp-json\/wp\/v2\/types\/product"}],"replies":[{"embeddable":true,"href":"https:\/\/labin.net\/ca\/wp-json\/wp\/v2\/comments?post=37685"}],"wp:featuredmedia":[{"embeddable":true,"href":"https:\/\/labin.net\/ca\/wp-json\/wp\/v2\/media\/36212"}],"wp:attachment":[{"href":"https:\/\/labin.net\/ca\/wp-json\/wp\/v2\/media?parent=37685"}],"wp:term":[{"taxonomy":"cultivo","embeddable":true,"href":"https:\/\/labin.net\/ca\/wp-json\/wp\/v2\/cultivo?post=37685"},{"taxonomy":"ecologico","embeddable":true,"href":"https:\/\/labin.net\/ca\/wp-json\/wp\/v2\/ecologico?post=37685"},{"taxonomy":"medioambiente","embeddable":true,"href":"https:\/\/labin.net\/ca\/wp-json\/wp\/v2\/medioambiente?post=37685"},{"taxonomy":"solucion","embeddable":true,"href":"https:\/\/labin.net\/ca\/wp-json\/wp\/v2\/solucion?post=37685"},{"taxonomy":"tipo-de-aplicacion","embeddable":true,"href":"https:\/\/labin.net\/ca\/wp-json\/wp\/v2\/tipo-de-aplicacion?post=37685"},{"taxonomy":"product_brand","embeddable":true,"href":"https:\/\/labin.net\/ca\/wp-json\/wp\/v2\/product_brand?post=37685"},{"taxonomy":"product_cat","embeddable":true,"href":"https:\/\/labin.net\/ca\/wp-json\/wp\/v2\/product_cat?post=37685"},{"taxonomy":"product_tag","embeddable":true,"href":"https:\/\/labin.net\/ca\/wp-json\/wp\/v2\/product_tag?post=37685"}],"curies":[{"name":"wp","href":"https:\/\/api.w.org\/{rel}","templated":true}]}}