{"id":37678,"date":"2025-12-05T11:01:08","date_gmt":"2025-12-05T11:01:08","guid":{"rendered":"https:labin.net\/producto\/labin-20-20-20\/"},"modified":"2026-01-19T10:32:15","modified_gmt":"2026-01-19T10:32:15","slug":"labin-20-20-20","status":"publish","type":"product","link":"https:\/\/labin.net\/ca\/producto\/labin-20-20-20\/","title":{"rendered":"LABIN 20-20-20"},"content":{"rendered":"<p>Producte en forma de pols cristal\u00b7lina de color rosat especialment dissenyat per aplicar en fertirrigaci\u00f3, perfectament soluble en aigua que cont\u00e9 macro, meso i microelements. La selecci\u00f3 de les millors mat\u00e8ries primeres ens garanteix una solubilitat elevada i l&#8217;abs\u00e8ncia d&#8217;impureses. A m\u00e9s, el seu especial proc\u00e9s de fabricaci\u00f3 assegura la flu\u00efdesa del producte i evita l&#8217;enduriment.<\/p>\n<p>LABIN 20-20-20 est\u00e0 enriquit amb microelements quelatats per garantir l&#8217;abs\u00e8ncia de car\u00e8ncies i el correcte desenvolupament dels cultius, i el seu pH \u00e9s lleugerament \u00e0cid per evitar obturacions i bloquejos. Com que \u00e9s un adob pobre en clor augmenta l&#8217;absorci\u00f3 i assimilaci\u00f3 de nutrients per la planta.<\/p>\n<p>Especialment recomanat per a vivers, floricultura, hort\u00edcoles, fruiters, vinya, etc., principalment en els moments de major desenvolupament vegetatiu, on una aportaci\u00f3 completa i equilibrada facilita el desenvolupament integral de la planta.<\/p>\n","protected":false},"excerpt":{"rendered":"<ul>\n<li><strong>Alta solubilitat<\/strong><\/li>\n<li><strong>R\u00e0pida absorci\u00f3<\/strong><\/li>\n<li><strong>Amb microelements<\/strong><\/li>\n<li><strong>Sense enduriments<\/strong><\/li>\n<\/ul>\n","protected":false},"featured_media":35590,"comment_status":"closed","ping_status":"closed","template":"","meta":{"_acf_changed":false},"cultivo":[615,632,652,678,700,616,633,654,679,708,133,617,634,656,680,709,134,618,635,658,681,710,602,619,636,659,682,603,620,637,661,683,605,621,638,662,684,606,623,639,663,686,607,624,641,664,687,608,625,643,666,688,609,626,644,668,689,610,627,646,670,691,611,628,647,672,693,612,629,648,674,695,613,630,649,676,697,614,631,650,677,698],"ecologico":[831],"medioambiente":[850],"solucion":[855,860,865],"tipo-de-aplicacion":[712],"product_brand":[],"product_cat":[981],"product_tag":[],"class_list":{"0":"post-37678","1":"product","2":"type-product","3":"status-publish","4":"has-post-thumbnail","6":"cultivo-figuera","7":"cultivo-parra-ornamental","8":"cultivo-tamarindo","9":"cultivo-pesol","10":"cultivo-pastanaga","11":"cultivo-kiwi","12":"cultivo-perera","13":"cultivo-te","14":"cultivo-fava-tendra","15":"cultivo-arbres-ornamentals","16":"cultivo-tropicals","17":"cultivo-llimoner","18":"cultivo-festuc","19":"cultivo-yuca","20":"cultivo-mongeta-tendra","21":"cultivo-gespedes","22":"cultivo-cacau","23":"cultivo-alvocat","24":"cultivo-aranja","25":"cultivo-bleda-2","26":"cultivo-enciam","27":"cultivo-flors","28":"cultivo-fruiters","29":"cultivo-bana-platan","30":"cultivo-videu","31":"cultivo-all","32":"cultivo-melo","33":"cultivo-horticoles","34":"cultivo-cafe","35":"cultivo-canya-de-sucre","36":"cultivo-alberginia","37":"cultivo-nap","38":"cultivo-parcs-i-jardins","39":"cultivo-carambola","40":"cultivo-chirimoya","41":"cultivo-moniato","42":"cultivo-patata","43":"cultivo-albercoc","44":"cultivo-lima-2","45":"cultivo-coco","46":"cultivo-brocoli","47":"cultivo-cogombre","48":"cultivo-ametller","49":"cultivo-mandari","50":"cultivo-fruits-rojos-berries","51":"cultivo-carbasso","52":"cultivo-pebrot","53":"cultivo-avellaner","54":"cultivo-poma","55":"cultivo-guayaba","56":"cultivo-carabassa","57":"cultivo-porro","58":"cultivo-caqui","59":"cultivo-pressec","60":"cultivo-lychee","61":"cultivo-ceba","62":"cultivo-rave","63":"cultivo-castany","64":"cultivo-codonyer","65":"cultivo-manec","66":"cultivo-col","67":"cultivo-remolatxa","68":"cultivo-cirerer","69":"cultivo-taronger","70":"cultivo-maracuia","71":"cultivo-cols-de-brusselles","72":"cultivo-rucula","73":"cultivo-prunera","74":"cultivo-nectarina","75":"cultivo-papaia","76":"cultivo-coliflor","77":"cultivo-sindria","78":"cultivo-clementi","79":"cultivo-noguera","80":"cultivo-pinya","81":"cultivo-escarola","82":"cultivo-soja-verda","83":"cultivo-granat","84":"cultivo-olivera","85":"cultivo-pitahaya","86":"cultivo-espinac","87":"cultivo-tomaquet","88":"ecologico-no","89":"medioambiente-res","90":"solucion-deficencia-de-n","91":"solucion-deficencia-de-p","92":"solucion-deficencia-de-k","93":"tipo-de-aplicacion-fertirrigacio","94":"product_cat-npk-hidrosoluble","96":"first","97":"instock","98":"shipping-taxable","99":"product-type-simple"},"acf":[],"_links":{"self":[{"href":"https:\/\/labin.net\/ca\/wp-json\/wp\/v2\/product\/37678","targetHints":{"allow":["GET"]}}],"collection":[{"href":"https:\/\/labin.net\/ca\/wp-json\/wp\/v2\/product"}],"about":[{"href":"https:\/\/labin.net\/ca\/wp-json\/wp\/v2\/types\/product"}],"replies":[{"embeddable":true,"href":"https:\/\/labin.net\/ca\/wp-json\/wp\/v2\/comments?post=37678"}],"wp:featuredmedia":[{"embeddable":true,"href":"https:\/\/labin.net\/ca\/wp-json\/wp\/v2\/media\/35590"}],"wp:attachment":[{"href":"https:\/\/labin.net\/ca\/wp-json\/wp\/v2\/media?parent=37678"}],"wp:term":[{"taxonomy":"cultivo","embeddable":true,"href":"https:\/\/labin.net\/ca\/wp-json\/wp\/v2\/cultivo?post=37678"},{"taxonomy":"ecologico","embeddable":true,"href":"https:\/\/labin.net\/ca\/wp-json\/wp\/v2\/ecologico?post=37678"},{"taxonomy":"medioambiente","embeddable":true,"href":"https:\/\/labin.net\/ca\/wp-json\/wp\/v2\/medioambiente?post=37678"},{"taxonomy":"solucion","embeddable":true,"href":"https:\/\/labin.net\/ca\/wp-json\/wp\/v2\/solucion?post=37678"},{"taxonomy":"tipo-de-aplicacion","embeddable":true,"href":"https:\/\/labin.net\/ca\/wp-json\/wp\/v2\/tipo-de-aplicacion?post=37678"},{"taxonomy":"product_brand","embeddable":true,"href":"https:\/\/labin.net\/ca\/wp-json\/wp\/v2\/product_brand?post=37678"},{"taxonomy":"product_cat","embeddable":true,"href":"https:\/\/labin.net\/ca\/wp-json\/wp\/v2\/product_cat?post=37678"},{"taxonomy":"product_tag","embeddable":true,"href":"https:\/\/labin.net\/ca\/wp-json\/wp\/v2\/product_tag?post=37678"}],"curies":[{"name":"wp","href":"https:\/\/api.w.org\/{rel}","templated":true}]}}