{"id":37677,"date":"2025-12-05T11:01:08","date_gmt":"2025-12-05T11:01:08","guid":{"rendered":"https:labin.net\/producto\/labifol-boro-magnesic\/"},"modified":"2026-01-15T11:41:45","modified_gmt":"2026-01-15T11:41:45","slug":"labifol-boro-magnesico","status":"publish","type":"product","link":"https:\/\/labin.net\/ca\/producto\/labifol-boro-magnesico\/","title":{"rendered":"LABIFOL BORO MAGNESICO"},"content":{"rendered":"<p>Abonament foliar d&#8217;alta solubilitat, que va ser desenvolupat per aconseguir m\u00e0xima compatibilitat del bor i el magnesi en un sol producte i per aconseguir una r\u00e0pida assimilaci\u00f3.<\/p>\n<p>La combinaci\u00f3 de bor i magnesi \u00e9s adequada per a la seva aplicaci\u00f3 abans i despr\u00e9s de la floraci\u00f3, aconseguint millorar el quallat dels fruits i obtenir una collita m\u00e9s gran en quantitat i en qualitat. El bor i el magnesi s\u00f3n dos nutrients que, tot i ser necessaris en petites quantitats, s\u00f3n estrat\u00e8gics i aconsegueixen un augment significatiu en la producci\u00f3. <\/p>\n<p><strong>LABIFOL BORO MAGNESICO<\/strong> \u00e9s un fertilitzant foliar per prevenir o tractar defici\u00e8ncies de magnesi i bor amb una gran efic\u00e0cia i, alhora, revitalitzar les plantes.<\/p>\n","protected":false},"excerpt":{"rendered":"<ul>\n<li>Bor i magnesi en un mateix producte<\/li>\n<li>R\u00e0pida assimilaci\u00f3 i translocaci\u00f3<\/li>\n<li>Resultats visibles en pocs dies<\/li>\n<\/ul>\n","protected":false},"featured_media":36121,"comment_status":"closed","ping_status":"closed","template":"","meta":{"_acf_changed":false},"cultivo":[608,625,643,666,688,609,626,644,668,689,610,627,646,670,691,611,628,647,672,693,612,629,648,674,695,613,630,649,676,697,614,631,650,677,698,615,632,652,678,700,133,616,633,654,679,702,134,617,634,656,680,704,602,618,635,658,681,706,603,619,636,659,682,707,604,620,637,661,683,708,605,621,638,662,684,709,606,623,639,663,686,710,607,624,641,664,687],"ecologico":[831],"medioambiente":[846],"solucion":[873,892,926,944],"tipo-de-aplicacion":[781],"product_brand":[],"product_cat":[976],"product_tag":[],"class_list":{"0":"post-37677","1":"product","2":"type-product","3":"status-publish","4":"has-post-thumbnail","6":"cultivo-avellaner","7":"cultivo-poma","8":"cultivo-guayaba","9":"cultivo-carabassa","10":"cultivo-porro","11":"cultivo-caqui","12":"cultivo-pressec","13":"cultivo-lychee","14":"cultivo-ceba","15":"cultivo-rave","16":"cultivo-castany","17":"cultivo-codonyer","18":"cultivo-manec","19":"cultivo-col","20":"cultivo-remolatxa","21":"cultivo-cirerer","22":"cultivo-taronger","23":"cultivo-maracuia","24":"cultivo-cols-de-brusselles","25":"cultivo-rucula","26":"cultivo-prunera","27":"cultivo-nectarina","28":"cultivo-papaia","29":"cultivo-coliflor","30":"cultivo-sindria","31":"cultivo-clementi","32":"cultivo-noguera","33":"cultivo-pinya","34":"cultivo-escarola","35":"cultivo-soja-verda","36":"cultivo-granat","37":"cultivo-olivera","38":"cultivo-pitahaya","39":"cultivo-espinac","40":"cultivo-tomaquet","41":"cultivo-figuera","42":"cultivo-parra-ornamental","43":"cultivo-tamarindo","44":"cultivo-pesol","45":"cultivo-pastanaga","46":"cultivo-tropicals","47":"cultivo-kiwi","48":"cultivo-perera","49":"cultivo-te","50":"cultivo-fava-tendra","51":"cultivo-cereals","52":"cultivo-cacau","53":"cultivo-llimoner","54":"cultivo-festuc","55":"cultivo-yuca","56":"cultivo-mongeta-tendra","57":"cultivo-farratgeres-i-pastures","58":"cultivo-fruiters","59":"cultivo-alvocat","60":"cultivo-aranja","61":"cultivo-bleda-2","62":"cultivo-enciam","63":"cultivo-lleguminoses-extensives-2","64":"cultivo-horticoles","65":"cultivo-bana-platan","66":"cultivo-videu","67":"cultivo-all","68":"cultivo-melo","69":"cultivo-oleaginoses","70":"cultivo-extensius","71":"cultivo-cafe","72":"cultivo-canya-de-sucre","73":"cultivo-alberginia","74":"cultivo-nap","75":"cultivo-arbres-ornamentals","76":"cultivo-parcs-i-jardins","77":"cultivo-carambola","78":"cultivo-chirimoya","79":"cultivo-moniato","80":"cultivo-patata","81":"cultivo-gespedes","82":"cultivo-albercoc","83":"cultivo-lima-2","84":"cultivo-coco","85":"cultivo-brocoli","86":"cultivo-cogombre","87":"cultivo-flors","88":"cultivo-ametller","89":"cultivo-mandari","90":"cultivo-fruits-rojos-berries","91":"cultivo-carbasso","92":"cultivo-pebrot","93":"ecologico-no","94":"medioambiente-eficiencia-de-lus-de-nutrients","95":"solucion-deficencia-de-mg","96":"solucion-deficencia-de-b","97":"solucion-floracio-i-formacio-del-fruit","98":"solucion-augment-qualitat-fruit","99":"tipo-de-aplicacion-foliar","100":"product_cat-corrector-de-carencies","102":"first","103":"instock","104":"shipping-taxable","105":"product-type-simple"},"acf":[],"_links":{"self":[{"href":"https:\/\/labin.net\/ca\/wp-json\/wp\/v2\/product\/37677","targetHints":{"allow":["GET"]}}],"collection":[{"href":"https:\/\/labin.net\/ca\/wp-json\/wp\/v2\/product"}],"about":[{"href":"https:\/\/labin.net\/ca\/wp-json\/wp\/v2\/types\/product"}],"replies":[{"embeddable":true,"href":"https:\/\/labin.net\/ca\/wp-json\/wp\/v2\/comments?post=37677"}],"wp:featuredmedia":[{"embeddable":true,"href":"https:\/\/labin.net\/ca\/wp-json\/wp\/v2\/media\/36121"}],"wp:attachment":[{"href":"https:\/\/labin.net\/ca\/wp-json\/wp\/v2\/media?parent=37677"}],"wp:term":[{"taxonomy":"cultivo","embeddable":true,"href":"https:\/\/labin.net\/ca\/wp-json\/wp\/v2\/cultivo?post=37677"},{"taxonomy":"ecologico","embeddable":true,"href":"https:\/\/labin.net\/ca\/wp-json\/wp\/v2\/ecologico?post=37677"},{"taxonomy":"medioambiente","embeddable":true,"href":"https:\/\/labin.net\/ca\/wp-json\/wp\/v2\/medioambiente?post=37677"},{"taxonomy":"solucion","embeddable":true,"href":"https:\/\/labin.net\/ca\/wp-json\/wp\/v2\/solucion?post=37677"},{"taxonomy":"tipo-de-aplicacion","embeddable":true,"href":"https:\/\/labin.net\/ca\/wp-json\/wp\/v2\/tipo-de-aplicacion?post=37677"},{"taxonomy":"product_brand","embeddable":true,"href":"https:\/\/labin.net\/ca\/wp-json\/wp\/v2\/product_brand?post=37677"},{"taxonomy":"product_cat","embeddable":true,"href":"https:\/\/labin.net\/ca\/wp-json\/wp\/v2\/product_cat?post=37677"},{"taxonomy":"product_tag","embeddable":true,"href":"https:\/\/labin.net\/ca\/wp-json\/wp\/v2\/product_tag?post=37677"}],"curies":[{"name":"wp","href":"https:\/\/api.w.org\/{rel}","templated":true}]}}