{"id":37666,"date":"2025-12-05T11:01:08","date_gmt":"2025-12-05T11:01:08","guid":{"rendered":"https:labin.net\/producto\/labifer\/"},"modified":"2026-01-15T15:16:35","modified_gmt":"2026-01-15T15:16:35","slug":"labifer","status":"publish","type":"product","link":"https:\/\/labin.net\/ca\/producto\/labifer\/","title":{"rendered":"LABIFER"},"content":{"rendered":"<p>Quelat de ferro microgranulat, totalment soluble en aigua i el m\u00e9s resistent als pH alcalins.<br \/>\nLABIFER \u00e9s un producte d&#8217;acci\u00f3 r\u00e0pida i efica\u00e7 contra les mancances de ferro (grogueig o clorosi f\u00e8rrica de les plantes), per a tot tipus de terres.<br \/>\nEl seu agent quelatant (els is\u00f2mers de l&#8217;EDDHA m\u00e9s interessants agron\u00f2micament) li confereix gran estabilitat i persist\u00e8ncia.<br \/>\nPer prevenir o curar la car\u00e8ncia de FERRO (groguenc) en tots els cultius. Especialment interessant per a FRUITERS, C\u00cdTRICS, VINYA, HORTICULTURA i ORNAMENTALS,&#8230;<\/p>\n","protected":false},"excerpt":{"rendered":"<ul>\n<li>Ferro quelat per EDDHA totalment soluble en aigua<\/li>\n<li>Utilitzable en Agricultura Ecol\u00f2gica<\/li>\n<li>Estable en un ampli rang de pH del s\u00f2l<\/li>\n<li>Soluciona situacions greus de clorosi f\u00e8rrica<\/li>\n<\/ul>\n","protected":false},"featured_media":36296,"comment_status":"closed","ping_status":"closed","template":"","meta":{"_acf_changed":false},"cultivo":[607,624,641,664,687,608,625,643,666,688,609,626,644,668,689,610,627,646,670,691,611,628,647,672,693,612,629,648,674,695,613,630,649,676,697,614,631,650,677,698,615,632,652,678,700,616,633,654,679,708,133,617,634,656,680,709,134,618,635,658,681,710,602,619,636,659,682,603,620,637,661,683,605,621,638,662,684,606,623,639,663,686],"ecologico":[827],"medioambiente":[846],"solucion":[884],"tipo-de-aplicacion":[712],"product_brand":[],"product_cat":[976],"product_tag":[],"class_list":{"0":"post-37666","1":"product","2":"type-product","3":"status-publish","4":"has-post-thumbnail","6":"cultivo-ametller","7":"cultivo-mandari","8":"cultivo-fruits-rojos-berries","9":"cultivo-carbasso","10":"cultivo-pebrot","11":"cultivo-avellaner","12":"cultivo-poma","13":"cultivo-guayaba","14":"cultivo-carabassa","15":"cultivo-porro","16":"cultivo-caqui","17":"cultivo-pressec","18":"cultivo-lychee","19":"cultivo-ceba","20":"cultivo-rave","21":"cultivo-castany","22":"cultivo-codonyer","23":"cultivo-manec","24":"cultivo-col","25":"cultivo-remolatxa","26":"cultivo-cirerer","27":"cultivo-taronger","28":"cultivo-maracuia","29":"cultivo-cols-de-brusselles","30":"cultivo-rucula","31":"cultivo-prunera","32":"cultivo-nectarina","33":"cultivo-papaia","34":"cultivo-coliflor","35":"cultivo-sindria","36":"cultivo-clementi","37":"cultivo-noguera","38":"cultivo-pinya","39":"cultivo-escarola","40":"cultivo-soja-verda","41":"cultivo-granat","42":"cultivo-olivera","43":"cultivo-pitahaya","44":"cultivo-espinac","45":"cultivo-tomaquet","46":"cultivo-figuera","47":"cultivo-parra-ornamental","48":"cultivo-tamarindo","49":"cultivo-pesol","50":"cultivo-pastanaga","51":"cultivo-kiwi","52":"cultivo-perera","53":"cultivo-te","54":"cultivo-fava-tendra","55":"cultivo-arbres-ornamentals","56":"cultivo-tropicals","57":"cultivo-llimoner","58":"cultivo-festuc","59":"cultivo-yuca","60":"cultivo-mongeta-tendra","61":"cultivo-gespedes","62":"cultivo-cacau","63":"cultivo-alvocat","64":"cultivo-aranja","65":"cultivo-bleda-2","66":"cultivo-enciam","67":"cultivo-flors","68":"cultivo-fruiters","69":"cultivo-bana-platan","70":"cultivo-videu","71":"cultivo-all","72":"cultivo-melo","73":"cultivo-horticoles","74":"cultivo-cafe","75":"cultivo-canya-de-sucre","76":"cultivo-alberginia","77":"cultivo-nap","78":"cultivo-parcs-i-jardins","79":"cultivo-carambola","80":"cultivo-chirimoya","81":"cultivo-moniato","82":"cultivo-patata","83":"cultivo-albercoc","84":"cultivo-lima-2","85":"cultivo-coco","86":"cultivo-brocoli","87":"cultivo-cogombre","88":"ecologico-si","89":"medioambiente-eficiencia-de-lus-de-nutrients","90":"solucion-deficencia-de-fe","91":"tipo-de-aplicacion-fertirrigacio","92":"product_cat-corrector-de-carencies","94":"first","95":"instock","96":"shipping-taxable","97":"product-type-simple"},"acf":[],"_links":{"self":[{"href":"https:\/\/labin.net\/ca\/wp-json\/wp\/v2\/product\/37666","targetHints":{"allow":["GET"]}}],"collection":[{"href":"https:\/\/labin.net\/ca\/wp-json\/wp\/v2\/product"}],"about":[{"href":"https:\/\/labin.net\/ca\/wp-json\/wp\/v2\/types\/product"}],"replies":[{"embeddable":true,"href":"https:\/\/labin.net\/ca\/wp-json\/wp\/v2\/comments?post=37666"}],"wp:featuredmedia":[{"embeddable":true,"href":"https:\/\/labin.net\/ca\/wp-json\/wp\/v2\/media\/36296"}],"wp:attachment":[{"href":"https:\/\/labin.net\/ca\/wp-json\/wp\/v2\/media?parent=37666"}],"wp:term":[{"taxonomy":"cultivo","embeddable":true,"href":"https:\/\/labin.net\/ca\/wp-json\/wp\/v2\/cultivo?post=37666"},{"taxonomy":"ecologico","embeddable":true,"href":"https:\/\/labin.net\/ca\/wp-json\/wp\/v2\/ecologico?post=37666"},{"taxonomy":"medioambiente","embeddable":true,"href":"https:\/\/labin.net\/ca\/wp-json\/wp\/v2\/medioambiente?post=37666"},{"taxonomy":"solucion","embeddable":true,"href":"https:\/\/labin.net\/ca\/wp-json\/wp\/v2\/solucion?post=37666"},{"taxonomy":"tipo-de-aplicacion","embeddable":true,"href":"https:\/\/labin.net\/ca\/wp-json\/wp\/v2\/tipo-de-aplicacion?post=37666"},{"taxonomy":"product_brand","embeddable":true,"href":"https:\/\/labin.net\/ca\/wp-json\/wp\/v2\/product_brand?post=37666"},{"taxonomy":"product_cat","embeddable":true,"href":"https:\/\/labin.net\/ca\/wp-json\/wp\/v2\/product_cat?post=37666"},{"taxonomy":"product_tag","embeddable":true,"href":"https:\/\/labin.net\/ca\/wp-json\/wp\/v2\/product_tag?post=37666"}],"curies":[{"name":"wp","href":"https:\/\/api.w.org\/{rel}","templated":true}]}}