{"id":37655,"date":"2025-12-05T11:00:56","date_gmt":"2025-12-05T11:00:56","guid":{"rendered":"https:labin.net\/producto\/labin-fertisil\/"},"modified":"2026-01-19T11:40:44","modified_gmt":"2026-01-19T11:40:44","slug":"labin-fertisil","status":"publish","type":"product","link":"https:\/\/labin.net\/ca\/producto\/labin-fertisil\/","title":{"rendered":"LABIN FERTISIL"},"content":{"rendered":"<p>Hi ha moltes fonts i estudis que demostren que el silici \u00e9s un element benefici\u00f3s per als cultius.<\/p>\n<p>\u00c9s una realitat pausible que el silici aporta molts beneficis en diferents esp\u00e8cies vegetals, tant en cultius sense s\u00f2l com en s\u00f2l convencional. L&#8217;\u00fas del silici en l&#8217;agronomia \u00e9s una eina amb molt potencial de gran inter\u00e8s, especialment quan veiem progressar la import\u00e0ncia de la sequera i la irregularitat de les precipitacions, en un escalfament global evident. Una altra caracter\u00edstica a favor de l&#8217;aplicaci\u00f3 de <strong>LABIN FERTISIL<\/strong> \u00e9s el gran avantatge que suposa fer servir el silici a trav\u00e9s del fertirreg; no suposa una tasca de maneig cultural m\u00e9s com passa en una aplicaci\u00f3 foliar. La qualitat, la dosi i la forma de maneig dels productes que contenen silici en la seva formulaci\u00f3 \u00e9s la que pot justificar un augment sobre el vigor tant en la producci\u00f3 de biomassa vegetal com en els fruits.<\/p>\n","protected":false},"excerpt":{"rendered":"<ul>\n<li><strong>Augment del vigor en esp\u00e8cies hort\u00edcoles, en millorar l&#8217;assimilaci\u00f3 dels nutrients aportats<\/strong><\/li>\n<li><strong>Producte especialment dissenyat i formulat per aplicar-lo en fertirrigaci\u00f3<\/strong><\/li>\n<\/ul>\n","protected":false},"featured_media":36405,"comment_status":"closed","ping_status":"closed","template":"","meta":{"_acf_changed":false},"cultivo":[609,626,644,668,689,610,627,646,670,691,611,628,647,672,693,612,629,648,674,695,613,630,649,676,697,614,631,650,677,698,615,632,652,678,700,133,616,633,654,679,702,134,617,634,656,680,704,602,618,635,658,681,706,603,619,636,659,682,707,604,620,637,661,683,708,605,621,638,662,684,709,606,623,639,663,686,710,607,624,641,664,687,608,625,643,666,688],"ecologico":[831],"medioambiente":[842,846],"solucion":[934,944,956],"tipo-de-aplicacion":[712],"product_brand":[],"product_cat":[1009],"product_tag":[],"class_list":{"0":"post-37655","1":"product","2":"type-product","3":"status-publish","4":"has-post-thumbnail","6":"cultivo-caqui","7":"cultivo-pressec","8":"cultivo-lychee","9":"cultivo-ceba","10":"cultivo-rave","11":"cultivo-castany","12":"cultivo-codonyer","13":"cultivo-manec","14":"cultivo-col","15":"cultivo-remolatxa","16":"cultivo-cirerer","17":"cultivo-taronger","18":"cultivo-maracuia","19":"cultivo-cols-de-brusselles","20":"cultivo-rucula","21":"cultivo-prunera","22":"cultivo-nectarina","23":"cultivo-papaia","24":"cultivo-coliflor","25":"cultivo-sindria","26":"cultivo-clementi","27":"cultivo-noguera","28":"cultivo-pinya","29":"cultivo-escarola","30":"cultivo-soja-verda","31":"cultivo-granat","32":"cultivo-olivera","33":"cultivo-pitahaya","34":"cultivo-espinac","35":"cultivo-tomaquet","36":"cultivo-figuera","37":"cultivo-parra-ornamental","38":"cultivo-tamarindo","39":"cultivo-pesol","40":"cultivo-pastanaga","41":"cultivo-tropicals","42":"cultivo-kiwi","43":"cultivo-perera","44":"cultivo-te","45":"cultivo-fava-tendra","46":"cultivo-cereals","47":"cultivo-cacau","48":"cultivo-llimoner","49":"cultivo-festuc","50":"cultivo-yuca","51":"cultivo-mongeta-tendra","52":"cultivo-farratgeres-i-pastures","53":"cultivo-fruiters","54":"cultivo-alvocat","55":"cultivo-aranja","56":"cultivo-bleda-2","57":"cultivo-enciam","58":"cultivo-lleguminoses-extensives-2","59":"cultivo-horticoles","60":"cultivo-bana-platan","61":"cultivo-videu","62":"cultivo-all","63":"cultivo-melo","64":"cultivo-oleaginoses","65":"cultivo-extensius","66":"cultivo-cafe","67":"cultivo-canya-de-sucre","68":"cultivo-alberginia","69":"cultivo-nap","70":"cultivo-arbres-ornamentals","71":"cultivo-parcs-i-jardins","72":"cultivo-carambola","73":"cultivo-chirimoya","74":"cultivo-moniato","75":"cultivo-patata","76":"cultivo-gespedes","77":"cultivo-albercoc","78":"cultivo-lima-2","79":"cultivo-coco","80":"cultivo-brocoli","81":"cultivo-cogombre","82":"cultivo-flors","83":"cultivo-ametller","84":"cultivo-mandari","85":"cultivo-fruits-rojos-berries","86":"cultivo-carbasso","87":"cultivo-pebrot","88":"cultivo-avellaner","89":"cultivo-poma","90":"cultivo-guayaba","91":"cultivo-carabassa","92":"cultivo-porro","93":"ecologico-no","94":"medioambiente-eficiencia-de-lus-hidric","95":"medioambiente-eficiencia-de-lus-de-nutrients","96":"solucion-millora-postcollita","97":"solucion-augment-qualitat-fruit","98":"solucion-prevencio","99":"tipo-de-aplicacion-fertirrigacio","100":"product_cat-especialitats","102":"first","103":"instock","104":"shipping-taxable","105":"product-type-simple"},"acf":[],"_links":{"self":[{"href":"https:\/\/labin.net\/ca\/wp-json\/wp\/v2\/product\/37655","targetHints":{"allow":["GET"]}}],"collection":[{"href":"https:\/\/labin.net\/ca\/wp-json\/wp\/v2\/product"}],"about":[{"href":"https:\/\/labin.net\/ca\/wp-json\/wp\/v2\/types\/product"}],"replies":[{"embeddable":true,"href":"https:\/\/labin.net\/ca\/wp-json\/wp\/v2\/comments?post=37655"}],"wp:featuredmedia":[{"embeddable":true,"href":"https:\/\/labin.net\/ca\/wp-json\/wp\/v2\/media\/36405"}],"wp:attachment":[{"href":"https:\/\/labin.net\/ca\/wp-json\/wp\/v2\/media?parent=37655"}],"wp:term":[{"taxonomy":"cultivo","embeddable":true,"href":"https:\/\/labin.net\/ca\/wp-json\/wp\/v2\/cultivo?post=37655"},{"taxonomy":"ecologico","embeddable":true,"href":"https:\/\/labin.net\/ca\/wp-json\/wp\/v2\/ecologico?post=37655"},{"taxonomy":"medioambiente","embeddable":true,"href":"https:\/\/labin.net\/ca\/wp-json\/wp\/v2\/medioambiente?post=37655"},{"taxonomy":"solucion","embeddable":true,"href":"https:\/\/labin.net\/ca\/wp-json\/wp\/v2\/solucion?post=37655"},{"taxonomy":"tipo-de-aplicacion","embeddable":true,"href":"https:\/\/labin.net\/ca\/wp-json\/wp\/v2\/tipo-de-aplicacion?post=37655"},{"taxonomy":"product_brand","embeddable":true,"href":"https:\/\/labin.net\/ca\/wp-json\/wp\/v2\/product_brand?post=37655"},{"taxonomy":"product_cat","embeddable":true,"href":"https:\/\/labin.net\/ca\/wp-json\/wp\/v2\/product_cat?post=37655"},{"taxonomy":"product_tag","embeddable":true,"href":"https:\/\/labin.net\/ca\/wp-json\/wp\/v2\/product_tag?post=37655"}],"curies":[{"name":"wp","href":"https:\/\/api.w.org\/{rel}","templated":true}]}}