{"id":37647,"date":"2025-12-05T11:00:56","date_gmt":"2025-12-05T11:00:56","guid":{"rendered":"https:labin.net\/producto\/labisinergic\/"},"modified":"2026-01-19T11:31:53","modified_gmt":"2026-01-19T11:31:53","slug":"labisinergic","status":"publish","type":"product","link":"https:\/\/labin.net\/ca\/producto\/labisinergic\/","title":{"rendered":"LABISINERGIC"},"content":{"rendered":"<p><strong>LABISINERGIC<\/strong> est\u00e0 dissenyat per aportar silici, element molt poc disponible a terra, de forma totalment assimilable. El SIL\u00b7LICI \u00e9s altament benefici\u00f3s i molt deficitari en tots els cultius.<\/p>\n<p><strong>LABISINERGIC<\/strong> aconsegueix dos importants efectes:<br \/>\n1. Regularitzar els nutrients fent m\u00e9s eficient la fertilitzaci\u00f3.<br \/>\n2. Conferir m\u00e9s resist\u00e8ncia i elasticitat a les cut\u00edcules vegetals, millorant aix\u00ed, el comportament postcollita del fruit.<\/p>\n","protected":false},"excerpt":{"rendered":"<ul>\n<li><strong>Silici biodisponible i assimilable<\/strong><\/li>\n<li><strong>Resist\u00e8ncia a les sequeres, gelades i situacions d&#8217;estr\u00e8s<\/strong><\/li>\n<li><strong>Mobilitzador de nutrients, major efic\u00e0cia de l&#8217;adob.<\/strong><\/li>\n<li><strong>Major conservaci\u00f3 post-collita<\/strong><\/li>\n<\/ul>\n","protected":false},"featured_media":36411,"comment_status":"closed","ping_status":"closed","template":"","meta":{"_acf_changed":false},"cultivo":[612,629,648,674,695,613,630,649,676,697,614,631,650,677,698,615,632,652,678,700,133,616,633,654,679,702,134,617,634,656,680,704,602,618,635,658,681,706,603,619,636,659,682,707,604,620,637,661,683,708,605,621,638,662,684,709,606,623,639,663,686,710,607,624,641,664,687,608,625,643,666,688,609,626,644,668,689,610,627,646,670,691,611,628,647,672,693],"ecologico":[831],"medioambiente":[842,846],"solucion":[934,944,956],"tipo-de-aplicacion":[781,783,784],"product_brand":[],"product_cat":[971,1009],"product_tag":[],"class_list":{"0":"post-37647","1":"product","2":"type-product","3":"status-publish","4":"has-post-thumbnail","6":"cultivo-prunera","7":"cultivo-nectarina","8":"cultivo-papaia","9":"cultivo-coliflor","10":"cultivo-sindria","11":"cultivo-clementi","12":"cultivo-noguera","13":"cultivo-pinya","14":"cultivo-escarola","15":"cultivo-soja-verda","16":"cultivo-granat","17":"cultivo-olivera","18":"cultivo-pitahaya","19":"cultivo-espinac","20":"cultivo-tomaquet","21":"cultivo-figuera","22":"cultivo-parra-ornamental","23":"cultivo-tamarindo","24":"cultivo-pesol","25":"cultivo-pastanaga","26":"cultivo-tropicals","27":"cultivo-kiwi","28":"cultivo-perera","29":"cultivo-te","30":"cultivo-fava-tendra","31":"cultivo-cereals","32":"cultivo-cacau","33":"cultivo-llimoner","34":"cultivo-festuc","35":"cultivo-yuca","36":"cultivo-mongeta-tendra","37":"cultivo-farratgeres-i-pastures","38":"cultivo-fruiters","39":"cultivo-alvocat","40":"cultivo-aranja","41":"cultivo-bleda-2","42":"cultivo-enciam","43":"cultivo-lleguminoses-extensives-2","44":"cultivo-horticoles","45":"cultivo-bana-platan","46":"cultivo-videu","47":"cultivo-all","48":"cultivo-melo","49":"cultivo-oleaginoses","50":"cultivo-extensius","51":"cultivo-cafe","52":"cultivo-canya-de-sucre","53":"cultivo-alberginia","54":"cultivo-nap","55":"cultivo-arbres-ornamentals","56":"cultivo-parcs-i-jardins","57":"cultivo-carambola","58":"cultivo-chirimoya","59":"cultivo-moniato","60":"cultivo-patata","61":"cultivo-gespedes","62":"cultivo-albercoc","63":"cultivo-lima-2","64":"cultivo-coco","65":"cultivo-brocoli","66":"cultivo-cogombre","67":"cultivo-flors","68":"cultivo-ametller","69":"cultivo-mandari","70":"cultivo-fruits-rojos-berries","71":"cultivo-carbasso","72":"cultivo-pebrot","73":"cultivo-avellaner","74":"cultivo-poma","75":"cultivo-guayaba","76":"cultivo-carabassa","77":"cultivo-porro","78":"cultivo-caqui","79":"cultivo-pressec","80":"cultivo-lychee","81":"cultivo-ceba","82":"cultivo-rave","83":"cultivo-castany","84":"cultivo-codonyer","85":"cultivo-manec","86":"cultivo-col","87":"cultivo-remolatxa","88":"cultivo-cirerer","89":"cultivo-taronger","90":"cultivo-maracuia","91":"cultivo-cols-de-brusselles","92":"cultivo-rucula","93":"ecologico-no","94":"medioambiente-eficiencia-de-lus-hidric","95":"medioambiente-eficiencia-de-lus-de-nutrients","96":"solucion-millora-postcollita","97":"solucion-augment-qualitat-fruit","98":"solucion-prevencio","99":"tipo-de-aplicacion-foliar","100":"tipo-de-aplicacion-dron","101":"tipo-de-aplicacion-avioneta","102":"product_cat-bioestimulant","103":"product_cat-especialitats","105":"first","106":"instock","107":"shipping-taxable","108":"product-type-simple"},"acf":[],"_links":{"self":[{"href":"https:\/\/labin.net\/ca\/wp-json\/wp\/v2\/product\/37647","targetHints":{"allow":["GET"]}}],"collection":[{"href":"https:\/\/labin.net\/ca\/wp-json\/wp\/v2\/product"}],"about":[{"href":"https:\/\/labin.net\/ca\/wp-json\/wp\/v2\/types\/product"}],"replies":[{"embeddable":true,"href":"https:\/\/labin.net\/ca\/wp-json\/wp\/v2\/comments?post=37647"}],"wp:featuredmedia":[{"embeddable":true,"href":"https:\/\/labin.net\/ca\/wp-json\/wp\/v2\/media\/36411"}],"wp:attachment":[{"href":"https:\/\/labin.net\/ca\/wp-json\/wp\/v2\/media?parent=37647"}],"wp:term":[{"taxonomy":"cultivo","embeddable":true,"href":"https:\/\/labin.net\/ca\/wp-json\/wp\/v2\/cultivo?post=37647"},{"taxonomy":"ecologico","embeddable":true,"href":"https:\/\/labin.net\/ca\/wp-json\/wp\/v2\/ecologico?post=37647"},{"taxonomy":"medioambiente","embeddable":true,"href":"https:\/\/labin.net\/ca\/wp-json\/wp\/v2\/medioambiente?post=37647"},{"taxonomy":"solucion","embeddable":true,"href":"https:\/\/labin.net\/ca\/wp-json\/wp\/v2\/solucion?post=37647"},{"taxonomy":"tipo-de-aplicacion","embeddable":true,"href":"https:\/\/labin.net\/ca\/wp-json\/wp\/v2\/tipo-de-aplicacion?post=37647"},{"taxonomy":"product_brand","embeddable":true,"href":"https:\/\/labin.net\/ca\/wp-json\/wp\/v2\/product_brand?post=37647"},{"taxonomy":"product_cat","embeddable":true,"href":"https:\/\/labin.net\/ca\/wp-json\/wp\/v2\/product_cat?post=37647"},{"taxonomy":"product_tag","embeddable":true,"href":"https:\/\/labin.net\/ca\/wp-json\/wp\/v2\/product_tag?post=37647"}],"curies":[{"name":"wp","href":"https:\/\/api.w.org\/{rel}","templated":true}]}}