{"id":37643,"date":"2025-12-05T11:00:56","date_gmt":"2025-12-05T11:00:56","guid":{"rendered":"https:labin.net\/producto\/labiforce-bmo\/"},"modified":"2026-01-19T09:55:34","modified_gmt":"2026-01-19T09:55:34","slug":"labiforce-bmo","status":"publish","type":"product","link":"https:\/\/labin.net\/ca\/producto\/labiforce-bmo\/","title":{"rendered":"LABIFORCE BMo"},"content":{"rendered":"<p><strong>LABIFORCE BMo<\/strong> \u00e9s un adob d&#8217;aplicaci\u00f3 foliar, que aporta bor i molibd\u00e8, que est\u00e0 formulat amb subst\u00e0ncies org\u00e0niques altament estimulants.<\/p>\n<p>Cont\u00e9 molibd\u00e8 que interv\u00e9 directament en l&#8217;assimilaci\u00f3 del nitrogen i del f\u00f2sfor, tamb\u00e9 cont\u00e9 bor que activa els mecanismes de resist\u00e8ncia, aix\u00ed com la floraci\u00f3 i quall.<br \/>\n\u00c9s la sinergia perfecta dels microelements amb els extractes vegetals.<\/p>\n","protected":false},"excerpt":{"rendered":"<ul>\n<li>Estimulant del vigor de la planta<\/li>\n<li>Energia extra en moments d&#8217;estr\u00e8s<\/li>\n<li>Protecci\u00f3 del cultiu en agricultura ecol\u00f2gica<\/li>\n<\/ul>\n","protected":false},"featured_media":36278,"comment_status":"closed","ping_status":"closed","template":"","meta":{"_acf_changed":false},"cultivo":[604,620,637,661,683,708,605,621,638,662,684,709,606,623,639,663,686,710,607,624,641,664,687,608,625,643,666,688,609,626,644,668,689,610,627,646,670,691,611,628,647,672,693,612,629,648,674,695,613,630,649,676,697,614,631,650,677,698,615,632,652,678,700,133,616,633,654,679,702,134,617,634,656,680,704,602,618,635,658,681,706,603,619,636,659,682,707],"ecologico":[827],"medioambiente":[846],"solucion":[892,912,944],"tipo-de-aplicacion":[781,783,784],"product_brand":[],"product_cat":[976],"product_tag":[],"class_list":{"0":"post-37643","1":"product","2":"type-product","3":"status-publish","4":"has-post-thumbnail","6":"cultivo-extensius","7":"cultivo-cafe","8":"cultivo-canya-de-sucre","9":"cultivo-alberginia","10":"cultivo-nap","11":"cultivo-arbres-ornamentals","12":"cultivo-parcs-i-jardins","13":"cultivo-carambola","14":"cultivo-chirimoya","15":"cultivo-moniato","16":"cultivo-patata","17":"cultivo-gespedes","18":"cultivo-albercoc","19":"cultivo-lima-2","20":"cultivo-coco","21":"cultivo-brocoli","22":"cultivo-cogombre","23":"cultivo-flors","24":"cultivo-ametller","25":"cultivo-mandari","26":"cultivo-fruits-rojos-berries","27":"cultivo-carbasso","28":"cultivo-pebrot","29":"cultivo-avellaner","30":"cultivo-poma","31":"cultivo-guayaba","32":"cultivo-carabassa","33":"cultivo-porro","34":"cultivo-caqui","35":"cultivo-pressec","36":"cultivo-lychee","37":"cultivo-ceba","38":"cultivo-rave","39":"cultivo-castany","40":"cultivo-codonyer","41":"cultivo-manec","42":"cultivo-col","43":"cultivo-remolatxa","44":"cultivo-cirerer","45":"cultivo-taronger","46":"cultivo-maracuia","47":"cultivo-cols-de-brusselles","48":"cultivo-rucula","49":"cultivo-prunera","50":"cultivo-nectarina","51":"cultivo-papaia","52":"cultivo-coliflor","53":"cultivo-sindria","54":"cultivo-clementi","55":"cultivo-noguera","56":"cultivo-pinya","57":"cultivo-escarola","58":"cultivo-soja-verda","59":"cultivo-granat","60":"cultivo-olivera","61":"cultivo-pitahaya","62":"cultivo-espinac","63":"cultivo-tomaquet","64":"cultivo-figuera","65":"cultivo-parra-ornamental","66":"cultivo-tamarindo","67":"cultivo-pesol","68":"cultivo-pastanaga","69":"cultivo-tropicals","70":"cultivo-kiwi","71":"cultivo-perera","72":"cultivo-te","73":"cultivo-fava-tendra","74":"cultivo-cereals","75":"cultivo-cacau","76":"cultivo-llimoner","77":"cultivo-festuc","78":"cultivo-yuca","79":"cultivo-mongeta-tendra","80":"cultivo-farratgeres-i-pastures","81":"cultivo-fruiters","82":"cultivo-alvocat","83":"cultivo-aranja","84":"cultivo-bleda-2","85":"cultivo-enciam","86":"cultivo-lleguminoses-extensives-2","87":"cultivo-horticoles","88":"cultivo-bana-platan","89":"cultivo-videu","90":"cultivo-all","91":"cultivo-melo","92":"cultivo-oleaginoses","93":"ecologico-si","94":"medioambiente-eficiencia-de-lus-de-nutrients","95":"solucion-deficencia-de-b","96":"solucion-deficencia-de-mo","97":"solucion-augment-qualitat-fruit","98":"tipo-de-aplicacion-foliar","99":"tipo-de-aplicacion-dron","100":"tipo-de-aplicacion-avioneta","101":"product_cat-corrector-de-carencies","103":"first","104":"instock","105":"shipping-taxable","106":"product-type-simple"},"acf":[],"_links":{"self":[{"href":"https:\/\/labin.net\/ca\/wp-json\/wp\/v2\/product\/37643","targetHints":{"allow":["GET"]}}],"collection":[{"href":"https:\/\/labin.net\/ca\/wp-json\/wp\/v2\/product"}],"about":[{"href":"https:\/\/labin.net\/ca\/wp-json\/wp\/v2\/types\/product"}],"replies":[{"embeddable":true,"href":"https:\/\/labin.net\/ca\/wp-json\/wp\/v2\/comments?post=37643"}],"wp:featuredmedia":[{"embeddable":true,"href":"https:\/\/labin.net\/ca\/wp-json\/wp\/v2\/media\/36278"}],"wp:attachment":[{"href":"https:\/\/labin.net\/ca\/wp-json\/wp\/v2\/media?parent=37643"}],"wp:term":[{"taxonomy":"cultivo","embeddable":true,"href":"https:\/\/labin.net\/ca\/wp-json\/wp\/v2\/cultivo?post=37643"},{"taxonomy":"ecologico","embeddable":true,"href":"https:\/\/labin.net\/ca\/wp-json\/wp\/v2\/ecologico?post=37643"},{"taxonomy":"medioambiente","embeddable":true,"href":"https:\/\/labin.net\/ca\/wp-json\/wp\/v2\/medioambiente?post=37643"},{"taxonomy":"solucion","embeddable":true,"href":"https:\/\/labin.net\/ca\/wp-json\/wp\/v2\/solucion?post=37643"},{"taxonomy":"tipo-de-aplicacion","embeddable":true,"href":"https:\/\/labin.net\/ca\/wp-json\/wp\/v2\/tipo-de-aplicacion?post=37643"},{"taxonomy":"product_brand","embeddable":true,"href":"https:\/\/labin.net\/ca\/wp-json\/wp\/v2\/product_brand?post=37643"},{"taxonomy":"product_cat","embeddable":true,"href":"https:\/\/labin.net\/ca\/wp-json\/wp\/v2\/product_cat?post=37643"},{"taxonomy":"product_tag","embeddable":true,"href":"https:\/\/labin.net\/ca\/wp-json\/wp\/v2\/product_tag?post=37643"}],"curies":[{"name":"wp","href":"https:\/\/api.w.org\/{rel}","templated":true}]}}