{"id":37642,"date":"2025-12-05T11:00:56","date_gmt":"2025-12-05T11:00:56","guid":{"rendered":"https:labin.net\/producto\/labifol-superamino\/"},"modified":"2026-01-19T11:36:32","modified_gmt":"2026-01-19T11:36:32","slug":"labifol-superamino","status":"publish","type":"product","link":"https:\/\/labin.net\/ca\/producto\/labifol-superamino\/","title":{"rendered":"LABIFOL SUPERAMINO"},"content":{"rendered":"<p><strong>LABIFOL SUPERAMINO<\/strong> \u00e9s una formulaci\u00f3 dissenyada amb amino\u00e0cids lliures de baix pes molecular que actuen eficientment davant de situacions d&#8217;estr\u00e8s, tant bi\u00f2tic com abi\u00f2tic.<br \/>\n\u00c9s el balan\u00e7 perfecte entre l&#8217;efici\u00e8ncia dels amino\u00e0cids animals amb l&#8217;alta assimilaci\u00f3 dels amino\u00e0cids vegetals.<br \/>\nComparat amb altres productes basats en amino\u00e0cids que podem trobar al mercat, LABIFOL SUPERAMINO, t\u00e9 un pes molecular mitj\u00e0 realment baix, de 1000 daltons. Aquest fet implica que els amino\u00e0cids siguin altament assimilables per a la planta i que consumeixi menys energia en la s\u00edntesi de les seves pr\u00f2pies prote\u00efnes i mol\u00e8cules org\u00e0niques al sistema.<\/p>\n<p>Principalment, la planta utilitzar\u00e0 els amino\u00e0cids que incorporem al producte per obtenir energia, utilitzar\u00e0 el carboni per a la seva estructura vegetal, complexar\u00e0 altres nutrients permetent la seva assimilaci\u00f3, endarrerir\u00e0 la senesc\u00e8ncia i detoxificar\u00e0 les c\u00e8l\u00b7lules.<br \/>\nLa planta enviar\u00e0 aquests L-amino\u00e0cids a trav\u00e9s del floema cap als punts febles, per tant, els acumular\u00e0 on ella els necessiti.<br \/>\nLa seva formulaci\u00f3 incorpora en un alt percentatge els amino\u00e0cids seg\u00fcents: glicina, prolina i \u00e0cid glut\u00e0mic.<br \/>\nAplicar LABIFOL SUPERAMINO en moments de fort estr\u00e8s despr\u00e9s de fred, gelades, sequera, cops de calor, trasplantament, etc. La seva aplicaci\u00f3 regular aporta a la planta una millor resist\u00e8ncia i millora en la salut vegetativa. Tamb\u00e9, en moment d&#8217;alta demanda energ\u00e8tica com la floraci\u00f3, el quallat o la maduraci\u00f3 dels fruits.<\/p>\n","protected":false},"excerpt":{"rendered":"<ul>\n<li><strong>R\u00e0pida recuperaci\u00f3 en situacions extremes<\/strong><\/li>\n<li><strong>Millora la funci\u00f3 fotosint\u00e8tica<\/strong><\/li>\n<li><strong>Aplicar en moments cr\u00edtics: floraci\u00f3, quallat i maduraci\u00f3 del fruit<\/strong><\/li>\n<\/ul>\n","protected":false},"featured_media":36128,"comment_status":"closed","ping_status":"closed","template":"","meta":{"_acf_changed":false},"cultivo":[609,626,644,668,689,610,627,646,670,691,611,628,647,672,693,612,629,648,674,695,613,630,649,676,697,614,631,650,677,698,615,632,652,678,700,133,616,633,654,679,702,134,617,634,656,680,704,602,618,635,658,681,706,603,619,636,659,682,707,604,620,637,661,683,708,605,621,638,662,684,709,606,623,639,663,686,710,607,624,641,664,687,608,625,643,666,688],"ecologico":[827],"medioambiente":[846],"solucion":[931,934,944],"tipo-de-aplicacion":[712,781,783,784],"product_brand":[],"product_cat":[971,1009],"product_tag":[],"class_list":{"0":"post-37642","1":"product","2":"type-product","3":"status-publish","4":"has-post-thumbnail","6":"cultivo-caqui","7":"cultivo-pressec","8":"cultivo-lychee","9":"cultivo-ceba","10":"cultivo-rave","11":"cultivo-castany","12":"cultivo-codonyer","13":"cultivo-manec","14":"cultivo-col","15":"cultivo-remolatxa","16":"cultivo-cirerer","17":"cultivo-taronger","18":"cultivo-maracuia","19":"cultivo-cols-de-brusselles","20":"cultivo-rucula","21":"cultivo-prunera","22":"cultivo-nectarina","23":"cultivo-papaia","24":"cultivo-coliflor","25":"cultivo-sindria","26":"cultivo-clementi","27":"cultivo-noguera","28":"cultivo-pinya","29":"cultivo-escarola","30":"cultivo-soja-verda","31":"cultivo-granat","32":"cultivo-olivera","33":"cultivo-pitahaya","34":"cultivo-espinac","35":"cultivo-tomaquet","36":"cultivo-figuera","37":"cultivo-parra-ornamental","38":"cultivo-tamarindo","39":"cultivo-pesol","40":"cultivo-pastanaga","41":"cultivo-tropicals","42":"cultivo-kiwi","43":"cultivo-perera","44":"cultivo-te","45":"cultivo-fava-tendra","46":"cultivo-cereals","47":"cultivo-cacau","48":"cultivo-llimoner","49":"cultivo-festuc","50":"cultivo-yuca","51":"cultivo-mongeta-tendra","52":"cultivo-farratgeres-i-pastures","53":"cultivo-fruiters","54":"cultivo-alvocat","55":"cultivo-aranja","56":"cultivo-bleda-2","57":"cultivo-enciam","58":"cultivo-lleguminoses-extensives-2","59":"cultivo-horticoles","60":"cultivo-bana-platan","61":"cultivo-videu","62":"cultivo-all","63":"cultivo-melo","64":"cultivo-oleaginoses","65":"cultivo-extensius","66":"cultivo-cafe","67":"cultivo-canya-de-sucre","68":"cultivo-alberginia","69":"cultivo-nap","70":"cultivo-arbres-ornamentals","71":"cultivo-parcs-i-jardins","72":"cultivo-carambola","73":"cultivo-chirimoya","74":"cultivo-moniato","75":"cultivo-patata","76":"cultivo-gespedes","77":"cultivo-albercoc","78":"cultivo-lima-2","79":"cultivo-coco","80":"cultivo-brocoli","81":"cultivo-cogombre","82":"cultivo-flors","83":"cultivo-ametller","84":"cultivo-mandari","85":"cultivo-fruits-rojos-berries","86":"cultivo-carbasso","87":"cultivo-pebrot","88":"cultivo-avellaner","89":"cultivo-poma","90":"cultivo-guayaba","91":"cultivo-carabassa","92":"cultivo-porro","93":"ecologico-si","94":"medioambiente-eficiencia-de-lus-de-nutrients","95":"solucion-estres-abiotic","96":"solucion-millora-postcollita","97":"solucion-augment-qualitat-fruit","98":"tipo-de-aplicacion-fertirrigacio","99":"tipo-de-aplicacion-foliar","100":"tipo-de-aplicacion-dron","101":"tipo-de-aplicacion-avioneta","102":"product_cat-bioestimulant","103":"product_cat-especialitats","105":"first","106":"instock","107":"shipping-taxable","108":"product-type-simple"},"acf":[],"_links":{"self":[{"href":"https:\/\/labin.net\/ca\/wp-json\/wp\/v2\/product\/37642","targetHints":{"allow":["GET"]}}],"collection":[{"href":"https:\/\/labin.net\/ca\/wp-json\/wp\/v2\/product"}],"about":[{"href":"https:\/\/labin.net\/ca\/wp-json\/wp\/v2\/types\/product"}],"replies":[{"embeddable":true,"href":"https:\/\/labin.net\/ca\/wp-json\/wp\/v2\/comments?post=37642"}],"wp:featuredmedia":[{"embeddable":true,"href":"https:\/\/labin.net\/ca\/wp-json\/wp\/v2\/media\/36128"}],"wp:attachment":[{"href":"https:\/\/labin.net\/ca\/wp-json\/wp\/v2\/media?parent=37642"}],"wp:term":[{"taxonomy":"cultivo","embeddable":true,"href":"https:\/\/labin.net\/ca\/wp-json\/wp\/v2\/cultivo?post=37642"},{"taxonomy":"ecologico","embeddable":true,"href":"https:\/\/labin.net\/ca\/wp-json\/wp\/v2\/ecologico?post=37642"},{"taxonomy":"medioambiente","embeddable":true,"href":"https:\/\/labin.net\/ca\/wp-json\/wp\/v2\/medioambiente?post=37642"},{"taxonomy":"solucion","embeddable":true,"href":"https:\/\/labin.net\/ca\/wp-json\/wp\/v2\/solucion?post=37642"},{"taxonomy":"tipo-de-aplicacion","embeddable":true,"href":"https:\/\/labin.net\/ca\/wp-json\/wp\/v2\/tipo-de-aplicacion?post=37642"},{"taxonomy":"product_brand","embeddable":true,"href":"https:\/\/labin.net\/ca\/wp-json\/wp\/v2\/product_brand?post=37642"},{"taxonomy":"product_cat","embeddable":true,"href":"https:\/\/labin.net\/ca\/wp-json\/wp\/v2\/product_cat?post=37642"},{"taxonomy":"product_tag","embeddable":true,"href":"https:\/\/labin.net\/ca\/wp-json\/wp\/v2\/product_tag?post=37642"}],"curies":[{"name":"wp","href":"https:\/\/api.w.org\/{rel}","templated":true}]}}