{"id":37639,"date":"2025-12-05T11:00:56","date_gmt":"2025-12-05T11:00:56","guid":{"rendered":"https:labin.net\/producto\/labin-aminoacids-24\/"},"modified":"2026-01-15T12:24:26","modified_gmt":"2026-01-15T12:24:26","slug":"labin-aminoacidos-24","status":"publish","type":"product","link":"https:\/\/labin.net\/ca\/producto\/labin-aminoacidos-24\/","title":{"rendered":"LABIN AMINO\u00c1CIDOS 24%"},"content":{"rendered":"<p><strong>LABIN AMINO\u00c1CIDOS 24%<\/strong> \u00e9s un producte l\u00edquid de color fosc, resultant de la hidr\u00f2lisi controlada de prote\u00efnes naturals, preparat per a una perfecta assimilaci\u00f3 foliar.<br \/>\nA causa del seu proc\u00e9s de fabricaci\u00f3 \u00e9s ric en amino\u00e0cids lliures i p\u00e8ptids, de baix pes molecular, que s\u00f3n els que tenen m\u00e9s activitat.<br \/>\nAquest producte est\u00e0 indicat per a moments fenol\u00f2gics en qu\u00e8 cal un plus d&#8217;energia: Trasplantament, floraci\u00f3, quallat de fruits,\u2026<br \/>\n\u00c9s una important ajuda per superar l&#8217;estr\u00e8s causat per gelades, sequera, plagues, malalties i tractaments fitosanitaris.<\/p>\n<p>El seu alt contingut en \u00e0cid glut\u00e0mic proporciona a la planta els seg\u00fcents inputs:<\/p>\n<ul>\n<li>Estimulaci\u00f3 del creixement del cos vegetatiu.<\/li>\n<li>Millora de la floraci\u00f3 i del quallat dels futurs fruits.<\/li>\n<li>\u00c9s un impulsor de l&#8217;absorci\u00f3 d&#8217;altres amino\u00e0cids<\/li>\n<\/ul>\n<p>Com m\u00e9s gran \u00e9s la concentraci\u00f3 d&#8217;\u00e0cid glut\u00e0mic a l&#8217;estigma i estil m\u00e9s es promouen el Bor i el Zinc, produint-se una major germinaci\u00f3 dels grans de pol\u00b7len i major vigor afavorint el quallat.<\/p>\n","protected":false},"excerpt":{"rendered":"<ul>\n<li>Aplicar en situacions d&#8217;estr\u00e8s<\/li>\n<li>Per superar moments de gelades i sequeres<\/li>\n<li>Ajuda en els moments d&#8217;alta demanda energ\u00e8tica com el trasplantament, floraci\u00f3 i quallat dels fruits<\/li>\n<\/ul>\n","protected":false},"featured_media":36134,"comment_status":"closed","ping_status":"closed","template":"","meta":{"_acf_changed":false},"cultivo":[604,620,637,661,683,708,605,621,638,662,684,709,606,623,639,663,686,710,607,624,641,664,687,608,625,643,666,688,609,626,644,668,689,610,627,646,670,691,611,628,647,672,693,612,629,648,674,695,613,630,649,676,697,614,631,650,677,698,615,632,652,678,700,133,616,633,654,679,702,134,617,634,656,680,704,602,618,635,658,681,706,603,619,636,659,682,707],"ecologico":[831],"medioambiente":[846],"solucion":[931,934,944],"tipo-de-aplicacion":[712,781,783,784],"product_brand":[],"product_cat":[971],"product_tag":[],"class_list":{"0":"post-37639","1":"product","2":"type-product","3":"status-publish","4":"has-post-thumbnail","6":"cultivo-extensius","7":"cultivo-cafe","8":"cultivo-canya-de-sucre","9":"cultivo-alberginia","10":"cultivo-nap","11":"cultivo-arbres-ornamentals","12":"cultivo-parcs-i-jardins","13":"cultivo-carambola","14":"cultivo-chirimoya","15":"cultivo-moniato","16":"cultivo-patata","17":"cultivo-gespedes","18":"cultivo-albercoc","19":"cultivo-lima-2","20":"cultivo-coco","21":"cultivo-brocoli","22":"cultivo-cogombre","23":"cultivo-flors","24":"cultivo-ametller","25":"cultivo-mandari","26":"cultivo-fruits-rojos-berries","27":"cultivo-carbasso","28":"cultivo-pebrot","29":"cultivo-avellaner","30":"cultivo-poma","31":"cultivo-guayaba","32":"cultivo-carabassa","33":"cultivo-porro","34":"cultivo-caqui","35":"cultivo-pressec","36":"cultivo-lychee","37":"cultivo-ceba","38":"cultivo-rave","39":"cultivo-castany","40":"cultivo-codonyer","41":"cultivo-manec","42":"cultivo-col","43":"cultivo-remolatxa","44":"cultivo-cirerer","45":"cultivo-taronger","46":"cultivo-maracuia","47":"cultivo-cols-de-brusselles","48":"cultivo-rucula","49":"cultivo-prunera","50":"cultivo-nectarina","51":"cultivo-papaia","52":"cultivo-coliflor","53":"cultivo-sindria","54":"cultivo-clementi","55":"cultivo-noguera","56":"cultivo-pinya","57":"cultivo-escarola","58":"cultivo-soja-verda","59":"cultivo-granat","60":"cultivo-olivera","61":"cultivo-pitahaya","62":"cultivo-espinac","63":"cultivo-tomaquet","64":"cultivo-figuera","65":"cultivo-parra-ornamental","66":"cultivo-tamarindo","67":"cultivo-pesol","68":"cultivo-pastanaga","69":"cultivo-tropicals","70":"cultivo-kiwi","71":"cultivo-perera","72":"cultivo-te","73":"cultivo-fava-tendra","74":"cultivo-cereals","75":"cultivo-cacau","76":"cultivo-llimoner","77":"cultivo-festuc","78":"cultivo-yuca","79":"cultivo-mongeta-tendra","80":"cultivo-farratgeres-i-pastures","81":"cultivo-fruiters","82":"cultivo-alvocat","83":"cultivo-aranja","84":"cultivo-bleda-2","85":"cultivo-enciam","86":"cultivo-lleguminoses-extensives-2","87":"cultivo-horticoles","88":"cultivo-bana-platan","89":"cultivo-videu","90":"cultivo-all","91":"cultivo-melo","92":"cultivo-oleaginoses","93":"ecologico-no","94":"medioambiente-eficiencia-de-lus-de-nutrients","95":"solucion-estres-abiotic","96":"solucion-millora-postcollita","97":"solucion-augment-qualitat-fruit","98":"tipo-de-aplicacion-fertirrigacio","99":"tipo-de-aplicacion-foliar","100":"tipo-de-aplicacion-dron","101":"tipo-de-aplicacion-avioneta","102":"product_cat-bioestimulant","104":"first","105":"instock","106":"shipping-taxable","107":"product-type-simple"},"acf":[],"_links":{"self":[{"href":"https:\/\/labin.net\/ca\/wp-json\/wp\/v2\/product\/37639","targetHints":{"allow":["GET"]}}],"collection":[{"href":"https:\/\/labin.net\/ca\/wp-json\/wp\/v2\/product"}],"about":[{"href":"https:\/\/labin.net\/ca\/wp-json\/wp\/v2\/types\/product"}],"replies":[{"embeddable":true,"href":"https:\/\/labin.net\/ca\/wp-json\/wp\/v2\/comments?post=37639"}],"wp:featuredmedia":[{"embeddable":true,"href":"https:\/\/labin.net\/ca\/wp-json\/wp\/v2\/media\/36134"}],"wp:attachment":[{"href":"https:\/\/labin.net\/ca\/wp-json\/wp\/v2\/media?parent=37639"}],"wp:term":[{"taxonomy":"cultivo","embeddable":true,"href":"https:\/\/labin.net\/ca\/wp-json\/wp\/v2\/cultivo?post=37639"},{"taxonomy":"ecologico","embeddable":true,"href":"https:\/\/labin.net\/ca\/wp-json\/wp\/v2\/ecologico?post=37639"},{"taxonomy":"medioambiente","embeddable":true,"href":"https:\/\/labin.net\/ca\/wp-json\/wp\/v2\/medioambiente?post=37639"},{"taxonomy":"solucion","embeddable":true,"href":"https:\/\/labin.net\/ca\/wp-json\/wp\/v2\/solucion?post=37639"},{"taxonomy":"tipo-de-aplicacion","embeddable":true,"href":"https:\/\/labin.net\/ca\/wp-json\/wp\/v2\/tipo-de-aplicacion?post=37639"},{"taxonomy":"product_brand","embeddable":true,"href":"https:\/\/labin.net\/ca\/wp-json\/wp\/v2\/product_brand?post=37639"},{"taxonomy":"product_cat","embeddable":true,"href":"https:\/\/labin.net\/ca\/wp-json\/wp\/v2\/product_cat?post=37639"},{"taxonomy":"product_tag","embeddable":true,"href":"https:\/\/labin.net\/ca\/wp-json\/wp\/v2\/product_tag?post=37639"}],"curies":[{"name":"wp","href":"https:\/\/api.w.org\/{rel}","templated":true}]}}