{"id":37635,"date":"2025-12-05T11:00:56","date_gmt":"2025-12-05T11:00:56","guid":{"rendered":"https:labin.net\/producto\/labin-maxiroots\/"},"modified":"2026-01-19T10:02:50","modified_gmt":"2026-01-19T10:02:50","slug":"labin-maxiroots","status":"publish","type":"product","link":"https:\/\/labin.net\/ca\/producto\/labin-maxiroots\/","title":{"rendered":"LABIN MAXIROOTS"},"content":{"rendered":"<p><strong>LABIN MAXIROOTS<\/strong> \u00e9s un producte formulat en forma de concentrat soluble <strong>NPK a base d&#8217;\u00e0cids h\u00famics, f\u00falvics, i macronutrients<\/strong>, que estimula el desenvolupament i el creixement de <strong>p\u00e8ls radiculars absorbents<\/strong>. Les mat\u00e8ries primeres especialment seleccionades potencien el creixement de la massa radicular existent i indueixen la formaci\u00f3 de nous p\u00e8ls absorbents, <strong>aconseguint un sistema radicular sa i vigor\u00f3s<\/strong> durant tot el cicle de cultiu. A les plantes ja establertes aconseguim una <strong>millor resposta al trasplantament<\/strong> minimitzant els efectes adversos que l&#8217;estr\u00e8s post-trasplantament produeix.<\/p>\n<p><strong>En esqueixos, bulbs i estaques<\/strong> s&#8217;aconsegueix major rapidesa i resposta en la formaci\u00f3 d&#8217;arrels advent\u00edcies, aix\u00ed com un <strong>menor percentatge d&#8217;errors<\/strong>.<\/p>\n","protected":false},"excerpt":{"rendered":"<ul>\n<li>Estimulaci\u00f3 del desenvolupament radicular<\/li>\n<li>R\u00e0pida recuperaci\u00f3 de l&#8217;estr\u00e8s post-trasplantament<\/li>\n<li>Major rapidesa en l&#8217;absorci\u00f3 d&#8217;aigua i nutrients<\/li>\n<li>Major resist\u00e8ncia a l&#8217;estr\u00e8s sal\u00ed<\/li>\n<\/ul>\n","protected":false},"featured_media":36236,"comment_status":"closed","ping_status":"closed","template":"","meta":{"_acf_changed":false},"cultivo":[661,683,662,684,663,686,664,687,666,688,668,689,670,691,672,693,674,695,676,697,677,698,678,700,603,679,708,605,680,709,658,681,710,659,682],"ecologico":[831],"medioambiente":[846],"solucion":[860,926,951],"tipo-de-aplicacion":[712],"product_brand":[],"product_cat":[976],"product_tag":[],"class_list":{"0":"post-37635","1":"product","2":"type-product","3":"status-publish","4":"has-post-thumbnail","6":"cultivo-alberginia","7":"cultivo-nap","8":"cultivo-moniato","9":"cultivo-patata","10":"cultivo-brocoli","11":"cultivo-cogombre","12":"cultivo-carbasso","13":"cultivo-pebrot","14":"cultivo-carabassa","15":"cultivo-porro","16":"cultivo-ceba","17":"cultivo-rave","18":"cultivo-col","19":"cultivo-remolatxa","20":"cultivo-cols-de-brusselles","21":"cultivo-rucula","22":"cultivo-coliflor","23":"cultivo-sindria","24":"cultivo-escarola","25":"cultivo-soja-verda","26":"cultivo-espinac","27":"cultivo-tomaquet","28":"cultivo-pesol","29":"cultivo-pastanaga","30":"cultivo-horticoles","31":"cultivo-fava-tendra","32":"cultivo-arbres-ornamentals","33":"cultivo-parcs-i-jardins","34":"cultivo-mongeta-tendra","35":"cultivo-gespedes","36":"cultivo-bleda-2","37":"cultivo-enciam","38":"cultivo-flors","39":"cultivo-all","40":"cultivo-melo","41":"ecologico-no","42":"medioambiente-eficiencia-de-lus-de-nutrients","43":"solucion-deficencia-de-p","44":"solucion-floracio-i-formacio-del-fruit","45":"solucion-agent-denraizament","46":"tipo-de-aplicacion-fertirrigacio","47":"product_cat-corrector-de-carencies","49":"first","50":"instock","51":"shipping-taxable","52":"product-type-simple"},"acf":[],"_links":{"self":[{"href":"https:\/\/labin.net\/ca\/wp-json\/wp\/v2\/product\/37635","targetHints":{"allow":["GET"]}}],"collection":[{"href":"https:\/\/labin.net\/ca\/wp-json\/wp\/v2\/product"}],"about":[{"href":"https:\/\/labin.net\/ca\/wp-json\/wp\/v2\/types\/product"}],"replies":[{"embeddable":true,"href":"https:\/\/labin.net\/ca\/wp-json\/wp\/v2\/comments?post=37635"}],"wp:featuredmedia":[{"embeddable":true,"href":"https:\/\/labin.net\/ca\/wp-json\/wp\/v2\/media\/36236"}],"wp:attachment":[{"href":"https:\/\/labin.net\/ca\/wp-json\/wp\/v2\/media?parent=37635"}],"wp:term":[{"taxonomy":"cultivo","embeddable":true,"href":"https:\/\/labin.net\/ca\/wp-json\/wp\/v2\/cultivo?post=37635"},{"taxonomy":"ecologico","embeddable":true,"href":"https:\/\/labin.net\/ca\/wp-json\/wp\/v2\/ecologico?post=37635"},{"taxonomy":"medioambiente","embeddable":true,"href":"https:\/\/labin.net\/ca\/wp-json\/wp\/v2\/medioambiente?post=37635"},{"taxonomy":"solucion","embeddable":true,"href":"https:\/\/labin.net\/ca\/wp-json\/wp\/v2\/solucion?post=37635"},{"taxonomy":"tipo-de-aplicacion","embeddable":true,"href":"https:\/\/labin.net\/ca\/wp-json\/wp\/v2\/tipo-de-aplicacion?post=37635"},{"taxonomy":"product_brand","embeddable":true,"href":"https:\/\/labin.net\/ca\/wp-json\/wp\/v2\/product_brand?post=37635"},{"taxonomy":"product_cat","embeddable":true,"href":"https:\/\/labin.net\/ca\/wp-json\/wp\/v2\/product_cat?post=37635"},{"taxonomy":"product_tag","embeddable":true,"href":"https:\/\/labin.net\/ca\/wp-json\/wp\/v2\/product_tag?post=37635"}],"curies":[{"name":"wp","href":"https:\/\/api.w.org\/{rel}","templated":true}]}}