{"id":37632,"date":"2025-12-05T11:00:56","date_gmt":"2025-12-05T11:00:56","guid":{"rendered":"https:labin.net\/producto\/labifol-bioproof-evo\/"},"modified":"2026-01-19T11:38:17","modified_gmt":"2026-01-19T11:38:17","slug":"labifol-bioproof-evo","status":"publish","type":"product","link":"https:\/\/labin.net\/ca\/producto\/labifol-bioproof-evo\/","title":{"rendered":"LABIFOL BIOPROOF EVO"},"content":{"rendered":"<p>LABIFOL BIOPROOF EVO \u00e9s un producte que aporta bor i molibd\u00e8 de forma totalment assimilable i translocable. Alhora, gr\u00e0cies a la tecnologia SMARTECH, l&#8217;acci\u00f3 del bor i del molibd\u00e8 es combinen amb la dels \u00e0cids org\u00e0nics naturals que potencien la seva acci\u00f3 i que actuen a la planta millorant l&#8217;absorci\u00f3 d&#8217;altres microelements.<\/p>\n<p>L&#8217;aplicaci\u00f3 d&#8217;aquest producte ens permetr\u00e0 millorar els processos de floraci\u00f3 i quallat en diferents cultius, reduint els episodis de corriment tant a vinya com a tom\u00e0quet.<br \/>\n\u00c9s un producte especialment indicat per a hort\u00edcoles, vinya, olivera, c\u00edtrics, fruiters i cereals.<\/p>\n","protected":false},"excerpt":{"rendered":"<ul>\n<li><strong>Bor i molibd\u00e8 per aplicaci\u00f3 foliar<\/strong><\/li>\n<li><strong>Millora processos de floraci\u00f3 i quallat<\/strong><\/li>\n<li><strong>Menor corriment en ra\u00efm<\/strong><\/li>\n<\/ul>\n","protected":false},"featured_media":36200,"comment_status":"closed","ping_status":"closed","template":"","meta":{"_acf_changed":false},"cultivo":[609,626,644,668,689,610,627,646,670,691,611,628,647,672,693,612,629,648,674,695,613,630,649,676,697,614,631,650,677,698,615,632,652,678,700,133,616,633,654,679,702,134,617,634,656,680,704,602,618,635,658,681,706,603,619,636,659,682,707,604,620,637,661,683,708,605,621,638,662,684,709,606,623,639,663,686,710,607,624,641,664,687,608,625,643,666,688],"ecologico":[827],"medioambiente":[846],"solucion":[892,912],"tipo-de-aplicacion":[781],"product_brand":[],"product_cat":[976,1009],"product_tag":[],"class_list":{"0":"post-37632","1":"product","2":"type-product","3":"status-publish","4":"has-post-thumbnail","6":"cultivo-caqui","7":"cultivo-pressec","8":"cultivo-lychee","9":"cultivo-ceba","10":"cultivo-rave","11":"cultivo-castany","12":"cultivo-codonyer","13":"cultivo-manec","14":"cultivo-col","15":"cultivo-remolatxa","16":"cultivo-cirerer","17":"cultivo-taronger","18":"cultivo-maracuia","19":"cultivo-cols-de-brusselles","20":"cultivo-rucula","21":"cultivo-prunera","22":"cultivo-nectarina","23":"cultivo-papaia","24":"cultivo-coliflor","25":"cultivo-sindria","26":"cultivo-clementi","27":"cultivo-noguera","28":"cultivo-pinya","29":"cultivo-escarola","30":"cultivo-soja-verda","31":"cultivo-granat","32":"cultivo-olivera","33":"cultivo-pitahaya","34":"cultivo-espinac","35":"cultivo-tomaquet","36":"cultivo-figuera","37":"cultivo-parra-ornamental","38":"cultivo-tamarindo","39":"cultivo-pesol","40":"cultivo-pastanaga","41":"cultivo-tropicals","42":"cultivo-kiwi","43":"cultivo-perera","44":"cultivo-te","45":"cultivo-fava-tendra","46":"cultivo-cereals","47":"cultivo-cacau","48":"cultivo-llimoner","49":"cultivo-festuc","50":"cultivo-yuca","51":"cultivo-mongeta-tendra","52":"cultivo-farratgeres-i-pastures","53":"cultivo-fruiters","54":"cultivo-alvocat","55":"cultivo-aranja","56":"cultivo-bleda-2","57":"cultivo-enciam","58":"cultivo-lleguminoses-extensives-2","59":"cultivo-horticoles","60":"cultivo-bana-platan","61":"cultivo-videu","62":"cultivo-all","63":"cultivo-melo","64":"cultivo-oleaginoses","65":"cultivo-extensius","66":"cultivo-cafe","67":"cultivo-canya-de-sucre","68":"cultivo-alberginia","69":"cultivo-nap","70":"cultivo-arbres-ornamentals","71":"cultivo-parcs-i-jardins","72":"cultivo-carambola","73":"cultivo-chirimoya","74":"cultivo-moniato","75":"cultivo-patata","76":"cultivo-gespedes","77":"cultivo-albercoc","78":"cultivo-lima-2","79":"cultivo-coco","80":"cultivo-brocoli","81":"cultivo-cogombre","82":"cultivo-flors","83":"cultivo-ametller","84":"cultivo-mandari","85":"cultivo-fruits-rojos-berries","86":"cultivo-carbasso","87":"cultivo-pebrot","88":"cultivo-avellaner","89":"cultivo-poma","90":"cultivo-guayaba","91":"cultivo-carabassa","92":"cultivo-porro","93":"ecologico-si","94":"medioambiente-eficiencia-de-lus-de-nutrients","95":"solucion-deficencia-de-b","96":"solucion-deficencia-de-mo","97":"tipo-de-aplicacion-foliar","98":"product_cat-corrector-de-carencies","99":"product_cat-especialitats","101":"first","102":"instock","103":"shipping-taxable","104":"product-type-simple"},"acf":[],"_links":{"self":[{"href":"https:\/\/labin.net\/ca\/wp-json\/wp\/v2\/product\/37632","targetHints":{"allow":["GET"]}}],"collection":[{"href":"https:\/\/labin.net\/ca\/wp-json\/wp\/v2\/product"}],"about":[{"href":"https:\/\/labin.net\/ca\/wp-json\/wp\/v2\/types\/product"}],"replies":[{"embeddable":true,"href":"https:\/\/labin.net\/ca\/wp-json\/wp\/v2\/comments?post=37632"}],"wp:featuredmedia":[{"embeddable":true,"href":"https:\/\/labin.net\/ca\/wp-json\/wp\/v2\/media\/36200"}],"wp:attachment":[{"href":"https:\/\/labin.net\/ca\/wp-json\/wp\/v2\/media?parent=37632"}],"wp:term":[{"taxonomy":"cultivo","embeddable":true,"href":"https:\/\/labin.net\/ca\/wp-json\/wp\/v2\/cultivo?post=37632"},{"taxonomy":"ecologico","embeddable":true,"href":"https:\/\/labin.net\/ca\/wp-json\/wp\/v2\/ecologico?post=37632"},{"taxonomy":"medioambiente","embeddable":true,"href":"https:\/\/labin.net\/ca\/wp-json\/wp\/v2\/medioambiente?post=37632"},{"taxonomy":"solucion","embeddable":true,"href":"https:\/\/labin.net\/ca\/wp-json\/wp\/v2\/solucion?post=37632"},{"taxonomy":"tipo-de-aplicacion","embeddable":true,"href":"https:\/\/labin.net\/ca\/wp-json\/wp\/v2\/tipo-de-aplicacion?post=37632"},{"taxonomy":"product_brand","embeddable":true,"href":"https:\/\/labin.net\/ca\/wp-json\/wp\/v2\/product_brand?post=37632"},{"taxonomy":"product_cat","embeddable":true,"href":"https:\/\/labin.net\/ca\/wp-json\/wp\/v2\/product_cat?post=37632"},{"taxonomy":"product_tag","embeddable":true,"href":"https:\/\/labin.net\/ca\/wp-json\/wp\/v2\/product_tag?post=37632"}],"curies":[{"name":"wp","href":"https:\/\/api.w.org\/{rel}","templated":true}]}}