{"id":37629,"date":"2025-12-05T07:44:55","date_gmt":"2025-12-05T07:44:55","guid":{"rendered":"https:labin.net\/producto\/labin-6-4-12\/"},"modified":"2026-01-19T10:43:59","modified_gmt":"2026-01-19T10:43:59","slug":"labin-6-4-12","status":"publish","type":"product","link":"https:\/\/labin.net\/ca\/producto\/labin-6-4-12\/","title":{"rendered":"LABIN 6-4-12"},"content":{"rendered":"<p>LABIN 6-4-12 \u00e9s un adob organomineral granulat indicat per a tot tipus de cultius per a l&#8217;adobament de fons. Gr\u00e0cies al seu equilibri 1.5-1-3 i l&#8217;aportaci\u00f3 de sofre, aconseguim deixar a disposici\u00f3 de la planta els nutrients necessaris per poder iniciar-ne el desenvolupament, aix\u00ed com els nutrients que anir\u00e0 absorbint amb el pas del temps gr\u00e0cies a l&#8217;actuaci\u00f3 de la MAT\u00c8RIA ORG\u00c0NICA.<\/p>\n<p>La mat\u00e8ria org\u00e0nica que incorpora a cada gr\u00e0nul \u00e9s LIGNIT ESPECIAL H\u00daMIC que en combinar-se amb els elements minerals afavoreix l&#8217;assimilaci\u00f3 dels nutrients, augmentant l&#8217;efic\u00e0cia de la fertilitzaci\u00f3 i evitant rentats i bloquejos de nutrients a terra. Es pot aplicar amb qualsevol tipus d&#8217;abonadora, a qualsevol \u00e8poca de l&#8217;any.<\/p>\n<p><strong>Caracter\u00edstiques especials:<\/strong><\/p>\n<ul>\n<li>Aporta mat\u00e8ria org\u00e0nica estable, lliure de g\u00e8rmens pat\u00f2gens i metalls pesants.<\/li>\n<li>Lent alliberament natural del nitrogen evita fomentar l&#8217;exc\u00e9s de vegetaci\u00f3 i els problemes que aix\u00f2 comporta.<\/li>\n<\/ul>\n","protected":false},"excerpt":{"rendered":"<ul>\n<li><strong>Granulat de f\u00e0cil aplicaci\u00f3<\/strong><\/li>\n<li><strong>Alta qualitat i estabilitat de la mat\u00e8ria org\u00e0nica<\/strong><\/li>\n<li><strong>Millora de la fertilitat del s\u00f2l<\/strong><\/li>\n<li><strong>M\u00e9s efici\u00e8ncia amb menys unitats fertilitzants<\/strong><\/li>\n<li><strong>Aplicable f\u00e0cilment amb qualsevol tipus d&#8217;abonadora<\/strong><\/li>\n<\/ul>\n","protected":false},"featured_media":35604,"comment_status":"open","ping_status":"closed","template":"","meta":{"_acf_changed":false},"cultivo":[134,618,635,658,681,710,602,619,636,659,682,603,620,637,661,683,605,621,638,662,684,606,623,639,663,686,607,624,641,664,687,608,625,643,666,688,609,626,644,668,689,610,627,646,670,691,611,628,647,672,693,612,629,648,674,695,613,630,649,676,697,614,631,650,677,698,615,632,652,678,700,616,633,654,679,708,133,617,634,656,680,709],"ecologico":[831],"medioambiente":[846,835],"solucion":[860,865,855],"tipo-de-aplicacion":[711],"product_brand":[],"product_cat":[985],"product_tag":[],"class_list":{"0":"post-37629","1":"product","2":"type-product","3":"status-publish","4":"has-post-thumbnail","6":"cultivo-cacau","7":"cultivo-alvocat","8":"cultivo-aranja","9":"cultivo-bleda-2","10":"cultivo-enciam","11":"cultivo-flors","12":"cultivo-fruiters","13":"cultivo-bana-platan","14":"cultivo-videu","15":"cultivo-all","16":"cultivo-melo","17":"cultivo-horticoles","18":"cultivo-cafe","19":"cultivo-canya-de-sucre","20":"cultivo-alberginia","21":"cultivo-nap","22":"cultivo-parcs-i-jardins","23":"cultivo-carambola","24":"cultivo-chirimoya","25":"cultivo-moniato","26":"cultivo-patata","27":"cultivo-albercoc","28":"cultivo-lima-2","29":"cultivo-coco","30":"cultivo-brocoli","31":"cultivo-cogombre","32":"cultivo-ametller","33":"cultivo-mandari","34":"cultivo-fruits-rojos-berries","35":"cultivo-carbasso","36":"cultivo-pebrot","37":"cultivo-avellaner","38":"cultivo-poma","39":"cultivo-guayaba","40":"cultivo-carabassa","41":"cultivo-porro","42":"cultivo-caqui","43":"cultivo-pressec","44":"cultivo-lychee","45":"cultivo-ceba","46":"cultivo-rave","47":"cultivo-castany","48":"cultivo-codonyer","49":"cultivo-manec","50":"cultivo-col","51":"cultivo-remolatxa","52":"cultivo-cirerer","53":"cultivo-taronger","54":"cultivo-maracuia","55":"cultivo-cols-de-brusselles","56":"cultivo-rucula","57":"cultivo-prunera","58":"cultivo-nectarina","59":"cultivo-papaia","60":"cultivo-coliflor","61":"cultivo-sindria","62":"cultivo-clementi","63":"cultivo-noguera","64":"cultivo-pinya","65":"cultivo-escarola","66":"cultivo-soja-verda","67":"cultivo-granat","68":"cultivo-olivera","69":"cultivo-pitahaya","70":"cultivo-espinac","71":"cultivo-tomaquet","72":"cultivo-figuera","73":"cultivo-parra-ornamental","74":"cultivo-tamarindo","75":"cultivo-pesol","76":"cultivo-pastanaga","77":"cultivo-kiwi","78":"cultivo-perera","79":"cultivo-te","80":"cultivo-fava-tendra","81":"cultivo-arbres-ornamentals","82":"cultivo-tropicals","83":"cultivo-llimoner","84":"cultivo-festuc","85":"cultivo-yuca","86":"cultivo-mongeta-tendra","87":"cultivo-gespedes","88":"ecologico-no","89":"medioambiente-eficiencia-de-lus-de-nutrients","90":"medioambiente-reduccio-empremta-de-co2","91":"solucion-deficencia-de-p","92":"solucion-deficencia-de-k","93":"solucion-deficencia-de-n","94":"tipo-de-aplicacion-aplicacio-a-terra","95":"product_cat-adobs-granulats-i-microgranulats","97":"first","98":"instock","99":"shipping-taxable","100":"product-type-simple"},"acf":[],"_links":{"self":[{"href":"https:\/\/labin.net\/ca\/wp-json\/wp\/v2\/product\/37629","targetHints":{"allow":["GET"]}}],"collection":[{"href":"https:\/\/labin.net\/ca\/wp-json\/wp\/v2\/product"}],"about":[{"href":"https:\/\/labin.net\/ca\/wp-json\/wp\/v2\/types\/product"}],"replies":[{"embeddable":true,"href":"https:\/\/labin.net\/ca\/wp-json\/wp\/v2\/comments?post=37629"}],"wp:featuredmedia":[{"embeddable":true,"href":"https:\/\/labin.net\/ca\/wp-json\/wp\/v2\/media\/35604"}],"wp:attachment":[{"href":"https:\/\/labin.net\/ca\/wp-json\/wp\/v2\/media?parent=37629"}],"wp:term":[{"taxonomy":"cultivo","embeddable":true,"href":"https:\/\/labin.net\/ca\/wp-json\/wp\/v2\/cultivo?post=37629"},{"taxonomy":"ecologico","embeddable":true,"href":"https:\/\/labin.net\/ca\/wp-json\/wp\/v2\/ecologico?post=37629"},{"taxonomy":"medioambiente","embeddable":true,"href":"https:\/\/labin.net\/ca\/wp-json\/wp\/v2\/medioambiente?post=37629"},{"taxonomy":"solucion","embeddable":true,"href":"https:\/\/labin.net\/ca\/wp-json\/wp\/v2\/solucion?post=37629"},{"taxonomy":"tipo-de-aplicacion","embeddable":true,"href":"https:\/\/labin.net\/ca\/wp-json\/wp\/v2\/tipo-de-aplicacion?post=37629"},{"taxonomy":"product_brand","embeddable":true,"href":"https:\/\/labin.net\/ca\/wp-json\/wp\/v2\/product_brand?post=37629"},{"taxonomy":"product_cat","embeddable":true,"href":"https:\/\/labin.net\/ca\/wp-json\/wp\/v2\/product_cat?post=37629"},{"taxonomy":"product_tag","embeddable":true,"href":"https:\/\/labin.net\/ca\/wp-json\/wp\/v2\/product_tag?post=37629"}],"curies":[{"name":"wp","href":"https:\/\/api.w.org\/{rel}","templated":true}]}}