{"id":37618,"date":"2025-12-05T07:37:26","date_gmt":"2025-12-05T07:37:26","guid":{"rendered":"https:labin.net\/producto\/labin-20-5-5\/"},"modified":"2026-01-19T10:33:35","modified_gmt":"2026-01-19T10:33:35","slug":"labin-20-5-5","status":"publish","type":"product","link":"https:\/\/labin.net\/ca\/producto\/labin-20-5-5\/","title":{"rendered":"LABIN 20-5-5"},"content":{"rendered":"<p>Producte en forma de pols cristal\u00b7lina de color rosat especial per aplicar a FERTIRRIGACI\u00d3, en totes les seves variants: degoteig, microaspersi\u00f3, exsudaci\u00f3, etc.<\/p>\n<p>La selecci\u00f3 de les millors mat\u00e8ries primeres ens garanteix una solubilitat elevada i l&#8217;abs\u00e8ncia d&#8217;impureses. A m\u00e9s, el seu especial proc\u00e9s de fabricaci\u00f3 assegura la flu\u00efdesa del producte i evita l&#8217;enduriment.<\/p>\n<p>LABIN 20-5-5 est\u00e0 enriquit amb MICROELEMENTS QUELATATS per garantir l&#8217;abs\u00e8ncia de car\u00e8ncies i el correcte desenvolupament dels cultius, sent el seu pH moderadament \u00e0cid per evitar obturacions i bloquejos, a m\u00e9s a m\u00e9s la seva formulaci\u00f3 no incorpora cap font d&#8217;UREA. Com que \u00e9s un adob pobre en clorurs, augmenta l&#8217;absorci\u00f3 i assimilaci\u00f3 de nutrients per la planta. Recomanat per a tot tipus de cultius en els per\u00edodes de desenvolupament i creixement vegetatiu, en qu\u00e8 es requereix una aportaci\u00f3 important de NITROGEN.<\/p>\n<p>Es pot aplicar en floricultura, vivers, fruiters, hort\u00edcoles, vinya, cultius tropicals, etc.<\/p>\n","protected":false},"excerpt":{"rendered":"<ul>\n<li><strong>Alta solubilitat<\/strong><\/li>\n<li><strong>R\u00e0pida absorci\u00f3<\/strong><\/li>\n<li><strong>Amb microelements<\/strong><\/li>\n<li><strong>Sense enduriments<\/strong><\/li>\n<\/ul>\n","protected":false},"featured_media":35590,"comment_status":"open","ping_status":"closed","template":"","meta":{"_acf_changed":false},"cultivo":[609,626,644,668,689,610,627,646,670,691,611,628,647,672,693,612,629,648,674,695,613,630,649,676,697,614,631,650,677,698,615,632,652,678,700,616,633,654,679,708,133,617,634,656,680,709,134,618,635,658,681,710,602,619,636,659,682,603,620,637,661,683,605,621,638,662,684,606,623,639,663,686,607,624,641,664,687,608,625,643,666,688],"ecologico":[831],"medioambiente":[846],"solucion":[855,860,865],"tipo-de-aplicacion":[712],"product_brand":[],"product_cat":[981],"product_tag":[],"class_list":{"0":"post-37618","1":"product","2":"type-product","3":"status-publish","4":"has-post-thumbnail","6":"cultivo-caqui","7":"cultivo-pressec","8":"cultivo-lychee","9":"cultivo-ceba","10":"cultivo-rave","11":"cultivo-castany","12":"cultivo-codonyer","13":"cultivo-manec","14":"cultivo-col","15":"cultivo-remolatxa","16":"cultivo-cirerer","17":"cultivo-taronger","18":"cultivo-maracuia","19":"cultivo-cols-de-brusselles","20":"cultivo-rucula","21":"cultivo-prunera","22":"cultivo-nectarina","23":"cultivo-papaia","24":"cultivo-coliflor","25":"cultivo-sindria","26":"cultivo-clementi","27":"cultivo-noguera","28":"cultivo-pinya","29":"cultivo-escarola","30":"cultivo-soja-verda","31":"cultivo-granat","32":"cultivo-olivera","33":"cultivo-pitahaya","34":"cultivo-espinac","35":"cultivo-tomaquet","36":"cultivo-figuera","37":"cultivo-parra-ornamental","38":"cultivo-tamarindo","39":"cultivo-pesol","40":"cultivo-pastanaga","41":"cultivo-kiwi","42":"cultivo-perera","43":"cultivo-te","44":"cultivo-fava-tendra","45":"cultivo-arbres-ornamentals","46":"cultivo-tropicals","47":"cultivo-llimoner","48":"cultivo-festuc","49":"cultivo-yuca","50":"cultivo-mongeta-tendra","51":"cultivo-gespedes","52":"cultivo-cacau","53":"cultivo-alvocat","54":"cultivo-aranja","55":"cultivo-bleda-2","56":"cultivo-enciam","57":"cultivo-flors","58":"cultivo-fruiters","59":"cultivo-bana-platan","60":"cultivo-videu","61":"cultivo-all","62":"cultivo-melo","63":"cultivo-horticoles","64":"cultivo-cafe","65":"cultivo-canya-de-sucre","66":"cultivo-alberginia","67":"cultivo-nap","68":"cultivo-parcs-i-jardins","69":"cultivo-carambola","70":"cultivo-chirimoya","71":"cultivo-moniato","72":"cultivo-patata","73":"cultivo-albercoc","74":"cultivo-lima-2","75":"cultivo-coco","76":"cultivo-brocoli","77":"cultivo-cogombre","78":"cultivo-ametller","79":"cultivo-mandari","80":"cultivo-fruits-rojos-berries","81":"cultivo-carbasso","82":"cultivo-pebrot","83":"cultivo-avellaner","84":"cultivo-poma","85":"cultivo-guayaba","86":"cultivo-carabassa","87":"cultivo-porro","88":"ecologico-no","89":"medioambiente-eficiencia-de-lus-de-nutrients","90":"solucion-deficencia-de-n","91":"solucion-deficencia-de-p","92":"solucion-deficencia-de-k","93":"tipo-de-aplicacion-fertirrigacio","94":"product_cat-npk-hidrosoluble","96":"first","97":"instock","98":"shipping-taxable","99":"product-type-simple"},"acf":[],"_links":{"self":[{"href":"https:\/\/labin.net\/ca\/wp-json\/wp\/v2\/product\/37618","targetHints":{"allow":["GET"]}}],"collection":[{"href":"https:\/\/labin.net\/ca\/wp-json\/wp\/v2\/product"}],"about":[{"href":"https:\/\/labin.net\/ca\/wp-json\/wp\/v2\/types\/product"}],"replies":[{"embeddable":true,"href":"https:\/\/labin.net\/ca\/wp-json\/wp\/v2\/comments?post=37618"}],"wp:featuredmedia":[{"embeddable":true,"href":"https:\/\/labin.net\/ca\/wp-json\/wp\/v2\/media\/35590"}],"wp:attachment":[{"href":"https:\/\/labin.net\/ca\/wp-json\/wp\/v2\/media?parent=37618"}],"wp:term":[{"taxonomy":"cultivo","embeddable":true,"href":"https:\/\/labin.net\/ca\/wp-json\/wp\/v2\/cultivo?post=37618"},{"taxonomy":"ecologico","embeddable":true,"href":"https:\/\/labin.net\/ca\/wp-json\/wp\/v2\/ecologico?post=37618"},{"taxonomy":"medioambiente","embeddable":true,"href":"https:\/\/labin.net\/ca\/wp-json\/wp\/v2\/medioambiente?post=37618"},{"taxonomy":"solucion","embeddable":true,"href":"https:\/\/labin.net\/ca\/wp-json\/wp\/v2\/solucion?post=37618"},{"taxonomy":"tipo-de-aplicacion","embeddable":true,"href":"https:\/\/labin.net\/ca\/wp-json\/wp\/v2\/tipo-de-aplicacion?post=37618"},{"taxonomy":"product_brand","embeddable":true,"href":"https:\/\/labin.net\/ca\/wp-json\/wp\/v2\/product_brand?post=37618"},{"taxonomy":"product_cat","embeddable":true,"href":"https:\/\/labin.net\/ca\/wp-json\/wp\/v2\/product_cat?post=37618"},{"taxonomy":"product_tag","embeddable":true,"href":"https:\/\/labin.net\/ca\/wp-json\/wp\/v2\/product_tag?post=37618"}],"curies":[{"name":"wp","href":"https:\/\/api.w.org\/{rel}","templated":true}]}}