{"id":37612,"date":"2025-12-04T16:53:57","date_gmt":"2025-12-04T16:53:57","guid":{"rendered":"https:labin.net\/producto\/labin-aminoplus\/"},"modified":"2025-12-04T16:53:57","modified_gmt":"2025-12-04T16:53:57","slug":"labin-aminoplus","status":"publish","type":"product","link":"https:\/\/labin.net\/ca\/producto\/labin-aminoplus\/","title":{"rendered":"LABIN AMINOPLUS"},"content":{"rendered":"<p><strong>L&#8217;ESTRES<\/strong><br \/>\n Totes les plantes, durant el cicle de vida, van patint diferents situacions adverses, que els provoquen estats d&#8217;estr\u00e8s i que es tradueix en una reducci\u00f3 del rendiment general de la producci\u00f3 del cultiu. Davant de les diferents situacions d&#8217;estr\u00e8s, la planta desencadena una s\u00e8rie de mecanismes de defensa que consisteixen, b\u00e0sicament, a maximitzar l&#8217;estalvi d&#8217;energia, disminuir la p\u00e8rdua d&#8217;aigua i utilitzar les reserves per mantenir les funcions vitals. L&#8217;activaci\u00f3 d&#8217;aquests mecanismes es tradueix en un tancament estom\u00e0tic, un descens de l&#8217;activitat metab\u00f2lica i una taxa fotosint\u00e8tica menor, amb la qual cosa disminueix el rendiment productiu.  <\/p>\n<p><strong>ELS AMINO\u00c0CIDS<\/strong><br \/>\n Les plantes sintetitzen els seus propis amino\u00e0cids a partir del nitrogen. Aquest proc\u00e9s de s\u00edntesi es desenvolupa amb un consum d&#8217;energia elevat. Quan es produeix una situaci\u00f3 d&#8217;estr\u00e8s, l&#8217;aplicaci\u00f3 externa d&#8217;amino\u00e0cids permet a la planta disposar d&#8217;aquesta energia per utilitzar-la en altres processos fisiol\u00f2gics m\u00e9s productius i que us ajudaran a recuperar-la. D&#8217;altra banda, els amino\u00e0cids formen part de nombrosos processos fisiol\u00f2gics. Especialment els amino\u00e0cids lliures ajuden la planta a superar les situacions d&#8217;estr\u00e8s.    <\/p>\n<p><strong>LABIN AMINOPLUS<\/strong> \u00e9s un producte l\u00edquid que s&#8217;obt\u00e9 de la hidr\u00f2lisi controlada de prote\u00efnes vegetals naturals. Cont\u00e9 amino\u00e0cids de baix pes molecular, adequats per a la seva perfecta assimilaci\u00f3, tant per via radicular com per foliar. Millora el creixement, floraci\u00f3 i fructificaci\u00f3, aconseguint un augment del desenvolupament del fruit i aven\u00e7 de la maduraci\u00f3. \u00c9s un dels millors BIOACTIVADORS actuals.   <\/p>\n","protected":false},"excerpt":{"rendered":"<ul>\n<li><b>Per a situacions d&#8217;estr\u00e8s<\/b><\/li>\n<li><b>Per superar gelades, sequeres,&#8230;<\/b><\/li>\n<li><b>Ajuda en el trasplantament, floraci\u00f3, quallat i maduraci\u00f3 dels fruits de qualsevol cultiu vegetal<\/b><\/li>\n<\/ul>\n","protected":false},"featured_media":35553,"comment_status":"open","ping_status":"closed","template":"","meta":{"_acf_changed":false},"cultivo":[603,619,636,659,682,707,604,620,637,661,683,708,605,621,638,662,684,709,606,623,639,663,686,710,607,624,641,664,687,608,625,643,666,688,609,626,644,668,689,610,627,646,670,691,611,628,647,672,693,612,629,648,674,695,613,630,649,676,697,614,631,650,677,698,615,632,652,678,700,133,616,633,654,679,702,134,617,634,656,680,704,602,618,635,658,681,706],"ecologico":[831],"medioambiente":[846],"solucion":[931,934,944],"tipo-de-aplicacion":[784,712,781,783],"product_brand":[],"product_cat":[971],"product_tag":[],"class_list":{"0":"post-37612","1":"product","2":"type-product","3":"status-publish","4":"has-post-thumbnail","6":"cultivo-horticoles","7":"cultivo-bana-platan","8":"cultivo-videu","9":"cultivo-all","10":"cultivo-melo","11":"cultivo-oleaginoses","12":"cultivo-extensius","13":"cultivo-cafe","14":"cultivo-canya-de-sucre","15":"cultivo-alberginia","16":"cultivo-nap","17":"cultivo-arbres-ornamentals","18":"cultivo-parcs-i-jardins","19":"cultivo-carambola","20":"cultivo-chirimoya","21":"cultivo-moniato","22":"cultivo-patata","23":"cultivo-gespedes","24":"cultivo-albercoc","25":"cultivo-lima-2","26":"cultivo-coco","27":"cultivo-brocoli","28":"cultivo-cogombre","29":"cultivo-flors","30":"cultivo-ametller","31":"cultivo-mandari","32":"cultivo-fruits-rojos-berries","33":"cultivo-carbasso","34":"cultivo-pebrot","35":"cultivo-avellaner","36":"cultivo-poma","37":"cultivo-guayaba","38":"cultivo-carabassa","39":"cultivo-porro","40":"cultivo-caqui","41":"cultivo-pressec","42":"cultivo-lychee","43":"cultivo-ceba","44":"cultivo-rave","45":"cultivo-castany","46":"cultivo-codonyer","47":"cultivo-manec","48":"cultivo-col","49":"cultivo-remolatxa","50":"cultivo-cirerer","51":"cultivo-taronger","52":"cultivo-maracuia","53":"cultivo-cols-de-brusselles","54":"cultivo-rucula","55":"cultivo-prunera","56":"cultivo-nectarina","57":"cultivo-papaia","58":"cultivo-coliflor","59":"cultivo-sindria","60":"cultivo-clementi","61":"cultivo-noguera","62":"cultivo-pinya","63":"cultivo-escarola","64":"cultivo-soja-verda","65":"cultivo-granat","66":"cultivo-olivera","67":"cultivo-pitahaya","68":"cultivo-espinac","69":"cultivo-tomaquet","70":"cultivo-figuera","71":"cultivo-parra-ornamental","72":"cultivo-tamarindo","73":"cultivo-pesol","74":"cultivo-pastanaga","75":"cultivo-tropicals","76":"cultivo-kiwi","77":"cultivo-perera","78":"cultivo-te","79":"cultivo-fava-tendra","80":"cultivo-cereals","81":"cultivo-cacau","82":"cultivo-llimoner","83":"cultivo-festuc","84":"cultivo-yuca","85":"cultivo-mongeta-tendra","86":"cultivo-farratgeres-i-pastures","87":"cultivo-fruiters","88":"cultivo-alvocat","89":"cultivo-aranja","90":"cultivo-bleda-2","91":"cultivo-enciam","92":"cultivo-lleguminoses-extensives-2","93":"ecologico-no","94":"medioambiente-eficiencia-de-lus-de-nutrients","95":"solucion-estres-abiotic","96":"solucion-millora-postcollita","97":"solucion-augment-qualitat-fruit","98":"tipo-de-aplicacion-avioneta","99":"tipo-de-aplicacion-fertirrigacio","100":"tipo-de-aplicacion-foliar","101":"tipo-de-aplicacion-dron","102":"product_cat-bioestimulant","104":"first","105":"instock","106":"shipping-taxable","107":"product-type-simple"},"acf":[],"_links":{"self":[{"href":"https:\/\/labin.net\/ca\/wp-json\/wp\/v2\/product\/37612","targetHints":{"allow":["GET"]}}],"collection":[{"href":"https:\/\/labin.net\/ca\/wp-json\/wp\/v2\/product"}],"about":[{"href":"https:\/\/labin.net\/ca\/wp-json\/wp\/v2\/types\/product"}],"replies":[{"embeddable":true,"href":"https:\/\/labin.net\/ca\/wp-json\/wp\/v2\/comments?post=37612"}],"wp:featuredmedia":[{"embeddable":true,"href":"https:\/\/labin.net\/ca\/wp-json\/wp\/v2\/media\/35553"}],"wp:attachment":[{"href":"https:\/\/labin.net\/ca\/wp-json\/wp\/v2\/media?parent=37612"}],"wp:term":[{"taxonomy":"cultivo","embeddable":true,"href":"https:\/\/labin.net\/ca\/wp-json\/wp\/v2\/cultivo?post=37612"},{"taxonomy":"ecologico","embeddable":true,"href":"https:\/\/labin.net\/ca\/wp-json\/wp\/v2\/ecologico?post=37612"},{"taxonomy":"medioambiente","embeddable":true,"href":"https:\/\/labin.net\/ca\/wp-json\/wp\/v2\/medioambiente?post=37612"},{"taxonomy":"solucion","embeddable":true,"href":"https:\/\/labin.net\/ca\/wp-json\/wp\/v2\/solucion?post=37612"},{"taxonomy":"tipo-de-aplicacion","embeddable":true,"href":"https:\/\/labin.net\/ca\/wp-json\/wp\/v2\/tipo-de-aplicacion?post=37612"},{"taxonomy":"product_brand","embeddable":true,"href":"https:\/\/labin.net\/ca\/wp-json\/wp\/v2\/product_brand?post=37612"},{"taxonomy":"product_cat","embeddable":true,"href":"https:\/\/labin.net\/ca\/wp-json\/wp\/v2\/product_cat?post=37612"},{"taxonomy":"product_tag","embeddable":true,"href":"https:\/\/labin.net\/ca\/wp-json\/wp\/v2\/product_tag?post=37612"}],"curies":[{"name":"wp","href":"https:\/\/api.w.org\/{rel}","templated":true}]}}