{"id":37611,"date":"2025-12-04T16:45:37","date_gmt":"2025-12-04T16:45:37","guid":{"rendered":"https:labin.net\/producto\/labipack-olivera-maduracio\/"},"modified":"2026-01-19T11:48:26","modified_gmt":"2026-01-19T11:48:26","slug":"labipack-olivo-maduracion","status":"publish","type":"product","link":"https:\/\/labin.net\/ca\/producto\/labipack-olivo-maduracion\/","title":{"rendered":"LABIPACK OLIVO MADURACI\u00d3N"},"content":{"rendered":"<p>Adob foliar especialment per ser aplicat a <b>OLIVERA<\/b>\u00a0durant el per\u00edode de <b>creixement i maduraci\u00f3 del fruit<\/b>.<\/p>\n<p>\u00c9s un producte <b>COMPLET<\/b>, que afegeix a la seva formulaci\u00f3, rica en <b>POTASSI<\/b>, <b>microelements i amino\u00e0cids<\/b> per aconseguir m\u00e9s efic\u00e0cia de l&#8217;acci\u00f3 del potassi. Les aportacions de potassi s\u00f3n \u200b\u200bimprescindibles perqu\u00e8 es <b>formin els compostos grassos del fruit i per tant tinguem major producci\u00f3 i rendiment<\/b>. El nostre fertilitzant no nom\u00e9s aporta aquest potassi sin\u00f3 que <b>estimula l&#8217;arbre<\/b> perqu\u00e8 l&#8217;absorbeixi millor gr\u00e0cies a la seva f\u00f3rmula. D&#8217;altra banda, l&#8217;<b>OLIVERA<\/b> \u00e9s un cultiu que aprofita molt b\u00e9 els nutrients <b>que s&#8217;apliquen per via foliar<\/b>; podem aprofitar aquesta qualitat per aconseguir MILLORS RENDIMENTS, sobretot en <b>per\u00edodes de<\/b> <b>sequera<\/b><b>.<\/b> Amb <b>LABIPACK OLIVO MADURACI\u00d3N <\/b><b>aconseguim augmentar la producci\u00f3 i el rendiment a l&#8217;explotaci\u00f3.<\/b><\/p>\n","protected":false},"excerpt":{"rendered":"<ul>\n<li><b>Totalment soluble<\/b><\/li>\n<li><b>Augmenta la producci\u00f3 del teu olivar<\/b><\/li>\n<li><b>El potassi m\u00e9s complet<\/b><\/li>\n<li><b>Enriquit amb microelements i AMINO\u00c0CIDS<\/b><\/li>\n<\/ul>\n","protected":false},"featured_media":35539,"comment_status":"open","ping_status":"closed","template":"","meta":{"_acf_changed":false},"cultivo":[631],"ecologico":[831],"medioambiente":[846],"solucion":[855,860,865,879],"tipo-de-aplicacion":[712,781],"product_brand":[],"product_cat":[1009],"product_tag":[],"class_list":{"0":"post-37611","1":"product","2":"type-product","3":"status-publish","4":"has-post-thumbnail","6":"cultivo-olivera","7":"ecologico-no","8":"medioambiente-eficiencia-de-lus-de-nutrients","9":"solucion-deficencia-de-n","10":"solucion-deficencia-de-p","11":"solucion-deficencia-de-k","12":"solucion-deficencia-de-micros","13":"tipo-de-aplicacion-fertirrigacio","14":"tipo-de-aplicacion-foliar","15":"product_cat-especialitats","17":"first","18":"instock","19":"shipping-taxable","20":"product-type-simple"},"acf":[],"_links":{"self":[{"href":"https:\/\/labin.net\/ca\/wp-json\/wp\/v2\/product\/37611","targetHints":{"allow":["GET"]}}],"collection":[{"href":"https:\/\/labin.net\/ca\/wp-json\/wp\/v2\/product"}],"about":[{"href":"https:\/\/labin.net\/ca\/wp-json\/wp\/v2\/types\/product"}],"replies":[{"embeddable":true,"href":"https:\/\/labin.net\/ca\/wp-json\/wp\/v2\/comments?post=37611"}],"wp:featuredmedia":[{"embeddable":true,"href":"https:\/\/labin.net\/ca\/wp-json\/wp\/v2\/media\/35539"}],"wp:attachment":[{"href":"https:\/\/labin.net\/ca\/wp-json\/wp\/v2\/media?parent=37611"}],"wp:term":[{"taxonomy":"cultivo","embeddable":true,"href":"https:\/\/labin.net\/ca\/wp-json\/wp\/v2\/cultivo?post=37611"},{"taxonomy":"ecologico","embeddable":true,"href":"https:\/\/labin.net\/ca\/wp-json\/wp\/v2\/ecologico?post=37611"},{"taxonomy":"medioambiente","embeddable":true,"href":"https:\/\/labin.net\/ca\/wp-json\/wp\/v2\/medioambiente?post=37611"},{"taxonomy":"solucion","embeddable":true,"href":"https:\/\/labin.net\/ca\/wp-json\/wp\/v2\/solucion?post=37611"},{"taxonomy":"tipo-de-aplicacion","embeddable":true,"href":"https:\/\/labin.net\/ca\/wp-json\/wp\/v2\/tipo-de-aplicacion?post=37611"},{"taxonomy":"product_brand","embeddable":true,"href":"https:\/\/labin.net\/ca\/wp-json\/wp\/v2\/product_brand?post=37611"},{"taxonomy":"product_cat","embeddable":true,"href":"https:\/\/labin.net\/ca\/wp-json\/wp\/v2\/product_cat?post=37611"},{"taxonomy":"product_tag","embeddable":true,"href":"https:\/\/labin.net\/ca\/wp-json\/wp\/v2\/product_tag?post=37611"}],"curies":[{"name":"wp","href":"https:\/\/api.w.org\/{rel}","templated":true}]}}