{"id":37610,"date":"2025-12-04T16:31:54","date_gmt":"2025-12-04T16:31:54","guid":{"rendered":"https:labin.net\/producto\/labin-pro\/"},"modified":"2025-12-04T16:31:54","modified_gmt":"2025-12-04T16:31:54","slug":"labin-pro","status":"publish","type":"product","link":"https:\/\/labin.net\/ca\/producto\/labin-pro\/","title":{"rendered":"LABIN PRO"},"content":{"rendered":"<p>Labin Pro \u00e9s un Pro-Estimulador NP microbi\u00e0 de nova generaci\u00f3 que integra 5 bacteris PGPr del g\u00e8nere Bacillus sp a m\u00e9s d&#8217;extractes de Ascophyllum nodosum, i \u00e0cids h\u00famics, optimitzant aix\u00ed, la nutrici\u00f3, bioactivaci\u00f3 microbiana i la regeneraci\u00f3 del s\u00f2l agr\u00edcola.<\/p>\n<p>Labin Pro \u00e9s la soluci\u00f3 ideal per millorar la fertilitat del s\u00f2l i potenciar el creixement dels cultius. La seva f\u00f3rmula incorpora Ascophyllum nodosum i \u00e0cids h\u00famics a la mateixa concentraci\u00f3 que potencia l&#8217;efic\u00e0cia amb bioactivadors que afavoreixen el desenvolupament dels microorganismes. Aix\u00f2 permet que Labin Pro sigui especialment \u00fatil en moments d&#8217;alt estr\u00e8s, com ara l&#8217;inici del cultiu o les fases de m\u00e9s demanda de nutrients.  <\/p>\n<p>Amb la seva triple acci\u00f3 Pro-activa, Pro-estimulant i Pro-regeneradora, Labin Pro enforteix el desenvolupament de les plantes i millora la fertilitat fisicoqu\u00edmica del s\u00f2l, garantint collites m\u00e9s vigoroses i productives.<\/p>\n","protected":false},"excerpt":{"rendered":"<ul>\n<li><strong>Format l\u00edquid<\/strong><\/li>\n<li><strong>Base 100% d&#8217;origen org\u00e0nic<\/strong><\/li>\n<li><strong>Sinergia amb Labin<\/strong><\/li>\n<li><strong>Pro-estimulant del cultiu<\/strong><\/li>\n<\/ul>\n","protected":false},"featured_media":35525,"comment_status":"open","ping_status":"closed","template":"","meta":{"_acf_changed":false},"cultivo":[615,632,652,678,700,133,616,633,654,679,702,134,617,634,656,680,704,602,618,635,658,681,706,603,619,636,659,682,707,604,620,637,661,683,708,605,621,638,662,684,709,606,623,639,663,686,710,607,624,641,664,687,608,625,643,666,688,609,626,644,668,689,610,627,646,670,691,611,628,647,672,693,612,629,648,674,695,613,630,649,676,697,614,631,650,677,698],"ecologico":[827],"medioambiente":[846],"solucion":[939],"tipo-de-aplicacion":[712,781],"product_brand":[],"product_cat":[971],"product_tag":[],"class_list":{"0":"post-37610","1":"product","2":"type-product","3":"status-publish","4":"has-post-thumbnail","6":"cultivo-figuera","7":"cultivo-parra-ornamental","8":"cultivo-tamarindo","9":"cultivo-pesol","10":"cultivo-pastanaga","11":"cultivo-tropicals","12":"cultivo-kiwi","13":"cultivo-perera","14":"cultivo-te","15":"cultivo-fava-tendra","16":"cultivo-cereals","17":"cultivo-cacau","18":"cultivo-llimoner","19":"cultivo-festuc","20":"cultivo-yuca","21":"cultivo-mongeta-tendra","22":"cultivo-farratgeres-i-pastures","23":"cultivo-fruiters","24":"cultivo-alvocat","25":"cultivo-aranja","26":"cultivo-bleda-2","27":"cultivo-enciam","28":"cultivo-lleguminoses-extensives-2","29":"cultivo-horticoles","30":"cultivo-bana-platan","31":"cultivo-videu","32":"cultivo-all","33":"cultivo-melo","34":"cultivo-oleaginoses","35":"cultivo-extensius","36":"cultivo-cafe","37":"cultivo-canya-de-sucre","38":"cultivo-alberginia","39":"cultivo-nap","40":"cultivo-arbres-ornamentals","41":"cultivo-parcs-i-jardins","42":"cultivo-carambola","43":"cultivo-chirimoya","44":"cultivo-moniato","45":"cultivo-patata","46":"cultivo-gespedes","47":"cultivo-albercoc","48":"cultivo-lima-2","49":"cultivo-coco","50":"cultivo-brocoli","51":"cultivo-cogombre","52":"cultivo-flors","53":"cultivo-ametller","54":"cultivo-mandari","55":"cultivo-fruits-rojos-berries","56":"cultivo-carbasso","57":"cultivo-pebrot","58":"cultivo-avellaner","59":"cultivo-poma","60":"cultivo-guayaba","61":"cultivo-carabassa","62":"cultivo-porro","63":"cultivo-caqui","64":"cultivo-pressec","65":"cultivo-lychee","66":"cultivo-ceba","67":"cultivo-rave","68":"cultivo-castany","69":"cultivo-codonyer","70":"cultivo-manec","71":"cultivo-col","72":"cultivo-remolatxa","73":"cultivo-cirerer","74":"cultivo-taronger","75":"cultivo-maracuia","76":"cultivo-cols-de-brusselles","77":"cultivo-rucula","78":"cultivo-prunera","79":"cultivo-nectarina","80":"cultivo-papaia","81":"cultivo-coliflor","82":"cultivo-sindria","83":"cultivo-clementi","84":"cultivo-noguera","85":"cultivo-pinya","86":"cultivo-escarola","87":"cultivo-soja-verda","88":"cultivo-granat","89":"cultivo-olivera","90":"cultivo-pitahaya","91":"cultivo-espinac","92":"cultivo-tomaquet","93":"ecologico-si","94":"medioambiente-eficiencia-de-lus-de-nutrients","95":"solucion-millorar-la-salut-del-sol","96":"tipo-de-aplicacion-fertirrigacio","97":"tipo-de-aplicacion-foliar","98":"product_cat-bioestimulant","100":"first","101":"instock","102":"shipping-taxable","103":"product-type-simple"},"acf":[],"_links":{"self":[{"href":"https:\/\/labin.net\/ca\/wp-json\/wp\/v2\/product\/37610","targetHints":{"allow":["GET"]}}],"collection":[{"href":"https:\/\/labin.net\/ca\/wp-json\/wp\/v2\/product"}],"about":[{"href":"https:\/\/labin.net\/ca\/wp-json\/wp\/v2\/types\/product"}],"replies":[{"embeddable":true,"href":"https:\/\/labin.net\/ca\/wp-json\/wp\/v2\/comments?post=37610"}],"wp:featuredmedia":[{"embeddable":true,"href":"https:\/\/labin.net\/ca\/wp-json\/wp\/v2\/media\/35525"}],"wp:attachment":[{"href":"https:\/\/labin.net\/ca\/wp-json\/wp\/v2\/media?parent=37610"}],"wp:term":[{"taxonomy":"cultivo","embeddable":true,"href":"https:\/\/labin.net\/ca\/wp-json\/wp\/v2\/cultivo?post=37610"},{"taxonomy":"ecologico","embeddable":true,"href":"https:\/\/labin.net\/ca\/wp-json\/wp\/v2\/ecologico?post=37610"},{"taxonomy":"medioambiente","embeddable":true,"href":"https:\/\/labin.net\/ca\/wp-json\/wp\/v2\/medioambiente?post=37610"},{"taxonomy":"solucion","embeddable":true,"href":"https:\/\/labin.net\/ca\/wp-json\/wp\/v2\/solucion?post=37610"},{"taxonomy":"tipo-de-aplicacion","embeddable":true,"href":"https:\/\/labin.net\/ca\/wp-json\/wp\/v2\/tipo-de-aplicacion?post=37610"},{"taxonomy":"product_brand","embeddable":true,"href":"https:\/\/labin.net\/ca\/wp-json\/wp\/v2\/product_brand?post=37610"},{"taxonomy":"product_cat","embeddable":true,"href":"https:\/\/labin.net\/ca\/wp-json\/wp\/v2\/product_cat?post=37610"},{"taxonomy":"product_tag","embeddable":true,"href":"https:\/\/labin.net\/ca\/wp-json\/wp\/v2\/product_tag?post=37610"}],"curies":[{"name":"wp","href":"https:\/\/api.w.org\/{rel}","templated":true}]}}