{"id":37600,"date":"2025-12-04T16:27:01","date_gmt":"2025-12-04T16:27:01","guid":{"rendered":"https:labin.net\/producto\/labifol-azoveg\/"},"modified":"2026-01-21T07:45:37","modified_gmt":"2026-01-21T07:45:37","slug":"labifol-azoveg","status":"publish","type":"product","link":"https:\/\/labin.net\/ca\/producto\/labifol-azoveg\/","title":{"rendered":"LABIFOL AZOVEG"},"content":{"rendered":"<p>LABIFOL AZOVEG \u00e9s un bioestimulant foliar o radicular amb nitrogen org\u00e0nic d&#8217;origen vegetal, apte per a l&#8217;AGRICULTURA ECOL\u00d2GICA.<\/p>\n<p>La seva f\u00f3rmula, amb amino\u00e0cids 100 % d&#8217;origen vegetal, permet optimitzar la nutrici\u00f3 nitrogenada, estimular la fotos\u00edntesi i millorar el creixement de les plantes. Es recomana aplicar LABIFOL AZOVEG en per\u00edodes d&#8217;estr\u00e8s o en per\u00edodes d&#8217;alt consum energ\u00e8tic, com ara la fructificaci\u00f3, el creixement del fruit, etc.<\/p>\n<p>LABIFOL AZOVEG s&#8217;obt\u00e9 mitjan\u00e7ant la hidr\u00f2lisi controlada de prote\u00efnes vegetals, per a una assimilaci\u00f3 foliar o radicular perfecta.<\/p>\n","protected":false},"excerpt":{"rendered":"<ul>\n<li><strong>Estimulant foliar o radicular a base de nitrogen i amino\u00e0cids.<\/strong><\/li>\n<li><strong>Aporta energia en moments cr\u00edtics del cultiu.<\/strong><\/li>\n<li><strong>Apte per a agricultura ecol\u00f2gica<\/strong><\/li>\n<\/ul>\n","protected":false},"featured_media":35561,"comment_status":"open","ping_status":"closed","template":"","meta":{"_acf_changed":false},"cultivo":[631,650,677,698,614,632,652,678,700,615,633,654,679,702,133,616,634,656,680,704,134,617,635,658,681,706,602,618,636,659,682,707,603,619,637,661,683,708,604,620,638,662,684,709,605,621,639,663,686,710,606,623,641,664,687,607,624,643,666,688,608,625,644,668,689,609,626,646,670,691,610,627,647,672,693,611,628,648,674,695,612,629,649,676,697,613,630],"ecologico":[827],"medioambiente":[846],"solucion":[931,934,944],"tipo-de-aplicacion":[712,781,783,784],"product_brand":[],"product_cat":[971],"product_tag":[],"class_list":{"0":"post-37600","1":"product","2":"type-product","3":"status-publish","4":"has-post-thumbnail","6":"cultivo-olivera","7":"cultivo-pitahaya","8":"cultivo-espinac","9":"cultivo-tomaquet","10":"cultivo-granat","11":"cultivo-parra-ornamental","12":"cultivo-tamarindo","13":"cultivo-pesol","14":"cultivo-pastanaga","15":"cultivo-figuera","16":"cultivo-perera","17":"cultivo-te","18":"cultivo-fava-tendra","19":"cultivo-cereals","20":"cultivo-tropicals","21":"cultivo-kiwi","22":"cultivo-festuc","23":"cultivo-yuca","24":"cultivo-mongeta-tendra","25":"cultivo-farratgeres-i-pastures","26":"cultivo-cacau","27":"cultivo-llimoner","28":"cultivo-aranja","29":"cultivo-bleda-2","30":"cultivo-enciam","31":"cultivo-lleguminoses-extensives-2","32":"cultivo-fruiters","33":"cultivo-alvocat","34":"cultivo-videu","35":"cultivo-all","36":"cultivo-melo","37":"cultivo-oleaginoses","38":"cultivo-horticoles","39":"cultivo-bana-platan","40":"cultivo-canya-de-sucre","41":"cultivo-alberginia","42":"cultivo-nap","43":"cultivo-arbres-ornamentals","44":"cultivo-extensius","45":"cultivo-cafe","46":"cultivo-chirimoya","47":"cultivo-moniato","48":"cultivo-patata","49":"cultivo-gespedes","50":"cultivo-parcs-i-jardins","51":"cultivo-carambola","52":"cultivo-coco","53":"cultivo-brocoli","54":"cultivo-cogombre","55":"cultivo-flors","56":"cultivo-albercoc","57":"cultivo-lima-2","58":"cultivo-fruits-rojos-berries","59":"cultivo-carbasso","60":"cultivo-pebrot","61":"cultivo-ametller","62":"cultivo-mandari","63":"cultivo-guayaba","64":"cultivo-carabassa","65":"cultivo-porro","66":"cultivo-avellaner","67":"cultivo-poma","68":"cultivo-lychee","69":"cultivo-ceba","70":"cultivo-rave","71":"cultivo-caqui","72":"cultivo-pressec","73":"cultivo-manec","74":"cultivo-col","75":"cultivo-remolatxa","76":"cultivo-castany","77":"cultivo-codonyer","78":"cultivo-maracuia","79":"cultivo-cols-de-brusselles","80":"cultivo-rucula","81":"cultivo-cirerer","82":"cultivo-taronger","83":"cultivo-papaia","84":"cultivo-coliflor","85":"cultivo-sindria","86":"cultivo-prunera","87":"cultivo-nectarina","88":"cultivo-pinya","89":"cultivo-escarola","90":"cultivo-soja-verda","91":"cultivo-clementi","92":"cultivo-noguera","93":"ecologico-si","94":"medioambiente-eficiencia-de-lus-de-nutrients","95":"solucion-estres-abiotic","96":"solucion-millora-postcollita","97":"solucion-augment-qualitat-fruit","98":"tipo-de-aplicacion-fertirrigacio","99":"tipo-de-aplicacion-foliar","100":"tipo-de-aplicacion-dron","101":"tipo-de-aplicacion-avioneta","102":"product_cat-bioestimulant","104":"first","105":"instock","106":"shipping-taxable","107":"product-type-simple"},"acf":[],"_links":{"self":[{"href":"https:\/\/labin.net\/ca\/wp-json\/wp\/v2\/product\/37600","targetHints":{"allow":["GET"]}}],"collection":[{"href":"https:\/\/labin.net\/ca\/wp-json\/wp\/v2\/product"}],"about":[{"href":"https:\/\/labin.net\/ca\/wp-json\/wp\/v2\/types\/product"}],"replies":[{"embeddable":true,"href":"https:\/\/labin.net\/ca\/wp-json\/wp\/v2\/comments?post=37600"}],"wp:featuredmedia":[{"embeddable":true,"href":"https:\/\/labin.net\/ca\/wp-json\/wp\/v2\/media\/35561"}],"wp:attachment":[{"href":"https:\/\/labin.net\/ca\/wp-json\/wp\/v2\/media?parent=37600"}],"wp:term":[{"taxonomy":"cultivo","embeddable":true,"href":"https:\/\/labin.net\/ca\/wp-json\/wp\/v2\/cultivo?post=37600"},{"taxonomy":"ecologico","embeddable":true,"href":"https:\/\/labin.net\/ca\/wp-json\/wp\/v2\/ecologico?post=37600"},{"taxonomy":"medioambiente","embeddable":true,"href":"https:\/\/labin.net\/ca\/wp-json\/wp\/v2\/medioambiente?post=37600"},{"taxonomy":"solucion","embeddable":true,"href":"https:\/\/labin.net\/ca\/wp-json\/wp\/v2\/solucion?post=37600"},{"taxonomy":"tipo-de-aplicacion","embeddable":true,"href":"https:\/\/labin.net\/ca\/wp-json\/wp\/v2\/tipo-de-aplicacion?post=37600"},{"taxonomy":"product_brand","embeddable":true,"href":"https:\/\/labin.net\/ca\/wp-json\/wp\/v2\/product_brand?post=37600"},{"taxonomy":"product_cat","embeddable":true,"href":"https:\/\/labin.net\/ca\/wp-json\/wp\/v2\/product_cat?post=37600"},{"taxonomy":"product_tag","embeddable":true,"href":"https:\/\/labin.net\/ca\/wp-json\/wp\/v2\/product_tag?post=37600"}],"curies":[{"name":"wp","href":"https:\/\/api.w.org\/{rel}","templated":true}]}}